{"id":927,"date":"2013-10-17T09:06:26","date_gmt":"2013-10-17T09:06:26","guid":{"rendered":"http:\/\/www.consigel.com\/product\/mejillon-relleno\/"},"modified":"2013-10-17T09:06:26","modified_gmt":"2013-10-17T09:06:26","slug":"mejillon-relleno","status":"publish","type":"product","link":"https:\/\/www.consigel.com\/ca\/producte\/mejillon-relleno\/","title":{"rendered":"Mejill\u00f3n Relleno &#8220;Tigre&#8221;"},"content":{"rendered":"<p>Los <strong>mejillones rellenos<\/strong> de Ameztoi son c\u00e1scaras de mejillones rellenos de abundante masa de bechamel con mejill\u00f3n. El relleno de los mejillones rebozados se cocina de manera tradicional como se hac\u00eda antiguamente, con los mejores pescados y marisco del cant\u00e1brico. Una vez est\u00e1n los mejillones rellenos se cubren con una fina capa de pan rallado elaborado en nuestras propias cocinas. De esta forma el producto se mantiene muy crujiente a la hora de fre\u00edr.\u00a0<\/p>\n<p>Formato :<\/p>\n<p>Caja 4 kg. <\/p>\n<p>55 gr. Aprox. 18 unidades aprox.<\/p>\n","protected":false},"excerpt":{"rendered":"<p>Los mejillones rellenos de Ameztoi son c\u00e1scaras de mejillones rellenos de abundante masa de bechamel con mejill\u00f3n. El relleno de los mejillones rebozados se cocina de manera tradicional como se hac\u00eda antiguamente, con los mejores pescados y marisco del cant\u00e1brico. Una vez est\u00e1n los mejillones rellenos se cubren con una fina capa de pan rallado [&#8230;]\n","protected":false},"featured_media":926,"comment_status":"open","ping_status":"closed","template":"","meta":[],"product_cat":[34,18],"product_tag":[],"class_list":{"0":"post-927","1":"product","2":"type-product","3":"status-publish","4":"has-post-thumbnail","6":"product_cat-aperitius","7":"product_cat-gastronomia","9":"first","10":"outofstock","11":"shipping-taxable","12":"product-type-simple"},"yoast_head":"<!-- This site is optimized with the Yoast SEO plugin v23.3 - https:\/\/yoast.com\/wordpress\/plugins\/seo\/ -->\n<title>Mejill\u00f3n Relleno &quot;Tigre&quot; - Consigel<\/title>\n<meta name=\"robots\" content=\"index, follow, max-snippet:-1, max-image-preview:large, max-video-preview:-1\" \/>\n<link rel=\"canonical\" href=\"https:\/\/www.consigel.com\/ca\/producte\/mejillon-relleno\/\" \/>\n<meta property=\"og:locale\" content=\"ca_ES\" \/>\n<meta property=\"og:type\" content=\"article\" \/>\n<meta property=\"og:title\" content=\"Mejill\u00f3n Relleno &quot;Tigre&quot; - Consigel\" \/>\n<meta property=\"og:description\" content=\"Los mejillones rellenos de Ameztoi son c\u00e1scaras de mejillones rellenos de abundante masa de bechamel con mejill\u00f3n. El relleno de los mejillones rebozados se cocina de manera tradicional como se hac\u00eda antiguamente, con los mejores pescados y marisco del cant\u00e1brico. Una vez est\u00e1n los mejillones rellenos se cubren con una fina capa de pan rallado [...]\" \/>\n<meta property=\"og:url\" content=\"https:\/\/www.consigel.com\/ca\/producte\/mejillon-relleno\/\" \/>\n<meta property=\"og:site_name\" content=\"Consigel\" \/>\n<meta property=\"og:image\" content=\"https:\/\/www.consigel.com\/wp-content\/uploads\/2013\/10\/1110-thickbox_default-Mejillon-Relleno-Tigre.jpg\" \/>\n\t<meta property=\"og:image:width\" content=\"1200\" \/>\n\t<meta property=\"og:image:height\" content=\"1200\" \/>\n\t<meta property=\"og:image:type\" content=\"image\/jpeg\" \/>\n<meta name=\"twitter:card\" content=\"summary_large_image\" \/>\n<script type=\"application\/ld+json\" class=\"yoast-schema-graph\">{\"@context\":\"https:\/\/schema.org\",\"@graph\":[{\"@type\":\"WebPage\",\"@id\":\"https:\/\/www.consigel.com\/ca\/producte\/mejillon-relleno\/\",\"url\":\"https:\/\/www.consigel.com\/ca\/producte\/mejillon-relleno\/\",\"name\":\"Mejill\u00f3n Relleno \\\"Tigre\\\" - Consigel\",\"isPartOf\":{\"@id\":\"https:\/\/www.consigel.com\/ca\/#website\"},\"primaryImageOfPage\":{\"@id\":\"https:\/\/www.consigel.com\/ca\/producte\/mejillon-relleno\/#primaryimage\"},\"image\":{\"@id\":\"https:\/\/www.consigel.com\/ca\/producte\/mejillon-relleno\/#primaryimage\"},\"thumbnailUrl\":\"https:\/\/www.consigel.com\/wp-content\/uploads\/2013\/10\/1110-thickbox_default-Mejillon-Relleno-Tigre.jpg\",\"datePublished\":\"2013-10-17T09:06:26+00:00\",\"dateModified\":\"2013-10-17T09:06:26+00:00\",\"breadcrumb\":{\"@id\":\"https:\/\/www.consigel.com\/ca\/producte\/mejillon-relleno\/#breadcrumb\"},\"inLanguage\":\"ca\",\"potentialAction\":[{\"@type\":\"ReadAction\",\"target\":[\"https:\/\/www.consigel.com\/ca\/producte\/mejillon-relleno\/\"]}]},{\"@type\":\"ImageObject\",\"inLanguage\":\"ca\",\"@id\":\"https:\/\/www.consigel.com\/ca\/producte\/mejillon-relleno\/#primaryimage\",\"url\":\"https:\/\/www.consigel.com\/wp-content\/uploads\/2013\/10\/1110-thickbox_default-Mejillon-Relleno-Tigre.jpg\",\"contentUrl\":\"https:\/\/www.consigel.com\/wp-content\/uploads\/2013\/10\/1110-thickbox_default-Mejillon-Relleno-Tigre.jpg\",\"width\":1200,\"height\":1200,\"caption\":\"Mejill\u00f3n Relleno \\\"Tigre\\\"\"},{\"@type\":\"BreadcrumbList\",\"@id\":\"https:\/\/www.consigel.com\/ca\/producte\/mejillon-relleno\/#breadcrumb\",\"itemListElement\":[{\"@type\":\"ListItem\",\"position\":1,\"name\":\"Portada\",\"item\":\"https:\/\/www.consigel.com\/ca\/\"},{\"@type\":\"ListItem\",\"position\":2,\"name\":\"Shop\",\"item\":\"https:\/\/www.consigel.com\/ca\/shop\/\"},{\"@type\":\"ListItem\",\"position\":3,\"name\":\"Mejill\u00f3n Relleno &#8220;Tigre&#8221;\"}]},{\"@type\":\"WebSite\",\"@id\":\"https:\/\/www.consigel.com\/ca\/#website\",\"url\":\"https:\/\/www.consigel.com\/ca\/\",\"name\":\"Consigel\",\"description\":\"\",\"potentialAction\":[{\"@type\":\"SearchAction\",\"target\":{\"@type\":\"EntryPoint\",\"urlTemplate\":\"https:\/\/www.consigel.com\/ca\/?s={search_term_string}\"},\"query-input\":\"required name=search_term_string\"}],\"inLanguage\":\"ca\"}]}<\/script>\n<!-- \/ Yoast SEO plugin. -->","yoast_head_json":{"title":"Mejill\u00f3n Relleno \"Tigre\" - Consigel","robots":{"index":"index","follow":"follow","max-snippet":"max-snippet:-1","max-image-preview":"max-image-preview:large","max-video-preview":"max-video-preview:-1"},"canonical":"https:\/\/www.consigel.com\/ca\/producte\/mejillon-relleno\/","og_locale":"ca_ES","og_type":"article","og_title":"Mejill\u00f3n Relleno \"Tigre\" - Consigel","og_description":"Los mejillones rellenos de Ameztoi son c\u00e1scaras de mejillones rellenos de abundante masa de bechamel con mejill\u00f3n. El relleno de los mejillones rebozados se cocina de manera tradicional como se hac\u00eda antiguamente, con los mejores pescados y marisco del cant\u00e1brico. Una vez est\u00e1n los mejillones rellenos se cubren con una fina capa de pan rallado [...]","og_url":"https:\/\/www.consigel.com\/ca\/producte\/mejillon-relleno\/","og_site_name":"Consigel","og_image":[{"width":1200,"height":1200,"url":"https:\/\/www.consigel.com\/wp-content\/uploads\/2013\/10\/1110-thickbox_default-Mejillon-Relleno-Tigre.jpg","type":"image\/jpeg"}],"twitter_card":"summary_large_image","schema":{"@context":"https:\/\/schema.org","@graph":[{"@type":"WebPage","@id":"https:\/\/www.consigel.com\/ca\/producte\/mejillon-relleno\/","url":"https:\/\/www.consigel.com\/ca\/producte\/mejillon-relleno\/","name":"Mejill\u00f3n Relleno \"Tigre\" - Consigel","isPartOf":{"@id":"https:\/\/www.consigel.com\/ca\/#website"},"primaryImageOfPage":{"@id":"https:\/\/www.consigel.com\/ca\/producte\/mejillon-relleno\/#primaryimage"},"image":{"@id":"https:\/\/www.consigel.com\/ca\/producte\/mejillon-relleno\/#primaryimage"},"thumbnailUrl":"https:\/\/www.consigel.com\/wp-content\/uploads\/2013\/10\/1110-thickbox_default-Mejillon-Relleno-Tigre.jpg","datePublished":"2013-10-17T09:06:26+00:00","dateModified":"2013-10-17T09:06:26+00:00","breadcrumb":{"@id":"https:\/\/www.consigel.com\/ca\/producte\/mejillon-relleno\/#breadcrumb"},"inLanguage":"ca","potentialAction":[{"@type":"ReadAction","target":["https:\/\/www.consigel.com\/ca\/producte\/mejillon-relleno\/"]}]},{"@type":"ImageObject","inLanguage":"ca","@id":"https:\/\/www.consigel.com\/ca\/producte\/mejillon-relleno\/#primaryimage","url":"https:\/\/www.consigel.com\/wp-content\/uploads\/2013\/10\/1110-thickbox_default-Mejillon-Relleno-Tigre.jpg","contentUrl":"https:\/\/www.consigel.com\/wp-content\/uploads\/2013\/10\/1110-thickbox_default-Mejillon-Relleno-Tigre.jpg","width":1200,"height":1200,"caption":"Mejill\u00f3n Relleno \"Tigre\""},{"@type":"BreadcrumbList","@id":"https:\/\/www.consigel.com\/ca\/producte\/mejillon-relleno\/#breadcrumb","itemListElement":[{"@type":"ListItem","position":1,"name":"Portada","item":"https:\/\/www.consigel.com\/ca\/"},{"@type":"ListItem","position":2,"name":"Shop","item":"https:\/\/www.consigel.com\/ca\/shop\/"},{"@type":"ListItem","position":3,"name":"Mejill\u00f3n Relleno &#8220;Tigre&#8221;"}]},{"@type":"WebSite","@id":"https:\/\/www.consigel.com\/ca\/#website","url":"https:\/\/www.consigel.com\/ca\/","name":"Consigel","description":"","potentialAction":[{"@type":"SearchAction","target":{"@type":"EntryPoint","urlTemplate":"https:\/\/www.consigel.com\/ca\/?s={search_term_string}"},"query-input":"required name=search_term_string"}],"inLanguage":"ca"}]}},"_links":{"self":[{"href":"https:\/\/www.consigel.com\/ca\/wp-json\/wp\/v2\/product\/927","targetHints":{"allow":["GET"]}}],"collection":[{"href":"https:\/\/www.consigel.com\/ca\/wp-json\/wp\/v2\/product"}],"about":[{"href":"https:\/\/www.consigel.com\/ca\/wp-json\/wp\/v2\/types\/product"}],"replies":[{"embeddable":true,"href":"https:\/\/www.consigel.com\/ca\/wp-json\/wp\/v2\/comments?post=927"}],"wp:featuredmedia":[{"embeddable":true,"href":"https:\/\/www.consigel.com\/ca\/wp-json\/wp\/v2\/media\/926"}],"wp:attachment":[{"href":"https:\/\/www.consigel.com\/ca\/wp-json\/wp\/v2\/media?parent=927"}],"wp:term":[{"taxonomy":"product_cat","embeddable":true,"href":"https:\/\/www.consigel.com\/ca\/wp-json\/wp\/v2\/product_cat?post=927"},{"taxonomy":"product_tag","embeddable":true,"href":"https:\/\/www.consigel.com\/ca\/wp-json\/wp\/v2\/product_tag?post=927"}],"curies":[{"name":"wp","href":"https:\/\/api.w.org\/{rel}","templated":true}]}}