{"id":916,"date":"2013-10-17T08:44:18","date_gmt":"2013-10-17T08:44:18","guid":{"rendered":"http:\/\/www.consigel.com\/product\/croqueta-de-queso-cabrales\/"},"modified":"2013-10-17T08:44:18","modified_gmt":"2013-10-17T08:44:18","slug":"croqueta-de-queso-cabrales","status":"publish","type":"product","link":"https:\/\/www.consigel.com\/ca\/producte\/croqueta-de-queso-cabrales\/","title":{"rendered":"Croqueta de Queso Cabrales Ameztoi 1 kg."},"content":{"rendered":"<p>Las <strong>croquetas de queso de cabra<\/strong> de Ameztoi se identifican por su espesa y suave masa de queso cabrales con denominaci\u00f3n de origen combinada con leche de caser\u00edo. Las croquetas de cabrales se elaboran en nuestras cocinas utilizando leche de los caser\u00edos de la zona que se pasteuriza en nuestras cocinas, y se empanan con un pan rallado artesano que mantiene la textura crujiente de las croquetas.\u00a0<\/p>\n<p>Formato :<\/p>\n<p>Caja de 4 kg.<\/p>\n<p>25 gr. Aprox. 40 unidades kilo <\/p>\n","protected":false},"excerpt":{"rendered":"<p>Las croquetas de queso de cabra de Ameztoi se identifican por su espesa y suave masa de queso cabrales con denominaci\u00f3n de origen combinada con leche de caser\u00edo. Las croquetas de cabrales se elaboran en nuestras cocinas utilizando leche de los caser\u00edos de la zona que se pasteuriza en nuestras cocinas, y se empanan con [&#8230;]\n","protected":false},"featured_media":915,"comment_status":"open","ping_status":"closed","template":"","meta":[],"product_cat":[34,124],"product_tag":[],"class_list":{"0":"post-916","1":"product","2":"type-product","3":"status-publish","4":"has-post-thumbnail","6":"product_cat-aperitius","7":"product_cat-croquetes","9":"first","10":"outofstock","11":"shipping-taxable","12":"product-type-simple"},"yoast_head":"<!-- This site is optimized with the Yoast SEO plugin v23.3 - https:\/\/yoast.com\/wordpress\/plugins\/seo\/ -->\n<title>Croqueta de Queso Cabrales Ameztoi 1 kg. - Consigel<\/title>\n<meta name=\"robots\" content=\"index, follow, max-snippet:-1, max-image-preview:large, max-video-preview:-1\" \/>\n<link rel=\"canonical\" href=\"https:\/\/www.consigel.com\/ca\/producte\/croqueta-de-queso-cabrales\/\" \/>\n<meta property=\"og:locale\" content=\"ca_ES\" \/>\n<meta property=\"og:type\" content=\"article\" \/>\n<meta property=\"og:title\" content=\"Croqueta de Queso Cabrales Ameztoi 1 kg. - Consigel\" \/>\n<meta property=\"og:description\" content=\"Las croquetas de queso de cabra de Ameztoi se identifican por su espesa y suave masa de queso cabrales con denominaci\u00f3n de origen combinada con leche de caser\u00edo. Las croquetas de cabrales se elaboran en nuestras cocinas utilizando leche de los caser\u00edos de la zona que se pasteuriza en nuestras cocinas, y se empanan con [...]\" \/>\n<meta property=\"og:url\" content=\"https:\/\/www.consigel.com\/ca\/producte\/croqueta-de-queso-cabrales\/\" \/>\n<meta property=\"og:site_name\" content=\"Consigel\" \/>\n<meta property=\"og:image\" content=\"https:\/\/www.consigel.com\/wp-content\/uploads\/2013\/10\/1100-thickbox_default-Croqueta-de-Queso-Cabrales-Ameztoi-1-kg.jpg\" \/>\n\t<meta property=\"og:image:width\" content=\"1200\" \/>\n\t<meta property=\"og:image:height\" content=\"1200\" \/>\n\t<meta property=\"og:image:type\" content=\"image\/jpeg\" \/>\n<meta name=\"twitter:card\" content=\"summary_large_image\" \/>\n<script type=\"application\/ld+json\" class=\"yoast-schema-graph\">{\"@context\":\"https:\/\/schema.org\",\"@graph\":[{\"@type\":\"WebPage\",\"@id\":\"https:\/\/www.consigel.com\/ca\/producte\/croqueta-de-queso-cabrales\/\",\"url\":\"https:\/\/www.consigel.com\/ca\/producte\/croqueta-de-queso-cabrales\/\",\"name\":\"Croqueta de Queso Cabrales Ameztoi 1 kg. - Consigel\",\"isPartOf\":{\"@id\":\"https:\/\/www.consigel.com\/ca\/#website\"},\"primaryImageOfPage\":{\"@id\":\"https:\/\/www.consigel.com\/ca\/producte\/croqueta-de-queso-cabrales\/#primaryimage\"},\"image\":{\"@id\":\"https:\/\/www.consigel.com\/ca\/producte\/croqueta-de-queso-cabrales\/#primaryimage\"},\"thumbnailUrl\":\"https:\/\/www.consigel.com\/wp-content\/uploads\/2013\/10\/1100-thickbox_default-Croqueta-de-Queso-Cabrales-Ameztoi-1-kg.jpg\",\"datePublished\":\"2013-10-17T08:44:18+00:00\",\"dateModified\":\"2013-10-17T08:44:18+00:00\",\"breadcrumb\":{\"@id\":\"https:\/\/www.consigel.com\/ca\/producte\/croqueta-de-queso-cabrales\/#breadcrumb\"},\"inLanguage\":\"ca\",\"potentialAction\":[{\"@type\":\"ReadAction\",\"target\":[\"https:\/\/www.consigel.com\/ca\/producte\/croqueta-de-queso-cabrales\/\"]}]},{\"@type\":\"ImageObject\",\"inLanguage\":\"ca\",\"@id\":\"https:\/\/www.consigel.com\/ca\/producte\/croqueta-de-queso-cabrales\/#primaryimage\",\"url\":\"https:\/\/www.consigel.com\/wp-content\/uploads\/2013\/10\/1100-thickbox_default-Croqueta-de-Queso-Cabrales-Ameztoi-1-kg.jpg\",\"contentUrl\":\"https:\/\/www.consigel.com\/wp-content\/uploads\/2013\/10\/1100-thickbox_default-Croqueta-de-Queso-Cabrales-Ameztoi-1-kg.jpg\",\"width\":1200,\"height\":1200,\"caption\":\"Croqueta de Queso Cabrales Ameztoi 1 kg.\"},{\"@type\":\"BreadcrumbList\",\"@id\":\"https:\/\/www.consigel.com\/ca\/producte\/croqueta-de-queso-cabrales\/#breadcrumb\",\"itemListElement\":[{\"@type\":\"ListItem\",\"position\":1,\"name\":\"Portada\",\"item\":\"https:\/\/www.consigel.com\/ca\/\"},{\"@type\":\"ListItem\",\"position\":2,\"name\":\"Shop\",\"item\":\"https:\/\/www.consigel.com\/ca\/shop\/\"},{\"@type\":\"ListItem\",\"position\":3,\"name\":\"Croqueta de Queso Cabrales Ameztoi 1 kg.\"}]},{\"@type\":\"WebSite\",\"@id\":\"https:\/\/www.consigel.com\/ca\/#website\",\"url\":\"https:\/\/www.consigel.com\/ca\/\",\"name\":\"Consigel\",\"description\":\"\",\"potentialAction\":[{\"@type\":\"SearchAction\",\"target\":{\"@type\":\"EntryPoint\",\"urlTemplate\":\"https:\/\/www.consigel.com\/ca\/?s={search_term_string}\"},\"query-input\":\"required name=search_term_string\"}],\"inLanguage\":\"ca\"}]}<\/script>\n<!-- \/ Yoast SEO plugin. -->","yoast_head_json":{"title":"Croqueta de Queso Cabrales Ameztoi 1 kg. - Consigel","robots":{"index":"index","follow":"follow","max-snippet":"max-snippet:-1","max-image-preview":"max-image-preview:large","max-video-preview":"max-video-preview:-1"},"canonical":"https:\/\/www.consigel.com\/ca\/producte\/croqueta-de-queso-cabrales\/","og_locale":"ca_ES","og_type":"article","og_title":"Croqueta de Queso Cabrales Ameztoi 1 kg. - Consigel","og_description":"Las croquetas de queso de cabra de Ameztoi se identifican por su espesa y suave masa de queso cabrales con denominaci\u00f3n de origen combinada con leche de caser\u00edo. Las croquetas de cabrales se elaboran en nuestras cocinas utilizando leche de los caser\u00edos de la zona que se pasteuriza en nuestras cocinas, y se empanan con [...]","og_url":"https:\/\/www.consigel.com\/ca\/producte\/croqueta-de-queso-cabrales\/","og_site_name":"Consigel","og_image":[{"width":1200,"height":1200,"url":"https:\/\/www.consigel.com\/wp-content\/uploads\/2013\/10\/1100-thickbox_default-Croqueta-de-Queso-Cabrales-Ameztoi-1-kg.jpg","type":"image\/jpeg"}],"twitter_card":"summary_large_image","schema":{"@context":"https:\/\/schema.org","@graph":[{"@type":"WebPage","@id":"https:\/\/www.consigel.com\/ca\/producte\/croqueta-de-queso-cabrales\/","url":"https:\/\/www.consigel.com\/ca\/producte\/croqueta-de-queso-cabrales\/","name":"Croqueta de Queso Cabrales Ameztoi 1 kg. - Consigel","isPartOf":{"@id":"https:\/\/www.consigel.com\/ca\/#website"},"primaryImageOfPage":{"@id":"https:\/\/www.consigel.com\/ca\/producte\/croqueta-de-queso-cabrales\/#primaryimage"},"image":{"@id":"https:\/\/www.consigel.com\/ca\/producte\/croqueta-de-queso-cabrales\/#primaryimage"},"thumbnailUrl":"https:\/\/www.consigel.com\/wp-content\/uploads\/2013\/10\/1100-thickbox_default-Croqueta-de-Queso-Cabrales-Ameztoi-1-kg.jpg","datePublished":"2013-10-17T08:44:18+00:00","dateModified":"2013-10-17T08:44:18+00:00","breadcrumb":{"@id":"https:\/\/www.consigel.com\/ca\/producte\/croqueta-de-queso-cabrales\/#breadcrumb"},"inLanguage":"ca","potentialAction":[{"@type":"ReadAction","target":["https:\/\/www.consigel.com\/ca\/producte\/croqueta-de-queso-cabrales\/"]}]},{"@type":"ImageObject","inLanguage":"ca","@id":"https:\/\/www.consigel.com\/ca\/producte\/croqueta-de-queso-cabrales\/#primaryimage","url":"https:\/\/www.consigel.com\/wp-content\/uploads\/2013\/10\/1100-thickbox_default-Croqueta-de-Queso-Cabrales-Ameztoi-1-kg.jpg","contentUrl":"https:\/\/www.consigel.com\/wp-content\/uploads\/2013\/10\/1100-thickbox_default-Croqueta-de-Queso-Cabrales-Ameztoi-1-kg.jpg","width":1200,"height":1200,"caption":"Croqueta de Queso Cabrales Ameztoi 1 kg."},{"@type":"BreadcrumbList","@id":"https:\/\/www.consigel.com\/ca\/producte\/croqueta-de-queso-cabrales\/#breadcrumb","itemListElement":[{"@type":"ListItem","position":1,"name":"Portada","item":"https:\/\/www.consigel.com\/ca\/"},{"@type":"ListItem","position":2,"name":"Shop","item":"https:\/\/www.consigel.com\/ca\/shop\/"},{"@type":"ListItem","position":3,"name":"Croqueta de Queso Cabrales Ameztoi 1 kg."}]},{"@type":"WebSite","@id":"https:\/\/www.consigel.com\/ca\/#website","url":"https:\/\/www.consigel.com\/ca\/","name":"Consigel","description":"","potentialAction":[{"@type":"SearchAction","target":{"@type":"EntryPoint","urlTemplate":"https:\/\/www.consigel.com\/ca\/?s={search_term_string}"},"query-input":"required name=search_term_string"}],"inLanguage":"ca"}]}},"_links":{"self":[{"href":"https:\/\/www.consigel.com\/ca\/wp-json\/wp\/v2\/product\/916","targetHints":{"allow":["GET"]}}],"collection":[{"href":"https:\/\/www.consigel.com\/ca\/wp-json\/wp\/v2\/product"}],"about":[{"href":"https:\/\/www.consigel.com\/ca\/wp-json\/wp\/v2\/types\/product"}],"replies":[{"embeddable":true,"href":"https:\/\/www.consigel.com\/ca\/wp-json\/wp\/v2\/comments?post=916"}],"wp:featuredmedia":[{"embeddable":true,"href":"https:\/\/www.consigel.com\/ca\/wp-json\/wp\/v2\/media\/915"}],"wp:attachment":[{"href":"https:\/\/www.consigel.com\/ca\/wp-json\/wp\/v2\/media?parent=916"}],"wp:term":[{"taxonomy":"product_cat","embeddable":true,"href":"https:\/\/www.consigel.com\/ca\/wp-json\/wp\/v2\/product_cat?post=916"},{"taxonomy":"product_tag","embeddable":true,"href":"https:\/\/www.consigel.com\/ca\/wp-json\/wp\/v2\/product_tag?post=916"}],"curies":[{"name":"wp","href":"https:\/\/api.w.org\/{rel}","templated":true}]}}