{"id":883,"date":"2013-10-15T21:14:53","date_gmt":"2013-10-15T21:14:53","guid":{"rendered":"http:\/\/www.consigel.com\/product\/macarron-de-foie\/"},"modified":"2024-09-24T09:18:22","modified_gmt":"2024-09-24T09:18:22","slug":"macarron-de-foie","status":"publish","type":"product","link":"https:\/\/www.consigel.com\/ca\/producte\/macarron-de-foie\/","title":{"rendered":"Macaron de foie 10 gr."},"content":{"rendered":"<p>Inspirat en el tradicional macaron dol\u00e7 d&#8217;origen franc\u00e8s. Exquisitarium ha desenvolupat aquest format amb un farcit salat. Destaquem el macaron de foie, una nova combinaci\u00f3 de dos productes tradicionals.<\/p>\n<p>DESCONGELAR<\/p>\n<p>Descongelar fora del seu env\u00e0s (oblea) uns 15 minuts abans de servir. El descongelat en exc\u00e9s pot humitejar el macaron.<\/p>\n<p>Format nCaixa de 144 unitats (3 safates de 48 unitats)<\/p>\n","protected":false},"excerpt":{"rendered":"<p>Inspirat en el tradicional macaron dol\u00e7 d&#8217;origen franc\u00e8s. Exquisitarium ha desenvolupat aquest format amb un farcit salat. Destaquem el macaron de foie, una nova combinaci\u00f3 de dos productes tradicionals. DESCONGELAR Descongelar fora del seu env\u00e0s (oblea) uns 15 minuts abans de servir. El descongelat en exc\u00e9s pot humitejar el macaron. Format nCaixa de 144 unitats [&#8230;]\n","protected":false},"featured_media":882,"comment_status":"open","ping_status":"closed","template":"","meta":[],"product_cat":[296,34,18],"product_tag":[],"class_list":{"0":"post-883","1":"product","2":"type-product","3":"status-publish","4":"has-post-thumbnail","6":"product_cat-descongelar","7":"product_cat-aperitius","8":"product_cat-gastronomia","10":"first","11":"outofstock","12":"shipping-taxable","13":"product-type-simple"},"yoast_head":"<!-- This site is optimized with the Yoast SEO plugin v23.3 - https:\/\/yoast.com\/wordpress\/plugins\/seo\/ -->\n<title>Macaron de foie 10 gr. - Consigel<\/title>\n<meta name=\"robots\" content=\"index, follow, max-snippet:-1, max-image-preview:large, max-video-preview:-1\" \/>\n<link rel=\"canonical\" href=\"https:\/\/www.consigel.com\/ca\/producte\/macarron-de-foie\/\" \/>\n<meta property=\"og:locale\" content=\"ca_ES\" \/>\n<meta property=\"og:type\" content=\"article\" \/>\n<meta property=\"og:title\" content=\"Macaron de foie 10 gr. - Consigel\" \/>\n<meta property=\"og:description\" content=\"Inspirat en el tradicional macaron dol\u00e7 d&#8217;origen franc\u00e8s. Exquisitarium ha desenvolupat aquest format amb un farcit salat. Destaquem el macaron de foie, una nova combinaci\u00f3 de dos productes tradicionals. DESCONGELAR Descongelar fora del seu env\u00e0s (oblea) uns 15 minuts abans de servir. El descongelat en exc\u00e9s pot humitejar el macaron. Format nCaixa de 144 unitats [...]\" \/>\n<meta property=\"og:url\" content=\"https:\/\/www.consigel.com\/ca\/producte\/macarron-de-foie\/\" \/>\n<meta property=\"og:site_name\" content=\"Consigel\" \/>\n<meta property=\"article:modified_time\" content=\"2024-09-24T09:18:22+00:00\" \/>\n<meta property=\"og:image\" content=\"https:\/\/www.consigel.com\/wp-content\/uploads\/2013\/10\/971-thickbox_default-Macarron-de-foie-10-gr.jpg\" \/>\n\t<meta property=\"og:image:width\" content=\"1200\" \/>\n\t<meta property=\"og:image:height\" content=\"1200\" \/>\n\t<meta property=\"og:image:type\" content=\"image\/jpeg\" \/>\n<meta name=\"twitter:card\" content=\"summary_large_image\" \/>\n<meta name=\"twitter:label1\" content=\"Temps estimat de lectura\" \/>\n\t<meta name=\"twitter:data1\" content=\"1 minut\" \/>\n<script type=\"application\/ld+json\" class=\"yoast-schema-graph\">{\"@context\":\"https:\/\/schema.org\",\"@graph\":[{\"@type\":\"WebPage\",\"@id\":\"https:\/\/www.consigel.com\/ca\/producte\/macarron-de-foie\/\",\"url\":\"https:\/\/www.consigel.com\/ca\/producte\/macarron-de-foie\/\",\"name\":\"Macaron de foie 10 gr. - Consigel\",\"isPartOf\":{\"@id\":\"https:\/\/www.consigel.com\/ca\/#website\"},\"primaryImageOfPage\":{\"@id\":\"https:\/\/www.consigel.com\/ca\/producte\/macarron-de-foie\/#primaryimage\"},\"image\":{\"@id\":\"https:\/\/www.consigel.com\/ca\/producte\/macarron-de-foie\/#primaryimage\"},\"thumbnailUrl\":\"https:\/\/www.consigel.com\/wp-content\/uploads\/2013\/10\/971-thickbox_default-Macarron-de-foie-10-gr.jpg\",\"datePublished\":\"2013-10-15T21:14:53+00:00\",\"dateModified\":\"2024-09-24T09:18:22+00:00\",\"breadcrumb\":{\"@id\":\"https:\/\/www.consigel.com\/ca\/producte\/macarron-de-foie\/#breadcrumb\"},\"inLanguage\":\"ca\",\"potentialAction\":[{\"@type\":\"ReadAction\",\"target\":[\"https:\/\/www.consigel.com\/ca\/producte\/macarron-de-foie\/\"]}]},{\"@type\":\"ImageObject\",\"inLanguage\":\"ca\",\"@id\":\"https:\/\/www.consigel.com\/ca\/producte\/macarron-de-foie\/#primaryimage\",\"url\":\"https:\/\/www.consigel.com\/wp-content\/uploads\/2013\/10\/971-thickbox_default-Macarron-de-foie-10-gr.jpg\",\"contentUrl\":\"https:\/\/www.consigel.com\/wp-content\/uploads\/2013\/10\/971-thickbox_default-Macarron-de-foie-10-gr.jpg\",\"width\":1200,\"height\":1200,\"caption\":\"Macarron de foie 10 gr.\"},{\"@type\":\"BreadcrumbList\",\"@id\":\"https:\/\/www.consigel.com\/ca\/producte\/macarron-de-foie\/#breadcrumb\",\"itemListElement\":[{\"@type\":\"ListItem\",\"position\":1,\"name\":\"Portada\",\"item\":\"https:\/\/www.consigel.com\/ca\/\"},{\"@type\":\"ListItem\",\"position\":2,\"name\":\"Shop\",\"item\":\"https:\/\/www.consigel.com\/ca\/shop\/\"},{\"@type\":\"ListItem\",\"position\":3,\"name\":\"Macaron de foie 10 gr.\"}]},{\"@type\":\"WebSite\",\"@id\":\"https:\/\/www.consigel.com\/ca\/#website\",\"url\":\"https:\/\/www.consigel.com\/ca\/\",\"name\":\"Consigel\",\"description\":\"\",\"potentialAction\":[{\"@type\":\"SearchAction\",\"target\":{\"@type\":\"EntryPoint\",\"urlTemplate\":\"https:\/\/www.consigel.com\/ca\/?s={search_term_string}\"},\"query-input\":\"required name=search_term_string\"}],\"inLanguage\":\"ca\"}]}<\/script>\n<!-- \/ Yoast SEO plugin. -->","yoast_head_json":{"title":"Macaron de foie 10 gr. - Consigel","robots":{"index":"index","follow":"follow","max-snippet":"max-snippet:-1","max-image-preview":"max-image-preview:large","max-video-preview":"max-video-preview:-1"},"canonical":"https:\/\/www.consigel.com\/ca\/producte\/macarron-de-foie\/","og_locale":"ca_ES","og_type":"article","og_title":"Macaron de foie 10 gr. - Consigel","og_description":"Inspirat en el tradicional macaron dol\u00e7 d&#8217;origen franc\u00e8s. Exquisitarium ha desenvolupat aquest format amb un farcit salat. Destaquem el macaron de foie, una nova combinaci\u00f3 de dos productes tradicionals. DESCONGELAR Descongelar fora del seu env\u00e0s (oblea) uns 15 minuts abans de servir. El descongelat en exc\u00e9s pot humitejar el macaron. Format nCaixa de 144 unitats [...]","og_url":"https:\/\/www.consigel.com\/ca\/producte\/macarron-de-foie\/","og_site_name":"Consigel","article_modified_time":"2024-09-24T09:18:22+00:00","og_image":[{"width":1200,"height":1200,"url":"https:\/\/www.consigel.com\/wp-content\/uploads\/2013\/10\/971-thickbox_default-Macarron-de-foie-10-gr.jpg","type":"image\/jpeg"}],"twitter_card":"summary_large_image","twitter_misc":{"Temps estimat de lectura":"1 minut"},"schema":{"@context":"https:\/\/schema.org","@graph":[{"@type":"WebPage","@id":"https:\/\/www.consigel.com\/ca\/producte\/macarron-de-foie\/","url":"https:\/\/www.consigel.com\/ca\/producte\/macarron-de-foie\/","name":"Macaron de foie 10 gr. - Consigel","isPartOf":{"@id":"https:\/\/www.consigel.com\/ca\/#website"},"primaryImageOfPage":{"@id":"https:\/\/www.consigel.com\/ca\/producte\/macarron-de-foie\/#primaryimage"},"image":{"@id":"https:\/\/www.consigel.com\/ca\/producte\/macarron-de-foie\/#primaryimage"},"thumbnailUrl":"https:\/\/www.consigel.com\/wp-content\/uploads\/2013\/10\/971-thickbox_default-Macarron-de-foie-10-gr.jpg","datePublished":"2013-10-15T21:14:53+00:00","dateModified":"2024-09-24T09:18:22+00:00","breadcrumb":{"@id":"https:\/\/www.consigel.com\/ca\/producte\/macarron-de-foie\/#breadcrumb"},"inLanguage":"ca","potentialAction":[{"@type":"ReadAction","target":["https:\/\/www.consigel.com\/ca\/producte\/macarron-de-foie\/"]}]},{"@type":"ImageObject","inLanguage":"ca","@id":"https:\/\/www.consigel.com\/ca\/producte\/macarron-de-foie\/#primaryimage","url":"https:\/\/www.consigel.com\/wp-content\/uploads\/2013\/10\/971-thickbox_default-Macarron-de-foie-10-gr.jpg","contentUrl":"https:\/\/www.consigel.com\/wp-content\/uploads\/2013\/10\/971-thickbox_default-Macarron-de-foie-10-gr.jpg","width":1200,"height":1200,"caption":"Macarron de foie 10 gr."},{"@type":"BreadcrumbList","@id":"https:\/\/www.consigel.com\/ca\/producte\/macarron-de-foie\/#breadcrumb","itemListElement":[{"@type":"ListItem","position":1,"name":"Portada","item":"https:\/\/www.consigel.com\/ca\/"},{"@type":"ListItem","position":2,"name":"Shop","item":"https:\/\/www.consigel.com\/ca\/shop\/"},{"@type":"ListItem","position":3,"name":"Macaron de foie 10 gr."}]},{"@type":"WebSite","@id":"https:\/\/www.consigel.com\/ca\/#website","url":"https:\/\/www.consigel.com\/ca\/","name":"Consigel","description":"","potentialAction":[{"@type":"SearchAction","target":{"@type":"EntryPoint","urlTemplate":"https:\/\/www.consigel.com\/ca\/?s={search_term_string}"},"query-input":"required name=search_term_string"}],"inLanguage":"ca"}]}},"_links":{"self":[{"href":"https:\/\/www.consigel.com\/ca\/wp-json\/wp\/v2\/product\/883","targetHints":{"allow":["GET"]}}],"collection":[{"href":"https:\/\/www.consigel.com\/ca\/wp-json\/wp\/v2\/product"}],"about":[{"href":"https:\/\/www.consigel.com\/ca\/wp-json\/wp\/v2\/types\/product"}],"replies":[{"embeddable":true,"href":"https:\/\/www.consigel.com\/ca\/wp-json\/wp\/v2\/comments?post=883"}],"wp:featuredmedia":[{"embeddable":true,"href":"https:\/\/www.consigel.com\/ca\/wp-json\/wp\/v2\/media\/882"}],"wp:attachment":[{"href":"https:\/\/www.consigel.com\/ca\/wp-json\/wp\/v2\/media?parent=883"}],"wp:term":[{"taxonomy":"product_cat","embeddable":true,"href":"https:\/\/www.consigel.com\/ca\/wp-json\/wp\/v2\/product_cat?post=883"},{"taxonomy":"product_tag","embeddable":true,"href":"https:\/\/www.consigel.com\/ca\/wp-json\/wp\/v2\/product_tag?post=883"}],"curies":[{"name":"wp","href":"https:\/\/api.w.org\/{rel}","templated":true}]}}