{"id":879,"date":"2013-10-15T20:22:06","date_gmt":"2013-10-15T20:22:06","guid":{"rendered":"http:\/\/www.consigel.com\/product\/dulce-de-queso-de-cabra-2\/"},"modified":"2024-09-24T07:39:08","modified_gmt":"2024-09-24T07:39:08","slug":"dulce-de-queso-de-cabra-2","status":"publish","type":"product","link":"https:\/\/www.consigel.com\/ca\/producte\/dulce-de-queso-de-cabra-2\/","title":{"rendered":"Bomb\u00f3 de foie amb pipes caramel\u00b7litzades de 10 gr."},"content":{"rendered":"<p>Crem\u00f3s interior de foie recobert de pipes caramel\u00b7litzades. Es pot apreciar el contrast de sabor de les pipes caramel\u00b7litzades que combina a la perfecci\u00f3 amb el foie. Es serveix en format bomb\u00f3 perqu\u00e8 es pugui utilitzar com a aperitiu.<\/p>\n<p>DESCONGELAR<\/p>\n<p>Deixar descongelar abans de servir.<\/p>\n<p>Caixa amb 144 unitats.<\/p>\n","protected":false},"excerpt":{"rendered":"<p>Crem\u00f3s interior de foie recobert de pipes caramel\u00b7litzades. Es pot apreciar el contrast de sabor de les pipes caramel\u00b7litzades que combina a la perfecci\u00f3 amb el foie. Es serveix en format bomb\u00f3 perqu\u00e8 es pugui utilitzar com a aperitiu. DESCONGELAR Deixar descongelar abans de servir. Caixa amb 144 unitats.<\/p>\n","protected":false},"featured_media":878,"comment_status":"open","ping_status":"closed","template":"","meta":[],"product_cat":[296,34,111,18],"product_tag":[],"class_list":{"0":"post-879","1":"product","2":"type-product","3":"status-publish","4":"has-post-thumbnail","6":"product_cat-descongelar","7":"product_cat-aperitius","8":"product_cat-fregidora","9":"product_cat-gastronomia","11":"first","12":"outofstock","13":"shipping-taxable","14":"product-type-simple"},"yoast_head":"<!-- This site is optimized with the Yoast SEO plugin v23.3 - https:\/\/yoast.com\/wordpress\/plugins\/seo\/ -->\n<title>Bomb\u00f3 de foie amb pipes caramel\u00b7litzades de 10 gr. - Consigel<\/title>\n<meta name=\"robots\" content=\"index, follow, max-snippet:-1, max-image-preview:large, max-video-preview:-1\" \/>\n<link rel=\"canonical\" href=\"https:\/\/www.consigel.com\/ca\/producte\/dulce-de-queso-de-cabra-2\/\" \/>\n<meta property=\"og:locale\" content=\"ca_ES\" \/>\n<meta property=\"og:type\" content=\"article\" \/>\n<meta property=\"og:title\" content=\"Bomb\u00f3 de foie amb pipes caramel\u00b7litzades de 10 gr. - Consigel\" \/>\n<meta property=\"og:description\" content=\"Crem\u00f3s interior de foie recobert de pipes caramel\u00b7litzades. Es pot apreciar el contrast de sabor de les pipes caramel\u00b7litzades que combina a la perfecci\u00f3 amb el foie. Es serveix en format bomb\u00f3 perqu\u00e8 es pugui utilitzar com a aperitiu. DESCONGELAR Deixar descongelar abans de servir. Caixa amb 144 unitats.\" \/>\n<meta property=\"og:url\" content=\"https:\/\/www.consigel.com\/ca\/producte\/dulce-de-queso-de-cabra-2\/\" \/>\n<meta property=\"og:site_name\" content=\"Consigel\" \/>\n<meta property=\"article:modified_time\" content=\"2024-09-24T07:39:08+00:00\" \/>\n<meta property=\"og:image\" content=\"https:\/\/www.consigel.com\/wp-content\/uploads\/2013\/10\/2075-thickbox_default-Bombon-de-foie-con-pipas-caramelizadas-10-gr.jpg\" \/>\n\t<meta property=\"og:image:width\" content=\"1200\" \/>\n\t<meta property=\"og:image:height\" content=\"1200\" \/>\n\t<meta property=\"og:image:type\" content=\"image\/jpeg\" \/>\n<meta name=\"twitter:card\" content=\"summary_large_image\" \/>\n<meta name=\"twitter:label1\" content=\"Temps estimat de lectura\" \/>\n\t<meta name=\"twitter:data1\" content=\"1 minut\" \/>\n<script type=\"application\/ld+json\" class=\"yoast-schema-graph\">{\"@context\":\"https:\/\/schema.org\",\"@graph\":[{\"@type\":\"WebPage\",\"@id\":\"https:\/\/www.consigel.com\/ca\/producte\/dulce-de-queso-de-cabra-2\/\",\"url\":\"https:\/\/www.consigel.com\/ca\/producte\/dulce-de-queso-de-cabra-2\/\",\"name\":\"Bomb\u00f3 de foie amb pipes caramel\u00b7litzades de 10 gr. - Consigel\",\"isPartOf\":{\"@id\":\"https:\/\/www.consigel.com\/ca\/#website\"},\"primaryImageOfPage\":{\"@id\":\"https:\/\/www.consigel.com\/ca\/producte\/dulce-de-queso-de-cabra-2\/#primaryimage\"},\"image\":{\"@id\":\"https:\/\/www.consigel.com\/ca\/producte\/dulce-de-queso-de-cabra-2\/#primaryimage\"},\"thumbnailUrl\":\"https:\/\/www.consigel.com\/wp-content\/uploads\/2013\/10\/2075-thickbox_default-Bombon-de-foie-con-pipas-caramelizadas-10-gr.jpg\",\"datePublished\":\"2013-10-15T20:22:06+00:00\",\"dateModified\":\"2024-09-24T07:39:08+00:00\",\"breadcrumb\":{\"@id\":\"https:\/\/www.consigel.com\/ca\/producte\/dulce-de-queso-de-cabra-2\/#breadcrumb\"},\"inLanguage\":\"ca\",\"potentialAction\":[{\"@type\":\"ReadAction\",\"target\":[\"https:\/\/www.consigel.com\/ca\/producte\/dulce-de-queso-de-cabra-2\/\"]}]},{\"@type\":\"ImageObject\",\"inLanguage\":\"ca\",\"@id\":\"https:\/\/www.consigel.com\/ca\/producte\/dulce-de-queso-de-cabra-2\/#primaryimage\",\"url\":\"https:\/\/www.consigel.com\/wp-content\/uploads\/2013\/10\/2075-thickbox_default-Bombon-de-foie-con-pipas-caramelizadas-10-gr.jpg\",\"contentUrl\":\"https:\/\/www.consigel.com\/wp-content\/uploads\/2013\/10\/2075-thickbox_default-Bombon-de-foie-con-pipas-caramelizadas-10-gr.jpg\",\"width\":1200,\"height\":1200,\"caption\":\"Bomb\u00f3n de foie con pipas caramelizadas 10 gr.\"},{\"@type\":\"BreadcrumbList\",\"@id\":\"https:\/\/www.consigel.com\/ca\/producte\/dulce-de-queso-de-cabra-2\/#breadcrumb\",\"itemListElement\":[{\"@type\":\"ListItem\",\"position\":1,\"name\":\"Portada\",\"item\":\"https:\/\/www.consigel.com\/ca\/\"},{\"@type\":\"ListItem\",\"position\":2,\"name\":\"Shop\",\"item\":\"https:\/\/www.consigel.com\/ca\/shop\/\"},{\"@type\":\"ListItem\",\"position\":3,\"name\":\"Bomb\u00f3 de foie amb pipes caramel\u00b7litzades de 10 gr.\"}]},{\"@type\":\"WebSite\",\"@id\":\"https:\/\/www.consigel.com\/ca\/#website\",\"url\":\"https:\/\/www.consigel.com\/ca\/\",\"name\":\"Consigel\",\"description\":\"\",\"potentialAction\":[{\"@type\":\"SearchAction\",\"target\":{\"@type\":\"EntryPoint\",\"urlTemplate\":\"https:\/\/www.consigel.com\/ca\/?s={search_term_string}\"},\"query-input\":\"required name=search_term_string\"}],\"inLanguage\":\"ca\"}]}<\/script>\n<!-- \/ Yoast SEO plugin. -->","yoast_head_json":{"title":"Bomb\u00f3 de foie amb pipes caramel\u00b7litzades de 10 gr. - Consigel","robots":{"index":"index","follow":"follow","max-snippet":"max-snippet:-1","max-image-preview":"max-image-preview:large","max-video-preview":"max-video-preview:-1"},"canonical":"https:\/\/www.consigel.com\/ca\/producte\/dulce-de-queso-de-cabra-2\/","og_locale":"ca_ES","og_type":"article","og_title":"Bomb\u00f3 de foie amb pipes caramel\u00b7litzades de 10 gr. - Consigel","og_description":"Crem\u00f3s interior de foie recobert de pipes caramel\u00b7litzades. Es pot apreciar el contrast de sabor de les pipes caramel\u00b7litzades que combina a la perfecci\u00f3 amb el foie. Es serveix en format bomb\u00f3 perqu\u00e8 es pugui utilitzar com a aperitiu. DESCONGELAR Deixar descongelar abans de servir. Caixa amb 144 unitats.","og_url":"https:\/\/www.consigel.com\/ca\/producte\/dulce-de-queso-de-cabra-2\/","og_site_name":"Consigel","article_modified_time":"2024-09-24T07:39:08+00:00","og_image":[{"width":1200,"height":1200,"url":"https:\/\/www.consigel.com\/wp-content\/uploads\/2013\/10\/2075-thickbox_default-Bombon-de-foie-con-pipas-caramelizadas-10-gr.jpg","type":"image\/jpeg"}],"twitter_card":"summary_large_image","twitter_misc":{"Temps estimat de lectura":"1 minut"},"schema":{"@context":"https:\/\/schema.org","@graph":[{"@type":"WebPage","@id":"https:\/\/www.consigel.com\/ca\/producte\/dulce-de-queso-de-cabra-2\/","url":"https:\/\/www.consigel.com\/ca\/producte\/dulce-de-queso-de-cabra-2\/","name":"Bomb\u00f3 de foie amb pipes caramel\u00b7litzades de 10 gr. - Consigel","isPartOf":{"@id":"https:\/\/www.consigel.com\/ca\/#website"},"primaryImageOfPage":{"@id":"https:\/\/www.consigel.com\/ca\/producte\/dulce-de-queso-de-cabra-2\/#primaryimage"},"image":{"@id":"https:\/\/www.consigel.com\/ca\/producte\/dulce-de-queso-de-cabra-2\/#primaryimage"},"thumbnailUrl":"https:\/\/www.consigel.com\/wp-content\/uploads\/2013\/10\/2075-thickbox_default-Bombon-de-foie-con-pipas-caramelizadas-10-gr.jpg","datePublished":"2013-10-15T20:22:06+00:00","dateModified":"2024-09-24T07:39:08+00:00","breadcrumb":{"@id":"https:\/\/www.consigel.com\/ca\/producte\/dulce-de-queso-de-cabra-2\/#breadcrumb"},"inLanguage":"ca","potentialAction":[{"@type":"ReadAction","target":["https:\/\/www.consigel.com\/ca\/producte\/dulce-de-queso-de-cabra-2\/"]}]},{"@type":"ImageObject","inLanguage":"ca","@id":"https:\/\/www.consigel.com\/ca\/producte\/dulce-de-queso-de-cabra-2\/#primaryimage","url":"https:\/\/www.consigel.com\/wp-content\/uploads\/2013\/10\/2075-thickbox_default-Bombon-de-foie-con-pipas-caramelizadas-10-gr.jpg","contentUrl":"https:\/\/www.consigel.com\/wp-content\/uploads\/2013\/10\/2075-thickbox_default-Bombon-de-foie-con-pipas-caramelizadas-10-gr.jpg","width":1200,"height":1200,"caption":"Bomb\u00f3n de foie con pipas caramelizadas 10 gr."},{"@type":"BreadcrumbList","@id":"https:\/\/www.consigel.com\/ca\/producte\/dulce-de-queso-de-cabra-2\/#breadcrumb","itemListElement":[{"@type":"ListItem","position":1,"name":"Portada","item":"https:\/\/www.consigel.com\/ca\/"},{"@type":"ListItem","position":2,"name":"Shop","item":"https:\/\/www.consigel.com\/ca\/shop\/"},{"@type":"ListItem","position":3,"name":"Bomb\u00f3 de foie amb pipes caramel\u00b7litzades de 10 gr."}]},{"@type":"WebSite","@id":"https:\/\/www.consigel.com\/ca\/#website","url":"https:\/\/www.consigel.com\/ca\/","name":"Consigel","description":"","potentialAction":[{"@type":"SearchAction","target":{"@type":"EntryPoint","urlTemplate":"https:\/\/www.consigel.com\/ca\/?s={search_term_string}"},"query-input":"required name=search_term_string"}],"inLanguage":"ca"}]}},"_links":{"self":[{"href":"https:\/\/www.consigel.com\/ca\/wp-json\/wp\/v2\/product\/879","targetHints":{"allow":["GET"]}}],"collection":[{"href":"https:\/\/www.consigel.com\/ca\/wp-json\/wp\/v2\/product"}],"about":[{"href":"https:\/\/www.consigel.com\/ca\/wp-json\/wp\/v2\/types\/product"}],"replies":[{"embeddable":true,"href":"https:\/\/www.consigel.com\/ca\/wp-json\/wp\/v2\/comments?post=879"}],"wp:featuredmedia":[{"embeddable":true,"href":"https:\/\/www.consigel.com\/ca\/wp-json\/wp\/v2\/media\/878"}],"wp:attachment":[{"href":"https:\/\/www.consigel.com\/ca\/wp-json\/wp\/v2\/media?parent=879"}],"wp:term":[{"taxonomy":"product_cat","embeddable":true,"href":"https:\/\/www.consigel.com\/ca\/wp-json\/wp\/v2\/product_cat?post=879"},{"taxonomy":"product_tag","embeddable":true,"href":"https:\/\/www.consigel.com\/ca\/wp-json\/wp\/v2\/product_tag?post=879"}],"curies":[{"name":"wp","href":"https:\/\/api.w.org\/{rel}","templated":true}]}}