{"id":860,"date":"2013-10-15T16:40:18","date_gmt":"2013-10-15T16:40:18","guid":{"rendered":"http:\/\/www.consigel.com\/product\/carpaccio-de-bacalao-ahumado-en-aceite-de-oliva\/"},"modified":"2024-11-21T10:30:42","modified_gmt":"2024-11-21T10:30:42","slug":"carpaccio-de-bacalao-ahumado-en-aceite-de-oliva","status":"publish","type":"product","link":"https:\/\/www.consigel.com\/ca\/producte\/carpaccio-de-bacalao-ahumado-en-aceite-de-oliva\/","title":{"rendered":"Carpaccio de bacall\u00e0 fumat amb oli d&#8217;oliva"},"content":{"rendered":"<p>De carn ferma i gelatinosa, fumat resulta especialment indicat per consumir amb amaniments lleugers (salses, esp\u00e8cies, etc.) que no distorsionin el seu poder\u00f3s sabor i aroma fumats. Amb un baix contingut en greix (menys del 2%), \u00e9s una excel\u00b7lent font de calci (64 mg\/100 g). Es congela a bord, en t\u00fanel a -40 \u00baC, un m\u00ednim de 48 hores, per garantir la prevenci\u00f3 de l&#8217;Anisakis.<\/p>\n<p>Formats:<br \/>\nEn oli d\u2019oliva 120 g i 400 g.<\/p>\n<p>&nbsp;<\/p>\n<p>caixes de 4 unitats<\/p>\n","protected":false},"excerpt":{"rendered":"<p>De carn ferma i gelatinosa, fumat resulta especialment indicat per consumir amb amaniments lleugers (salses, esp\u00e8cies, etc.) que no distorsionin el seu poder\u00f3s sabor i aroma fumats. Amb un baix contingut en greix (menys del 2%), \u00e9s una excel\u00b7lent font de calci (64 mg\/100 g). Es congela a bord, en t\u00fanel a -40 \u00baC, un [&#8230;]\n","protected":false},"featured_media":5243,"comment_status":"open","ping_status":"closed","template":"","meta":[],"product_cat":[299,18,47,61],"product_tag":[],"class_list":{"0":"post-860","1":"product","2":"type-product","3":"status-publish","4":"has-post-thumbnail","6":"product_cat-carpaccio-tartars","7":"product_cat-gastronomia","8":"product_cat-productes-mar","9":"product_cat-primers","11":"first","12":"outofstock","13":"shipping-taxable","14":"product-type-simple"},"yoast_head":"<!-- This site is optimized with the Yoast SEO plugin v23.3 - https:\/\/yoast.com\/wordpress\/plugins\/seo\/ -->\n<title>Carpaccio de bacall\u00e0 fumat amb oli d&#039;oliva - Consigel<\/title>\n<meta name=\"robots\" content=\"index, follow, max-snippet:-1, max-image-preview:large, max-video-preview:-1\" \/>\n<link rel=\"canonical\" href=\"https:\/\/www.consigel.com\/ca\/producte\/carpaccio-de-bacalao-ahumado-en-aceite-de-oliva\/\" \/>\n<meta property=\"og:locale\" content=\"ca_ES\" \/>\n<meta property=\"og:type\" content=\"article\" \/>\n<meta property=\"og:title\" content=\"Carpaccio de bacall\u00e0 fumat amb oli d&#039;oliva - Consigel\" \/>\n<meta property=\"og:description\" content=\"De carn ferma i gelatinosa, fumat resulta especialment indicat per consumir amb amaniments lleugers (salses, esp\u00e8cies, etc.) que no distorsionin el seu poder\u00f3s sabor i aroma fumats. Amb un baix contingut en greix (menys del 2%), \u00e9s una excel\u00b7lent font de calci (64 mg\/100 g). Es congela a bord, en t\u00fanel a -40 \u00baC, un [...]\" \/>\n<meta property=\"og:url\" content=\"https:\/\/www.consigel.com\/ca\/producte\/carpaccio-de-bacalao-ahumado-en-aceite-de-oliva\/\" \/>\n<meta property=\"og:site_name\" content=\"Consigel\" \/>\n<meta property=\"article:modified_time\" content=\"2024-11-21T10:30:42+00:00\" \/>\n<meta property=\"og:image\" content=\"https:\/\/www.consigel.com\/wp-content\/uploads\/2013\/10\/carpacio-bacalao-scaled-removebg-preview.png\" \/>\n\t<meta property=\"og:image:width\" content=\"433\" \/>\n\t<meta property=\"og:image:height\" content=\"577\" \/>\n\t<meta property=\"og:image:type\" content=\"image\/png\" \/>\n<meta name=\"twitter:card\" content=\"summary_large_image\" \/>\n<meta name=\"twitter:label1\" content=\"Temps estimat de lectura\" \/>\n\t<meta name=\"twitter:data1\" content=\"1 minut\" \/>\n<script type=\"application\/ld+json\" class=\"yoast-schema-graph\">{\"@context\":\"https:\/\/schema.org\",\"@graph\":[{\"@type\":\"WebPage\",\"@id\":\"https:\/\/www.consigel.com\/ca\/producte\/carpaccio-de-bacalao-ahumado-en-aceite-de-oliva\/\",\"url\":\"https:\/\/www.consigel.com\/ca\/producte\/carpaccio-de-bacalao-ahumado-en-aceite-de-oliva\/\",\"name\":\"Carpaccio de bacall\u00e0 fumat amb oli d'oliva - Consigel\",\"isPartOf\":{\"@id\":\"https:\/\/www.consigel.com\/ca\/#website\"},\"primaryImageOfPage\":{\"@id\":\"https:\/\/www.consigel.com\/ca\/producte\/carpaccio-de-bacalao-ahumado-en-aceite-de-oliva\/#primaryimage\"},\"image\":{\"@id\":\"https:\/\/www.consigel.com\/ca\/producte\/carpaccio-de-bacalao-ahumado-en-aceite-de-oliva\/#primaryimage\"},\"thumbnailUrl\":\"https:\/\/www.consigel.com\/wp-content\/uploads\/2013\/10\/carpacio-bacalao-scaled-removebg-preview.png\",\"datePublished\":\"2013-10-15T16:40:18+00:00\",\"dateModified\":\"2024-11-21T10:30:42+00:00\",\"breadcrumb\":{\"@id\":\"https:\/\/www.consigel.com\/ca\/producte\/carpaccio-de-bacalao-ahumado-en-aceite-de-oliva\/#breadcrumb\"},\"inLanguage\":\"ca\",\"potentialAction\":[{\"@type\":\"ReadAction\",\"target\":[\"https:\/\/www.consigel.com\/ca\/producte\/carpaccio-de-bacalao-ahumado-en-aceite-de-oliva\/\"]}]},{\"@type\":\"ImageObject\",\"inLanguage\":\"ca\",\"@id\":\"https:\/\/www.consigel.com\/ca\/producte\/carpaccio-de-bacalao-ahumado-en-aceite-de-oliva\/#primaryimage\",\"url\":\"https:\/\/www.consigel.com\/wp-content\/uploads\/2013\/10\/carpacio-bacalao-scaled-removebg-preview.png\",\"contentUrl\":\"https:\/\/www.consigel.com\/wp-content\/uploads\/2013\/10\/carpacio-bacalao-scaled-removebg-preview.png\",\"width\":433,\"height\":577},{\"@type\":\"BreadcrumbList\",\"@id\":\"https:\/\/www.consigel.com\/ca\/producte\/carpaccio-de-bacalao-ahumado-en-aceite-de-oliva\/#breadcrumb\",\"itemListElement\":[{\"@type\":\"ListItem\",\"position\":1,\"name\":\"Portada\",\"item\":\"https:\/\/www.consigel.com\/ca\/\"},{\"@type\":\"ListItem\",\"position\":2,\"name\":\"Shop\",\"item\":\"https:\/\/www.consigel.com\/ca\/shop\/\"},{\"@type\":\"ListItem\",\"position\":3,\"name\":\"Carpaccio de bacall\u00e0 fumat amb oli d&#8217;oliva\"}]},{\"@type\":\"WebSite\",\"@id\":\"https:\/\/www.consigel.com\/ca\/#website\",\"url\":\"https:\/\/www.consigel.com\/ca\/\",\"name\":\"Consigel\",\"description\":\"\",\"potentialAction\":[{\"@type\":\"SearchAction\",\"target\":{\"@type\":\"EntryPoint\",\"urlTemplate\":\"https:\/\/www.consigel.com\/ca\/?s={search_term_string}\"},\"query-input\":\"required name=search_term_string\"}],\"inLanguage\":\"ca\"}]}<\/script>\n<!-- \/ Yoast SEO plugin. -->","yoast_head_json":{"title":"Carpaccio de bacall\u00e0 fumat amb oli d'oliva - Consigel","robots":{"index":"index","follow":"follow","max-snippet":"max-snippet:-1","max-image-preview":"max-image-preview:large","max-video-preview":"max-video-preview:-1"},"canonical":"https:\/\/www.consigel.com\/ca\/producte\/carpaccio-de-bacalao-ahumado-en-aceite-de-oliva\/","og_locale":"ca_ES","og_type":"article","og_title":"Carpaccio de bacall\u00e0 fumat amb oli d'oliva - Consigel","og_description":"De carn ferma i gelatinosa, fumat resulta especialment indicat per consumir amb amaniments lleugers (salses, esp\u00e8cies, etc.) que no distorsionin el seu poder\u00f3s sabor i aroma fumats. Amb un baix contingut en greix (menys del 2%), \u00e9s una excel\u00b7lent font de calci (64 mg\/100 g). Es congela a bord, en t\u00fanel a -40 \u00baC, un [...]","og_url":"https:\/\/www.consigel.com\/ca\/producte\/carpaccio-de-bacalao-ahumado-en-aceite-de-oliva\/","og_site_name":"Consigel","article_modified_time":"2024-11-21T10:30:42+00:00","og_image":[{"width":433,"height":577,"url":"https:\/\/www.consigel.com\/wp-content\/uploads\/2013\/10\/carpacio-bacalao-scaled-removebg-preview.png","type":"image\/png"}],"twitter_card":"summary_large_image","twitter_misc":{"Temps estimat de lectura":"1 minut"},"schema":{"@context":"https:\/\/schema.org","@graph":[{"@type":"WebPage","@id":"https:\/\/www.consigel.com\/ca\/producte\/carpaccio-de-bacalao-ahumado-en-aceite-de-oliva\/","url":"https:\/\/www.consigel.com\/ca\/producte\/carpaccio-de-bacalao-ahumado-en-aceite-de-oliva\/","name":"Carpaccio de bacall\u00e0 fumat amb oli d'oliva - Consigel","isPartOf":{"@id":"https:\/\/www.consigel.com\/ca\/#website"},"primaryImageOfPage":{"@id":"https:\/\/www.consigel.com\/ca\/producte\/carpaccio-de-bacalao-ahumado-en-aceite-de-oliva\/#primaryimage"},"image":{"@id":"https:\/\/www.consigel.com\/ca\/producte\/carpaccio-de-bacalao-ahumado-en-aceite-de-oliva\/#primaryimage"},"thumbnailUrl":"https:\/\/www.consigel.com\/wp-content\/uploads\/2013\/10\/carpacio-bacalao-scaled-removebg-preview.png","datePublished":"2013-10-15T16:40:18+00:00","dateModified":"2024-11-21T10:30:42+00:00","breadcrumb":{"@id":"https:\/\/www.consigel.com\/ca\/producte\/carpaccio-de-bacalao-ahumado-en-aceite-de-oliva\/#breadcrumb"},"inLanguage":"ca","potentialAction":[{"@type":"ReadAction","target":["https:\/\/www.consigel.com\/ca\/producte\/carpaccio-de-bacalao-ahumado-en-aceite-de-oliva\/"]}]},{"@type":"ImageObject","inLanguage":"ca","@id":"https:\/\/www.consigel.com\/ca\/producte\/carpaccio-de-bacalao-ahumado-en-aceite-de-oliva\/#primaryimage","url":"https:\/\/www.consigel.com\/wp-content\/uploads\/2013\/10\/carpacio-bacalao-scaled-removebg-preview.png","contentUrl":"https:\/\/www.consigel.com\/wp-content\/uploads\/2013\/10\/carpacio-bacalao-scaled-removebg-preview.png","width":433,"height":577},{"@type":"BreadcrumbList","@id":"https:\/\/www.consigel.com\/ca\/producte\/carpaccio-de-bacalao-ahumado-en-aceite-de-oliva\/#breadcrumb","itemListElement":[{"@type":"ListItem","position":1,"name":"Portada","item":"https:\/\/www.consigel.com\/ca\/"},{"@type":"ListItem","position":2,"name":"Shop","item":"https:\/\/www.consigel.com\/ca\/shop\/"},{"@type":"ListItem","position":3,"name":"Carpaccio de bacall\u00e0 fumat amb oli d&#8217;oliva"}]},{"@type":"WebSite","@id":"https:\/\/www.consigel.com\/ca\/#website","url":"https:\/\/www.consigel.com\/ca\/","name":"Consigel","description":"","potentialAction":[{"@type":"SearchAction","target":{"@type":"EntryPoint","urlTemplate":"https:\/\/www.consigel.com\/ca\/?s={search_term_string}"},"query-input":"required name=search_term_string"}],"inLanguage":"ca"}]}},"_links":{"self":[{"href":"https:\/\/www.consigel.com\/ca\/wp-json\/wp\/v2\/product\/860","targetHints":{"allow":["GET"]}}],"collection":[{"href":"https:\/\/www.consigel.com\/ca\/wp-json\/wp\/v2\/product"}],"about":[{"href":"https:\/\/www.consigel.com\/ca\/wp-json\/wp\/v2\/types\/product"}],"replies":[{"embeddable":true,"href":"https:\/\/www.consigel.com\/ca\/wp-json\/wp\/v2\/comments?post=860"}],"wp:featuredmedia":[{"embeddable":true,"href":"https:\/\/www.consigel.com\/ca\/wp-json\/wp\/v2\/media\/5243"}],"wp:attachment":[{"href":"https:\/\/www.consigel.com\/ca\/wp-json\/wp\/v2\/media?parent=860"}],"wp:term":[{"taxonomy":"product_cat","embeddable":true,"href":"https:\/\/www.consigel.com\/ca\/wp-json\/wp\/v2\/product_cat?post=860"},{"taxonomy":"product_tag","embeddable":true,"href":"https:\/\/www.consigel.com\/ca\/wp-json\/wp\/v2\/product_tag?post=860"}],"curies":[{"name":"wp","href":"https:\/\/api.w.org\/{rel}","templated":true}]}}