{"id":819,"date":"2013-10-05T22:34:28","date_gmt":"2013-10-05T22:34:28","guid":{"rendered":"http:\/\/www.consigel.com\/product\/canelones-de-membrillo-y-requeson\/"},"modified":"2013-10-05T22:34:28","modified_gmt":"2013-10-05T22:34:28","slug":"canelones-de-membrillo-y-requeson","status":"publish","type":"product","link":"https:\/\/www.consigel.com\/ca\/producte\/canelones-de-membrillo-y-requeson\/","title":{"rendered":"Canelones de membrillo y reques\u00f3n 50 gr."},"content":{"rendered":"<p>Un sabor suave, con ingredientes cl\u00e1sicos pero que conforman una perfecta combinaci\u00f3n de sabores que nos aportan un formato colorido y visualmente atractivo. Con este producto obtenemos gran variedad de posibilidades y aplicaciones. Podemos servirlas para postre, guarnici\u00f3n y ensaladas o en una cuchara japonesa como un petit four\u2026. Presentaci\u00f3n en unidades individuales Cod. 37029. Se sirve tambi\u00e9n en barquetas de 3 unidades 180g Cod. 3702.<\/p>\n<p><strong><a href=\"http:\/\/www.exquisitarium.com\/wp-content\/uploads\/2018\/03\/Pictogramas_Exquisitarium_descongelar-e1520251367491.png\"><img loading=\"lazy\" decoding=\"async\" class=\"alignnone wp-image-4868\" src=\"https:\/\/www.exquisitarium.com\/wp-content\/uploads\/2018\/03\/Pictogramas_Exquisitarium_descongelar-e1520251367491.png\" alt=\"\" width=\"70\" height=\"70\" \/><\/a>DESCONGELAR<\/strong><\/p>\n<p>Sacarlos del recipiente y descongelar en el mismo plato en el que se servir\u00e1n. No podr\u00e1 manipularlos ni guardarlos una vez descongelados. La salsa de frutos rojos debe ser descongelada y servida en fr\u00edo.<\/p>\n<p>Caja de 8 bandejas de 3 unidades<\/p>\n<p>\u00a0<\/p>\n","protected":false},"excerpt":{"rendered":"<p>Un sabor suave, con ingredientes cl\u00e1sicos pero que conforman una perfecta combinaci\u00f3n de sabores que nos aportan un formato colorido y visualmente atractivo. Con este producto obtenemos gran variedad de posibilidades y aplicaciones. Podemos servirlas para postre, guarnici\u00f3n y ensaladas o en una cuchara japonesa como un petit four\u2026. Presentaci\u00f3n en unidades individuales Cod. 37029. [&#8230;]\n","protected":false},"featured_media":818,"comment_status":"open","ping_status":"closed","template":"","meta":[],"product_cat":[20],"product_tag":[],"class_list":{"0":"post-819","1":"product","2":"type-product","3":"status-publish","4":"has-post-thumbnail","6":"product_cat-postres","8":"first","9":"outofstock","10":"shipping-taxable","11":"product-type-simple"},"yoast_head":"<!-- This site is optimized with the Yoast SEO plugin v23.3 - https:\/\/yoast.com\/wordpress\/plugins\/seo\/ -->\n<title>Canelones de membrillo y reques\u00f3n 50 gr. - Consigel<\/title>\n<meta name=\"robots\" content=\"index, follow, max-snippet:-1, max-image-preview:large, max-video-preview:-1\" \/>\n<link rel=\"canonical\" href=\"https:\/\/www.consigel.com\/ca\/producte\/canelones-de-membrillo-y-requeson\/\" \/>\n<meta property=\"og:locale\" content=\"ca_ES\" \/>\n<meta property=\"og:type\" content=\"article\" \/>\n<meta property=\"og:title\" content=\"Canelones de membrillo y reques\u00f3n 50 gr. - Consigel\" \/>\n<meta property=\"og:description\" content=\"Un sabor suave, con ingredientes cl\u00e1sicos pero que conforman una perfecta combinaci\u00f3n de sabores que nos aportan un formato colorido y visualmente atractivo. Con este producto obtenemos gran variedad de posibilidades y aplicaciones. Podemos servirlas para postre, guarnici\u00f3n y ensaladas o en una cuchara japonesa como un petit four\u2026. Presentaci\u00f3n en unidades individuales Cod. 37029. [...]\" \/>\n<meta property=\"og:url\" content=\"https:\/\/www.consigel.com\/ca\/producte\/canelones-de-membrillo-y-requeson\/\" \/>\n<meta property=\"og:site_name\" content=\"Consigel\" \/>\n<meta property=\"og:image\" content=\"https:\/\/www.consigel.com\/wp-content\/uploads\/2013\/10\/2226-thickbox_default-Canelones-de-membrillo-y-requeson-50-gr.jpg\" \/>\n\t<meta property=\"og:image:width\" content=\"1200\" \/>\n\t<meta property=\"og:image:height\" content=\"1200\" \/>\n\t<meta property=\"og:image:type\" content=\"image\/jpeg\" \/>\n<meta name=\"twitter:card\" content=\"summary_large_image\" \/>\n<meta name=\"twitter:label1\" content=\"Temps estimat de lectura\" \/>\n\t<meta name=\"twitter:data1\" content=\"1 minut\" \/>\n<script type=\"application\/ld+json\" class=\"yoast-schema-graph\">{\"@context\":\"https:\/\/schema.org\",\"@graph\":[{\"@type\":\"WebPage\",\"@id\":\"https:\/\/www.consigel.com\/ca\/producte\/canelones-de-membrillo-y-requeson\/\",\"url\":\"https:\/\/www.consigel.com\/ca\/producte\/canelones-de-membrillo-y-requeson\/\",\"name\":\"Canelones de membrillo y reques\u00f3n 50 gr. - Consigel\",\"isPartOf\":{\"@id\":\"https:\/\/www.consigel.com\/ca\/#website\"},\"primaryImageOfPage\":{\"@id\":\"https:\/\/www.consigel.com\/ca\/producte\/canelones-de-membrillo-y-requeson\/#primaryimage\"},\"image\":{\"@id\":\"https:\/\/www.consigel.com\/ca\/producte\/canelones-de-membrillo-y-requeson\/#primaryimage\"},\"thumbnailUrl\":\"https:\/\/www.consigel.com\/wp-content\/uploads\/2013\/10\/2226-thickbox_default-Canelones-de-membrillo-y-requeson-50-gr.jpg\",\"datePublished\":\"2013-10-05T22:34:28+00:00\",\"dateModified\":\"2013-10-05T22:34:28+00:00\",\"breadcrumb\":{\"@id\":\"https:\/\/www.consigel.com\/ca\/producte\/canelones-de-membrillo-y-requeson\/#breadcrumb\"},\"inLanguage\":\"ca\",\"potentialAction\":[{\"@type\":\"ReadAction\",\"target\":[\"https:\/\/www.consigel.com\/ca\/producte\/canelones-de-membrillo-y-requeson\/\"]}]},{\"@type\":\"ImageObject\",\"inLanguage\":\"ca\",\"@id\":\"https:\/\/www.consigel.com\/ca\/producte\/canelones-de-membrillo-y-requeson\/#primaryimage\",\"url\":\"https:\/\/www.consigel.com\/wp-content\/uploads\/2013\/10\/2226-thickbox_default-Canelones-de-membrillo-y-requeson-50-gr.jpg\",\"contentUrl\":\"https:\/\/www.consigel.com\/wp-content\/uploads\/2013\/10\/2226-thickbox_default-Canelones-de-membrillo-y-requeson-50-gr.jpg\",\"width\":1200,\"height\":1200,\"caption\":\"Canelones de membrillo y reques\u00f3n 50 gr.\"},{\"@type\":\"BreadcrumbList\",\"@id\":\"https:\/\/www.consigel.com\/ca\/producte\/canelones-de-membrillo-y-requeson\/#breadcrumb\",\"itemListElement\":[{\"@type\":\"ListItem\",\"position\":1,\"name\":\"Portada\",\"item\":\"https:\/\/www.consigel.com\/ca\/\"},{\"@type\":\"ListItem\",\"position\":2,\"name\":\"Shop\",\"item\":\"https:\/\/www.consigel.com\/ca\/shop\/\"},{\"@type\":\"ListItem\",\"position\":3,\"name\":\"Canelones de membrillo y reques\u00f3n 50 gr.\"}]},{\"@type\":\"WebSite\",\"@id\":\"https:\/\/www.consigel.com\/ca\/#website\",\"url\":\"https:\/\/www.consigel.com\/ca\/\",\"name\":\"Consigel\",\"description\":\"\",\"potentialAction\":[{\"@type\":\"SearchAction\",\"target\":{\"@type\":\"EntryPoint\",\"urlTemplate\":\"https:\/\/www.consigel.com\/ca\/?s={search_term_string}\"},\"query-input\":\"required name=search_term_string\"}],\"inLanguage\":\"ca\"}]}<\/script>\n<!-- \/ Yoast SEO plugin. -->","yoast_head_json":{"title":"Canelones de membrillo y reques\u00f3n 50 gr. - Consigel","robots":{"index":"index","follow":"follow","max-snippet":"max-snippet:-1","max-image-preview":"max-image-preview:large","max-video-preview":"max-video-preview:-1"},"canonical":"https:\/\/www.consigel.com\/ca\/producte\/canelones-de-membrillo-y-requeson\/","og_locale":"ca_ES","og_type":"article","og_title":"Canelones de membrillo y reques\u00f3n 50 gr. - Consigel","og_description":"Un sabor suave, con ingredientes cl\u00e1sicos pero que conforman una perfecta combinaci\u00f3n de sabores que nos aportan un formato colorido y visualmente atractivo. Con este producto obtenemos gran variedad de posibilidades y aplicaciones. Podemos servirlas para postre, guarnici\u00f3n y ensaladas o en una cuchara japonesa como un petit four\u2026. Presentaci\u00f3n en unidades individuales Cod. 37029. [...]","og_url":"https:\/\/www.consigel.com\/ca\/producte\/canelones-de-membrillo-y-requeson\/","og_site_name":"Consigel","og_image":[{"width":1200,"height":1200,"url":"https:\/\/www.consigel.com\/wp-content\/uploads\/2013\/10\/2226-thickbox_default-Canelones-de-membrillo-y-requeson-50-gr.jpg","type":"image\/jpeg"}],"twitter_card":"summary_large_image","twitter_misc":{"Temps estimat de lectura":"1 minut"},"schema":{"@context":"https:\/\/schema.org","@graph":[{"@type":"WebPage","@id":"https:\/\/www.consigel.com\/ca\/producte\/canelones-de-membrillo-y-requeson\/","url":"https:\/\/www.consigel.com\/ca\/producte\/canelones-de-membrillo-y-requeson\/","name":"Canelones de membrillo y reques\u00f3n 50 gr. - Consigel","isPartOf":{"@id":"https:\/\/www.consigel.com\/ca\/#website"},"primaryImageOfPage":{"@id":"https:\/\/www.consigel.com\/ca\/producte\/canelones-de-membrillo-y-requeson\/#primaryimage"},"image":{"@id":"https:\/\/www.consigel.com\/ca\/producte\/canelones-de-membrillo-y-requeson\/#primaryimage"},"thumbnailUrl":"https:\/\/www.consigel.com\/wp-content\/uploads\/2013\/10\/2226-thickbox_default-Canelones-de-membrillo-y-requeson-50-gr.jpg","datePublished":"2013-10-05T22:34:28+00:00","dateModified":"2013-10-05T22:34:28+00:00","breadcrumb":{"@id":"https:\/\/www.consigel.com\/ca\/producte\/canelones-de-membrillo-y-requeson\/#breadcrumb"},"inLanguage":"ca","potentialAction":[{"@type":"ReadAction","target":["https:\/\/www.consigel.com\/ca\/producte\/canelones-de-membrillo-y-requeson\/"]}]},{"@type":"ImageObject","inLanguage":"ca","@id":"https:\/\/www.consigel.com\/ca\/producte\/canelones-de-membrillo-y-requeson\/#primaryimage","url":"https:\/\/www.consigel.com\/wp-content\/uploads\/2013\/10\/2226-thickbox_default-Canelones-de-membrillo-y-requeson-50-gr.jpg","contentUrl":"https:\/\/www.consigel.com\/wp-content\/uploads\/2013\/10\/2226-thickbox_default-Canelones-de-membrillo-y-requeson-50-gr.jpg","width":1200,"height":1200,"caption":"Canelones de membrillo y reques\u00f3n 50 gr."},{"@type":"BreadcrumbList","@id":"https:\/\/www.consigel.com\/ca\/producte\/canelones-de-membrillo-y-requeson\/#breadcrumb","itemListElement":[{"@type":"ListItem","position":1,"name":"Portada","item":"https:\/\/www.consigel.com\/ca\/"},{"@type":"ListItem","position":2,"name":"Shop","item":"https:\/\/www.consigel.com\/ca\/shop\/"},{"@type":"ListItem","position":3,"name":"Canelones de membrillo y reques\u00f3n 50 gr."}]},{"@type":"WebSite","@id":"https:\/\/www.consigel.com\/ca\/#website","url":"https:\/\/www.consigel.com\/ca\/","name":"Consigel","description":"","potentialAction":[{"@type":"SearchAction","target":{"@type":"EntryPoint","urlTemplate":"https:\/\/www.consigel.com\/ca\/?s={search_term_string}"},"query-input":"required name=search_term_string"}],"inLanguage":"ca"}]}},"_links":{"self":[{"href":"https:\/\/www.consigel.com\/ca\/wp-json\/wp\/v2\/product\/819","targetHints":{"allow":["GET"]}}],"collection":[{"href":"https:\/\/www.consigel.com\/ca\/wp-json\/wp\/v2\/product"}],"about":[{"href":"https:\/\/www.consigel.com\/ca\/wp-json\/wp\/v2\/types\/product"}],"replies":[{"embeddable":true,"href":"https:\/\/www.consigel.com\/ca\/wp-json\/wp\/v2\/comments?post=819"}],"wp:featuredmedia":[{"embeddable":true,"href":"https:\/\/www.consigel.com\/ca\/wp-json\/wp\/v2\/media\/818"}],"wp:attachment":[{"href":"https:\/\/www.consigel.com\/ca\/wp-json\/wp\/v2\/media?parent=819"}],"wp:term":[{"taxonomy":"product_cat","embeddable":true,"href":"https:\/\/www.consigel.com\/ca\/wp-json\/wp\/v2\/product_cat?post=819"},{"taxonomy":"product_tag","embeddable":true,"href":"https:\/\/www.consigel.com\/ca\/wp-json\/wp\/v2\/product_tag?post=819"}],"curies":[{"name":"wp","href":"https:\/\/api.w.org\/{rel}","templated":true}]}}