{"id":813,"date":"2013-10-05T22:34:28","date_gmt":"2013-10-05T22:34:28","guid":{"rendered":"http:\/\/www.consigel.com\/product\/carrillera-de-cerdo-iberico-con-miel-y-mostaza\/"},"modified":"2024-10-31T07:49:14","modified_gmt":"2024-10-31T07:49:14","slug":"carrillera-de-cerdo-iberico-con-miel-y-mostaza","status":"publish","type":"product","link":"https:\/\/www.consigel.com\/ca\/producte\/carrillera-de-cerdo-iberico-con-miel-y-mostaza\/","title":{"rendered":"Galta de porc  ib\u00e8ric amb mel i mostassa 250 gr."},"content":{"rendered":"<p>Melosa galta de porc ib\u00e8ric amb salsa de mel i mostassa. Una combinaci\u00f3 perfecta de contrast agredol\u00e7.<\/p>\n<p>Sense necessitat de descongelar pr\u00e8viament, perforar la part superior de l\u2019env\u00e0s en diversos punts. Escalfar al microones a m\u00e0xima pot\u00e8ncia (800 W) durant 5-6 minuts fins que la base estigui ben calenta. Pot ser que la salsa necessiti batre-la una mica per tornar a lligar-la abans de servir.<\/p>\n<p><strong>Format<\/strong><\/p>\n<p>Caixa de 8 unitats<\/p>\n<p><img loading=\"lazy\" decoding=\"async\" class=\" size-full wp-image-650\" style=\"width: 107px; height: 94px;\" src=\"http:\/\/www.consigel.com\/wp-content\/uploads\/2013\/10\/asin-gluten.jpg\" alt=\"\" width=\"226\" height=\"223\" srcset=\"https:\/\/www.consigel.com\/wp-content\/uploads\/2013\/10\/asin-gluten.jpg 226w, https:\/\/www.consigel.com\/wp-content\/uploads\/2013\/10\/asin-gluten-100x100.jpg 100w\" sizes=\"auto, (max-width: 226px) 100vw, 226px\" \/><\/p>\n","protected":false},"excerpt":{"rendered":"<p>Melosa galta de porc ib\u00e8ric amb salsa de mel i mostassa. Una combinaci\u00f3 perfecta de contrast agredol\u00e7. Sense necessitat de descongelar pr\u00e8viament, perforar la part superior de l\u2019env\u00e0s en diversos punts. Escalfar al microones a m\u00e0xima pot\u00e8ncia (800 W) durant 5-6 minuts fins que la base estigui ben calenta. Pot ser que la salsa necessiti [&#8230;]\n","protected":false},"featured_media":0,"comment_status":"open","ping_status":"closed","template":"","meta":[],"product_cat":[306,311,18,64],"product_tag":[],"class_list":{"0":"post-813","1":"product","2":"type-product","3":"status-publish","5":"product_cat-carn-ca","6":"product_cat-productes-sense-gluten","7":"product_cat-gastronomia","8":"product_cat-segons","10":"first","11":"outofstock","12":"shipping-taxable","13":"product-type-simple"},"yoast_head":"<!-- This site is optimized with the Yoast SEO plugin v23.3 - https:\/\/yoast.com\/wordpress\/plugins\/seo\/ -->\n<title>Galta de porc ib\u00e8ric amb mel i mostassa 250 gr. - Consigel<\/title>\n<meta name=\"robots\" content=\"index, follow, max-snippet:-1, max-image-preview:large, max-video-preview:-1\" \/>\n<link rel=\"canonical\" href=\"https:\/\/www.consigel.com\/ca\/producte\/carrillera-de-cerdo-iberico-con-miel-y-mostaza\/\" \/>\n<meta property=\"og:locale\" content=\"ca_ES\" \/>\n<meta property=\"og:type\" content=\"article\" \/>\n<meta property=\"og:title\" content=\"Galta de porc ib\u00e8ric amb mel i mostassa 250 gr. - Consigel\" \/>\n<meta property=\"og:description\" content=\"Melosa galta de porc ib\u00e8ric amb salsa de mel i mostassa. Una combinaci\u00f3 perfecta de contrast agredol\u00e7. Sense necessitat de descongelar pr\u00e8viament, perforar la part superior de l\u2019env\u00e0s en diversos punts. Escalfar al microones a m\u00e0xima pot\u00e8ncia (800 W) durant 5-6 minuts fins que la base estigui ben calenta. Pot ser que la salsa necessiti [...]\" \/>\n<meta property=\"og:url\" content=\"https:\/\/www.consigel.com\/ca\/producte\/carrillera-de-cerdo-iberico-con-miel-y-mostaza\/\" \/>\n<meta property=\"og:site_name\" content=\"Consigel\" \/>\n<meta property=\"article:modified_time\" content=\"2024-10-31T07:49:14+00:00\" \/>\n<meta property=\"og:image\" content=\"http:\/\/www.consigel.com\/wp-content\/uploads\/2013\/10\/asin-gluten.jpg\" \/>\n<meta name=\"twitter:card\" content=\"summary_large_image\" \/>\n<meta name=\"twitter:label1\" content=\"Temps estimat de lectura\" \/>\n\t<meta name=\"twitter:data1\" content=\"1 minut\" \/>\n<script type=\"application\/ld+json\" class=\"yoast-schema-graph\">{\"@context\":\"https:\/\/schema.org\",\"@graph\":[{\"@type\":\"WebPage\",\"@id\":\"https:\/\/www.consigel.com\/ca\/producte\/carrillera-de-cerdo-iberico-con-miel-y-mostaza\/\",\"url\":\"https:\/\/www.consigel.com\/ca\/producte\/carrillera-de-cerdo-iberico-con-miel-y-mostaza\/\",\"name\":\"Galta de porc ib\u00e8ric amb mel i mostassa 250 gr. - Consigel\",\"isPartOf\":{\"@id\":\"https:\/\/www.consigel.com\/ca\/#website\"},\"primaryImageOfPage\":{\"@id\":\"https:\/\/www.consigel.com\/ca\/producte\/carrillera-de-cerdo-iberico-con-miel-y-mostaza\/#primaryimage\"},\"image\":{\"@id\":\"https:\/\/www.consigel.com\/ca\/producte\/carrillera-de-cerdo-iberico-con-miel-y-mostaza\/#primaryimage\"},\"thumbnailUrl\":\"http:\/\/www.consigel.com\/wp-content\/uploads\/2013\/10\/asin-gluten.jpg\",\"datePublished\":\"2013-10-05T22:34:28+00:00\",\"dateModified\":\"2024-10-31T07:49:14+00:00\",\"breadcrumb\":{\"@id\":\"https:\/\/www.consigel.com\/ca\/producte\/carrillera-de-cerdo-iberico-con-miel-y-mostaza\/#breadcrumb\"},\"inLanguage\":\"ca\",\"potentialAction\":[{\"@type\":\"ReadAction\",\"target\":[\"https:\/\/www.consigel.com\/ca\/producte\/carrillera-de-cerdo-iberico-con-miel-y-mostaza\/\"]}]},{\"@type\":\"ImageObject\",\"inLanguage\":\"ca\",\"@id\":\"https:\/\/www.consigel.com\/ca\/producte\/carrillera-de-cerdo-iberico-con-miel-y-mostaza\/#primaryimage\",\"url\":\"http:\/\/www.consigel.com\/wp-content\/uploads\/2013\/10\/asin-gluten.jpg\",\"contentUrl\":\"http:\/\/www.consigel.com\/wp-content\/uploads\/2013\/10\/asin-gluten.jpg\"},{\"@type\":\"BreadcrumbList\",\"@id\":\"https:\/\/www.consigel.com\/ca\/producte\/carrillera-de-cerdo-iberico-con-miel-y-mostaza\/#breadcrumb\",\"itemListElement\":[{\"@type\":\"ListItem\",\"position\":1,\"name\":\"Portada\",\"item\":\"https:\/\/www.consigel.com\/ca\/\"},{\"@type\":\"ListItem\",\"position\":2,\"name\":\"Shop\",\"item\":\"https:\/\/www.consigel.com\/ca\/shop\/\"},{\"@type\":\"ListItem\",\"position\":3,\"name\":\"Galta de porc ib\u00e8ric amb mel i mostassa 250 gr.\"}]},{\"@type\":\"WebSite\",\"@id\":\"https:\/\/www.consigel.com\/ca\/#website\",\"url\":\"https:\/\/www.consigel.com\/ca\/\",\"name\":\"Consigel\",\"description\":\"\",\"potentialAction\":[{\"@type\":\"SearchAction\",\"target\":{\"@type\":\"EntryPoint\",\"urlTemplate\":\"https:\/\/www.consigel.com\/ca\/?s={search_term_string}\"},\"query-input\":\"required name=search_term_string\"}],\"inLanguage\":\"ca\"}]}<\/script>\n<!-- \/ Yoast SEO plugin. -->","yoast_head_json":{"title":"Galta de porc ib\u00e8ric amb mel i mostassa 250 gr. - Consigel","robots":{"index":"index","follow":"follow","max-snippet":"max-snippet:-1","max-image-preview":"max-image-preview:large","max-video-preview":"max-video-preview:-1"},"canonical":"https:\/\/www.consigel.com\/ca\/producte\/carrillera-de-cerdo-iberico-con-miel-y-mostaza\/","og_locale":"ca_ES","og_type":"article","og_title":"Galta de porc ib\u00e8ric amb mel i mostassa 250 gr. - Consigel","og_description":"Melosa galta de porc ib\u00e8ric amb salsa de mel i mostassa. Una combinaci\u00f3 perfecta de contrast agredol\u00e7. Sense necessitat de descongelar pr\u00e8viament, perforar la part superior de l\u2019env\u00e0s en diversos punts. Escalfar al microones a m\u00e0xima pot\u00e8ncia (800 W) durant 5-6 minuts fins que la base estigui ben calenta. Pot ser que la salsa necessiti [...]","og_url":"https:\/\/www.consigel.com\/ca\/producte\/carrillera-de-cerdo-iberico-con-miel-y-mostaza\/","og_site_name":"Consigel","article_modified_time":"2024-10-31T07:49:14+00:00","og_image":[{"url":"http:\/\/www.consigel.com\/wp-content\/uploads\/2013\/10\/asin-gluten.jpg"}],"twitter_card":"summary_large_image","twitter_misc":{"Temps estimat de lectura":"1 minut"},"schema":{"@context":"https:\/\/schema.org","@graph":[{"@type":"WebPage","@id":"https:\/\/www.consigel.com\/ca\/producte\/carrillera-de-cerdo-iberico-con-miel-y-mostaza\/","url":"https:\/\/www.consigel.com\/ca\/producte\/carrillera-de-cerdo-iberico-con-miel-y-mostaza\/","name":"Galta de porc ib\u00e8ric amb mel i mostassa 250 gr. - Consigel","isPartOf":{"@id":"https:\/\/www.consigel.com\/ca\/#website"},"primaryImageOfPage":{"@id":"https:\/\/www.consigel.com\/ca\/producte\/carrillera-de-cerdo-iberico-con-miel-y-mostaza\/#primaryimage"},"image":{"@id":"https:\/\/www.consigel.com\/ca\/producte\/carrillera-de-cerdo-iberico-con-miel-y-mostaza\/#primaryimage"},"thumbnailUrl":"http:\/\/www.consigel.com\/wp-content\/uploads\/2013\/10\/asin-gluten.jpg","datePublished":"2013-10-05T22:34:28+00:00","dateModified":"2024-10-31T07:49:14+00:00","breadcrumb":{"@id":"https:\/\/www.consigel.com\/ca\/producte\/carrillera-de-cerdo-iberico-con-miel-y-mostaza\/#breadcrumb"},"inLanguage":"ca","potentialAction":[{"@type":"ReadAction","target":["https:\/\/www.consigel.com\/ca\/producte\/carrillera-de-cerdo-iberico-con-miel-y-mostaza\/"]}]},{"@type":"ImageObject","inLanguage":"ca","@id":"https:\/\/www.consigel.com\/ca\/producte\/carrillera-de-cerdo-iberico-con-miel-y-mostaza\/#primaryimage","url":"http:\/\/www.consigel.com\/wp-content\/uploads\/2013\/10\/asin-gluten.jpg","contentUrl":"http:\/\/www.consigel.com\/wp-content\/uploads\/2013\/10\/asin-gluten.jpg"},{"@type":"BreadcrumbList","@id":"https:\/\/www.consigel.com\/ca\/producte\/carrillera-de-cerdo-iberico-con-miel-y-mostaza\/#breadcrumb","itemListElement":[{"@type":"ListItem","position":1,"name":"Portada","item":"https:\/\/www.consigel.com\/ca\/"},{"@type":"ListItem","position":2,"name":"Shop","item":"https:\/\/www.consigel.com\/ca\/shop\/"},{"@type":"ListItem","position":3,"name":"Galta de porc ib\u00e8ric amb mel i mostassa 250 gr."}]},{"@type":"WebSite","@id":"https:\/\/www.consigel.com\/ca\/#website","url":"https:\/\/www.consigel.com\/ca\/","name":"Consigel","description":"","potentialAction":[{"@type":"SearchAction","target":{"@type":"EntryPoint","urlTemplate":"https:\/\/www.consigel.com\/ca\/?s={search_term_string}"},"query-input":"required name=search_term_string"}],"inLanguage":"ca"}]}},"_links":{"self":[{"href":"https:\/\/www.consigel.com\/ca\/wp-json\/wp\/v2\/product\/813","targetHints":{"allow":["GET"]}}],"collection":[{"href":"https:\/\/www.consigel.com\/ca\/wp-json\/wp\/v2\/product"}],"about":[{"href":"https:\/\/www.consigel.com\/ca\/wp-json\/wp\/v2\/types\/product"}],"replies":[{"embeddable":true,"href":"https:\/\/www.consigel.com\/ca\/wp-json\/wp\/v2\/comments?post=813"}],"wp:attachment":[{"href":"https:\/\/www.consigel.com\/ca\/wp-json\/wp\/v2\/media?parent=813"}],"wp:term":[{"taxonomy":"product_cat","embeddable":true,"href":"https:\/\/www.consigel.com\/ca\/wp-json\/wp\/v2\/product_cat?post=813"},{"taxonomy":"product_tag","embeddable":true,"href":"https:\/\/www.consigel.com\/ca\/wp-json\/wp\/v2\/product_tag?post=813"}],"curies":[{"name":"wp","href":"https:\/\/api.w.org\/{rel}","templated":true}]}}