{"id":807,"date":"2013-10-05T22:34:28","date_gmt":"2013-10-05T22:34:28","guid":{"rendered":"http:\/\/www.consigel.com\/product\/bacalao-con-tomate-y-uvas-pasas\/"},"modified":"2024-10-30T15:50:18","modified_gmt":"2024-10-30T15:50:18","slug":"bacalao-con-tomate-y-uvas-pasas","status":"publish","type":"product","link":"https:\/\/www.consigel.com\/ca\/producte\/bacalao-con-tomate-y-uvas-pasas\/","title":{"rendered":"Bacall\u00e0 amb tomata, panses i pinyons"},"content":{"rendered":"<p>Bacall\u00e0 tradicional amb salsa de tom\u00e0quet, panses i pinyons. Destaca pel seu sabor delici\u00f3s. Es presenta en format individual per facilitar-ne una regeneraci\u00f3 r\u00e0pida i senzilla.<\/p>\n<p>Sense necessitat de descongelar pr\u00e8viament, perforar la part superior de l&#8217;env\u00e0s en diversos punts.<\/p>\n<p>Escalfar al microones a m\u00e0xima pot\u00e8ncia (800 W) durant 6 minuts. Remenar la salsa abans de servir.<\/p>\n<p>Format de 8 unitats<\/p>\n","protected":false},"excerpt":{"rendered":"<p>Bacall\u00e0 tradicional amb salsa de tom\u00e0quet, panses i pinyons. Destaca pel seu sabor delici\u00f3s. Es presenta en format individual per facilitar-ne una regeneraci\u00f3 r\u00e0pida i senzilla. Sense necessitat de descongelar pr\u00e8viament, perforar la part superior de l&#8217;env\u00e0s en diversos punts. Escalfar al microones a m\u00e0xima pot\u00e8ncia (800 W) durant 6 minuts. Remenar la salsa abans [&#8230;]\n","protected":false},"featured_media":5155,"comment_status":"open","ping_status":"closed","template":"","meta":[],"product_cat":[305,311,18,64],"product_tag":[],"class_list":{"0":"post-807","1":"product","2":"type-product","3":"status-publish","4":"has-post-thumbnail","6":"product_cat-peix-ca","7":"product_cat-productes-sense-gluten","8":"product_cat-gastronomia","9":"product_cat-segons","11":"first","12":"outofstock","13":"shipping-taxable","14":"product-type-simple"},"yoast_head":"<!-- This site is optimized with the Yoast SEO plugin v23.3 - https:\/\/yoast.com\/wordpress\/plugins\/seo\/ -->\n<title>Bacall\u00e0 amb tomata, panses i pinyons - Consigel<\/title>\n<meta name=\"robots\" content=\"index, follow, max-snippet:-1, max-image-preview:large, max-video-preview:-1\" \/>\n<link rel=\"canonical\" href=\"https:\/\/www.consigel.com\/ca\/producte\/bacalao-con-tomate-y-uvas-pasas\/\" \/>\n<meta property=\"og:locale\" content=\"ca_ES\" \/>\n<meta property=\"og:type\" content=\"article\" \/>\n<meta property=\"og:title\" content=\"Bacall\u00e0 amb tomata, panses i pinyons - Consigel\" \/>\n<meta property=\"og:description\" content=\"Bacall\u00e0 tradicional amb salsa de tom\u00e0quet, panses i pinyons. Destaca pel seu sabor delici\u00f3s. Es presenta en format individual per facilitar-ne una regeneraci\u00f3 r\u00e0pida i senzilla. Sense necessitat de descongelar pr\u00e8viament, perforar la part superior de l&#8217;env\u00e0s en diversos punts. Escalfar al microones a m\u00e0xima pot\u00e8ncia (800 W) durant 6 minuts. Remenar la salsa abans [...]\" \/>\n<meta property=\"og:url\" content=\"https:\/\/www.consigel.com\/ca\/producte\/bacalao-con-tomate-y-uvas-pasas\/\" \/>\n<meta property=\"og:site_name\" content=\"Consigel\" \/>\n<meta property=\"article:modified_time\" content=\"2024-10-30T15:50:18+00:00\" \/>\n<meta property=\"og:image\" content=\"https:\/\/www.consigel.com\/wp-content\/uploads\/2013\/10\/EXQUISITARIUM_29022_Bacalao_Tomate_Pasas_Pinones-removebg-preview-1.png\" \/>\n\t<meta property=\"og:image:width\" content=\"704\" \/>\n\t<meta property=\"og:image:height\" content=\"354\" \/>\n\t<meta property=\"og:image:type\" content=\"image\/png\" \/>\n<meta name=\"twitter:card\" content=\"summary_large_image\" \/>\n<meta name=\"twitter:label1\" content=\"Temps estimat de lectura\" \/>\n\t<meta name=\"twitter:data1\" content=\"1 minut\" \/>\n<script type=\"application\/ld+json\" class=\"yoast-schema-graph\">{\"@context\":\"https:\/\/schema.org\",\"@graph\":[{\"@type\":\"WebPage\",\"@id\":\"https:\/\/www.consigel.com\/ca\/producte\/bacalao-con-tomate-y-uvas-pasas\/\",\"url\":\"https:\/\/www.consigel.com\/ca\/producte\/bacalao-con-tomate-y-uvas-pasas\/\",\"name\":\"Bacall\u00e0 amb tomata, panses i pinyons - Consigel\",\"isPartOf\":{\"@id\":\"https:\/\/www.consigel.com\/ca\/#website\"},\"primaryImageOfPage\":{\"@id\":\"https:\/\/www.consigel.com\/ca\/producte\/bacalao-con-tomate-y-uvas-pasas\/#primaryimage\"},\"image\":{\"@id\":\"https:\/\/www.consigel.com\/ca\/producte\/bacalao-con-tomate-y-uvas-pasas\/#primaryimage\"},\"thumbnailUrl\":\"https:\/\/www.consigel.com\/wp-content\/uploads\/2013\/10\/EXQUISITARIUM_29022_Bacalao_Tomate_Pasas_Pinones-removebg-preview-1.png\",\"datePublished\":\"2013-10-05T22:34:28+00:00\",\"dateModified\":\"2024-10-30T15:50:18+00:00\",\"breadcrumb\":{\"@id\":\"https:\/\/www.consigel.com\/ca\/producte\/bacalao-con-tomate-y-uvas-pasas\/#breadcrumb\"},\"inLanguage\":\"ca\",\"potentialAction\":[{\"@type\":\"ReadAction\",\"target\":[\"https:\/\/www.consigel.com\/ca\/producte\/bacalao-con-tomate-y-uvas-pasas\/\"]}]},{\"@type\":\"ImageObject\",\"inLanguage\":\"ca\",\"@id\":\"https:\/\/www.consigel.com\/ca\/producte\/bacalao-con-tomate-y-uvas-pasas\/#primaryimage\",\"url\":\"https:\/\/www.consigel.com\/wp-content\/uploads\/2013\/10\/EXQUISITARIUM_29022_Bacalao_Tomate_Pasas_Pinones-removebg-preview-1.png\",\"contentUrl\":\"https:\/\/www.consigel.com\/wp-content\/uploads\/2013\/10\/EXQUISITARIUM_29022_Bacalao_Tomate_Pasas_Pinones-removebg-preview-1.png\",\"width\":704,\"height\":354},{\"@type\":\"BreadcrumbList\",\"@id\":\"https:\/\/www.consigel.com\/ca\/producte\/bacalao-con-tomate-y-uvas-pasas\/#breadcrumb\",\"itemListElement\":[{\"@type\":\"ListItem\",\"position\":1,\"name\":\"Portada\",\"item\":\"https:\/\/www.consigel.com\/ca\/\"},{\"@type\":\"ListItem\",\"position\":2,\"name\":\"Shop\",\"item\":\"https:\/\/www.consigel.com\/ca\/shop\/\"},{\"@type\":\"ListItem\",\"position\":3,\"name\":\"Bacall\u00e0 amb tomata, panses i pinyons\"}]},{\"@type\":\"WebSite\",\"@id\":\"https:\/\/www.consigel.com\/ca\/#website\",\"url\":\"https:\/\/www.consigel.com\/ca\/\",\"name\":\"Consigel\",\"description\":\"\",\"potentialAction\":[{\"@type\":\"SearchAction\",\"target\":{\"@type\":\"EntryPoint\",\"urlTemplate\":\"https:\/\/www.consigel.com\/ca\/?s={search_term_string}\"},\"query-input\":\"required name=search_term_string\"}],\"inLanguage\":\"ca\"}]}<\/script>\n<!-- \/ Yoast SEO plugin. -->","yoast_head_json":{"title":"Bacall\u00e0 amb tomata, panses i pinyons - Consigel","robots":{"index":"index","follow":"follow","max-snippet":"max-snippet:-1","max-image-preview":"max-image-preview:large","max-video-preview":"max-video-preview:-1"},"canonical":"https:\/\/www.consigel.com\/ca\/producte\/bacalao-con-tomate-y-uvas-pasas\/","og_locale":"ca_ES","og_type":"article","og_title":"Bacall\u00e0 amb tomata, panses i pinyons - Consigel","og_description":"Bacall\u00e0 tradicional amb salsa de tom\u00e0quet, panses i pinyons. Destaca pel seu sabor delici\u00f3s. Es presenta en format individual per facilitar-ne una regeneraci\u00f3 r\u00e0pida i senzilla. Sense necessitat de descongelar pr\u00e8viament, perforar la part superior de l&#8217;env\u00e0s en diversos punts. Escalfar al microones a m\u00e0xima pot\u00e8ncia (800 W) durant 6 minuts. Remenar la salsa abans [...]","og_url":"https:\/\/www.consigel.com\/ca\/producte\/bacalao-con-tomate-y-uvas-pasas\/","og_site_name":"Consigel","article_modified_time":"2024-10-30T15:50:18+00:00","og_image":[{"width":704,"height":354,"url":"https:\/\/www.consigel.com\/wp-content\/uploads\/2013\/10\/EXQUISITARIUM_29022_Bacalao_Tomate_Pasas_Pinones-removebg-preview-1.png","type":"image\/png"}],"twitter_card":"summary_large_image","twitter_misc":{"Temps estimat de lectura":"1 minut"},"schema":{"@context":"https:\/\/schema.org","@graph":[{"@type":"WebPage","@id":"https:\/\/www.consigel.com\/ca\/producte\/bacalao-con-tomate-y-uvas-pasas\/","url":"https:\/\/www.consigel.com\/ca\/producte\/bacalao-con-tomate-y-uvas-pasas\/","name":"Bacall\u00e0 amb tomata, panses i pinyons - Consigel","isPartOf":{"@id":"https:\/\/www.consigel.com\/ca\/#website"},"primaryImageOfPage":{"@id":"https:\/\/www.consigel.com\/ca\/producte\/bacalao-con-tomate-y-uvas-pasas\/#primaryimage"},"image":{"@id":"https:\/\/www.consigel.com\/ca\/producte\/bacalao-con-tomate-y-uvas-pasas\/#primaryimage"},"thumbnailUrl":"https:\/\/www.consigel.com\/wp-content\/uploads\/2013\/10\/EXQUISITARIUM_29022_Bacalao_Tomate_Pasas_Pinones-removebg-preview-1.png","datePublished":"2013-10-05T22:34:28+00:00","dateModified":"2024-10-30T15:50:18+00:00","breadcrumb":{"@id":"https:\/\/www.consigel.com\/ca\/producte\/bacalao-con-tomate-y-uvas-pasas\/#breadcrumb"},"inLanguage":"ca","potentialAction":[{"@type":"ReadAction","target":["https:\/\/www.consigel.com\/ca\/producte\/bacalao-con-tomate-y-uvas-pasas\/"]}]},{"@type":"ImageObject","inLanguage":"ca","@id":"https:\/\/www.consigel.com\/ca\/producte\/bacalao-con-tomate-y-uvas-pasas\/#primaryimage","url":"https:\/\/www.consigel.com\/wp-content\/uploads\/2013\/10\/EXQUISITARIUM_29022_Bacalao_Tomate_Pasas_Pinones-removebg-preview-1.png","contentUrl":"https:\/\/www.consigel.com\/wp-content\/uploads\/2013\/10\/EXQUISITARIUM_29022_Bacalao_Tomate_Pasas_Pinones-removebg-preview-1.png","width":704,"height":354},{"@type":"BreadcrumbList","@id":"https:\/\/www.consigel.com\/ca\/producte\/bacalao-con-tomate-y-uvas-pasas\/#breadcrumb","itemListElement":[{"@type":"ListItem","position":1,"name":"Portada","item":"https:\/\/www.consigel.com\/ca\/"},{"@type":"ListItem","position":2,"name":"Shop","item":"https:\/\/www.consigel.com\/ca\/shop\/"},{"@type":"ListItem","position":3,"name":"Bacall\u00e0 amb tomata, panses i pinyons"}]},{"@type":"WebSite","@id":"https:\/\/www.consigel.com\/ca\/#website","url":"https:\/\/www.consigel.com\/ca\/","name":"Consigel","description":"","potentialAction":[{"@type":"SearchAction","target":{"@type":"EntryPoint","urlTemplate":"https:\/\/www.consigel.com\/ca\/?s={search_term_string}"},"query-input":"required name=search_term_string"}],"inLanguage":"ca"}]}},"_links":{"self":[{"href":"https:\/\/www.consigel.com\/ca\/wp-json\/wp\/v2\/product\/807","targetHints":{"allow":["GET"]}}],"collection":[{"href":"https:\/\/www.consigel.com\/ca\/wp-json\/wp\/v2\/product"}],"about":[{"href":"https:\/\/www.consigel.com\/ca\/wp-json\/wp\/v2\/types\/product"}],"replies":[{"embeddable":true,"href":"https:\/\/www.consigel.com\/ca\/wp-json\/wp\/v2\/comments?post=807"}],"wp:featuredmedia":[{"embeddable":true,"href":"https:\/\/www.consigel.com\/ca\/wp-json\/wp\/v2\/media\/5155"}],"wp:attachment":[{"href":"https:\/\/www.consigel.com\/ca\/wp-json\/wp\/v2\/media?parent=807"}],"wp:term":[{"taxonomy":"product_cat","embeddable":true,"href":"https:\/\/www.consigel.com\/ca\/wp-json\/wp\/v2\/product_cat?post=807"},{"taxonomy":"product_tag","embeddable":true,"href":"https:\/\/www.consigel.com\/ca\/wp-json\/wp\/v2\/product_tag?post=807"}],"curies":[{"name":"wp","href":"https:\/\/api.w.org\/{rel}","templated":true}]}}