{"id":805,"date":"2013-10-05T22:34:28","date_gmt":"2013-10-05T22:34:28","guid":{"rendered":"http:\/\/www.consigel.com\/product\/carrillera-de-cerdo-iberico-deshuesada-cocinada-al-vacio\/"},"modified":"2013-10-05T22:34:28","modified_gmt":"2013-10-05T22:34:28","slug":"carrillera-de-cerdo-iberico-deshuesada-cocinada-al-vacio","status":"publish","type":"product","link":"https:\/\/www.consigel.com\/ca\/producte\/carrillera-de-cerdo-iberico-deshuesada-cocinada-al-vacio\/","title":{"rendered":"Carrillera de cerdo ib\u00e9rico deshuesada y confitada 400 gr."},"content":{"rendered":"<p>Carrillera de cerdo ib\u00e9rico deshuesada y confitada a muy baja temperatura para que quede lo m\u00e1s tierna posible. La salsa que se produce durante la cocci\u00f3n es de sabor neutro y esto permite personalizar al gusto el acabado del plato.<\/p>\n<p><strong><a href=\"http:\/\/www.exquisitarium.com\/wp-content\/uploads\/2018\/03\/Pictogramas_Exquisitarium_micro-e1520250428352.png\"><img loading=\"lazy\" decoding=\"async\" class=\"alignnone wp-image-4888\" src=\"https:\/\/www.exquisitarium.com\/wp-content\/uploads\/2018\/03\/Pictogramas_Exquisitarium_micro-251x300.png\" alt=\"\" width=\"70\" height=\"70\" \/><\/a>MICROONDAS<\/strong><\/p>\n<p><strong><a href=\"http:\/\/www.exquisitarium.com\/wp-content\/uploads\/2018\/03\/Pictogramas_Exquisitarium_forn-e1520333452926.png\"><img loading=\"lazy\" decoding=\"async\" class=\"alignnone wp-image-4919\" src=\"https:\/\/www.exquisitarium.com\/wp-content\/uploads\/2018\/03\/Pictogramas_Exquisitarium_forn-252x300.png\" alt=\"\" width=\"70\" height=\"70\" \/><\/a>HORNO<\/strong><\/p>\n<p>HORNO al vapor: una vez descongelado, sacar del recipiente, hornear hasta calentar. MICROONDAS: sin descongelar previamente, a m\u00e1xima potencia hasta calentar. La salsa puede ser elaborada con el jugo.<\/p>\n<p>Formato<\/p>\n<p>Caja de 6 kg.<\/p>\n<p><img loading=\"lazy\" decoding=\"async\" class=\" size-full wp-image-650\" style=\"width: 97px; height: 88px;\" src=\"http:\/\/www.consigel.com\/wp-content\/uploads\/2013\/10\/asin-gluten.jpg\" alt=\"\" width=\"226\" height=\"223\" srcset=\"https:\/\/www.consigel.com\/wp-content\/uploads\/2013\/10\/asin-gluten.jpg 226w, https:\/\/www.consigel.com\/wp-content\/uploads\/2013\/10\/asin-gluten-100x100.jpg 100w\" sizes=\"auto, (max-width: 226px) 100vw, 226px\" \/><\/p>\n<p>\u00a0<\/p>\n<p><strong><br \/><\/strong><\/p>\n","protected":false},"excerpt":{"rendered":"<p>Carrillera de cerdo ib\u00e9rico deshuesada y confitada a muy baja temperatura para que quede lo m\u00e1s tierna posible. La salsa que se produce durante la cocci\u00f3n es de sabor neutro y esto permite personalizar al gusto el acabado del plato. MICROONDAS HORNO HORNO al vapor: una vez descongelado, sacar del recipiente, hornear hasta calentar. MICROONDAS: [&#8230;]\n","protected":false},"featured_media":804,"comment_status":"open","ping_status":"closed","template":"","meta":[],"product_cat":[18,64],"product_tag":[],"class_list":{"0":"post-805","1":"product","2":"type-product","3":"status-publish","4":"has-post-thumbnail","6":"product_cat-gastronomia","7":"product_cat-segons","9":"first","10":"outofstock","11":"shipping-taxable","12":"product-type-simple"},"yoast_head":"<!-- This site is optimized with the Yoast SEO plugin v23.3 - https:\/\/yoast.com\/wordpress\/plugins\/seo\/ -->\n<title>Carrillera de cerdo ib\u00e9rico deshuesada y confitada 400 gr. - Consigel<\/title>\n<meta name=\"robots\" content=\"index, follow, max-snippet:-1, max-image-preview:large, max-video-preview:-1\" \/>\n<link rel=\"canonical\" href=\"https:\/\/www.consigel.com\/ca\/producte\/carrillera-de-cerdo-iberico-deshuesada-cocinada-al-vacio\/\" \/>\n<meta property=\"og:locale\" content=\"ca_ES\" \/>\n<meta property=\"og:type\" content=\"article\" \/>\n<meta property=\"og:title\" content=\"Carrillera de cerdo ib\u00e9rico deshuesada y confitada 400 gr. - Consigel\" \/>\n<meta property=\"og:description\" content=\"Carrillera de cerdo ib\u00e9rico deshuesada y confitada a muy baja temperatura para que quede lo m\u00e1s tierna posible. La salsa que se produce durante la cocci\u00f3n es de sabor neutro y esto permite personalizar al gusto el acabado del plato. MICROONDAS HORNO HORNO al vapor: una vez descongelado, sacar del recipiente, hornear hasta calentar. MICROONDAS: [...]\" \/>\n<meta property=\"og:url\" content=\"https:\/\/www.consigel.com\/ca\/producte\/carrillera-de-cerdo-iberico-deshuesada-cocinada-al-vacio\/\" \/>\n<meta property=\"og:site_name\" content=\"Consigel\" \/>\n<meta property=\"og:image\" content=\"https:\/\/www.consigel.com\/wp-content\/uploads\/2013\/10\/2070-thickbox_default-Carrillera-de-cerdo-iberico-deshuesada-y-confitada-400-gr.jpg\" \/>\n\t<meta property=\"og:image:width\" content=\"1200\" \/>\n\t<meta property=\"og:image:height\" content=\"1200\" \/>\n\t<meta property=\"og:image:type\" content=\"image\/jpeg\" \/>\n<meta name=\"twitter:card\" content=\"summary_large_image\" \/>\n<script type=\"application\/ld+json\" class=\"yoast-schema-graph\">{\"@context\":\"https:\/\/schema.org\",\"@graph\":[{\"@type\":\"WebPage\",\"@id\":\"https:\/\/www.consigel.com\/ca\/producte\/carrillera-de-cerdo-iberico-deshuesada-cocinada-al-vacio\/\",\"url\":\"https:\/\/www.consigel.com\/ca\/producte\/carrillera-de-cerdo-iberico-deshuesada-cocinada-al-vacio\/\",\"name\":\"Carrillera de cerdo ib\u00e9rico deshuesada y confitada 400 gr. - Consigel\",\"isPartOf\":{\"@id\":\"https:\/\/www.consigel.com\/ca\/#website\"},\"primaryImageOfPage\":{\"@id\":\"https:\/\/www.consigel.com\/ca\/producte\/carrillera-de-cerdo-iberico-deshuesada-cocinada-al-vacio\/#primaryimage\"},\"image\":{\"@id\":\"https:\/\/www.consigel.com\/ca\/producte\/carrillera-de-cerdo-iberico-deshuesada-cocinada-al-vacio\/#primaryimage\"},\"thumbnailUrl\":\"https:\/\/www.consigel.com\/wp-content\/uploads\/2013\/10\/2070-thickbox_default-Carrillera-de-cerdo-iberico-deshuesada-y-confitada-400-gr.jpg\",\"datePublished\":\"2013-10-05T22:34:28+00:00\",\"dateModified\":\"2013-10-05T22:34:28+00:00\",\"breadcrumb\":{\"@id\":\"https:\/\/www.consigel.com\/ca\/producte\/carrillera-de-cerdo-iberico-deshuesada-cocinada-al-vacio\/#breadcrumb\"},\"inLanguage\":\"ca\",\"potentialAction\":[{\"@type\":\"ReadAction\",\"target\":[\"https:\/\/www.consigel.com\/ca\/producte\/carrillera-de-cerdo-iberico-deshuesada-cocinada-al-vacio\/\"]}]},{\"@type\":\"ImageObject\",\"inLanguage\":\"ca\",\"@id\":\"https:\/\/www.consigel.com\/ca\/producte\/carrillera-de-cerdo-iberico-deshuesada-cocinada-al-vacio\/#primaryimage\",\"url\":\"https:\/\/www.consigel.com\/wp-content\/uploads\/2013\/10\/2070-thickbox_default-Carrillera-de-cerdo-iberico-deshuesada-y-confitada-400-gr.jpg\",\"contentUrl\":\"https:\/\/www.consigel.com\/wp-content\/uploads\/2013\/10\/2070-thickbox_default-Carrillera-de-cerdo-iberico-deshuesada-y-confitada-400-gr.jpg\",\"width\":1200,\"height\":1200,\"caption\":\"Carrillera de cerdo ib\u00e9rico deshuesada y confitada 400 gr.\"},{\"@type\":\"BreadcrumbList\",\"@id\":\"https:\/\/www.consigel.com\/ca\/producte\/carrillera-de-cerdo-iberico-deshuesada-cocinada-al-vacio\/#breadcrumb\",\"itemListElement\":[{\"@type\":\"ListItem\",\"position\":1,\"name\":\"Portada\",\"item\":\"https:\/\/www.consigel.com\/ca\/\"},{\"@type\":\"ListItem\",\"position\":2,\"name\":\"Shop\",\"item\":\"https:\/\/www.consigel.com\/ca\/shop\/\"},{\"@type\":\"ListItem\",\"position\":3,\"name\":\"Carrillera de cerdo ib\u00e9rico deshuesada y confitada 400 gr.\"}]},{\"@type\":\"WebSite\",\"@id\":\"https:\/\/www.consigel.com\/ca\/#website\",\"url\":\"https:\/\/www.consigel.com\/ca\/\",\"name\":\"Consigel\",\"description\":\"\",\"potentialAction\":[{\"@type\":\"SearchAction\",\"target\":{\"@type\":\"EntryPoint\",\"urlTemplate\":\"https:\/\/www.consigel.com\/ca\/?s={search_term_string}\"},\"query-input\":\"required name=search_term_string\"}],\"inLanguage\":\"ca\"}]}<\/script>\n<!-- \/ Yoast SEO plugin. -->","yoast_head_json":{"title":"Carrillera de cerdo ib\u00e9rico deshuesada y confitada 400 gr. - Consigel","robots":{"index":"index","follow":"follow","max-snippet":"max-snippet:-1","max-image-preview":"max-image-preview:large","max-video-preview":"max-video-preview:-1"},"canonical":"https:\/\/www.consigel.com\/ca\/producte\/carrillera-de-cerdo-iberico-deshuesada-cocinada-al-vacio\/","og_locale":"ca_ES","og_type":"article","og_title":"Carrillera de cerdo ib\u00e9rico deshuesada y confitada 400 gr. - Consigel","og_description":"Carrillera de cerdo ib\u00e9rico deshuesada y confitada a muy baja temperatura para que quede lo m\u00e1s tierna posible. La salsa que se produce durante la cocci\u00f3n es de sabor neutro y esto permite personalizar al gusto el acabado del plato. MICROONDAS HORNO HORNO al vapor: una vez descongelado, sacar del recipiente, hornear hasta calentar. MICROONDAS: [...]","og_url":"https:\/\/www.consigel.com\/ca\/producte\/carrillera-de-cerdo-iberico-deshuesada-cocinada-al-vacio\/","og_site_name":"Consigel","og_image":[{"width":1200,"height":1200,"url":"https:\/\/www.consigel.com\/wp-content\/uploads\/2013\/10\/2070-thickbox_default-Carrillera-de-cerdo-iberico-deshuesada-y-confitada-400-gr.jpg","type":"image\/jpeg"}],"twitter_card":"summary_large_image","schema":{"@context":"https:\/\/schema.org","@graph":[{"@type":"WebPage","@id":"https:\/\/www.consigel.com\/ca\/producte\/carrillera-de-cerdo-iberico-deshuesada-cocinada-al-vacio\/","url":"https:\/\/www.consigel.com\/ca\/producte\/carrillera-de-cerdo-iberico-deshuesada-cocinada-al-vacio\/","name":"Carrillera de cerdo ib\u00e9rico deshuesada y confitada 400 gr. - Consigel","isPartOf":{"@id":"https:\/\/www.consigel.com\/ca\/#website"},"primaryImageOfPage":{"@id":"https:\/\/www.consigel.com\/ca\/producte\/carrillera-de-cerdo-iberico-deshuesada-cocinada-al-vacio\/#primaryimage"},"image":{"@id":"https:\/\/www.consigel.com\/ca\/producte\/carrillera-de-cerdo-iberico-deshuesada-cocinada-al-vacio\/#primaryimage"},"thumbnailUrl":"https:\/\/www.consigel.com\/wp-content\/uploads\/2013\/10\/2070-thickbox_default-Carrillera-de-cerdo-iberico-deshuesada-y-confitada-400-gr.jpg","datePublished":"2013-10-05T22:34:28+00:00","dateModified":"2013-10-05T22:34:28+00:00","breadcrumb":{"@id":"https:\/\/www.consigel.com\/ca\/producte\/carrillera-de-cerdo-iberico-deshuesada-cocinada-al-vacio\/#breadcrumb"},"inLanguage":"ca","potentialAction":[{"@type":"ReadAction","target":["https:\/\/www.consigel.com\/ca\/producte\/carrillera-de-cerdo-iberico-deshuesada-cocinada-al-vacio\/"]}]},{"@type":"ImageObject","inLanguage":"ca","@id":"https:\/\/www.consigel.com\/ca\/producte\/carrillera-de-cerdo-iberico-deshuesada-cocinada-al-vacio\/#primaryimage","url":"https:\/\/www.consigel.com\/wp-content\/uploads\/2013\/10\/2070-thickbox_default-Carrillera-de-cerdo-iberico-deshuesada-y-confitada-400-gr.jpg","contentUrl":"https:\/\/www.consigel.com\/wp-content\/uploads\/2013\/10\/2070-thickbox_default-Carrillera-de-cerdo-iberico-deshuesada-y-confitada-400-gr.jpg","width":1200,"height":1200,"caption":"Carrillera de cerdo ib\u00e9rico deshuesada y confitada 400 gr."},{"@type":"BreadcrumbList","@id":"https:\/\/www.consigel.com\/ca\/producte\/carrillera-de-cerdo-iberico-deshuesada-cocinada-al-vacio\/#breadcrumb","itemListElement":[{"@type":"ListItem","position":1,"name":"Portada","item":"https:\/\/www.consigel.com\/ca\/"},{"@type":"ListItem","position":2,"name":"Shop","item":"https:\/\/www.consigel.com\/ca\/shop\/"},{"@type":"ListItem","position":3,"name":"Carrillera de cerdo ib\u00e9rico deshuesada y confitada 400 gr."}]},{"@type":"WebSite","@id":"https:\/\/www.consigel.com\/ca\/#website","url":"https:\/\/www.consigel.com\/ca\/","name":"Consigel","description":"","potentialAction":[{"@type":"SearchAction","target":{"@type":"EntryPoint","urlTemplate":"https:\/\/www.consigel.com\/ca\/?s={search_term_string}"},"query-input":"required name=search_term_string"}],"inLanguage":"ca"}]}},"_links":{"self":[{"href":"https:\/\/www.consigel.com\/ca\/wp-json\/wp\/v2\/product\/805","targetHints":{"allow":["GET"]}}],"collection":[{"href":"https:\/\/www.consigel.com\/ca\/wp-json\/wp\/v2\/product"}],"about":[{"href":"https:\/\/www.consigel.com\/ca\/wp-json\/wp\/v2\/types\/product"}],"replies":[{"embeddable":true,"href":"https:\/\/www.consigel.com\/ca\/wp-json\/wp\/v2\/comments?post=805"}],"wp:featuredmedia":[{"embeddable":true,"href":"https:\/\/www.consigel.com\/ca\/wp-json\/wp\/v2\/media\/804"}],"wp:attachment":[{"href":"https:\/\/www.consigel.com\/ca\/wp-json\/wp\/v2\/media?parent=805"}],"wp:term":[{"taxonomy":"product_cat","embeddable":true,"href":"https:\/\/www.consigel.com\/ca\/wp-json\/wp\/v2\/product_cat?post=805"},{"taxonomy":"product_tag","embeddable":true,"href":"https:\/\/www.consigel.com\/ca\/wp-json\/wp\/v2\/product_tag?post=805"}],"curies":[{"name":"wp","href":"https:\/\/api.w.org\/{rel}","templated":true}]}}