{"id":798,"date":"2013-10-05T22:34:28","date_gmt":"2013-10-05T22:34:28","guid":{"rendered":"http:\/\/www.consigel.com\/product\/tartar-de-salmon\/"},"modified":"2024-09-23T07:03:22","modified_gmt":"2024-09-23T07:03:22","slug":"tartar-de-salmon","status":"publish","type":"product","link":"https:\/\/www.consigel.com\/ca\/producte\/tartar-de-salmon\/","title":{"rendered":"T\u00e1rtar de salm\u00f3n 80 gr."},"content":{"rendered":"<div class=\"flex max-w-full flex-col flex-grow\">\n<div class=\"min-h-[20px] text-message flex w-full flex-col items-end gap-2 whitespace-normal break-words [.text-message+&amp;]:mt-5\" dir=\"auto\" data-message-author-role=\"assistant\" data-message-id=\"34d97a07-0f00-4f0a-9ba6-493f7021629f\">\n<div class=\"flex w-full flex-col gap-1 empty:hidden first:pt-[3px]\">\n<div class=\"markdown prose w-full break-words dark:prose-invert light\">\n<p>T\u00e0rtar de salm\u00f3. Salm\u00f3 fumat tallat a daus, amanit amb una refrescant combinaci\u00f3 de verdures i envinagrats. Infinita varietat de presentacions, es pot servir com a aperitiu en cullera japonesa. Ideal com a entrant acompanyat d&#8217;amanida o guacamole.<\/p>\n<p>DESCONGELAR<\/p>\n<p>Descongelar en fred. Es recomana donar-li volum i forma abans de servir.<\/p>\n<p>Format<\/p>\n<p>Caixa de 30 unitats.<\/p>\n<\/div>\n<\/div>\n<\/div>\n<\/div>\n<p><img loading=\"lazy\" decoding=\"async\" class=\" size-full wp-image-650\" style=\"width: 102px; height: 98px;\" src=\"http:\/\/www.consigel.com\/wp-content\/uploads\/2013\/10\/asin-gluten.jpg\" alt=\"\" width=\"226\" height=\"223\" srcset=\"https:\/\/www.consigel.com\/wp-content\/uploads\/2013\/10\/asin-gluten.jpg 226w, https:\/\/www.consigel.com\/wp-content\/uploads\/2013\/10\/asin-gluten-100x100.jpg 100w\" sizes=\"auto, (max-width: 226px) 100vw, 226px\" \/>\u00a0\u00a0\u00a0\u00a0\u00a0\u00a0\u00a0 <img loading=\"lazy\" decoding=\"async\" class=\" size-full wp-image-655\" style=\"width: 76px; height: 57px;\" src=\"http:\/\/www.consigel.com\/wp-content\/uploads\/2013\/10\/congelat-logo.png\" alt=\"\" width=\"235\" height=\"235\" srcset=\"https:\/\/www.consigel.com\/wp-content\/uploads\/2013\/10\/congelat-logo.png 235w, https:\/\/www.consigel.com\/wp-content\/uploads\/2013\/10\/congelat-logo-100x100.png 100w, https:\/\/www.consigel.com\/wp-content\/uploads\/2013\/10\/congelat-logo-150x150.png 150w\" sizes=\"auto, (max-width: 235px) 100vw, 235px\" \/><\/p>\n","protected":false},"excerpt":{"rendered":"<p>T\u00e0rtar de salm\u00f3. Salm\u00f3 fumat tallat a daus, amanit amb una refrescant combinaci\u00f3 de verdures i envinagrats. Infinita varietat de presentacions, es pot servir com a aperitiu en cullera japonesa. Ideal com a entrant acompanyat d&#8217;amanida o guacamole. DESCONGELAR Descongelar en fred. Es recomana donar-li volum i forma abans de servir. Format Caixa de 30 [&#8230;]\n","protected":false},"featured_media":4608,"comment_status":"open","ping_status":"closed","template":"","meta":[],"product_cat":[299,18,47,61],"product_tag":[],"class_list":{"0":"post-798","1":"product","2":"type-product","3":"status-publish","4":"has-post-thumbnail","6":"product_cat-carpaccio-tartars","7":"product_cat-gastronomia","8":"product_cat-productes-mar","9":"product_cat-primers","11":"first","12":"outofstock","13":"shipping-taxable","14":"product-type-simple"},"yoast_head":"<!-- This site is optimized with the Yoast SEO plugin v23.3 - https:\/\/yoast.com\/wordpress\/plugins\/seo\/ -->\n<title>T\u00e1rtar de salm\u00f3n 80 gr. - Consigel<\/title>\n<meta name=\"robots\" content=\"index, follow, max-snippet:-1, max-image-preview:large, max-video-preview:-1\" \/>\n<link rel=\"canonical\" href=\"https:\/\/www.consigel.com\/ca\/producte\/tartar-de-salmon\/\" \/>\n<meta property=\"og:locale\" content=\"ca_ES\" \/>\n<meta property=\"og:type\" content=\"article\" \/>\n<meta property=\"og:title\" content=\"T\u00e1rtar de salm\u00f3n 80 gr. - Consigel\" \/>\n<meta property=\"og:description\" content=\"T\u00e0rtar de salm\u00f3. Salm\u00f3 fumat tallat a daus, amanit amb una refrescant combinaci\u00f3 de verdures i envinagrats. Infinita varietat de presentacions, es pot servir com a aperitiu en cullera japonesa. Ideal com a entrant acompanyat d&#8217;amanida o guacamole. DESCONGELAR Descongelar en fred. Es recomana donar-li volum i forma abans de servir. Format Caixa de 30 [...]\" \/>\n<meta property=\"og:url\" content=\"https:\/\/www.consigel.com\/ca\/producte\/tartar-de-salmon\/\" \/>\n<meta property=\"og:site_name\" content=\"Consigel\" \/>\n<meta property=\"article:modified_time\" content=\"2024-09-23T07:03:22+00:00\" \/>\n<meta property=\"og:image\" content=\"https:\/\/www.consigel.com\/wp-content\/uploads\/2013\/10\/EXQUISITARIUM_1701_TARTAR-SALMON-removebg-preview-1.png\" \/>\n\t<meta property=\"og:image:width\" content=\"665\" \/>\n\t<meta property=\"og:image:height\" content=\"375\" \/>\n\t<meta property=\"og:image:type\" content=\"image\/png\" \/>\n<meta name=\"twitter:card\" content=\"summary_large_image\" \/>\n<meta name=\"twitter:label1\" content=\"Temps estimat de lectura\" \/>\n\t<meta name=\"twitter:data1\" content=\"1 minut\" \/>\n<script type=\"application\/ld+json\" class=\"yoast-schema-graph\">{\"@context\":\"https:\/\/schema.org\",\"@graph\":[{\"@type\":\"WebPage\",\"@id\":\"https:\/\/www.consigel.com\/ca\/producte\/tartar-de-salmon\/\",\"url\":\"https:\/\/www.consigel.com\/ca\/producte\/tartar-de-salmon\/\",\"name\":\"T\u00e1rtar de salm\u00f3n 80 gr. - Consigel\",\"isPartOf\":{\"@id\":\"https:\/\/www.consigel.com\/ca\/#website\"},\"primaryImageOfPage\":{\"@id\":\"https:\/\/www.consigel.com\/ca\/producte\/tartar-de-salmon\/#primaryimage\"},\"image\":{\"@id\":\"https:\/\/www.consigel.com\/ca\/producte\/tartar-de-salmon\/#primaryimage\"},\"thumbnailUrl\":\"https:\/\/www.consigel.com\/wp-content\/uploads\/2013\/10\/EXQUISITARIUM_1701_TARTAR-SALMON-removebg-preview-1.png\",\"datePublished\":\"2013-10-05T22:34:28+00:00\",\"dateModified\":\"2024-09-23T07:03:22+00:00\",\"breadcrumb\":{\"@id\":\"https:\/\/www.consigel.com\/ca\/producte\/tartar-de-salmon\/#breadcrumb\"},\"inLanguage\":\"ca\",\"potentialAction\":[{\"@type\":\"ReadAction\",\"target\":[\"https:\/\/www.consigel.com\/ca\/producte\/tartar-de-salmon\/\"]}]},{\"@type\":\"ImageObject\",\"inLanguage\":\"ca\",\"@id\":\"https:\/\/www.consigel.com\/ca\/producte\/tartar-de-salmon\/#primaryimage\",\"url\":\"https:\/\/www.consigel.com\/wp-content\/uploads\/2013\/10\/EXQUISITARIUM_1701_TARTAR-SALMON-removebg-preview-1.png\",\"contentUrl\":\"https:\/\/www.consigel.com\/wp-content\/uploads\/2013\/10\/EXQUISITARIUM_1701_TARTAR-SALMON-removebg-preview-1.png\",\"width\":665,\"height\":375},{\"@type\":\"BreadcrumbList\",\"@id\":\"https:\/\/www.consigel.com\/ca\/producte\/tartar-de-salmon\/#breadcrumb\",\"itemListElement\":[{\"@type\":\"ListItem\",\"position\":1,\"name\":\"Portada\",\"item\":\"https:\/\/www.consigel.com\/ca\/\"},{\"@type\":\"ListItem\",\"position\":2,\"name\":\"Shop\",\"item\":\"https:\/\/www.consigel.com\/ca\/shop\/\"},{\"@type\":\"ListItem\",\"position\":3,\"name\":\"T\u00e1rtar de salm\u00f3n 80 gr.\"}]},{\"@type\":\"WebSite\",\"@id\":\"https:\/\/www.consigel.com\/ca\/#website\",\"url\":\"https:\/\/www.consigel.com\/ca\/\",\"name\":\"Consigel\",\"description\":\"\",\"potentialAction\":[{\"@type\":\"SearchAction\",\"target\":{\"@type\":\"EntryPoint\",\"urlTemplate\":\"https:\/\/www.consigel.com\/ca\/?s={search_term_string}\"},\"query-input\":\"required name=search_term_string\"}],\"inLanguage\":\"ca\"}]}<\/script>\n<!-- \/ Yoast SEO plugin. -->","yoast_head_json":{"title":"T\u00e1rtar de salm\u00f3n 80 gr. - Consigel","robots":{"index":"index","follow":"follow","max-snippet":"max-snippet:-1","max-image-preview":"max-image-preview:large","max-video-preview":"max-video-preview:-1"},"canonical":"https:\/\/www.consigel.com\/ca\/producte\/tartar-de-salmon\/","og_locale":"ca_ES","og_type":"article","og_title":"T\u00e1rtar de salm\u00f3n 80 gr. - Consigel","og_description":"T\u00e0rtar de salm\u00f3. Salm\u00f3 fumat tallat a daus, amanit amb una refrescant combinaci\u00f3 de verdures i envinagrats. Infinita varietat de presentacions, es pot servir com a aperitiu en cullera japonesa. Ideal com a entrant acompanyat d&#8217;amanida o guacamole. DESCONGELAR Descongelar en fred. Es recomana donar-li volum i forma abans de servir. Format Caixa de 30 [...]","og_url":"https:\/\/www.consigel.com\/ca\/producte\/tartar-de-salmon\/","og_site_name":"Consigel","article_modified_time":"2024-09-23T07:03:22+00:00","og_image":[{"width":665,"height":375,"url":"https:\/\/www.consigel.com\/wp-content\/uploads\/2013\/10\/EXQUISITARIUM_1701_TARTAR-SALMON-removebg-preview-1.png","type":"image\/png"}],"twitter_card":"summary_large_image","twitter_misc":{"Temps estimat de lectura":"1 minut"},"schema":{"@context":"https:\/\/schema.org","@graph":[{"@type":"WebPage","@id":"https:\/\/www.consigel.com\/ca\/producte\/tartar-de-salmon\/","url":"https:\/\/www.consigel.com\/ca\/producte\/tartar-de-salmon\/","name":"T\u00e1rtar de salm\u00f3n 80 gr. - Consigel","isPartOf":{"@id":"https:\/\/www.consigel.com\/ca\/#website"},"primaryImageOfPage":{"@id":"https:\/\/www.consigel.com\/ca\/producte\/tartar-de-salmon\/#primaryimage"},"image":{"@id":"https:\/\/www.consigel.com\/ca\/producte\/tartar-de-salmon\/#primaryimage"},"thumbnailUrl":"https:\/\/www.consigel.com\/wp-content\/uploads\/2013\/10\/EXQUISITARIUM_1701_TARTAR-SALMON-removebg-preview-1.png","datePublished":"2013-10-05T22:34:28+00:00","dateModified":"2024-09-23T07:03:22+00:00","breadcrumb":{"@id":"https:\/\/www.consigel.com\/ca\/producte\/tartar-de-salmon\/#breadcrumb"},"inLanguage":"ca","potentialAction":[{"@type":"ReadAction","target":["https:\/\/www.consigel.com\/ca\/producte\/tartar-de-salmon\/"]}]},{"@type":"ImageObject","inLanguage":"ca","@id":"https:\/\/www.consigel.com\/ca\/producte\/tartar-de-salmon\/#primaryimage","url":"https:\/\/www.consigel.com\/wp-content\/uploads\/2013\/10\/EXQUISITARIUM_1701_TARTAR-SALMON-removebg-preview-1.png","contentUrl":"https:\/\/www.consigel.com\/wp-content\/uploads\/2013\/10\/EXQUISITARIUM_1701_TARTAR-SALMON-removebg-preview-1.png","width":665,"height":375},{"@type":"BreadcrumbList","@id":"https:\/\/www.consigel.com\/ca\/producte\/tartar-de-salmon\/#breadcrumb","itemListElement":[{"@type":"ListItem","position":1,"name":"Portada","item":"https:\/\/www.consigel.com\/ca\/"},{"@type":"ListItem","position":2,"name":"Shop","item":"https:\/\/www.consigel.com\/ca\/shop\/"},{"@type":"ListItem","position":3,"name":"T\u00e1rtar de salm\u00f3n 80 gr."}]},{"@type":"WebSite","@id":"https:\/\/www.consigel.com\/ca\/#website","url":"https:\/\/www.consigel.com\/ca\/","name":"Consigel","description":"","potentialAction":[{"@type":"SearchAction","target":{"@type":"EntryPoint","urlTemplate":"https:\/\/www.consigel.com\/ca\/?s={search_term_string}"},"query-input":"required name=search_term_string"}],"inLanguage":"ca"}]}},"_links":{"self":[{"href":"https:\/\/www.consigel.com\/ca\/wp-json\/wp\/v2\/product\/798","targetHints":{"allow":["GET"]}}],"collection":[{"href":"https:\/\/www.consigel.com\/ca\/wp-json\/wp\/v2\/product"}],"about":[{"href":"https:\/\/www.consigel.com\/ca\/wp-json\/wp\/v2\/types\/product"}],"replies":[{"embeddable":true,"href":"https:\/\/www.consigel.com\/ca\/wp-json\/wp\/v2\/comments?post=798"}],"wp:featuredmedia":[{"embeddable":true,"href":"https:\/\/www.consigel.com\/ca\/wp-json\/wp\/v2\/media\/4608"}],"wp:attachment":[{"href":"https:\/\/www.consigel.com\/ca\/wp-json\/wp\/v2\/media?parent=798"}],"wp:term":[{"taxonomy":"product_cat","embeddable":true,"href":"https:\/\/www.consigel.com\/ca\/wp-json\/wp\/v2\/product_cat?post=798"},{"taxonomy":"product_tag","embeddable":true,"href":"https:\/\/www.consigel.com\/ca\/wp-json\/wp\/v2\/product_tag?post=798"}],"curies":[{"name":"wp","href":"https:\/\/api.w.org\/{rel}","templated":true}]}}