{"id":795,"date":"2013-10-05T22:34:28","date_gmt":"2013-10-05T22:34:28","guid":{"rendered":"http:\/\/www.consigel.com\/product\/berenjenas-rellenas-de-carne\/"},"modified":"2024-10-10T13:50:53","modified_gmt":"2024-10-10T13:50:53","slug":"berenjenas-rellenas-de-carne","status":"publish","type":"product","link":"https:\/\/www.consigel.com\/ca\/producte\/berenjenas-rellenas-de-carne\/","title":{"rendered":"Alberg\u00ednies  farcides de carn"},"content":{"rendered":"<p>Alberg\u00ednies farcides de carn picada i salsa de tom\u00e0quet amb un sofregit de ceba, una recepta tradicional i completa. Acompanyades d&#8217;una fina i deliciosa capa de formatge. Llestes per gratinar.<\/p>\n<p>MICROONES: No cal descongelar pr\u00e8viament, perforar la part superior de l\u2019env\u00e0s en diversos punts i escalfar directament al microones durant 6 o 7 minuts a 800W. FORN: en safata de forn, a mitja al\u00e7ada a 200\u00b0C, durant uns 15 minuts. Es pot acabar amb la funci\u00f3 de gratinat.<\/p>\n<p>Format 240 g.<\/p>\n<p>Caixa de 8 unitats.<\/p>\n<p><img loading=\"lazy\" decoding=\"async\" class=\" size-full wp-image-650\" style=\"width: 100px; height: 94px;\" src=\"http:\/\/www.consigel.com\/wp-content\/uploads\/2013\/10\/asin-gluten.jpg\" alt=\"\" width=\"226\" height=\"223\" srcset=\"https:\/\/www.consigel.com\/wp-content\/uploads\/2013\/10\/asin-gluten.jpg 226w, https:\/\/www.consigel.com\/wp-content\/uploads\/2013\/10\/asin-gluten-100x100.jpg 100w\" sizes=\"auto, (max-width: 226px) 100vw, 226px\" \/><\/p>\n","protected":false},"excerpt":{"rendered":"<p>Alberg\u00ednies farcides de carn picada i salsa de tom\u00e0quet amb un sofregit de ceba, una recepta tradicional i completa. Acompanyades d&#8217;una fina i deliciosa capa de formatge. Llestes per gratinar. MICROONES: No cal descongelar pr\u00e8viament, perforar la part superior de l\u2019env\u00e0s en diversos punts i escalfar directament al microones durant 6 o 7 minuts a [&#8230;]\n","protected":false},"featured_media":793,"comment_status":"open","ping_status":"closed","template":"","meta":[],"product_cat":[297,300,311,18,61],"product_tag":[],"class_list":{"0":"post-795","1":"product","2":"type-product","3":"status-publish","4":"has-post-thumbnail","6":"product_cat-altres-primers","7":"product_cat-pastes-rissotos-gyozas-canalons","8":"product_cat-productes-sense-gluten","9":"product_cat-gastronomia","10":"product_cat-primers","12":"first","13":"outofstock","14":"shipping-taxable","15":"product-type-simple"},"yoast_head":"<!-- This site is optimized with the Yoast SEO plugin v23.3 - https:\/\/yoast.com\/wordpress\/plugins\/seo\/ -->\n<title>Alberg\u00ednies farcides de carn - Consigel<\/title>\n<meta name=\"robots\" content=\"index, follow, max-snippet:-1, max-image-preview:large, max-video-preview:-1\" \/>\n<link rel=\"canonical\" href=\"https:\/\/www.consigel.com\/ca\/producte\/berenjenas-rellenas-de-carne\/\" \/>\n<meta property=\"og:locale\" content=\"ca_ES\" \/>\n<meta property=\"og:type\" content=\"article\" \/>\n<meta property=\"og:title\" content=\"Alberg\u00ednies farcides de carn - Consigel\" \/>\n<meta property=\"og:description\" content=\"Alberg\u00ednies farcides de carn picada i salsa de tom\u00e0quet amb un sofregit de ceba, una recepta tradicional i completa. Acompanyades d&#8217;una fina i deliciosa capa de formatge. Llestes per gratinar. MICROONES: No cal descongelar pr\u00e8viament, perforar la part superior de l\u2019env\u00e0s en diversos punts i escalfar directament al microones durant 6 o 7 minuts a [...]\" \/>\n<meta property=\"og:url\" content=\"https:\/\/www.consigel.com\/ca\/producte\/berenjenas-rellenas-de-carne\/\" \/>\n<meta property=\"og:site_name\" content=\"Consigel\" \/>\n<meta property=\"article:modified_time\" content=\"2024-10-10T13:50:53+00:00\" \/>\n<meta property=\"og:image\" content=\"https:\/\/www.consigel.com\/wp-content\/uploads\/2013\/10\/2047-thickbox_default-Berenjenas-rellenas-de-carne-240-gr.jpg\" \/>\n\t<meta property=\"og:image:width\" content=\"1200\" \/>\n\t<meta property=\"og:image:height\" content=\"1200\" \/>\n\t<meta property=\"og:image:type\" content=\"image\/jpeg\" \/>\n<meta name=\"twitter:card\" content=\"summary_large_image\" \/>\n<meta name=\"twitter:label1\" content=\"Temps estimat de lectura\" \/>\n\t<meta name=\"twitter:data1\" content=\"1 minut\" \/>\n<script type=\"application\/ld+json\" class=\"yoast-schema-graph\">{\"@context\":\"https:\/\/schema.org\",\"@graph\":[{\"@type\":\"WebPage\",\"@id\":\"https:\/\/www.consigel.com\/ca\/producte\/berenjenas-rellenas-de-carne\/\",\"url\":\"https:\/\/www.consigel.com\/ca\/producte\/berenjenas-rellenas-de-carne\/\",\"name\":\"Alberg\u00ednies farcides de carn - Consigel\",\"isPartOf\":{\"@id\":\"https:\/\/www.consigel.com\/ca\/#website\"},\"primaryImageOfPage\":{\"@id\":\"https:\/\/www.consigel.com\/ca\/producte\/berenjenas-rellenas-de-carne\/#primaryimage\"},\"image\":{\"@id\":\"https:\/\/www.consigel.com\/ca\/producte\/berenjenas-rellenas-de-carne\/#primaryimage\"},\"thumbnailUrl\":\"https:\/\/www.consigel.com\/wp-content\/uploads\/2013\/10\/2047-thickbox_default-Berenjenas-rellenas-de-carne-240-gr.jpg\",\"datePublished\":\"2013-10-05T22:34:28+00:00\",\"dateModified\":\"2024-10-10T13:50:53+00:00\",\"breadcrumb\":{\"@id\":\"https:\/\/www.consigel.com\/ca\/producte\/berenjenas-rellenas-de-carne\/#breadcrumb\"},\"inLanguage\":\"ca\",\"potentialAction\":[{\"@type\":\"ReadAction\",\"target\":[\"https:\/\/www.consigel.com\/ca\/producte\/berenjenas-rellenas-de-carne\/\"]}]},{\"@type\":\"ImageObject\",\"inLanguage\":\"ca\",\"@id\":\"https:\/\/www.consigel.com\/ca\/producte\/berenjenas-rellenas-de-carne\/#primaryimage\",\"url\":\"https:\/\/www.consigel.com\/wp-content\/uploads\/2013\/10\/2047-thickbox_default-Berenjenas-rellenas-de-carne-240-gr.jpg\",\"contentUrl\":\"https:\/\/www.consigel.com\/wp-content\/uploads\/2013\/10\/2047-thickbox_default-Berenjenas-rellenas-de-carne-240-gr.jpg\",\"width\":1200,\"height\":1200,\"caption\":\"Berenjenas rellenas de carne 240 gr.\"},{\"@type\":\"BreadcrumbList\",\"@id\":\"https:\/\/www.consigel.com\/ca\/producte\/berenjenas-rellenas-de-carne\/#breadcrumb\",\"itemListElement\":[{\"@type\":\"ListItem\",\"position\":1,\"name\":\"Portada\",\"item\":\"https:\/\/www.consigel.com\/ca\/\"},{\"@type\":\"ListItem\",\"position\":2,\"name\":\"Shop\",\"item\":\"https:\/\/www.consigel.com\/ca\/shop\/\"},{\"@type\":\"ListItem\",\"position\":3,\"name\":\"Alberg\u00ednies farcides de carn\"}]},{\"@type\":\"WebSite\",\"@id\":\"https:\/\/www.consigel.com\/ca\/#website\",\"url\":\"https:\/\/www.consigel.com\/ca\/\",\"name\":\"Consigel\",\"description\":\"\",\"potentialAction\":[{\"@type\":\"SearchAction\",\"target\":{\"@type\":\"EntryPoint\",\"urlTemplate\":\"https:\/\/www.consigel.com\/ca\/?s={search_term_string}\"},\"query-input\":\"required name=search_term_string\"}],\"inLanguage\":\"ca\"}]}<\/script>\n<!-- \/ Yoast SEO plugin. -->","yoast_head_json":{"title":"Alberg\u00ednies farcides de carn - Consigel","robots":{"index":"index","follow":"follow","max-snippet":"max-snippet:-1","max-image-preview":"max-image-preview:large","max-video-preview":"max-video-preview:-1"},"canonical":"https:\/\/www.consigel.com\/ca\/producte\/berenjenas-rellenas-de-carne\/","og_locale":"ca_ES","og_type":"article","og_title":"Alberg\u00ednies farcides de carn - Consigel","og_description":"Alberg\u00ednies farcides de carn picada i salsa de tom\u00e0quet amb un sofregit de ceba, una recepta tradicional i completa. Acompanyades d&#8217;una fina i deliciosa capa de formatge. Llestes per gratinar. MICROONES: No cal descongelar pr\u00e8viament, perforar la part superior de l\u2019env\u00e0s en diversos punts i escalfar directament al microones durant 6 o 7 minuts a [...]","og_url":"https:\/\/www.consigel.com\/ca\/producte\/berenjenas-rellenas-de-carne\/","og_site_name":"Consigel","article_modified_time":"2024-10-10T13:50:53+00:00","og_image":[{"width":1200,"height":1200,"url":"https:\/\/www.consigel.com\/wp-content\/uploads\/2013\/10\/2047-thickbox_default-Berenjenas-rellenas-de-carne-240-gr.jpg","type":"image\/jpeg"}],"twitter_card":"summary_large_image","twitter_misc":{"Temps estimat de lectura":"1 minut"},"schema":{"@context":"https:\/\/schema.org","@graph":[{"@type":"WebPage","@id":"https:\/\/www.consigel.com\/ca\/producte\/berenjenas-rellenas-de-carne\/","url":"https:\/\/www.consigel.com\/ca\/producte\/berenjenas-rellenas-de-carne\/","name":"Alberg\u00ednies farcides de carn - Consigel","isPartOf":{"@id":"https:\/\/www.consigel.com\/ca\/#website"},"primaryImageOfPage":{"@id":"https:\/\/www.consigel.com\/ca\/producte\/berenjenas-rellenas-de-carne\/#primaryimage"},"image":{"@id":"https:\/\/www.consigel.com\/ca\/producte\/berenjenas-rellenas-de-carne\/#primaryimage"},"thumbnailUrl":"https:\/\/www.consigel.com\/wp-content\/uploads\/2013\/10\/2047-thickbox_default-Berenjenas-rellenas-de-carne-240-gr.jpg","datePublished":"2013-10-05T22:34:28+00:00","dateModified":"2024-10-10T13:50:53+00:00","breadcrumb":{"@id":"https:\/\/www.consigel.com\/ca\/producte\/berenjenas-rellenas-de-carne\/#breadcrumb"},"inLanguage":"ca","potentialAction":[{"@type":"ReadAction","target":["https:\/\/www.consigel.com\/ca\/producte\/berenjenas-rellenas-de-carne\/"]}]},{"@type":"ImageObject","inLanguage":"ca","@id":"https:\/\/www.consigel.com\/ca\/producte\/berenjenas-rellenas-de-carne\/#primaryimage","url":"https:\/\/www.consigel.com\/wp-content\/uploads\/2013\/10\/2047-thickbox_default-Berenjenas-rellenas-de-carne-240-gr.jpg","contentUrl":"https:\/\/www.consigel.com\/wp-content\/uploads\/2013\/10\/2047-thickbox_default-Berenjenas-rellenas-de-carne-240-gr.jpg","width":1200,"height":1200,"caption":"Berenjenas rellenas de carne 240 gr."},{"@type":"BreadcrumbList","@id":"https:\/\/www.consigel.com\/ca\/producte\/berenjenas-rellenas-de-carne\/#breadcrumb","itemListElement":[{"@type":"ListItem","position":1,"name":"Portada","item":"https:\/\/www.consigel.com\/ca\/"},{"@type":"ListItem","position":2,"name":"Shop","item":"https:\/\/www.consigel.com\/ca\/shop\/"},{"@type":"ListItem","position":3,"name":"Alberg\u00ednies farcides de carn"}]},{"@type":"WebSite","@id":"https:\/\/www.consigel.com\/ca\/#website","url":"https:\/\/www.consigel.com\/ca\/","name":"Consigel","description":"","potentialAction":[{"@type":"SearchAction","target":{"@type":"EntryPoint","urlTemplate":"https:\/\/www.consigel.com\/ca\/?s={search_term_string}"},"query-input":"required name=search_term_string"}],"inLanguage":"ca"}]}},"_links":{"self":[{"href":"https:\/\/www.consigel.com\/ca\/wp-json\/wp\/v2\/product\/795","targetHints":{"allow":["GET"]}}],"collection":[{"href":"https:\/\/www.consigel.com\/ca\/wp-json\/wp\/v2\/product"}],"about":[{"href":"https:\/\/www.consigel.com\/ca\/wp-json\/wp\/v2\/types\/product"}],"replies":[{"embeddable":true,"href":"https:\/\/www.consigel.com\/ca\/wp-json\/wp\/v2\/comments?post=795"}],"wp:featuredmedia":[{"embeddable":true,"href":"https:\/\/www.consigel.com\/ca\/wp-json\/wp\/v2\/media\/793"}],"wp:attachment":[{"href":"https:\/\/www.consigel.com\/ca\/wp-json\/wp\/v2\/media?parent=795"}],"wp:term":[{"taxonomy":"product_cat","embeddable":true,"href":"https:\/\/www.consigel.com\/ca\/wp-json\/wp\/v2\/product_cat?post=795"},{"taxonomy":"product_tag","embeddable":true,"href":"https:\/\/www.consigel.com\/ca\/wp-json\/wp\/v2\/product_tag?post=795"}],"curies":[{"name":"wp","href":"https:\/\/api.w.org\/{rel}","templated":true}]}}