{"id":792,"date":"2013-10-05T22:34:28","date_gmt":"2013-10-05T22:34:28","guid":{"rendered":"http:\/\/www.consigel.com\/product\/canelones-de-confit-de-pato-y-foie\/"},"modified":"2024-10-10T08:43:41","modified_gmt":"2024-10-10T08:43:41","slug":"canelones-de-confit-de-pato-y-foie","status":"publish","type":"product","link":"https:\/\/www.consigel.com\/ca\/producte\/canelones-de-confit-de-pato-y-foie\/","title":{"rendered":"Canel\u00f3 de confit d&#8217;\u00e0nec i foie XL 130 gr."},"content":{"rendered":"<p>Canelons XL (de 130 g la unitat) amb un crem\u00f3s farcit de confit d&#8217;\u00e0nec amb foie. El sabor del farcit \u00e9s molt equilibrat i combina a la perfecci\u00f3 els dos ingredients principals per aconseguir un plat \u00fanic.<\/p>\n<p>Cobrir amb els ingredients desitjats, enfornar i gratinar.<\/p>\n<p>Format<\/p>\n<p>Caixa de 30 unitats.<\/p>\n","protected":false},"excerpt":{"rendered":"<p>Canelons XL (de 130 g la unitat) amb un crem\u00f3s farcit de confit d&#8217;\u00e0nec amb foie. El sabor del farcit \u00e9s molt equilibrat i combina a la perfecci\u00f3 els dos ingredients principals per aconseguir un plat \u00fanic. Cobrir amb els ingredients desitjats, enfornar i gratinar. Format Caixa de 30 unitats.<\/p>\n","protected":false},"featured_media":790,"comment_status":"open","ping_status":"closed","template":"","meta":[],"product_cat":[300,18,61],"product_tag":[],"class_list":{"0":"post-792","1":"product","2":"type-product","3":"status-publish","4":"has-post-thumbnail","6":"product_cat-pastes-rissotos-gyozas-canalons","7":"product_cat-gastronomia","8":"product_cat-primers","10":"first","11":"outofstock","12":"shipping-taxable","13":"product-type-simple"},"yoast_head":"<!-- This site is optimized with the Yoast SEO plugin v23.3 - https:\/\/yoast.com\/wordpress\/plugins\/seo\/ -->\n<title>Canel\u00f3 de confit d&#039;\u00e0nec i foie XL 130 gr. - Consigel<\/title>\n<meta name=\"robots\" content=\"index, follow, max-snippet:-1, max-image-preview:large, max-video-preview:-1\" \/>\n<link rel=\"canonical\" href=\"https:\/\/www.consigel.com\/ca\/producte\/canelones-de-confit-de-pato-y-foie\/\" \/>\n<meta property=\"og:locale\" content=\"ca_ES\" \/>\n<meta property=\"og:type\" content=\"article\" \/>\n<meta property=\"og:title\" content=\"Canel\u00f3 de confit d&#039;\u00e0nec i foie XL 130 gr. - Consigel\" \/>\n<meta property=\"og:description\" content=\"Canelons XL (de 130 g la unitat) amb un crem\u00f3s farcit de confit d&#8217;\u00e0nec amb foie. El sabor del farcit \u00e9s molt equilibrat i combina a la perfecci\u00f3 els dos ingredients principals per aconseguir un plat \u00fanic. Cobrir amb els ingredients desitjats, enfornar i gratinar. Format Caixa de 30 unitats.\" \/>\n<meta property=\"og:url\" content=\"https:\/\/www.consigel.com\/ca\/producte\/canelones-de-confit-de-pato-y-foie\/\" \/>\n<meta property=\"og:site_name\" content=\"Consigel\" \/>\n<meta property=\"article:modified_time\" content=\"2024-10-10T08:43:41+00:00\" \/>\n<meta property=\"og:image\" content=\"https:\/\/www.consigel.com\/wp-content\/uploads\/2013\/10\/2055-thickbox_default-Canelones-XL-de-confit-de-pato-y-foie-130-gr.jpg\" \/>\n\t<meta property=\"og:image:width\" content=\"1200\" \/>\n\t<meta property=\"og:image:height\" content=\"1200\" \/>\n\t<meta property=\"og:image:type\" content=\"image\/jpeg\" \/>\n<meta name=\"twitter:card\" content=\"summary_large_image\" \/>\n<meta name=\"twitter:label1\" content=\"Temps estimat de lectura\" \/>\n\t<meta name=\"twitter:data1\" content=\"1 minut\" \/>\n<script type=\"application\/ld+json\" class=\"yoast-schema-graph\">{\"@context\":\"https:\/\/schema.org\",\"@graph\":[{\"@type\":\"WebPage\",\"@id\":\"https:\/\/www.consigel.com\/ca\/producte\/canelones-de-confit-de-pato-y-foie\/\",\"url\":\"https:\/\/www.consigel.com\/ca\/producte\/canelones-de-confit-de-pato-y-foie\/\",\"name\":\"Canel\u00f3 de confit d'\u00e0nec i foie XL 130 gr. - Consigel\",\"isPartOf\":{\"@id\":\"https:\/\/www.consigel.com\/ca\/#website\"},\"primaryImageOfPage\":{\"@id\":\"https:\/\/www.consigel.com\/ca\/producte\/canelones-de-confit-de-pato-y-foie\/#primaryimage\"},\"image\":{\"@id\":\"https:\/\/www.consigel.com\/ca\/producte\/canelones-de-confit-de-pato-y-foie\/#primaryimage\"},\"thumbnailUrl\":\"https:\/\/www.consigel.com\/wp-content\/uploads\/2013\/10\/2055-thickbox_default-Canelones-XL-de-confit-de-pato-y-foie-130-gr.jpg\",\"datePublished\":\"2013-10-05T22:34:28+00:00\",\"dateModified\":\"2024-10-10T08:43:41+00:00\",\"breadcrumb\":{\"@id\":\"https:\/\/www.consigel.com\/ca\/producte\/canelones-de-confit-de-pato-y-foie\/#breadcrumb\"},\"inLanguage\":\"ca\",\"potentialAction\":[{\"@type\":\"ReadAction\",\"target\":[\"https:\/\/www.consigel.com\/ca\/producte\/canelones-de-confit-de-pato-y-foie\/\"]}]},{\"@type\":\"ImageObject\",\"inLanguage\":\"ca\",\"@id\":\"https:\/\/www.consigel.com\/ca\/producte\/canelones-de-confit-de-pato-y-foie\/#primaryimage\",\"url\":\"https:\/\/www.consigel.com\/wp-content\/uploads\/2013\/10\/2055-thickbox_default-Canelones-XL-de-confit-de-pato-y-foie-130-gr.jpg\",\"contentUrl\":\"https:\/\/www.consigel.com\/wp-content\/uploads\/2013\/10\/2055-thickbox_default-Canelones-XL-de-confit-de-pato-y-foie-130-gr.jpg\",\"width\":1200,\"height\":1200,\"caption\":\"Canelones XL de confit de pato y foie 130 gr.\"},{\"@type\":\"BreadcrumbList\",\"@id\":\"https:\/\/www.consigel.com\/ca\/producte\/canelones-de-confit-de-pato-y-foie\/#breadcrumb\",\"itemListElement\":[{\"@type\":\"ListItem\",\"position\":1,\"name\":\"Portada\",\"item\":\"https:\/\/www.consigel.com\/ca\/\"},{\"@type\":\"ListItem\",\"position\":2,\"name\":\"Shop\",\"item\":\"https:\/\/www.consigel.com\/ca\/shop\/\"},{\"@type\":\"ListItem\",\"position\":3,\"name\":\"Canel\u00f3 de confit d&#8217;\u00e0nec i foie XL 130 gr.\"}]},{\"@type\":\"WebSite\",\"@id\":\"https:\/\/www.consigel.com\/ca\/#website\",\"url\":\"https:\/\/www.consigel.com\/ca\/\",\"name\":\"Consigel\",\"description\":\"\",\"potentialAction\":[{\"@type\":\"SearchAction\",\"target\":{\"@type\":\"EntryPoint\",\"urlTemplate\":\"https:\/\/www.consigel.com\/ca\/?s={search_term_string}\"},\"query-input\":\"required name=search_term_string\"}],\"inLanguage\":\"ca\"}]}<\/script>\n<!-- \/ Yoast SEO plugin. -->","yoast_head_json":{"title":"Canel\u00f3 de confit d'\u00e0nec i foie XL 130 gr. - Consigel","robots":{"index":"index","follow":"follow","max-snippet":"max-snippet:-1","max-image-preview":"max-image-preview:large","max-video-preview":"max-video-preview:-1"},"canonical":"https:\/\/www.consigel.com\/ca\/producte\/canelones-de-confit-de-pato-y-foie\/","og_locale":"ca_ES","og_type":"article","og_title":"Canel\u00f3 de confit d'\u00e0nec i foie XL 130 gr. - Consigel","og_description":"Canelons XL (de 130 g la unitat) amb un crem\u00f3s farcit de confit d&#8217;\u00e0nec amb foie. El sabor del farcit \u00e9s molt equilibrat i combina a la perfecci\u00f3 els dos ingredients principals per aconseguir un plat \u00fanic. Cobrir amb els ingredients desitjats, enfornar i gratinar. Format Caixa de 30 unitats.","og_url":"https:\/\/www.consigel.com\/ca\/producte\/canelones-de-confit-de-pato-y-foie\/","og_site_name":"Consigel","article_modified_time":"2024-10-10T08:43:41+00:00","og_image":[{"width":1200,"height":1200,"url":"https:\/\/www.consigel.com\/wp-content\/uploads\/2013\/10\/2055-thickbox_default-Canelones-XL-de-confit-de-pato-y-foie-130-gr.jpg","type":"image\/jpeg"}],"twitter_card":"summary_large_image","twitter_misc":{"Temps estimat de lectura":"1 minut"},"schema":{"@context":"https:\/\/schema.org","@graph":[{"@type":"WebPage","@id":"https:\/\/www.consigel.com\/ca\/producte\/canelones-de-confit-de-pato-y-foie\/","url":"https:\/\/www.consigel.com\/ca\/producte\/canelones-de-confit-de-pato-y-foie\/","name":"Canel\u00f3 de confit d'\u00e0nec i foie XL 130 gr. - Consigel","isPartOf":{"@id":"https:\/\/www.consigel.com\/ca\/#website"},"primaryImageOfPage":{"@id":"https:\/\/www.consigel.com\/ca\/producte\/canelones-de-confit-de-pato-y-foie\/#primaryimage"},"image":{"@id":"https:\/\/www.consigel.com\/ca\/producte\/canelones-de-confit-de-pato-y-foie\/#primaryimage"},"thumbnailUrl":"https:\/\/www.consigel.com\/wp-content\/uploads\/2013\/10\/2055-thickbox_default-Canelones-XL-de-confit-de-pato-y-foie-130-gr.jpg","datePublished":"2013-10-05T22:34:28+00:00","dateModified":"2024-10-10T08:43:41+00:00","breadcrumb":{"@id":"https:\/\/www.consigel.com\/ca\/producte\/canelones-de-confit-de-pato-y-foie\/#breadcrumb"},"inLanguage":"ca","potentialAction":[{"@type":"ReadAction","target":["https:\/\/www.consigel.com\/ca\/producte\/canelones-de-confit-de-pato-y-foie\/"]}]},{"@type":"ImageObject","inLanguage":"ca","@id":"https:\/\/www.consigel.com\/ca\/producte\/canelones-de-confit-de-pato-y-foie\/#primaryimage","url":"https:\/\/www.consigel.com\/wp-content\/uploads\/2013\/10\/2055-thickbox_default-Canelones-XL-de-confit-de-pato-y-foie-130-gr.jpg","contentUrl":"https:\/\/www.consigel.com\/wp-content\/uploads\/2013\/10\/2055-thickbox_default-Canelones-XL-de-confit-de-pato-y-foie-130-gr.jpg","width":1200,"height":1200,"caption":"Canelones XL de confit de pato y foie 130 gr."},{"@type":"BreadcrumbList","@id":"https:\/\/www.consigel.com\/ca\/producte\/canelones-de-confit-de-pato-y-foie\/#breadcrumb","itemListElement":[{"@type":"ListItem","position":1,"name":"Portada","item":"https:\/\/www.consigel.com\/ca\/"},{"@type":"ListItem","position":2,"name":"Shop","item":"https:\/\/www.consigel.com\/ca\/shop\/"},{"@type":"ListItem","position":3,"name":"Canel\u00f3 de confit d&#8217;\u00e0nec i foie XL 130 gr."}]},{"@type":"WebSite","@id":"https:\/\/www.consigel.com\/ca\/#website","url":"https:\/\/www.consigel.com\/ca\/","name":"Consigel","description":"","potentialAction":[{"@type":"SearchAction","target":{"@type":"EntryPoint","urlTemplate":"https:\/\/www.consigel.com\/ca\/?s={search_term_string}"},"query-input":"required name=search_term_string"}],"inLanguage":"ca"}]}},"_links":{"self":[{"href":"https:\/\/www.consigel.com\/ca\/wp-json\/wp\/v2\/product\/792","targetHints":{"allow":["GET"]}}],"collection":[{"href":"https:\/\/www.consigel.com\/ca\/wp-json\/wp\/v2\/product"}],"about":[{"href":"https:\/\/www.consigel.com\/ca\/wp-json\/wp\/v2\/types\/product"}],"replies":[{"embeddable":true,"href":"https:\/\/www.consigel.com\/ca\/wp-json\/wp\/v2\/comments?post=792"}],"wp:featuredmedia":[{"embeddable":true,"href":"https:\/\/www.consigel.com\/ca\/wp-json\/wp\/v2\/media\/790"}],"wp:attachment":[{"href":"https:\/\/www.consigel.com\/ca\/wp-json\/wp\/v2\/media?parent=792"}],"wp:term":[{"taxonomy":"product_cat","embeddable":true,"href":"https:\/\/www.consigel.com\/ca\/wp-json\/wp\/v2\/product_cat?post=792"},{"taxonomy":"product_tag","embeddable":true,"href":"https:\/\/www.consigel.com\/ca\/wp-json\/wp\/v2\/product_tag?post=792"}],"curies":[{"name":"wp","href":"https:\/\/api.w.org\/{rel}","templated":true}]}}