{"id":675,"date":"2013-10-05T22:34:28","date_gmt":"2013-10-05T22:34:28","guid":{"rendered":"http:\/\/www.consigel.com\/product\/croquetones-de-bacalao-de-jamon-de-pollo\/"},"modified":"2024-10-11T10:11:55","modified_gmt":"2024-10-11T10:11:55","slug":"croquetones-de-bacalao-de-jamon-de-pollo","status":"publish","type":"product","link":"https:\/\/www.consigel.com\/ca\/producte\/croquetones-de-bacalao-de-jamon-de-pollo\/","title":{"rendered":"Croquet\u00f3 de Bacall\u00e0 Exquisitarium"},"content":{"rendered":"<p>Croquet\u00f3 de bacall\u00e0 Les nostres croquetes, totes elaborades de forma artesanal i amb una acurada elecci\u00f3 d&#8217;ingredients aconsegueixen igualar les receptes casolanes m\u00e9s exigents. S\u00f3n perfectes per servir com a tapa, aperitius o esdeveniments.<\/p>\n<p>Fregiu-les directament congelades, amb abundant oli net ben calent a 180 \u00baC.<\/p>\n<p>Caixa 2 kg.<\/p>\n<p>Pes 55 gr.<\/p>\n<p><img loading=\"lazy\" decoding=\"async\" class=\" size-full wp-image-650\" style=\"width: 102px; height: 96px;\" src=\"http:\/\/www.consigel.com\/wp-content\/uploads\/2013\/10\/asin-gluten.jpg\" alt=\"\" width=\"226\" height=\"223\" srcset=\"https:\/\/www.consigel.com\/wp-content\/uploads\/2013\/10\/asin-gluten.jpg 226w, https:\/\/www.consigel.com\/wp-content\/uploads\/2013\/10\/asin-gluten-100x100.jpg 100w\" sizes=\"auto, (max-width: 226px) 100vw, 226px\" \/><\/p>\n","protected":false},"excerpt":{"rendered":"<p>Croquet\u00f3 de bacall\u00e0 Les nostres croquetes, totes elaborades de forma artesanal i amb una acurada elecci\u00f3 d&#8217;ingredients aconsegueixen igualar les receptes casolanes m\u00e9s exigents. S\u00f3n perfectes per servir com a tapa, aperitius o esdeveniments. Fregiu-les directament congelades, amb abundant oli net ben calent a 180 \u00baC. Caixa 2 kg. Pes 55 gr.<\/p>\n","protected":false},"featured_media":673,"comment_status":"open","ping_status":"closed","template":"","meta":[],"product_cat":[311,34,111,18,124],"product_tag":[],"class_list":{"0":"post-675","1":"product","2":"type-product","3":"status-publish","4":"has-post-thumbnail","6":"product_cat-productes-sense-gluten","7":"product_cat-aperitius","8":"product_cat-fregidora","9":"product_cat-gastronomia","10":"product_cat-croquetes","12":"first","13":"outofstock","14":"shipping-taxable","15":"product-type-simple"},"yoast_head":"<!-- This site is optimized with the Yoast SEO plugin v23.3 - https:\/\/yoast.com\/wordpress\/plugins\/seo\/ -->\n<title>Croquet\u00f3 de Bacall\u00e0 Exquisitarium - Consigel<\/title>\n<meta name=\"robots\" content=\"index, follow, max-snippet:-1, max-image-preview:large, max-video-preview:-1\" \/>\n<link rel=\"canonical\" href=\"https:\/\/www.consigel.com\/ca\/producte\/croquetones-de-bacalao-de-jamon-de-pollo\/\" \/>\n<meta property=\"og:locale\" content=\"ca_ES\" \/>\n<meta property=\"og:type\" content=\"article\" \/>\n<meta property=\"og:title\" content=\"Croquet\u00f3 de Bacall\u00e0 Exquisitarium - Consigel\" \/>\n<meta property=\"og:description\" content=\"Croquet\u00f3 de bacall\u00e0 Les nostres croquetes, totes elaborades de forma artesanal i amb una acurada elecci\u00f3 d&#8217;ingredients aconsegueixen igualar les receptes casolanes m\u00e9s exigents. S\u00f3n perfectes per servir com a tapa, aperitius o esdeveniments. Fregiu-les directament congelades, amb abundant oli net ben calent a 180 \u00baC. Caixa 2 kg. Pes 55 gr.\" \/>\n<meta property=\"og:url\" content=\"https:\/\/www.consigel.com\/ca\/producte\/croquetones-de-bacalao-de-jamon-de-pollo\/\" \/>\n<meta property=\"og:site_name\" content=\"Consigel\" \/>\n<meta property=\"article:modified_time\" content=\"2024-10-11T10:11:55+00:00\" \/>\n<meta property=\"og:image\" content=\"https:\/\/www.consigel.com\/wp-content\/uploads\/2013\/10\/1949-thickbox_default-Croquetones-de-Bacalao-Exquisitarium-1-kg.jpg\" \/>\n\t<meta property=\"og:image:width\" content=\"1200\" \/>\n\t<meta property=\"og:image:height\" content=\"1200\" \/>\n\t<meta property=\"og:image:type\" content=\"image\/jpeg\" \/>\n<meta name=\"twitter:card\" content=\"summary_large_image\" \/>\n<meta name=\"twitter:label1\" content=\"Temps estimat de lectura\" \/>\n\t<meta name=\"twitter:data1\" content=\"1 minut\" \/>\n<script type=\"application\/ld+json\" class=\"yoast-schema-graph\">{\"@context\":\"https:\/\/schema.org\",\"@graph\":[{\"@type\":\"WebPage\",\"@id\":\"https:\/\/www.consigel.com\/ca\/producte\/croquetones-de-bacalao-de-jamon-de-pollo\/\",\"url\":\"https:\/\/www.consigel.com\/ca\/producte\/croquetones-de-bacalao-de-jamon-de-pollo\/\",\"name\":\"Croquet\u00f3 de Bacall\u00e0 Exquisitarium - Consigel\",\"isPartOf\":{\"@id\":\"https:\/\/www.consigel.com\/ca\/#website\"},\"primaryImageOfPage\":{\"@id\":\"https:\/\/www.consigel.com\/ca\/producte\/croquetones-de-bacalao-de-jamon-de-pollo\/#primaryimage\"},\"image\":{\"@id\":\"https:\/\/www.consigel.com\/ca\/producte\/croquetones-de-bacalao-de-jamon-de-pollo\/#primaryimage\"},\"thumbnailUrl\":\"https:\/\/www.consigel.com\/wp-content\/uploads\/2013\/10\/1949-thickbox_default-Croquetones-de-Bacalao-Exquisitarium-1-kg.jpg\",\"datePublished\":\"2013-10-05T22:34:28+00:00\",\"dateModified\":\"2024-10-11T10:11:55+00:00\",\"breadcrumb\":{\"@id\":\"https:\/\/www.consigel.com\/ca\/producte\/croquetones-de-bacalao-de-jamon-de-pollo\/#breadcrumb\"},\"inLanguage\":\"ca\",\"potentialAction\":[{\"@type\":\"ReadAction\",\"target\":[\"https:\/\/www.consigel.com\/ca\/producte\/croquetones-de-bacalao-de-jamon-de-pollo\/\"]}]},{\"@type\":\"ImageObject\",\"inLanguage\":\"ca\",\"@id\":\"https:\/\/www.consigel.com\/ca\/producte\/croquetones-de-bacalao-de-jamon-de-pollo\/#primaryimage\",\"url\":\"https:\/\/www.consigel.com\/wp-content\/uploads\/2013\/10\/1949-thickbox_default-Croquetones-de-Bacalao-Exquisitarium-1-kg.jpg\",\"contentUrl\":\"https:\/\/www.consigel.com\/wp-content\/uploads\/2013\/10\/1949-thickbox_default-Croquetones-de-Bacalao-Exquisitarium-1-kg.jpg\",\"width\":1200,\"height\":1200,\"caption\":\"Croquetones de Bacalao Exquisitarium 1 kg.\"},{\"@type\":\"BreadcrumbList\",\"@id\":\"https:\/\/www.consigel.com\/ca\/producte\/croquetones-de-bacalao-de-jamon-de-pollo\/#breadcrumb\",\"itemListElement\":[{\"@type\":\"ListItem\",\"position\":1,\"name\":\"Portada\",\"item\":\"https:\/\/www.consigel.com\/ca\/\"},{\"@type\":\"ListItem\",\"position\":2,\"name\":\"Shop\",\"item\":\"https:\/\/www.consigel.com\/ca\/shop\/\"},{\"@type\":\"ListItem\",\"position\":3,\"name\":\"Croquet\u00f3 de Bacall\u00e0 Exquisitarium\"}]},{\"@type\":\"WebSite\",\"@id\":\"https:\/\/www.consigel.com\/ca\/#website\",\"url\":\"https:\/\/www.consigel.com\/ca\/\",\"name\":\"Consigel\",\"description\":\"\",\"potentialAction\":[{\"@type\":\"SearchAction\",\"target\":{\"@type\":\"EntryPoint\",\"urlTemplate\":\"https:\/\/www.consigel.com\/ca\/?s={search_term_string}\"},\"query-input\":\"required name=search_term_string\"}],\"inLanguage\":\"ca\"}]}<\/script>\n<!-- \/ Yoast SEO plugin. -->","yoast_head_json":{"title":"Croquet\u00f3 de Bacall\u00e0 Exquisitarium - Consigel","robots":{"index":"index","follow":"follow","max-snippet":"max-snippet:-1","max-image-preview":"max-image-preview:large","max-video-preview":"max-video-preview:-1"},"canonical":"https:\/\/www.consigel.com\/ca\/producte\/croquetones-de-bacalao-de-jamon-de-pollo\/","og_locale":"ca_ES","og_type":"article","og_title":"Croquet\u00f3 de Bacall\u00e0 Exquisitarium - Consigel","og_description":"Croquet\u00f3 de bacall\u00e0 Les nostres croquetes, totes elaborades de forma artesanal i amb una acurada elecci\u00f3 d&#8217;ingredients aconsegueixen igualar les receptes casolanes m\u00e9s exigents. S\u00f3n perfectes per servir com a tapa, aperitius o esdeveniments. Fregiu-les directament congelades, amb abundant oli net ben calent a 180 \u00baC. Caixa 2 kg. Pes 55 gr.","og_url":"https:\/\/www.consigel.com\/ca\/producte\/croquetones-de-bacalao-de-jamon-de-pollo\/","og_site_name":"Consigel","article_modified_time":"2024-10-11T10:11:55+00:00","og_image":[{"width":1200,"height":1200,"url":"https:\/\/www.consigel.com\/wp-content\/uploads\/2013\/10\/1949-thickbox_default-Croquetones-de-Bacalao-Exquisitarium-1-kg.jpg","type":"image\/jpeg"}],"twitter_card":"summary_large_image","twitter_misc":{"Temps estimat de lectura":"1 minut"},"schema":{"@context":"https:\/\/schema.org","@graph":[{"@type":"WebPage","@id":"https:\/\/www.consigel.com\/ca\/producte\/croquetones-de-bacalao-de-jamon-de-pollo\/","url":"https:\/\/www.consigel.com\/ca\/producte\/croquetones-de-bacalao-de-jamon-de-pollo\/","name":"Croquet\u00f3 de Bacall\u00e0 Exquisitarium - Consigel","isPartOf":{"@id":"https:\/\/www.consigel.com\/ca\/#website"},"primaryImageOfPage":{"@id":"https:\/\/www.consigel.com\/ca\/producte\/croquetones-de-bacalao-de-jamon-de-pollo\/#primaryimage"},"image":{"@id":"https:\/\/www.consigel.com\/ca\/producte\/croquetones-de-bacalao-de-jamon-de-pollo\/#primaryimage"},"thumbnailUrl":"https:\/\/www.consigel.com\/wp-content\/uploads\/2013\/10\/1949-thickbox_default-Croquetones-de-Bacalao-Exquisitarium-1-kg.jpg","datePublished":"2013-10-05T22:34:28+00:00","dateModified":"2024-10-11T10:11:55+00:00","breadcrumb":{"@id":"https:\/\/www.consigel.com\/ca\/producte\/croquetones-de-bacalao-de-jamon-de-pollo\/#breadcrumb"},"inLanguage":"ca","potentialAction":[{"@type":"ReadAction","target":["https:\/\/www.consigel.com\/ca\/producte\/croquetones-de-bacalao-de-jamon-de-pollo\/"]}]},{"@type":"ImageObject","inLanguage":"ca","@id":"https:\/\/www.consigel.com\/ca\/producte\/croquetones-de-bacalao-de-jamon-de-pollo\/#primaryimage","url":"https:\/\/www.consigel.com\/wp-content\/uploads\/2013\/10\/1949-thickbox_default-Croquetones-de-Bacalao-Exquisitarium-1-kg.jpg","contentUrl":"https:\/\/www.consigel.com\/wp-content\/uploads\/2013\/10\/1949-thickbox_default-Croquetones-de-Bacalao-Exquisitarium-1-kg.jpg","width":1200,"height":1200,"caption":"Croquetones de Bacalao Exquisitarium 1 kg."},{"@type":"BreadcrumbList","@id":"https:\/\/www.consigel.com\/ca\/producte\/croquetones-de-bacalao-de-jamon-de-pollo\/#breadcrumb","itemListElement":[{"@type":"ListItem","position":1,"name":"Portada","item":"https:\/\/www.consigel.com\/ca\/"},{"@type":"ListItem","position":2,"name":"Shop","item":"https:\/\/www.consigel.com\/ca\/shop\/"},{"@type":"ListItem","position":3,"name":"Croquet\u00f3 de Bacall\u00e0 Exquisitarium"}]},{"@type":"WebSite","@id":"https:\/\/www.consigel.com\/ca\/#website","url":"https:\/\/www.consigel.com\/ca\/","name":"Consigel","description":"","potentialAction":[{"@type":"SearchAction","target":{"@type":"EntryPoint","urlTemplate":"https:\/\/www.consigel.com\/ca\/?s={search_term_string}"},"query-input":"required name=search_term_string"}],"inLanguage":"ca"}]}},"_links":{"self":[{"href":"https:\/\/www.consigel.com\/ca\/wp-json\/wp\/v2\/product\/675","targetHints":{"allow":["GET"]}}],"collection":[{"href":"https:\/\/www.consigel.com\/ca\/wp-json\/wp\/v2\/product"}],"about":[{"href":"https:\/\/www.consigel.com\/ca\/wp-json\/wp\/v2\/types\/product"}],"replies":[{"embeddable":true,"href":"https:\/\/www.consigel.com\/ca\/wp-json\/wp\/v2\/comments?post=675"}],"wp:featuredmedia":[{"embeddable":true,"href":"https:\/\/www.consigel.com\/ca\/wp-json\/wp\/v2\/media\/673"}],"wp:attachment":[{"href":"https:\/\/www.consigel.com\/ca\/wp-json\/wp\/v2\/media?parent=675"}],"wp:term":[{"taxonomy":"product_cat","embeddable":true,"href":"https:\/\/www.consigel.com\/ca\/wp-json\/wp\/v2\/product_cat?post=675"},{"taxonomy":"product_tag","embeddable":true,"href":"https:\/\/www.consigel.com\/ca\/wp-json\/wp\/v2\/product_tag?post=675"}],"curies":[{"name":"wp","href":"https:\/\/api.w.org\/{rel}","templated":true}]}}