{"id":651,"date":"2013-10-05T22:34:28","date_gmt":"2013-10-05T22:34:28","guid":{"rendered":"http:\/\/www.consigel.com\/product\/cochinillo-confitado-deshuesado-en-placa\/"},"modified":"2024-10-17T15:03:11","modified_gmt":"2024-10-17T15:03:11","slug":"cochinillo-confitado-deshuesado-en-placa","status":"publish","type":"product","link":"https:\/\/www.consigel.com\/ca\/producte\/cochinillo-confitado-deshuesado-en-placa\/","title":{"rendered":"Garr\u00ed confitat desossat en placa"},"content":{"rendered":"<p>Un producte tradicional en un format innovador. F\u00e0cil de manejar, permet l&#8217;elaboraci\u00f3 de plats actuals, donant moltes possibilitats, tant en fraccions com en pe\u00e7a unitaria. Perfecte per combinar amb diferents salses i guarnicions, la qual cosa permet m\u00faltiples presentacions. Disposem de racions individuals de 170 g amb la ref. 2177, tamb\u00e9 es serveix en format placa d&#8217;1,2 kg amb la ref. 21779.<\/p>\n<p>Ref. 2177:<\/p>\n<ul>\n<li><strong>Forn de convecci\u00f3:<\/strong> Untar amb oli i col\u00b7locar en una safata de tefl\u00f3, enfornar durant 6-7 minuts a 220\u00baC. Nom\u00e9s convecci\u00f3, sense humitat.<\/li>\n<li><strong>Planxa o paella antiadherent:<\/strong> Descongelar pr\u00e8viament, fraccionar al gust, untar amb oli i daurar per ambd\u00f3s costats a foc mitj\u00e0.<\/li>\n<\/ul>\n<p><strong>Ref. 21779:<\/strong><\/p>\n<ul>\n<li>Un cop descongelada, fraccionar al gust.<\/li>\n<\/ul>\n<p><strong>Formats:<\/strong><\/p>\n<ul>\n<li>Caixa de 24 unitats<\/li>\n<li>Caixa de 3 unitats d&#8217;1,2 kg aprox.<\/li>\n<\/ul>\n<p><img loading=\"lazy\" decoding=\"async\" class=\" size-full wp-image-650\" style=\"width: 101px; height: 98px;\" src=\"http:\/\/www.consigel.com\/wp-content\/uploads\/2013\/10\/asin-gluten.jpg\" alt=\"\" width=\"226\" height=\"223\" srcset=\"https:\/\/www.consigel.com\/wp-content\/uploads\/2013\/10\/asin-gluten.jpg 226w, https:\/\/www.consigel.com\/wp-content\/uploads\/2013\/10\/asin-gluten-100x100.jpg 100w\" sizes=\"auto, (max-width: 226px) 100vw, 226px\" \/><\/p>\n","protected":false},"excerpt":{"rendered":"<p>Un producte tradicional en un format innovador. F\u00e0cil de manejar, permet l&#8217;elaboraci\u00f3 de plats actuals, donant moltes possibilitats, tant en fraccions com en pe\u00e7a unitaria. Perfecte per combinar amb diferents salses i guarnicions, la qual cosa permet m\u00faltiples presentacions. Disposem de racions individuals de 170 g amb la ref. 2177, tamb\u00e9 es serveix en format [&#8230;]\n","protected":false},"featured_media":5111,"comment_status":"open","ping_status":"closed","template":"","meta":[],"product_cat":[306,18,64],"product_tag":[],"class_list":{"0":"post-651","1":"product","2":"type-product","3":"status-publish","4":"has-post-thumbnail","6":"product_cat-carn-ca","7":"product_cat-gastronomia","8":"product_cat-segons","10":"first","11":"outofstock","12":"shipping-taxable","13":"product-type-simple"},"yoast_head":"<!-- This site is optimized with the Yoast SEO plugin v23.3 - https:\/\/yoast.com\/wordpress\/plugins\/seo\/ -->\n<title>Garr\u00ed confitat desossat en placa - Consigel<\/title>\n<meta name=\"robots\" content=\"index, follow, max-snippet:-1, max-image-preview:large, max-video-preview:-1\" \/>\n<link rel=\"canonical\" href=\"https:\/\/www.consigel.com\/ca\/producte\/cochinillo-confitado-deshuesado-en-placa\/\" \/>\n<meta property=\"og:locale\" content=\"ca_ES\" \/>\n<meta property=\"og:type\" content=\"article\" \/>\n<meta property=\"og:title\" content=\"Garr\u00ed confitat desossat en placa - Consigel\" \/>\n<meta property=\"og:description\" content=\"Un producte tradicional en un format innovador. F\u00e0cil de manejar, permet l&#8217;elaboraci\u00f3 de plats actuals, donant moltes possibilitats, tant en fraccions com en pe\u00e7a unitaria. Perfecte per combinar amb diferents salses i guarnicions, la qual cosa permet m\u00faltiples presentacions. Disposem de racions individuals de 170 g amb la ref. 2177, tamb\u00e9 es serveix en format [...]\" \/>\n<meta property=\"og:url\" content=\"https:\/\/www.consigel.com\/ca\/producte\/cochinillo-confitado-deshuesado-en-placa\/\" \/>\n<meta property=\"og:site_name\" content=\"Consigel\" \/>\n<meta property=\"article:modified_time\" content=\"2024-10-17T15:03:11+00:00\" \/>\n<meta property=\"og:image\" content=\"https:\/\/www.consigel.com\/wp-content\/uploads\/2013\/10\/EXQUISITARIUM_2154_Cochinillo_Confitado_Deshuesado_2-removebg-preview.png\" \/>\n\t<meta property=\"og:image:width\" content=\"711\" \/>\n\t<meta property=\"og:image:height\" content=\"351\" \/>\n\t<meta property=\"og:image:type\" content=\"image\/png\" \/>\n<meta name=\"twitter:card\" content=\"summary_large_image\" \/>\n<meta name=\"twitter:label1\" content=\"Temps estimat de lectura\" \/>\n\t<meta name=\"twitter:data1\" content=\"1 minut\" \/>\n<script type=\"application\/ld+json\" class=\"yoast-schema-graph\">{\"@context\":\"https:\/\/schema.org\",\"@graph\":[{\"@type\":\"WebPage\",\"@id\":\"https:\/\/www.consigel.com\/ca\/producte\/cochinillo-confitado-deshuesado-en-placa\/\",\"url\":\"https:\/\/www.consigel.com\/ca\/producte\/cochinillo-confitado-deshuesado-en-placa\/\",\"name\":\"Garr\u00ed confitat desossat en placa - Consigel\",\"isPartOf\":{\"@id\":\"https:\/\/www.consigel.com\/ca\/#website\"},\"primaryImageOfPage\":{\"@id\":\"https:\/\/www.consigel.com\/ca\/producte\/cochinillo-confitado-deshuesado-en-placa\/#primaryimage\"},\"image\":{\"@id\":\"https:\/\/www.consigel.com\/ca\/producte\/cochinillo-confitado-deshuesado-en-placa\/#primaryimage\"},\"thumbnailUrl\":\"https:\/\/www.consigel.com\/wp-content\/uploads\/2013\/10\/EXQUISITARIUM_2154_Cochinillo_Confitado_Deshuesado_2-removebg-preview.png\",\"datePublished\":\"2013-10-05T22:34:28+00:00\",\"dateModified\":\"2024-10-17T15:03:11+00:00\",\"breadcrumb\":{\"@id\":\"https:\/\/www.consigel.com\/ca\/producte\/cochinillo-confitado-deshuesado-en-placa\/#breadcrumb\"},\"inLanguage\":\"ca\",\"potentialAction\":[{\"@type\":\"ReadAction\",\"target\":[\"https:\/\/www.consigel.com\/ca\/producte\/cochinillo-confitado-deshuesado-en-placa\/\"]}]},{\"@type\":\"ImageObject\",\"inLanguage\":\"ca\",\"@id\":\"https:\/\/www.consigel.com\/ca\/producte\/cochinillo-confitado-deshuesado-en-placa\/#primaryimage\",\"url\":\"https:\/\/www.consigel.com\/wp-content\/uploads\/2013\/10\/EXQUISITARIUM_2154_Cochinillo_Confitado_Deshuesado_2-removebg-preview.png\",\"contentUrl\":\"https:\/\/www.consigel.com\/wp-content\/uploads\/2013\/10\/EXQUISITARIUM_2154_Cochinillo_Confitado_Deshuesado_2-removebg-preview.png\",\"width\":711,\"height\":351},{\"@type\":\"BreadcrumbList\",\"@id\":\"https:\/\/www.consigel.com\/ca\/producte\/cochinillo-confitado-deshuesado-en-placa\/#breadcrumb\",\"itemListElement\":[{\"@type\":\"ListItem\",\"position\":1,\"name\":\"Portada\",\"item\":\"https:\/\/www.consigel.com\/ca\/\"},{\"@type\":\"ListItem\",\"position\":2,\"name\":\"Shop\",\"item\":\"https:\/\/www.consigel.com\/ca\/shop\/\"},{\"@type\":\"ListItem\",\"position\":3,\"name\":\"Garr\u00ed confitat desossat en placa\"}]},{\"@type\":\"WebSite\",\"@id\":\"https:\/\/www.consigel.com\/ca\/#website\",\"url\":\"https:\/\/www.consigel.com\/ca\/\",\"name\":\"Consigel\",\"description\":\"\",\"potentialAction\":[{\"@type\":\"SearchAction\",\"target\":{\"@type\":\"EntryPoint\",\"urlTemplate\":\"https:\/\/www.consigel.com\/ca\/?s={search_term_string}\"},\"query-input\":\"required name=search_term_string\"}],\"inLanguage\":\"ca\"}]}<\/script>\n<!-- \/ Yoast SEO plugin. -->","yoast_head_json":{"title":"Garr\u00ed confitat desossat en placa - Consigel","robots":{"index":"index","follow":"follow","max-snippet":"max-snippet:-1","max-image-preview":"max-image-preview:large","max-video-preview":"max-video-preview:-1"},"canonical":"https:\/\/www.consigel.com\/ca\/producte\/cochinillo-confitado-deshuesado-en-placa\/","og_locale":"ca_ES","og_type":"article","og_title":"Garr\u00ed confitat desossat en placa - Consigel","og_description":"Un producte tradicional en un format innovador. F\u00e0cil de manejar, permet l&#8217;elaboraci\u00f3 de plats actuals, donant moltes possibilitats, tant en fraccions com en pe\u00e7a unitaria. Perfecte per combinar amb diferents salses i guarnicions, la qual cosa permet m\u00faltiples presentacions. Disposem de racions individuals de 170 g amb la ref. 2177, tamb\u00e9 es serveix en format [...]","og_url":"https:\/\/www.consigel.com\/ca\/producte\/cochinillo-confitado-deshuesado-en-placa\/","og_site_name":"Consigel","article_modified_time":"2024-10-17T15:03:11+00:00","og_image":[{"width":711,"height":351,"url":"https:\/\/www.consigel.com\/wp-content\/uploads\/2013\/10\/EXQUISITARIUM_2154_Cochinillo_Confitado_Deshuesado_2-removebg-preview.png","type":"image\/png"}],"twitter_card":"summary_large_image","twitter_misc":{"Temps estimat de lectura":"1 minut"},"schema":{"@context":"https:\/\/schema.org","@graph":[{"@type":"WebPage","@id":"https:\/\/www.consigel.com\/ca\/producte\/cochinillo-confitado-deshuesado-en-placa\/","url":"https:\/\/www.consigel.com\/ca\/producte\/cochinillo-confitado-deshuesado-en-placa\/","name":"Garr\u00ed confitat desossat en placa - Consigel","isPartOf":{"@id":"https:\/\/www.consigel.com\/ca\/#website"},"primaryImageOfPage":{"@id":"https:\/\/www.consigel.com\/ca\/producte\/cochinillo-confitado-deshuesado-en-placa\/#primaryimage"},"image":{"@id":"https:\/\/www.consigel.com\/ca\/producte\/cochinillo-confitado-deshuesado-en-placa\/#primaryimage"},"thumbnailUrl":"https:\/\/www.consigel.com\/wp-content\/uploads\/2013\/10\/EXQUISITARIUM_2154_Cochinillo_Confitado_Deshuesado_2-removebg-preview.png","datePublished":"2013-10-05T22:34:28+00:00","dateModified":"2024-10-17T15:03:11+00:00","breadcrumb":{"@id":"https:\/\/www.consigel.com\/ca\/producte\/cochinillo-confitado-deshuesado-en-placa\/#breadcrumb"},"inLanguage":"ca","potentialAction":[{"@type":"ReadAction","target":["https:\/\/www.consigel.com\/ca\/producte\/cochinillo-confitado-deshuesado-en-placa\/"]}]},{"@type":"ImageObject","inLanguage":"ca","@id":"https:\/\/www.consigel.com\/ca\/producte\/cochinillo-confitado-deshuesado-en-placa\/#primaryimage","url":"https:\/\/www.consigel.com\/wp-content\/uploads\/2013\/10\/EXQUISITARIUM_2154_Cochinillo_Confitado_Deshuesado_2-removebg-preview.png","contentUrl":"https:\/\/www.consigel.com\/wp-content\/uploads\/2013\/10\/EXQUISITARIUM_2154_Cochinillo_Confitado_Deshuesado_2-removebg-preview.png","width":711,"height":351},{"@type":"BreadcrumbList","@id":"https:\/\/www.consigel.com\/ca\/producte\/cochinillo-confitado-deshuesado-en-placa\/#breadcrumb","itemListElement":[{"@type":"ListItem","position":1,"name":"Portada","item":"https:\/\/www.consigel.com\/ca\/"},{"@type":"ListItem","position":2,"name":"Shop","item":"https:\/\/www.consigel.com\/ca\/shop\/"},{"@type":"ListItem","position":3,"name":"Garr\u00ed confitat desossat en placa"}]},{"@type":"WebSite","@id":"https:\/\/www.consigel.com\/ca\/#website","url":"https:\/\/www.consigel.com\/ca\/","name":"Consigel","description":"","potentialAction":[{"@type":"SearchAction","target":{"@type":"EntryPoint","urlTemplate":"https:\/\/www.consigel.com\/ca\/?s={search_term_string}"},"query-input":"required name=search_term_string"}],"inLanguage":"ca"}]}},"_links":{"self":[{"href":"https:\/\/www.consigel.com\/ca\/wp-json\/wp\/v2\/product\/651","targetHints":{"allow":["GET"]}}],"collection":[{"href":"https:\/\/www.consigel.com\/ca\/wp-json\/wp\/v2\/product"}],"about":[{"href":"https:\/\/www.consigel.com\/ca\/wp-json\/wp\/v2\/types\/product"}],"replies":[{"embeddable":true,"href":"https:\/\/www.consigel.com\/ca\/wp-json\/wp\/v2\/comments?post=651"}],"wp:featuredmedia":[{"embeddable":true,"href":"https:\/\/www.consigel.com\/ca\/wp-json\/wp\/v2\/media\/5111"}],"wp:attachment":[{"href":"https:\/\/www.consigel.com\/ca\/wp-json\/wp\/v2\/media?parent=651"}],"wp:term":[{"taxonomy":"product_cat","embeddable":true,"href":"https:\/\/www.consigel.com\/ca\/wp-json\/wp\/v2\/product_cat?post=651"},{"taxonomy":"product_tag","embeddable":true,"href":"https:\/\/www.consigel.com\/ca\/wp-json\/wp\/v2\/product_tag?post=651"}],"curies":[{"name":"wp","href":"https:\/\/api.w.org\/{rel}","templated":true}]}}