{"id":648,"date":"2013-10-05T22:34:28","date_gmt":"2013-10-05T22:34:28","guid":{"rendered":"http:\/\/www.consigel.com\/product\/codillo-de-cerdo\/"},"modified":"2024-11-14T08:52:16","modified_gmt":"2024-11-14T08:52:16","slug":"codillo-de-cerdo","status":"publish","type":"product","link":"https:\/\/www.consigel.com\/ca\/producte\/codillo-de-cerdo\/","title":{"rendered":"Garr\u00f3 de porc"},"content":{"rendered":"<p><strong>CARACTER\u00cdSTIQUES<\/strong><br \/>\nGarr\u00f3 de porc, sal iodada, sucre, esp\u00e8cies, oli vegetal. La carn del garr\u00f3 t\u00e9 abundant greix i un sabor intens. Presenta un color daurat. S&#8217;ha sotm\u00e8s a una llarga cocci\u00f3 i es presenta llest per escalfar i consumir.<\/p>\n<p><strong>UTILITATS<\/strong><br \/>\nEn general, els garrons de porc segueixen llargues coccions en guisats, estofats o rostit al forn. Tamb\u00e9 es venen fumat. En aquest cas, nom\u00e9s cal escalfar-lo seguint les indicacions de l&#8217;etiqueta al forn o al microones.<\/p>\n","protected":false},"excerpt":{"rendered":"<p>CARACTER\u00cdSTIQUES Garr\u00f3 de porc, sal iodada, sucre, esp\u00e8cies, oli vegetal. La carn del garr\u00f3 t\u00e9 abundant greix i un sabor intens. Presenta un color daurat. S&#8217;ha sotm\u00e8s a una llarga cocci\u00f3 i es presenta llest per escalfar i consumir. UTILITATS En general, els garrons de porc segueixen llargues coccions en guisats, estofats o rostit al [&#8230;]\n","protected":false},"featured_media":5176,"comment_status":"open","ping_status":"closed","template":"","meta":[],"product_cat":[306,18,64],"product_tag":[],"class_list":{"0":"post-648","1":"product","2":"type-product","3":"status-publish","4":"has-post-thumbnail","6":"product_cat-carn-ca","7":"product_cat-gastronomia","8":"product_cat-segons","10":"first","11":"outofstock","12":"shipping-taxable","13":"product-type-simple"},"yoast_head":"<!-- This site is optimized with the Yoast SEO plugin v23.3 - https:\/\/yoast.com\/wordpress\/plugins\/seo\/ -->\n<title>Garr\u00f3 de porc - Consigel<\/title>\n<meta name=\"robots\" content=\"index, follow, max-snippet:-1, max-image-preview:large, max-video-preview:-1\" \/>\n<link rel=\"canonical\" href=\"https:\/\/www.consigel.com\/ca\/producte\/codillo-de-cerdo\/\" \/>\n<meta property=\"og:locale\" content=\"ca_ES\" \/>\n<meta property=\"og:type\" content=\"article\" \/>\n<meta property=\"og:title\" content=\"Garr\u00f3 de porc - Consigel\" \/>\n<meta property=\"og:description\" content=\"CARACTER\u00cdSTIQUES Garr\u00f3 de porc, sal iodada, sucre, esp\u00e8cies, oli vegetal. La carn del garr\u00f3 t\u00e9 abundant greix i un sabor intens. Presenta un color daurat. S&#8217;ha sotm\u00e8s a una llarga cocci\u00f3 i es presenta llest per escalfar i consumir. UTILITATS En general, els garrons de porc segueixen llargues coccions en guisats, estofats o rostit al [...]\" \/>\n<meta property=\"og:url\" content=\"https:\/\/www.consigel.com\/ca\/producte\/codillo-de-cerdo\/\" \/>\n<meta property=\"og:site_name\" content=\"Consigel\" \/>\n<meta property=\"article:modified_time\" content=\"2024-11-14T08:52:16+00:00\" \/>\n<meta property=\"og:image\" content=\"https:\/\/www.consigel.com\/wp-content\/uploads\/2013\/10\/3bfa5a7e41ccb228078a88e28d2b13ec-removebg-preview-1.png\" \/>\n\t<meta property=\"og:image:width\" content=\"577\" \/>\n\t<meta property=\"og:image:height\" content=\"433\" \/>\n\t<meta property=\"og:image:type\" content=\"image\/png\" \/>\n<meta name=\"twitter:card\" content=\"summary_large_image\" \/>\n<meta name=\"twitter:label1\" content=\"Temps estimat de lectura\" \/>\n\t<meta name=\"twitter:data1\" content=\"1 minut\" \/>\n<script type=\"application\/ld+json\" class=\"yoast-schema-graph\">{\"@context\":\"https:\/\/schema.org\",\"@graph\":[{\"@type\":\"WebPage\",\"@id\":\"https:\/\/www.consigel.com\/ca\/producte\/codillo-de-cerdo\/\",\"url\":\"https:\/\/www.consigel.com\/ca\/producte\/codillo-de-cerdo\/\",\"name\":\"Garr\u00f3 de porc - Consigel\",\"isPartOf\":{\"@id\":\"https:\/\/www.consigel.com\/ca\/#website\"},\"primaryImageOfPage\":{\"@id\":\"https:\/\/www.consigel.com\/ca\/producte\/codillo-de-cerdo\/#primaryimage\"},\"image\":{\"@id\":\"https:\/\/www.consigel.com\/ca\/producte\/codillo-de-cerdo\/#primaryimage\"},\"thumbnailUrl\":\"https:\/\/www.consigel.com\/wp-content\/uploads\/2013\/10\/3bfa5a7e41ccb228078a88e28d2b13ec-removebg-preview-1.png\",\"datePublished\":\"2013-10-05T22:34:28+00:00\",\"dateModified\":\"2024-11-14T08:52:16+00:00\",\"breadcrumb\":{\"@id\":\"https:\/\/www.consigel.com\/ca\/producte\/codillo-de-cerdo\/#breadcrumb\"},\"inLanguage\":\"ca\",\"potentialAction\":[{\"@type\":\"ReadAction\",\"target\":[\"https:\/\/www.consigel.com\/ca\/producte\/codillo-de-cerdo\/\"]}]},{\"@type\":\"ImageObject\",\"inLanguage\":\"ca\",\"@id\":\"https:\/\/www.consigel.com\/ca\/producte\/codillo-de-cerdo\/#primaryimage\",\"url\":\"https:\/\/www.consigel.com\/wp-content\/uploads\/2013\/10\/3bfa5a7e41ccb228078a88e28d2b13ec-removebg-preview-1.png\",\"contentUrl\":\"https:\/\/www.consigel.com\/wp-content\/uploads\/2013\/10\/3bfa5a7e41ccb228078a88e28d2b13ec-removebg-preview-1.png\",\"width\":577,\"height\":433},{\"@type\":\"BreadcrumbList\",\"@id\":\"https:\/\/www.consigel.com\/ca\/producte\/codillo-de-cerdo\/#breadcrumb\",\"itemListElement\":[{\"@type\":\"ListItem\",\"position\":1,\"name\":\"Portada\",\"item\":\"https:\/\/www.consigel.com\/ca\/\"},{\"@type\":\"ListItem\",\"position\":2,\"name\":\"Shop\",\"item\":\"https:\/\/www.consigel.com\/ca\/shop\/\"},{\"@type\":\"ListItem\",\"position\":3,\"name\":\"Garr\u00f3 de porc\"}]},{\"@type\":\"WebSite\",\"@id\":\"https:\/\/www.consigel.com\/ca\/#website\",\"url\":\"https:\/\/www.consigel.com\/ca\/\",\"name\":\"Consigel\",\"description\":\"\",\"potentialAction\":[{\"@type\":\"SearchAction\",\"target\":{\"@type\":\"EntryPoint\",\"urlTemplate\":\"https:\/\/www.consigel.com\/ca\/?s={search_term_string}\"},\"query-input\":\"required name=search_term_string\"}],\"inLanguage\":\"ca\"}]}<\/script>\n<!-- \/ Yoast SEO plugin. -->","yoast_head_json":{"title":"Garr\u00f3 de porc - Consigel","robots":{"index":"index","follow":"follow","max-snippet":"max-snippet:-1","max-image-preview":"max-image-preview:large","max-video-preview":"max-video-preview:-1"},"canonical":"https:\/\/www.consigel.com\/ca\/producte\/codillo-de-cerdo\/","og_locale":"ca_ES","og_type":"article","og_title":"Garr\u00f3 de porc - Consigel","og_description":"CARACTER\u00cdSTIQUES Garr\u00f3 de porc, sal iodada, sucre, esp\u00e8cies, oli vegetal. La carn del garr\u00f3 t\u00e9 abundant greix i un sabor intens. Presenta un color daurat. S&#8217;ha sotm\u00e8s a una llarga cocci\u00f3 i es presenta llest per escalfar i consumir. UTILITATS En general, els garrons de porc segueixen llargues coccions en guisats, estofats o rostit al [...]","og_url":"https:\/\/www.consigel.com\/ca\/producte\/codillo-de-cerdo\/","og_site_name":"Consigel","article_modified_time":"2024-11-14T08:52:16+00:00","og_image":[{"width":577,"height":433,"url":"https:\/\/www.consigel.com\/wp-content\/uploads\/2013\/10\/3bfa5a7e41ccb228078a88e28d2b13ec-removebg-preview-1.png","type":"image\/png"}],"twitter_card":"summary_large_image","twitter_misc":{"Temps estimat de lectura":"1 minut"},"schema":{"@context":"https:\/\/schema.org","@graph":[{"@type":"WebPage","@id":"https:\/\/www.consigel.com\/ca\/producte\/codillo-de-cerdo\/","url":"https:\/\/www.consigel.com\/ca\/producte\/codillo-de-cerdo\/","name":"Garr\u00f3 de porc - Consigel","isPartOf":{"@id":"https:\/\/www.consigel.com\/ca\/#website"},"primaryImageOfPage":{"@id":"https:\/\/www.consigel.com\/ca\/producte\/codillo-de-cerdo\/#primaryimage"},"image":{"@id":"https:\/\/www.consigel.com\/ca\/producte\/codillo-de-cerdo\/#primaryimage"},"thumbnailUrl":"https:\/\/www.consigel.com\/wp-content\/uploads\/2013\/10\/3bfa5a7e41ccb228078a88e28d2b13ec-removebg-preview-1.png","datePublished":"2013-10-05T22:34:28+00:00","dateModified":"2024-11-14T08:52:16+00:00","breadcrumb":{"@id":"https:\/\/www.consigel.com\/ca\/producte\/codillo-de-cerdo\/#breadcrumb"},"inLanguage":"ca","potentialAction":[{"@type":"ReadAction","target":["https:\/\/www.consigel.com\/ca\/producte\/codillo-de-cerdo\/"]}]},{"@type":"ImageObject","inLanguage":"ca","@id":"https:\/\/www.consigel.com\/ca\/producte\/codillo-de-cerdo\/#primaryimage","url":"https:\/\/www.consigel.com\/wp-content\/uploads\/2013\/10\/3bfa5a7e41ccb228078a88e28d2b13ec-removebg-preview-1.png","contentUrl":"https:\/\/www.consigel.com\/wp-content\/uploads\/2013\/10\/3bfa5a7e41ccb228078a88e28d2b13ec-removebg-preview-1.png","width":577,"height":433},{"@type":"BreadcrumbList","@id":"https:\/\/www.consigel.com\/ca\/producte\/codillo-de-cerdo\/#breadcrumb","itemListElement":[{"@type":"ListItem","position":1,"name":"Portada","item":"https:\/\/www.consigel.com\/ca\/"},{"@type":"ListItem","position":2,"name":"Shop","item":"https:\/\/www.consigel.com\/ca\/shop\/"},{"@type":"ListItem","position":3,"name":"Garr\u00f3 de porc"}]},{"@type":"WebSite","@id":"https:\/\/www.consigel.com\/ca\/#website","url":"https:\/\/www.consigel.com\/ca\/","name":"Consigel","description":"","potentialAction":[{"@type":"SearchAction","target":{"@type":"EntryPoint","urlTemplate":"https:\/\/www.consigel.com\/ca\/?s={search_term_string}"},"query-input":"required name=search_term_string"}],"inLanguage":"ca"}]}},"_links":{"self":[{"href":"https:\/\/www.consigel.com\/ca\/wp-json\/wp\/v2\/product\/648","targetHints":{"allow":["GET"]}}],"collection":[{"href":"https:\/\/www.consigel.com\/ca\/wp-json\/wp\/v2\/product"}],"about":[{"href":"https:\/\/www.consigel.com\/ca\/wp-json\/wp\/v2\/types\/product"}],"replies":[{"embeddable":true,"href":"https:\/\/www.consigel.com\/ca\/wp-json\/wp\/v2\/comments?post=648"}],"wp:featuredmedia":[{"embeddable":true,"href":"https:\/\/www.consigel.com\/ca\/wp-json\/wp\/v2\/media\/5176"}],"wp:attachment":[{"href":"https:\/\/www.consigel.com\/ca\/wp-json\/wp\/v2\/media?parent=648"}],"wp:term":[{"taxonomy":"product_cat","embeddable":true,"href":"https:\/\/www.consigel.com\/ca\/wp-json\/wp\/v2\/product_cat?post=648"},{"taxonomy":"product_tag","embeddable":true,"href":"https:\/\/www.consigel.com\/ca\/wp-json\/wp\/v2\/product_tag?post=648"}],"curies":[{"name":"wp","href":"https:\/\/api.w.org\/{rel}","templated":true}]}}