{"id":634,"date":"2013-10-05T22:34:28","date_gmt":"2013-10-05T22:34:28","guid":{"rendered":"http:\/\/www.consigel.com\/product\/luis-canas-reserva-de-la-familia\/"},"modified":"2013-10-05T22:34:28","modified_gmt":"2013-10-05T22:34:28","slug":"luis-canas-reserva-de-la-familia","status":"publish","type":"product","link":"https:\/\/www.consigel.com\/ca\/producte\/luis-canas-reserva-de-la-familia\/","title":{"rendered":"Luis Ca\u00f1as Reserva de la fam\u00edlia"},"content":{"rendered":"<p>Los vinos que se destinan al Reserva de la Familia proceden de una selecci\u00f3n de vi\u00f1edos viejos, aquellos que re\u00fanen una serie de caracter\u00edsticas como son una buena orientaci\u00f3n, una buena exposici\u00f3n solar y un suelo poco f\u00e9rtil que asegura una baja producci\u00f3n.<\/p>\n<p> La edad m\u00ednima del vi\u00f1edo es de 45 a\u00f1os.<\/p>\n<h2>Envejecimiento<\/h2>\n<p>20 meses en barricas nuevas.<br \/> Tipo de roble: 50% franc\u00e9s, 50% americano.<br \/> Procede de una selecci\u00f3n de vi\u00f1edos viejos con un suelo poco f\u00e9rtil que asegura una baja producci\u00f3n de racimos (entre 4500 y 5500 Kg. por hect\u00e1rea).<\/p>\n","protected":false},"excerpt":{"rendered":"<p><span style=\"text-align: justify; color: #888888; text-transform: none; text-indent: 0px; letter-spacing: normal; font-family: 'PT Sans', sans-serif; font-size: 14.4px; font-style: normal; font-weight: 400; word-spacing: 0px; float: none; display: inline !important; white-space: normal; orphans: 2; widows: 2; background-color: #ffffff; font-variant-ligatures: normal; font-variant-caps: normal; -webkit-text-stroke-width: 0px; text-decoration-style: initial; text-decoration-color: initial;\">85% Tempranillo, 15% Otras.<\/span><br style=\"margin: 0px; padding: 0px; text-align: justify; color: #888888; text-transform: none; text-indent: 0px; letter-spacing: normal; font-family: 'PT Sans', sans-serif; font-size: 14.4px; font-style: normal; font-weight: 400; word-spacing: 0px; white-space: normal; box-sizing: border-box; orphans: 2; widows: 2; background-color: #ffffff; font-variant-ligatures: normal; font-variant-caps: normal; -webkit-text-stroke-width: 0px; text-decoration-style: initial; text-decoration-color: initial;\" \/><span style=\"text-align: justify; color: #888888; text-transform: none; text-indent: 0px; letter-spacing: normal; font-family: 'PT Sans', sans-serif; font-size: 14.4px; font-style: normal; font-weight: 400; word-spacing: 0px; float: none; display: inline !important; white-space: normal; orphans: 2; widows: 2; background-color: #ffffff; font-variant-ligatures: normal; font-variant-caps: normal; -webkit-text-stroke-width: 0px; text-decoration-style: initial; text-decoration-color: initial;\">Edad del vi\u00f1edo: m\u00e1s de 45 a\u00f1os.<\/span><\/p>\n","protected":false},"featured_media":633,"comment_status":"open","ping_status":"closed","template":"","meta":[],"product_cat":[105,33,19],"product_tag":[],"class_list":{"0":"post-634","1":"product","2":"type-product","3":"status-publish","4":"has-post-thumbnail","6":"product_cat-bodegas-luis-canas","7":"product_cat-do-rioja","8":"product_cat-vinos-y-licores","10":"first","11":"outofstock","12":"shipping-taxable","13":"product-type-simple"},"yoast_head":"<!-- This site is optimized with the Yoast SEO plugin v23.3 - https:\/\/yoast.com\/wordpress\/plugins\/seo\/ -->\n<title>Luis Ca\u00f1as Reserva de la fam\u00edlia - Consigel<\/title>\n<meta name=\"robots\" content=\"index, follow, max-snippet:-1, max-image-preview:large, max-video-preview:-1\" \/>\n<link rel=\"canonical\" href=\"https:\/\/www.consigel.com\/ca\/producte\/luis-canas-reserva-de-la-familia\/\" \/>\n<meta property=\"og:locale\" content=\"ca_ES\" \/>\n<meta property=\"og:type\" content=\"article\" \/>\n<meta property=\"og:title\" content=\"Luis Ca\u00f1as Reserva de la fam\u00edlia - Consigel\" \/>\n<meta property=\"og:description\" content=\"85% Tempranillo, 15% Otras.Edad del vi\u00f1edo: m\u00e1s de 45 a\u00f1os.\" \/>\n<meta property=\"og:url\" content=\"https:\/\/www.consigel.com\/ca\/producte\/luis-canas-reserva-de-la-familia\/\" \/>\n<meta property=\"og:site_name\" content=\"Consigel\" \/>\n<meta property=\"og:image\" content=\"https:\/\/www.consigel.com\/wp-content\/uploads\/2013\/10\/1160-thickbox_default-Luis-Canas-Reserva-de-la-familia.jpg\" \/>\n\t<meta property=\"og:image:width\" content=\"1200\" \/>\n\t<meta property=\"og:image:height\" content=\"1200\" \/>\n\t<meta property=\"og:image:type\" content=\"image\/jpeg\" \/>\n<meta name=\"twitter:card\" content=\"summary_large_image\" \/>\n<meta name=\"twitter:label1\" content=\"Temps estimat de lectura\" \/>\n\t<meta name=\"twitter:data1\" content=\"1 minut\" \/>\n<script type=\"application\/ld+json\" class=\"yoast-schema-graph\">{\"@context\":\"https:\/\/schema.org\",\"@graph\":[{\"@type\":\"WebPage\",\"@id\":\"https:\/\/www.consigel.com\/ca\/producte\/luis-canas-reserva-de-la-familia\/\",\"url\":\"https:\/\/www.consigel.com\/ca\/producte\/luis-canas-reserva-de-la-familia\/\",\"name\":\"Luis Ca\u00f1as Reserva de la fam\u00edlia - Consigel\",\"isPartOf\":{\"@id\":\"https:\/\/www.consigel.com\/ca\/#website\"},\"primaryImageOfPage\":{\"@id\":\"https:\/\/www.consigel.com\/ca\/producte\/luis-canas-reserva-de-la-familia\/#primaryimage\"},\"image\":{\"@id\":\"https:\/\/www.consigel.com\/ca\/producte\/luis-canas-reserva-de-la-familia\/#primaryimage\"},\"thumbnailUrl\":\"https:\/\/www.consigel.com\/wp-content\/uploads\/2013\/10\/1160-thickbox_default-Luis-Canas-Reserva-de-la-familia.jpg\",\"datePublished\":\"2013-10-05T22:34:28+00:00\",\"dateModified\":\"2013-10-05T22:34:28+00:00\",\"breadcrumb\":{\"@id\":\"https:\/\/www.consigel.com\/ca\/producte\/luis-canas-reserva-de-la-familia\/#breadcrumb\"},\"inLanguage\":\"ca\",\"potentialAction\":[{\"@type\":\"ReadAction\",\"target\":[\"https:\/\/www.consigel.com\/ca\/producte\/luis-canas-reserva-de-la-familia\/\"]}]},{\"@type\":\"ImageObject\",\"inLanguage\":\"ca\",\"@id\":\"https:\/\/www.consigel.com\/ca\/producte\/luis-canas-reserva-de-la-familia\/#primaryimage\",\"url\":\"https:\/\/www.consigel.com\/wp-content\/uploads\/2013\/10\/1160-thickbox_default-Luis-Canas-Reserva-de-la-familia.jpg\",\"contentUrl\":\"https:\/\/www.consigel.com\/wp-content\/uploads\/2013\/10\/1160-thickbox_default-Luis-Canas-Reserva-de-la-familia.jpg\",\"width\":1200,\"height\":1200,\"caption\":\"Luis Ca\u00f1as Reserva de la fam\u00edlia\"},{\"@type\":\"BreadcrumbList\",\"@id\":\"https:\/\/www.consigel.com\/ca\/producte\/luis-canas-reserva-de-la-familia\/#breadcrumb\",\"itemListElement\":[{\"@type\":\"ListItem\",\"position\":1,\"name\":\"Portada\",\"item\":\"https:\/\/www.consigel.com\/ca\/\"},{\"@type\":\"ListItem\",\"position\":2,\"name\":\"Shop\",\"item\":\"https:\/\/www.consigel.com\/ca\/shop\/\"},{\"@type\":\"ListItem\",\"position\":3,\"name\":\"Luis Ca\u00f1as Reserva de la fam\u00edlia\"}]},{\"@type\":\"WebSite\",\"@id\":\"https:\/\/www.consigel.com\/ca\/#website\",\"url\":\"https:\/\/www.consigel.com\/ca\/\",\"name\":\"Consigel\",\"description\":\"\",\"potentialAction\":[{\"@type\":\"SearchAction\",\"target\":{\"@type\":\"EntryPoint\",\"urlTemplate\":\"https:\/\/www.consigel.com\/ca\/?s={search_term_string}\"},\"query-input\":\"required name=search_term_string\"}],\"inLanguage\":\"ca\"}]}<\/script>\n<!-- \/ Yoast SEO plugin. -->","yoast_head_json":{"title":"Luis Ca\u00f1as Reserva de la fam\u00edlia - Consigel","robots":{"index":"index","follow":"follow","max-snippet":"max-snippet:-1","max-image-preview":"max-image-preview:large","max-video-preview":"max-video-preview:-1"},"canonical":"https:\/\/www.consigel.com\/ca\/producte\/luis-canas-reserva-de-la-familia\/","og_locale":"ca_ES","og_type":"article","og_title":"Luis Ca\u00f1as Reserva de la fam\u00edlia - Consigel","og_description":"85% Tempranillo, 15% Otras.Edad del vi\u00f1edo: m\u00e1s de 45 a\u00f1os.","og_url":"https:\/\/www.consigel.com\/ca\/producte\/luis-canas-reserva-de-la-familia\/","og_site_name":"Consigel","og_image":[{"width":1200,"height":1200,"url":"https:\/\/www.consigel.com\/wp-content\/uploads\/2013\/10\/1160-thickbox_default-Luis-Canas-Reserva-de-la-familia.jpg","type":"image\/jpeg"}],"twitter_card":"summary_large_image","twitter_misc":{"Temps estimat de lectura":"1 minut"},"schema":{"@context":"https:\/\/schema.org","@graph":[{"@type":"WebPage","@id":"https:\/\/www.consigel.com\/ca\/producte\/luis-canas-reserva-de-la-familia\/","url":"https:\/\/www.consigel.com\/ca\/producte\/luis-canas-reserva-de-la-familia\/","name":"Luis Ca\u00f1as Reserva de la fam\u00edlia - Consigel","isPartOf":{"@id":"https:\/\/www.consigel.com\/ca\/#website"},"primaryImageOfPage":{"@id":"https:\/\/www.consigel.com\/ca\/producte\/luis-canas-reserva-de-la-familia\/#primaryimage"},"image":{"@id":"https:\/\/www.consigel.com\/ca\/producte\/luis-canas-reserva-de-la-familia\/#primaryimage"},"thumbnailUrl":"https:\/\/www.consigel.com\/wp-content\/uploads\/2013\/10\/1160-thickbox_default-Luis-Canas-Reserva-de-la-familia.jpg","datePublished":"2013-10-05T22:34:28+00:00","dateModified":"2013-10-05T22:34:28+00:00","breadcrumb":{"@id":"https:\/\/www.consigel.com\/ca\/producte\/luis-canas-reserva-de-la-familia\/#breadcrumb"},"inLanguage":"ca","potentialAction":[{"@type":"ReadAction","target":["https:\/\/www.consigel.com\/ca\/producte\/luis-canas-reserva-de-la-familia\/"]}]},{"@type":"ImageObject","inLanguage":"ca","@id":"https:\/\/www.consigel.com\/ca\/producte\/luis-canas-reserva-de-la-familia\/#primaryimage","url":"https:\/\/www.consigel.com\/wp-content\/uploads\/2013\/10\/1160-thickbox_default-Luis-Canas-Reserva-de-la-familia.jpg","contentUrl":"https:\/\/www.consigel.com\/wp-content\/uploads\/2013\/10\/1160-thickbox_default-Luis-Canas-Reserva-de-la-familia.jpg","width":1200,"height":1200,"caption":"Luis Ca\u00f1as Reserva de la fam\u00edlia"},{"@type":"BreadcrumbList","@id":"https:\/\/www.consigel.com\/ca\/producte\/luis-canas-reserva-de-la-familia\/#breadcrumb","itemListElement":[{"@type":"ListItem","position":1,"name":"Portada","item":"https:\/\/www.consigel.com\/ca\/"},{"@type":"ListItem","position":2,"name":"Shop","item":"https:\/\/www.consigel.com\/ca\/shop\/"},{"@type":"ListItem","position":3,"name":"Luis Ca\u00f1as Reserva de la fam\u00edlia"}]},{"@type":"WebSite","@id":"https:\/\/www.consigel.com\/ca\/#website","url":"https:\/\/www.consigel.com\/ca\/","name":"Consigel","description":"","potentialAction":[{"@type":"SearchAction","target":{"@type":"EntryPoint","urlTemplate":"https:\/\/www.consigel.com\/ca\/?s={search_term_string}"},"query-input":"required name=search_term_string"}],"inLanguage":"ca"}]}},"_links":{"self":[{"href":"https:\/\/www.consigel.com\/ca\/wp-json\/wp\/v2\/product\/634","targetHints":{"allow":["GET"]}}],"collection":[{"href":"https:\/\/www.consigel.com\/ca\/wp-json\/wp\/v2\/product"}],"about":[{"href":"https:\/\/www.consigel.com\/ca\/wp-json\/wp\/v2\/types\/product"}],"replies":[{"embeddable":true,"href":"https:\/\/www.consigel.com\/ca\/wp-json\/wp\/v2\/comments?post=634"}],"wp:featuredmedia":[{"embeddable":true,"href":"https:\/\/www.consigel.com\/ca\/wp-json\/wp\/v2\/media\/633"}],"wp:attachment":[{"href":"https:\/\/www.consigel.com\/ca\/wp-json\/wp\/v2\/media?parent=634"}],"wp:term":[{"taxonomy":"product_cat","embeddable":true,"href":"https:\/\/www.consigel.com\/ca\/wp-json\/wp\/v2\/product_cat?post=634"},{"taxonomy":"product_tag","embeddable":true,"href":"https:\/\/www.consigel.com\/ca\/wp-json\/wp\/v2\/product_tag?post=634"}],"curies":[{"name":"wp","href":"https:\/\/api.w.org\/{rel}","templated":true}]}}