{"id":5256,"date":"2025-04-02T13:33:23","date_gmt":"2025-04-02T13:33:23","guid":{"rendered":"https:\/\/www.consigel.com\/producte\/txuleta-con-tapa-y-sin-rosario\/"},"modified":"2025-04-02T14:58:35","modified_gmt":"2025-04-02T14:58:35","slug":"txuleta-con-tapa-y-sin-rosario","status":"publish","type":"product","link":"https:\/\/www.consigel.com\/ca\/producte\/txuleta-con-tapa-y-sin-rosario\/","title":{"rendered":"Txuleta amb tapa i sense rosari + 35 dies"},"content":{"rendered":"<p class=\"\" data-start=\"44\" data-end=\"105\"><strong data-start=\"44\" data-end=\"103\">Su<\/strong><strong data-start=\"42\" data-end=\"101\">matura: Carn de Vedella Madurada de Qualitat Superior<\/strong><\/p>\n<p class=\"\" data-start=\"105\" data-end=\"697\">Treballem amb races seleccionades de vaques lleteres, com la Parda Danesa, Holstein i Frisona, animals que han crescut a un ritme lent, sense \u00fas d&#8217;antibi\u00f2tics, i que han tingut una vida de producci\u00f3 de llet d&#8217;entre 4 i 5 anys.<br data-start=\"331\" data-end=\"334\" \/>Quan la producci\u00f3 de llet d\u2019aquestes vaques disminueix, s\u00f3n alimentades de forma natural a l\u2019aire lliure durant un per\u00edode d\u20191 a 1,5 anys.<br data-start=\"472\" data-end=\"475\" \/>A partir d&#8217;aqu\u00ed, seleccionem animals d\u2019entre 370 i 400 kg, obtenint costelles d&#8217;uns 25 a 30 kg, classificades amb Grau AA per la seva alta infiltraci\u00f3 i vetes de greix (marmoleig), que asseguren una qualitat excepcional.<\/p>\n<p class=\"\" data-start=\"699\" data-end=\"837\">La maduraci\u00f3 es realitza en sec, en horitzontal, durant un per\u00edode d\u2019entre 30 i 45 dies, amb una temperatura d\u20191 \u00baC i un 70 % d\u2019humitat.<\/p>\n<p class=\"\" data-start=\"839\" data-end=\"1051\">Oferim un producte final amb diferents opcions de presentaci\u00f3: costelles individuals, entrecots amb o sense os, envasats al buit o, si es prefereix, en peces senceres per adaptar-se a la demanda del consumidor.<\/p>\n","protected":false},"excerpt":{"rendered":"<p>Sumatura: Carn de Vedella Madurada de Qualitat Superior Treballem amb races seleccionades de vaques lleteres, com la Parda Danesa, Holstein i Frisona, animals que han crescut a un ritme lent, sense \u00fas d&#8217;antibi\u00f2tics, i que han tingut una vida de producci\u00f3 de llet d&#8217;entre 4 i 5 anys.Quan la producci\u00f3 de llet d\u2019aquestes vaques disminueix, [&#8230;]\n","protected":false},"featured_media":5255,"comment_status":"open","ping_status":"closed","template":"","meta":[],"product_cat":[334],"product_tag":[],"class_list":{"0":"post-5256","1":"product","2":"type-product","3":"status-publish","4":"has-post-thumbnail","6":"product_cat-carns-ca","8":"first","9":"instock","10":"shipping-taxable","11":"product-type-simple"},"yoast_head":"<!-- This site is optimized with the Yoast SEO plugin v23.3 - https:\/\/yoast.com\/wordpress\/plugins\/seo\/ -->\n<title>Txuleta amb tapa i sense rosari + 35 dies - Consigel<\/title>\n<meta name=\"robots\" content=\"index, follow, max-snippet:-1, max-image-preview:large, max-video-preview:-1\" \/>\n<link rel=\"canonical\" href=\"https:\/\/www.consigel.com\/ca\/producte\/txuleta-con-tapa-y-sin-rosario\/\" \/>\n<meta property=\"og:locale\" content=\"ca_ES\" \/>\n<meta property=\"og:type\" content=\"article\" \/>\n<meta property=\"og:title\" content=\"Txuleta amb tapa i sense rosari + 35 dies - Consigel\" \/>\n<meta property=\"og:description\" content=\"Sumatura: Carn de Vedella Madurada de Qualitat Superior Treballem amb races seleccionades de vaques lleteres, com la Parda Danesa, Holstein i Frisona, animals que han crescut a un ritme lent, sense \u00fas d&#8217;antibi\u00f2tics, i que han tingut una vida de producci\u00f3 de llet d&#8217;entre 4 i 5 anys.Quan la producci\u00f3 de llet d\u2019aquestes vaques disminueix, [...]\" \/>\n<meta property=\"og:url\" content=\"https:\/\/www.consigel.com\/ca\/producte\/txuleta-con-tapa-y-sin-rosario\/\" \/>\n<meta property=\"og:site_name\" content=\"Consigel\" \/>\n<meta property=\"article:modified_time\" content=\"2025-04-02T14:58:35+00:00\" \/>\n<meta property=\"og:image\" content=\"https:\/\/www.consigel.com\/wp-content\/uploads\/2025\/04\/088030_CHULETON_PALO_CON_TAPA_SUMMATURA_copia-removebg-preview-2.png\" \/>\n\t<meta property=\"og:image:width\" content=\"477\" \/>\n\t<meta property=\"og:image:height\" content=\"523\" \/>\n\t<meta property=\"og:image:type\" content=\"image\/png\" \/>\n<meta name=\"twitter:card\" content=\"summary_large_image\" \/>\n<meta name=\"twitter:label1\" content=\"Temps estimat de lectura\" \/>\n\t<meta name=\"twitter:data1\" content=\"1 minut\" \/>\n<script type=\"application\/ld+json\" class=\"yoast-schema-graph\">{\"@context\":\"https:\/\/schema.org\",\"@graph\":[{\"@type\":\"WebPage\",\"@id\":\"https:\/\/www.consigel.com\/ca\/producte\/txuleta-con-tapa-y-sin-rosario\/\",\"url\":\"https:\/\/www.consigel.com\/ca\/producte\/txuleta-con-tapa-y-sin-rosario\/\",\"name\":\"Txuleta amb tapa i sense rosari + 35 dies - Consigel\",\"isPartOf\":{\"@id\":\"https:\/\/www.consigel.com\/ca\/#website\"},\"primaryImageOfPage\":{\"@id\":\"https:\/\/www.consigel.com\/ca\/producte\/txuleta-con-tapa-y-sin-rosario\/#primaryimage\"},\"image\":{\"@id\":\"https:\/\/www.consigel.com\/ca\/producte\/txuleta-con-tapa-y-sin-rosario\/#primaryimage\"},\"thumbnailUrl\":\"https:\/\/www.consigel.com\/wp-content\/uploads\/2025\/04\/088030_CHULETON_PALO_CON_TAPA_SUMMATURA_copia-removebg-preview-2.png\",\"datePublished\":\"2025-04-02T13:33:23+00:00\",\"dateModified\":\"2025-04-02T14:58:35+00:00\",\"breadcrumb\":{\"@id\":\"https:\/\/www.consigel.com\/ca\/producte\/txuleta-con-tapa-y-sin-rosario\/#breadcrumb\"},\"inLanguage\":\"ca\",\"potentialAction\":[{\"@type\":\"ReadAction\",\"target\":[\"https:\/\/www.consigel.com\/ca\/producte\/txuleta-con-tapa-y-sin-rosario\/\"]}]},{\"@type\":\"ImageObject\",\"inLanguage\":\"ca\",\"@id\":\"https:\/\/www.consigel.com\/ca\/producte\/txuleta-con-tapa-y-sin-rosario\/#primaryimage\",\"url\":\"https:\/\/www.consigel.com\/wp-content\/uploads\/2025\/04\/088030_CHULETON_PALO_CON_TAPA_SUMMATURA_copia-removebg-preview-2.png\",\"contentUrl\":\"https:\/\/www.consigel.com\/wp-content\/uploads\/2025\/04\/088030_CHULETON_PALO_CON_TAPA_SUMMATURA_copia-removebg-preview-2.png\",\"width\":477,\"height\":523},{\"@type\":\"BreadcrumbList\",\"@id\":\"https:\/\/www.consigel.com\/ca\/producte\/txuleta-con-tapa-y-sin-rosario\/#breadcrumb\",\"itemListElement\":[{\"@type\":\"ListItem\",\"position\":1,\"name\":\"Portada\",\"item\":\"https:\/\/www.consigel.com\/ca\/\"},{\"@type\":\"ListItem\",\"position\":2,\"name\":\"Shop\",\"item\":\"https:\/\/www.consigel.com\/ca\/shop\/\"},{\"@type\":\"ListItem\",\"position\":3,\"name\":\"Txuleta amb tapa i sense rosari + 35 dies\"}]},{\"@type\":\"WebSite\",\"@id\":\"https:\/\/www.consigel.com\/ca\/#website\",\"url\":\"https:\/\/www.consigel.com\/ca\/\",\"name\":\"Consigel\",\"description\":\"\",\"potentialAction\":[{\"@type\":\"SearchAction\",\"target\":{\"@type\":\"EntryPoint\",\"urlTemplate\":\"https:\/\/www.consigel.com\/ca\/?s={search_term_string}\"},\"query-input\":\"required name=search_term_string\"}],\"inLanguage\":\"ca\"}]}<\/script>\n<!-- \/ Yoast SEO plugin. -->","yoast_head_json":{"title":"Txuleta amb tapa i sense rosari + 35 dies - Consigel","robots":{"index":"index","follow":"follow","max-snippet":"max-snippet:-1","max-image-preview":"max-image-preview:large","max-video-preview":"max-video-preview:-1"},"canonical":"https:\/\/www.consigel.com\/ca\/producte\/txuleta-con-tapa-y-sin-rosario\/","og_locale":"ca_ES","og_type":"article","og_title":"Txuleta amb tapa i sense rosari + 35 dies - Consigel","og_description":"Sumatura: Carn de Vedella Madurada de Qualitat Superior Treballem amb races seleccionades de vaques lleteres, com la Parda Danesa, Holstein i Frisona, animals que han crescut a un ritme lent, sense \u00fas d&#8217;antibi\u00f2tics, i que han tingut una vida de producci\u00f3 de llet d&#8217;entre 4 i 5 anys.Quan la producci\u00f3 de llet d\u2019aquestes vaques disminueix, [...]","og_url":"https:\/\/www.consigel.com\/ca\/producte\/txuleta-con-tapa-y-sin-rosario\/","og_site_name":"Consigel","article_modified_time":"2025-04-02T14:58:35+00:00","og_image":[{"width":477,"height":523,"url":"https:\/\/www.consigel.com\/wp-content\/uploads\/2025\/04\/088030_CHULETON_PALO_CON_TAPA_SUMMATURA_copia-removebg-preview-2.png","type":"image\/png"}],"twitter_card":"summary_large_image","twitter_misc":{"Temps estimat de lectura":"1 minut"},"schema":{"@context":"https:\/\/schema.org","@graph":[{"@type":"WebPage","@id":"https:\/\/www.consigel.com\/ca\/producte\/txuleta-con-tapa-y-sin-rosario\/","url":"https:\/\/www.consigel.com\/ca\/producte\/txuleta-con-tapa-y-sin-rosario\/","name":"Txuleta amb tapa i sense rosari + 35 dies - Consigel","isPartOf":{"@id":"https:\/\/www.consigel.com\/ca\/#website"},"primaryImageOfPage":{"@id":"https:\/\/www.consigel.com\/ca\/producte\/txuleta-con-tapa-y-sin-rosario\/#primaryimage"},"image":{"@id":"https:\/\/www.consigel.com\/ca\/producte\/txuleta-con-tapa-y-sin-rosario\/#primaryimage"},"thumbnailUrl":"https:\/\/www.consigel.com\/wp-content\/uploads\/2025\/04\/088030_CHULETON_PALO_CON_TAPA_SUMMATURA_copia-removebg-preview-2.png","datePublished":"2025-04-02T13:33:23+00:00","dateModified":"2025-04-02T14:58:35+00:00","breadcrumb":{"@id":"https:\/\/www.consigel.com\/ca\/producte\/txuleta-con-tapa-y-sin-rosario\/#breadcrumb"},"inLanguage":"ca","potentialAction":[{"@type":"ReadAction","target":["https:\/\/www.consigel.com\/ca\/producte\/txuleta-con-tapa-y-sin-rosario\/"]}]},{"@type":"ImageObject","inLanguage":"ca","@id":"https:\/\/www.consigel.com\/ca\/producte\/txuleta-con-tapa-y-sin-rosario\/#primaryimage","url":"https:\/\/www.consigel.com\/wp-content\/uploads\/2025\/04\/088030_CHULETON_PALO_CON_TAPA_SUMMATURA_copia-removebg-preview-2.png","contentUrl":"https:\/\/www.consigel.com\/wp-content\/uploads\/2025\/04\/088030_CHULETON_PALO_CON_TAPA_SUMMATURA_copia-removebg-preview-2.png","width":477,"height":523},{"@type":"BreadcrumbList","@id":"https:\/\/www.consigel.com\/ca\/producte\/txuleta-con-tapa-y-sin-rosario\/#breadcrumb","itemListElement":[{"@type":"ListItem","position":1,"name":"Portada","item":"https:\/\/www.consigel.com\/ca\/"},{"@type":"ListItem","position":2,"name":"Shop","item":"https:\/\/www.consigel.com\/ca\/shop\/"},{"@type":"ListItem","position":3,"name":"Txuleta amb tapa i sense rosari + 35 dies"}]},{"@type":"WebSite","@id":"https:\/\/www.consigel.com\/ca\/#website","url":"https:\/\/www.consigel.com\/ca\/","name":"Consigel","description":"","potentialAction":[{"@type":"SearchAction","target":{"@type":"EntryPoint","urlTemplate":"https:\/\/www.consigel.com\/ca\/?s={search_term_string}"},"query-input":"required name=search_term_string"}],"inLanguage":"ca"}]}},"_links":{"self":[{"href":"https:\/\/www.consigel.com\/ca\/wp-json\/wp\/v2\/product\/5256","targetHints":{"allow":["GET"]}}],"collection":[{"href":"https:\/\/www.consigel.com\/ca\/wp-json\/wp\/v2\/product"}],"about":[{"href":"https:\/\/www.consigel.com\/ca\/wp-json\/wp\/v2\/types\/product"}],"replies":[{"embeddable":true,"href":"https:\/\/www.consigel.com\/ca\/wp-json\/wp\/v2\/comments?post=5256"}],"wp:featuredmedia":[{"embeddable":true,"href":"https:\/\/www.consigel.com\/ca\/wp-json\/wp\/v2\/media\/5255"}],"wp:attachment":[{"href":"https:\/\/www.consigel.com\/ca\/wp-json\/wp\/v2\/media?parent=5256"}],"wp:term":[{"taxonomy":"product_cat","embeddable":true,"href":"https:\/\/www.consigel.com\/ca\/wp-json\/wp\/v2\/product_cat?post=5256"},{"taxonomy":"product_tag","embeddable":true,"href":"https:\/\/www.consigel.com\/ca\/wp-json\/wp\/v2\/product_tag?post=5256"}],"curies":[{"name":"wp","href":"https:\/\/api.w.org\/{rel}","templated":true}]}}