{"id":5214,"date":"2024-11-19T09:47:08","date_gmt":"2024-11-19T09:47:08","guid":{"rendered":"https:\/\/www.consigel.com\/producte\/torrezno-kg\/"},"modified":"2024-11-19T09:50:16","modified_gmt":"2024-11-19T09:50:16","slug":"torrezno-kg","status":"publish","type":"product","link":"https:\/\/www.consigel.com\/ca\/producte\/torrezno-kg\/","title":{"rendered":"Torrezno kg"},"content":{"rendered":"<p>Els torreznos s\u00f3n un delici\u00f3s aperitiu t\u00edpic de la gastronomia espanyola, especialment populars a regions com Castella i Lle\u00f3. S&#8217;elaboren a partir de cansalada de porc, que es talla a tires i es fregeix fins que queda cruixent per fora i sucosa per dins.<\/p>\n<p>La seva textura \u00e9s cruixent i el seu sabor \u00e9s ric i salat, cosa que els converteix en un mos irresistible per acompanyar amb una cervesa o un vi. Se serveixen com a tapa i s\u00f3n perfectes per compartir en reunions amb amics o familiars.<\/p>\n<p>Safata 2kg aprox.<\/p>\n","protected":false},"excerpt":{"rendered":"<p>Els torreznos s\u00f3n un delici\u00f3s aperitiu t\u00edpic de la gastronomia espanyola, especialment populars a regions com Castella i Lle\u00f3. S&#8217;elaboren a partir de cansalada de porc, que es talla a tires i es fregeix fins que queda cruixent per fora i sucosa per dins. La seva textura \u00e9s cruixent i el seu sabor \u00e9s ric [&#8230;]\n","protected":false},"featured_media":5213,"comment_status":"open","ping_status":"closed","template":"","meta":[],"product_cat":[34,111,18],"product_tag":[],"class_list":{"0":"post-5214","1":"product","2":"type-product","3":"status-publish","4":"has-post-thumbnail","6":"product_cat-aperitius","7":"product_cat-fregidora","8":"product_cat-gastronomia","10":"first","11":"instock","12":"shipping-taxable","13":"product-type-simple"},"yoast_head":"<!-- This site is optimized with the Yoast SEO plugin v23.3 - https:\/\/yoast.com\/wordpress\/plugins\/seo\/ -->\n<title>Torrezno kg - Consigel<\/title>\n<meta name=\"robots\" content=\"index, follow, max-snippet:-1, max-image-preview:large, max-video-preview:-1\" \/>\n<link rel=\"canonical\" href=\"https:\/\/www.consigel.com\/ca\/producte\/torrezno-kg\/\" \/>\n<meta property=\"og:locale\" content=\"ca_ES\" \/>\n<meta property=\"og:type\" content=\"article\" \/>\n<meta property=\"og:title\" content=\"Torrezno kg - Consigel\" \/>\n<meta property=\"og:description\" content=\"Els torreznos s\u00f3n un delici\u00f3s aperitiu t\u00edpic de la gastronomia espanyola, especialment populars a regions com Castella i Lle\u00f3. S&#8217;elaboren a partir de cansalada de porc, que es talla a tires i es fregeix fins que queda cruixent per fora i sucosa per dins. La seva textura \u00e9s cruixent i el seu sabor \u00e9s ric [...]\" \/>\n<meta property=\"og:url\" content=\"https:\/\/www.consigel.com\/ca\/producte\/torrezno-kg\/\" \/>\n<meta property=\"og:site_name\" content=\"Consigel\" \/>\n<meta property=\"article:modified_time\" content=\"2024-11-19T09:50:16+00:00\" \/>\n<meta property=\"og:image\" content=\"https:\/\/www.consigel.com\/wp-content\/uploads\/2024\/11\/torreznos-kg.jpg\" \/>\n\t<meta property=\"og:image:width\" content=\"275\" \/>\n\t<meta property=\"og:image:height\" content=\"183\" \/>\n\t<meta property=\"og:image:type\" content=\"image\/jpeg\" \/>\n<meta name=\"twitter:card\" content=\"summary_large_image\" \/>\n<meta name=\"twitter:label1\" content=\"Temps estimat de lectura\" \/>\n\t<meta name=\"twitter:data1\" content=\"1 minut\" \/>\n<script type=\"application\/ld+json\" class=\"yoast-schema-graph\">{\"@context\":\"https:\/\/schema.org\",\"@graph\":[{\"@type\":\"WebPage\",\"@id\":\"https:\/\/www.consigel.com\/ca\/producte\/torrezno-kg\/\",\"url\":\"https:\/\/www.consigel.com\/ca\/producte\/torrezno-kg\/\",\"name\":\"Torrezno kg - Consigel\",\"isPartOf\":{\"@id\":\"https:\/\/www.consigel.com\/ca\/#website\"},\"primaryImageOfPage\":{\"@id\":\"https:\/\/www.consigel.com\/ca\/producte\/torrezno-kg\/#primaryimage\"},\"image\":{\"@id\":\"https:\/\/www.consigel.com\/ca\/producte\/torrezno-kg\/#primaryimage\"},\"thumbnailUrl\":\"https:\/\/www.consigel.com\/wp-content\/uploads\/2024\/11\/torreznos-kg.jpg\",\"datePublished\":\"2024-11-19T09:47:08+00:00\",\"dateModified\":\"2024-11-19T09:50:16+00:00\",\"breadcrumb\":{\"@id\":\"https:\/\/www.consigel.com\/ca\/producte\/torrezno-kg\/#breadcrumb\"},\"inLanguage\":\"ca\",\"potentialAction\":[{\"@type\":\"ReadAction\",\"target\":[\"https:\/\/www.consigel.com\/ca\/producte\/torrezno-kg\/\"]}]},{\"@type\":\"ImageObject\",\"inLanguage\":\"ca\",\"@id\":\"https:\/\/www.consigel.com\/ca\/producte\/torrezno-kg\/#primaryimage\",\"url\":\"https:\/\/www.consigel.com\/wp-content\/uploads\/2024\/11\/torreznos-kg.jpg\",\"contentUrl\":\"https:\/\/www.consigel.com\/wp-content\/uploads\/2024\/11\/torreznos-kg.jpg\",\"width\":275,\"height\":183},{\"@type\":\"BreadcrumbList\",\"@id\":\"https:\/\/www.consigel.com\/ca\/producte\/torrezno-kg\/#breadcrumb\",\"itemListElement\":[{\"@type\":\"ListItem\",\"position\":1,\"name\":\"Portada\",\"item\":\"https:\/\/www.consigel.com\/ca\/\"},{\"@type\":\"ListItem\",\"position\":2,\"name\":\"Shop\",\"item\":\"https:\/\/www.consigel.com\/ca\/shop\/\"},{\"@type\":\"ListItem\",\"position\":3,\"name\":\"Torrezno kg\"}]},{\"@type\":\"WebSite\",\"@id\":\"https:\/\/www.consigel.com\/ca\/#website\",\"url\":\"https:\/\/www.consigel.com\/ca\/\",\"name\":\"Consigel\",\"description\":\"\",\"potentialAction\":[{\"@type\":\"SearchAction\",\"target\":{\"@type\":\"EntryPoint\",\"urlTemplate\":\"https:\/\/www.consigel.com\/ca\/?s={search_term_string}\"},\"query-input\":\"required name=search_term_string\"}],\"inLanguage\":\"ca\"}]}<\/script>\n<!-- \/ Yoast SEO plugin. -->","yoast_head_json":{"title":"Torrezno kg - Consigel","robots":{"index":"index","follow":"follow","max-snippet":"max-snippet:-1","max-image-preview":"max-image-preview:large","max-video-preview":"max-video-preview:-1"},"canonical":"https:\/\/www.consigel.com\/ca\/producte\/torrezno-kg\/","og_locale":"ca_ES","og_type":"article","og_title":"Torrezno kg - Consigel","og_description":"Els torreznos s\u00f3n un delici\u00f3s aperitiu t\u00edpic de la gastronomia espanyola, especialment populars a regions com Castella i Lle\u00f3. S&#8217;elaboren a partir de cansalada de porc, que es talla a tires i es fregeix fins que queda cruixent per fora i sucosa per dins. La seva textura \u00e9s cruixent i el seu sabor \u00e9s ric [...]","og_url":"https:\/\/www.consigel.com\/ca\/producte\/torrezno-kg\/","og_site_name":"Consigel","article_modified_time":"2024-11-19T09:50:16+00:00","og_image":[{"width":275,"height":183,"url":"https:\/\/www.consigel.com\/wp-content\/uploads\/2024\/11\/torreznos-kg.jpg","type":"image\/jpeg"}],"twitter_card":"summary_large_image","twitter_misc":{"Temps estimat de lectura":"1 minut"},"schema":{"@context":"https:\/\/schema.org","@graph":[{"@type":"WebPage","@id":"https:\/\/www.consigel.com\/ca\/producte\/torrezno-kg\/","url":"https:\/\/www.consigel.com\/ca\/producte\/torrezno-kg\/","name":"Torrezno kg - Consigel","isPartOf":{"@id":"https:\/\/www.consigel.com\/ca\/#website"},"primaryImageOfPage":{"@id":"https:\/\/www.consigel.com\/ca\/producte\/torrezno-kg\/#primaryimage"},"image":{"@id":"https:\/\/www.consigel.com\/ca\/producte\/torrezno-kg\/#primaryimage"},"thumbnailUrl":"https:\/\/www.consigel.com\/wp-content\/uploads\/2024\/11\/torreznos-kg.jpg","datePublished":"2024-11-19T09:47:08+00:00","dateModified":"2024-11-19T09:50:16+00:00","breadcrumb":{"@id":"https:\/\/www.consigel.com\/ca\/producte\/torrezno-kg\/#breadcrumb"},"inLanguage":"ca","potentialAction":[{"@type":"ReadAction","target":["https:\/\/www.consigel.com\/ca\/producte\/torrezno-kg\/"]}]},{"@type":"ImageObject","inLanguage":"ca","@id":"https:\/\/www.consigel.com\/ca\/producte\/torrezno-kg\/#primaryimage","url":"https:\/\/www.consigel.com\/wp-content\/uploads\/2024\/11\/torreznos-kg.jpg","contentUrl":"https:\/\/www.consigel.com\/wp-content\/uploads\/2024\/11\/torreznos-kg.jpg","width":275,"height":183},{"@type":"BreadcrumbList","@id":"https:\/\/www.consigel.com\/ca\/producte\/torrezno-kg\/#breadcrumb","itemListElement":[{"@type":"ListItem","position":1,"name":"Portada","item":"https:\/\/www.consigel.com\/ca\/"},{"@type":"ListItem","position":2,"name":"Shop","item":"https:\/\/www.consigel.com\/ca\/shop\/"},{"@type":"ListItem","position":3,"name":"Torrezno kg"}]},{"@type":"WebSite","@id":"https:\/\/www.consigel.com\/ca\/#website","url":"https:\/\/www.consigel.com\/ca\/","name":"Consigel","description":"","potentialAction":[{"@type":"SearchAction","target":{"@type":"EntryPoint","urlTemplate":"https:\/\/www.consigel.com\/ca\/?s={search_term_string}"},"query-input":"required name=search_term_string"}],"inLanguage":"ca"}]}},"_links":{"self":[{"href":"https:\/\/www.consigel.com\/ca\/wp-json\/wp\/v2\/product\/5214","targetHints":{"allow":["GET"]}}],"collection":[{"href":"https:\/\/www.consigel.com\/ca\/wp-json\/wp\/v2\/product"}],"about":[{"href":"https:\/\/www.consigel.com\/ca\/wp-json\/wp\/v2\/types\/product"}],"replies":[{"embeddable":true,"href":"https:\/\/www.consigel.com\/ca\/wp-json\/wp\/v2\/comments?post=5214"}],"wp:featuredmedia":[{"embeddable":true,"href":"https:\/\/www.consigel.com\/ca\/wp-json\/wp\/v2\/media\/5213"}],"wp:attachment":[{"href":"https:\/\/www.consigel.com\/ca\/wp-json\/wp\/v2\/media?parent=5214"}],"wp:term":[{"taxonomy":"product_cat","embeddable":true,"href":"https:\/\/www.consigel.com\/ca\/wp-json\/wp\/v2\/product_cat?post=5214"},{"taxonomy":"product_tag","embeddable":true,"href":"https:\/\/www.consigel.com\/ca\/wp-json\/wp\/v2\/product_tag?post=5214"}],"curies":[{"name":"wp","href":"https:\/\/api.w.org\/{rel}","templated":true}]}}