{"id":5202,"date":"2024-11-19T09:15:20","date_gmt":"2024-11-19T09:15:20","guid":{"rendered":"https:\/\/www.consigel.com\/?post_type=product&#038;p=5202"},"modified":"2024-11-19T09:15:21","modified_gmt":"2024-11-19T09:15:21","slug":"triangle-de-foie-i-codonyat","status":"publish","type":"product","link":"https:\/\/www.consigel.com\/ca\/producte\/triangle-de-foie-i-codonyat\/","title":{"rendered":"Triangle de foie i codonyat"},"content":{"rendered":"<p>L\u2019interior del triangle est\u00e0 farcit de mi-cuit de foie amb codonyat, una combinaci\u00f3 de sabors temptadora per a qualsevol paladar. El cruixent exterior est\u00e0 fet de pasta brick.<\/p>\n<p>Sense descongelar pr\u00e8viament, enfornar a 200 \u00b0 C fins a daurar. 5 minuts aprox. Assolir els 74\u00baC al centre del producte.<\/p>\n<p>Caixa 180 unitats.<\/p>\n<p>Pes 15gr.<\/p>\n","protected":false},"excerpt":{"rendered":"<p>L\u2019interior del triangle est\u00e0 farcit de mi-cuit de foie amb codonyat, una combinaci\u00f3 de sabors temptadora per a qualsevol paladar. El cruixent exterior est\u00e0 fet de pasta brick. Sense descongelar pr\u00e8viament, enfornar a 200 \u00b0 C fins a daurar. 5 minuts aprox. Assolir els 74\u00baC al centre del producte. Caixa 180 unitats. Pes 15gr.<\/p>\n","protected":false},"featured_media":5203,"comment_status":"open","ping_status":"closed","template":"","meta":[],"product_cat":[34,111,18],"product_tag":[],"class_list":{"0":"post-5202","1":"product","2":"type-product","3":"status-publish","4":"has-post-thumbnail","6":"product_cat-aperitius","7":"product_cat-fregidora","8":"product_cat-gastronomia","10":"first","11":"instock","12":"shipping-taxable","13":"product-type-simple"},"yoast_head":"<!-- This site is optimized with the Yoast SEO plugin v23.3 - https:\/\/yoast.com\/wordpress\/plugins\/seo\/ -->\n<title>Triangle de foie i codonyat - Consigel<\/title>\n<meta name=\"robots\" content=\"index, follow, max-snippet:-1, max-image-preview:large, max-video-preview:-1\" \/>\n<link rel=\"canonical\" href=\"https:\/\/www.consigel.com\/ca\/producte\/triangle-de-foie-i-codonyat\/\" \/>\n<meta property=\"og:locale\" content=\"ca_ES\" \/>\n<meta property=\"og:type\" content=\"article\" \/>\n<meta property=\"og:title\" content=\"Triangle de foie i codonyat - Consigel\" \/>\n<meta property=\"og:description\" content=\"L\u2019interior del triangle est\u00e0 farcit de mi-cuit de foie amb codonyat, una combinaci\u00f3 de sabors temptadora per a qualsevol paladar. El cruixent exterior est\u00e0 fet de pasta brick. Sense descongelar pr\u00e8viament, enfornar a 200 \u00b0 C fins a daurar. 5 minuts aprox. Assolir els 74\u00baC al centre del producte. Caixa 180 unitats. Pes 15gr.\" \/>\n<meta property=\"og:url\" content=\"https:\/\/www.consigel.com\/ca\/producte\/triangle-de-foie-i-codonyat\/\" \/>\n<meta property=\"og:site_name\" content=\"Consigel\" \/>\n<meta property=\"article:modified_time\" content=\"2024-11-19T09:15:21+00:00\" \/>\n<meta property=\"og:image\" content=\"https:\/\/www.consigel.com\/wp-content\/uploads\/2024\/11\/triangle-de-foie-i-membrillo-360x266-1.jpg\" \/>\n\t<meta property=\"og:image:width\" content=\"360\" \/>\n\t<meta property=\"og:image:height\" content=\"266\" \/>\n\t<meta property=\"og:image:type\" content=\"image\/jpeg\" \/>\n<meta name=\"twitter:card\" content=\"summary_large_image\" \/>\n<meta name=\"twitter:label1\" content=\"Temps estimat de lectura\" \/>\n\t<meta name=\"twitter:data1\" content=\"1 minut\" \/>\n<script type=\"application\/ld+json\" class=\"yoast-schema-graph\">{\"@context\":\"https:\/\/schema.org\",\"@graph\":[{\"@type\":\"WebPage\",\"@id\":\"https:\/\/www.consigel.com\/ca\/producte\/triangle-de-foie-i-codonyat\/\",\"url\":\"https:\/\/www.consigel.com\/ca\/producte\/triangle-de-foie-i-codonyat\/\",\"name\":\"Triangle de foie i codonyat - Consigel\",\"isPartOf\":{\"@id\":\"https:\/\/www.consigel.com\/ca\/#website\"},\"primaryImageOfPage\":{\"@id\":\"https:\/\/www.consigel.com\/ca\/producte\/triangle-de-foie-i-codonyat\/#primaryimage\"},\"image\":{\"@id\":\"https:\/\/www.consigel.com\/ca\/producte\/triangle-de-foie-i-codonyat\/#primaryimage\"},\"thumbnailUrl\":\"https:\/\/www.consigel.com\/wp-content\/uploads\/2024\/11\/triangle-de-foie-i-membrillo-360x266-1.jpg\",\"datePublished\":\"2024-11-19T09:15:20+00:00\",\"dateModified\":\"2024-11-19T09:15:21+00:00\",\"breadcrumb\":{\"@id\":\"https:\/\/www.consigel.com\/ca\/producte\/triangle-de-foie-i-codonyat\/#breadcrumb\"},\"inLanguage\":\"ca\",\"potentialAction\":[{\"@type\":\"ReadAction\",\"target\":[\"https:\/\/www.consigel.com\/ca\/producte\/triangle-de-foie-i-codonyat\/\"]}]},{\"@type\":\"ImageObject\",\"inLanguage\":\"ca\",\"@id\":\"https:\/\/www.consigel.com\/ca\/producte\/triangle-de-foie-i-codonyat\/#primaryimage\",\"url\":\"https:\/\/www.consigel.com\/wp-content\/uploads\/2024\/11\/triangle-de-foie-i-membrillo-360x266-1.jpg\",\"contentUrl\":\"https:\/\/www.consigel.com\/wp-content\/uploads\/2024\/11\/triangle-de-foie-i-membrillo-360x266-1.jpg\",\"width\":360,\"height\":266},{\"@type\":\"BreadcrumbList\",\"@id\":\"https:\/\/www.consigel.com\/ca\/producte\/triangle-de-foie-i-codonyat\/#breadcrumb\",\"itemListElement\":[{\"@type\":\"ListItem\",\"position\":1,\"name\":\"Portada\",\"item\":\"https:\/\/www.consigel.com\/ca\/\"},{\"@type\":\"ListItem\",\"position\":2,\"name\":\"Shop\",\"item\":\"https:\/\/www.consigel.com\/ca\/shop\/\"},{\"@type\":\"ListItem\",\"position\":3,\"name\":\"Triangle de foie i codonyat\"}]},{\"@type\":\"WebSite\",\"@id\":\"https:\/\/www.consigel.com\/ca\/#website\",\"url\":\"https:\/\/www.consigel.com\/ca\/\",\"name\":\"Consigel\",\"description\":\"\",\"potentialAction\":[{\"@type\":\"SearchAction\",\"target\":{\"@type\":\"EntryPoint\",\"urlTemplate\":\"https:\/\/www.consigel.com\/ca\/?s={search_term_string}\"},\"query-input\":\"required name=search_term_string\"}],\"inLanguage\":\"ca\"}]}<\/script>\n<!-- \/ Yoast SEO plugin. -->","yoast_head_json":{"title":"Triangle de foie i codonyat - Consigel","robots":{"index":"index","follow":"follow","max-snippet":"max-snippet:-1","max-image-preview":"max-image-preview:large","max-video-preview":"max-video-preview:-1"},"canonical":"https:\/\/www.consigel.com\/ca\/producte\/triangle-de-foie-i-codonyat\/","og_locale":"ca_ES","og_type":"article","og_title":"Triangle de foie i codonyat - Consigel","og_description":"L\u2019interior del triangle est\u00e0 farcit de mi-cuit de foie amb codonyat, una combinaci\u00f3 de sabors temptadora per a qualsevol paladar. El cruixent exterior est\u00e0 fet de pasta brick. Sense descongelar pr\u00e8viament, enfornar a 200 \u00b0 C fins a daurar. 5 minuts aprox. Assolir els 74\u00baC al centre del producte. Caixa 180 unitats. Pes 15gr.","og_url":"https:\/\/www.consigel.com\/ca\/producte\/triangle-de-foie-i-codonyat\/","og_site_name":"Consigel","article_modified_time":"2024-11-19T09:15:21+00:00","og_image":[{"width":360,"height":266,"url":"https:\/\/www.consigel.com\/wp-content\/uploads\/2024\/11\/triangle-de-foie-i-membrillo-360x266-1.jpg","type":"image\/jpeg"}],"twitter_card":"summary_large_image","twitter_misc":{"Temps estimat de lectura":"1 minut"},"schema":{"@context":"https:\/\/schema.org","@graph":[{"@type":"WebPage","@id":"https:\/\/www.consigel.com\/ca\/producte\/triangle-de-foie-i-codonyat\/","url":"https:\/\/www.consigel.com\/ca\/producte\/triangle-de-foie-i-codonyat\/","name":"Triangle de foie i codonyat - Consigel","isPartOf":{"@id":"https:\/\/www.consigel.com\/ca\/#website"},"primaryImageOfPage":{"@id":"https:\/\/www.consigel.com\/ca\/producte\/triangle-de-foie-i-codonyat\/#primaryimage"},"image":{"@id":"https:\/\/www.consigel.com\/ca\/producte\/triangle-de-foie-i-codonyat\/#primaryimage"},"thumbnailUrl":"https:\/\/www.consigel.com\/wp-content\/uploads\/2024\/11\/triangle-de-foie-i-membrillo-360x266-1.jpg","datePublished":"2024-11-19T09:15:20+00:00","dateModified":"2024-11-19T09:15:21+00:00","breadcrumb":{"@id":"https:\/\/www.consigel.com\/ca\/producte\/triangle-de-foie-i-codonyat\/#breadcrumb"},"inLanguage":"ca","potentialAction":[{"@type":"ReadAction","target":["https:\/\/www.consigel.com\/ca\/producte\/triangle-de-foie-i-codonyat\/"]}]},{"@type":"ImageObject","inLanguage":"ca","@id":"https:\/\/www.consigel.com\/ca\/producte\/triangle-de-foie-i-codonyat\/#primaryimage","url":"https:\/\/www.consigel.com\/wp-content\/uploads\/2024\/11\/triangle-de-foie-i-membrillo-360x266-1.jpg","contentUrl":"https:\/\/www.consigel.com\/wp-content\/uploads\/2024\/11\/triangle-de-foie-i-membrillo-360x266-1.jpg","width":360,"height":266},{"@type":"BreadcrumbList","@id":"https:\/\/www.consigel.com\/ca\/producte\/triangle-de-foie-i-codonyat\/#breadcrumb","itemListElement":[{"@type":"ListItem","position":1,"name":"Portada","item":"https:\/\/www.consigel.com\/ca\/"},{"@type":"ListItem","position":2,"name":"Shop","item":"https:\/\/www.consigel.com\/ca\/shop\/"},{"@type":"ListItem","position":3,"name":"Triangle de foie i codonyat"}]},{"@type":"WebSite","@id":"https:\/\/www.consigel.com\/ca\/#website","url":"https:\/\/www.consigel.com\/ca\/","name":"Consigel","description":"","potentialAction":[{"@type":"SearchAction","target":{"@type":"EntryPoint","urlTemplate":"https:\/\/www.consigel.com\/ca\/?s={search_term_string}"},"query-input":"required name=search_term_string"}],"inLanguage":"ca"}]}},"_links":{"self":[{"href":"https:\/\/www.consigel.com\/ca\/wp-json\/wp\/v2\/product\/5202","targetHints":{"allow":["GET"]}}],"collection":[{"href":"https:\/\/www.consigel.com\/ca\/wp-json\/wp\/v2\/product"}],"about":[{"href":"https:\/\/www.consigel.com\/ca\/wp-json\/wp\/v2\/types\/product"}],"replies":[{"embeddable":true,"href":"https:\/\/www.consigel.com\/ca\/wp-json\/wp\/v2\/comments?post=5202"}],"wp:featuredmedia":[{"embeddable":true,"href":"https:\/\/www.consigel.com\/ca\/wp-json\/wp\/v2\/media\/5203"}],"wp:attachment":[{"href":"https:\/\/www.consigel.com\/ca\/wp-json\/wp\/v2\/media?parent=5202"}],"wp:term":[{"taxonomy":"product_cat","embeddable":true,"href":"https:\/\/www.consigel.com\/ca\/wp-json\/wp\/v2\/product_cat?post=5202"},{"taxonomy":"product_tag","embeddable":true,"href":"https:\/\/www.consigel.com\/ca\/wp-json\/wp\/v2\/product_tag?post=5202"}],"curies":[{"name":"wp","href":"https:\/\/api.w.org\/{rel}","templated":true}]}}