{"id":5179,"date":"2024-11-14T09:02:34","date_gmt":"2024-11-14T09:02:34","guid":{"rendered":"https:\/\/www.consigel.com\/?post_type=product&#038;p=5179"},"modified":"2024-11-14T09:02:54","modified_gmt":"2024-11-14T09:02:54","slug":"galta-de-porc-iberic-amb-mel-i-mostassa","status":"publish","type":"product","link":"https:\/\/www.consigel.com\/ca\/producte\/galta-de-porc-iberic-amb-mel-i-mostassa\/","title":{"rendered":"Galta de porc ib\u00e8ric amb mel i mostassa"},"content":{"rendered":"<p><span style=\"font-size: 14.4px;\">Melosa galta de porc ib\u00e8ric amb salsa de mel i mostassa. Una combinaci\u00f3 perfecta de contrast agredol\u00e7.<\/span><\/p>\n<div class=\"flex max-w-full flex-col flex-grow\">\n<div class=\"min-h-8 text-message flex w-full flex-col items-end gap-2 whitespace-normal break-words [.text-message+&amp;]:mt-5\" dir=\"auto\" data-message-author-role=\"assistant\" data-message-id=\"0c527725-d61e-4298-8587-36ae90c03c65\" data-message-model-slug=\"gpt-4o\">\n<div class=\"flex w-full flex-col gap-1 empty:hidden first:pt-[3px]\">\n<div class=\"markdown prose w-full break-words dark:prose-invert light\">\n<p>Sense necessitat de descongelar pr\u00e8viament, perforar la part superior de l\u2019env\u00e0s en diversos punts. Posar al microones a m\u00e0xima pot\u00e8ncia (800 W) durant 5-6 minuts, fins que la base estigui ben calenta. Pot ser que calgui batre una mica la salsa per lligar-la de nou abans de servir. Tamb\u00e9 \u00e9s possible regenerar al forn, al cass\u00f3 o al bany maria.<\/p>\n<\/div>\n<p>Format caixa\u00a0 8 unitats<\/p>\n<p>&nbsp;<\/p>\n<\/div>\n<\/div>\n<\/div>\n","protected":false},"excerpt":{"rendered":"<p>Melosa galta de porc ib\u00e8ric amb salsa de mel i mostassa. Una combinaci\u00f3 perfecta de contrast agredol\u00e7. Sense necessitat de descongelar pr\u00e8viament, perforar la part superior de l\u2019env\u00e0s en diversos punts. Posar al microones a m\u00e0xima pot\u00e8ncia (800 W) durant 5-6 minuts, fins que la base estigui ben calenta. Pot ser que calgui batre una [&#8230;]\n","protected":false},"featured_media":5180,"comment_status":"open","ping_status":"closed","template":"","meta":[],"product_cat":[306,311,18,64],"product_tag":[],"class_list":{"0":"post-5179","1":"product","2":"type-product","3":"status-publish","4":"has-post-thumbnail","6":"product_cat-carn-ca","7":"product_cat-productes-sense-gluten","8":"product_cat-gastronomia","9":"product_cat-segons","11":"first","12":"instock","13":"shipping-taxable","14":"product-type-simple"},"yoast_head":"<!-- This site is optimized with the Yoast SEO plugin v23.3 - https:\/\/yoast.com\/wordpress\/plugins\/seo\/ -->\n<title>Galta de porc ib\u00e8ric amb mel i mostassa - Consigel<\/title>\n<meta name=\"robots\" content=\"index, follow, max-snippet:-1, max-image-preview:large, max-video-preview:-1\" \/>\n<link rel=\"canonical\" href=\"https:\/\/www.consigel.com\/ca\/producte\/galta-de-porc-iberic-amb-mel-i-mostassa\/\" \/>\n<meta property=\"og:locale\" content=\"ca_ES\" \/>\n<meta property=\"og:type\" content=\"article\" \/>\n<meta property=\"og:title\" content=\"Galta de porc ib\u00e8ric amb mel i mostassa - Consigel\" \/>\n<meta property=\"og:description\" content=\"Melosa galta de porc ib\u00e8ric amb salsa de mel i mostassa. Una combinaci\u00f3 perfecta de contrast agredol\u00e7. Sense necessitat de descongelar pr\u00e8viament, perforar la part superior de l\u2019env\u00e0s en diversos punts. Posar al microones a m\u00e0xima pot\u00e8ncia (800 W) durant 5-6 minuts, fins que la base estigui ben calenta. Pot ser que calgui batre una [...]\" \/>\n<meta property=\"og:url\" content=\"https:\/\/www.consigel.com\/ca\/producte\/galta-de-porc-iberic-amb-mel-i-mostassa\/\" \/>\n<meta property=\"og:site_name\" content=\"Consigel\" \/>\n<meta property=\"article:modified_time\" content=\"2024-11-14T09:02:54+00:00\" \/>\n<meta property=\"og:image\" content=\"https:\/\/www.consigel.com\/wp-content\/uploads\/2024\/11\/IMG_6384-removebg-preview.png\" \/>\n\t<meta property=\"og:image:width\" content=\"577\" \/>\n\t<meta property=\"og:image:height\" content=\"433\" \/>\n\t<meta property=\"og:image:type\" content=\"image\/png\" \/>\n<meta name=\"twitter:card\" content=\"summary_large_image\" \/>\n<meta name=\"twitter:label1\" content=\"Temps estimat de lectura\" \/>\n\t<meta name=\"twitter:data1\" content=\"1 minut\" \/>\n<script type=\"application\/ld+json\" class=\"yoast-schema-graph\">{\"@context\":\"https:\/\/schema.org\",\"@graph\":[{\"@type\":\"WebPage\",\"@id\":\"https:\/\/www.consigel.com\/ca\/producte\/galta-de-porc-iberic-amb-mel-i-mostassa\/\",\"url\":\"https:\/\/www.consigel.com\/ca\/producte\/galta-de-porc-iberic-amb-mel-i-mostassa\/\",\"name\":\"Galta de porc ib\u00e8ric amb mel i mostassa - Consigel\",\"isPartOf\":{\"@id\":\"https:\/\/www.consigel.com\/ca\/#website\"},\"primaryImageOfPage\":{\"@id\":\"https:\/\/www.consigel.com\/ca\/producte\/galta-de-porc-iberic-amb-mel-i-mostassa\/#primaryimage\"},\"image\":{\"@id\":\"https:\/\/www.consigel.com\/ca\/producte\/galta-de-porc-iberic-amb-mel-i-mostassa\/#primaryimage\"},\"thumbnailUrl\":\"https:\/\/www.consigel.com\/wp-content\/uploads\/2024\/11\/IMG_6384-removebg-preview.png\",\"datePublished\":\"2024-11-14T09:02:34+00:00\",\"dateModified\":\"2024-11-14T09:02:54+00:00\",\"breadcrumb\":{\"@id\":\"https:\/\/www.consigel.com\/ca\/producte\/galta-de-porc-iberic-amb-mel-i-mostassa\/#breadcrumb\"},\"inLanguage\":\"ca\",\"potentialAction\":[{\"@type\":\"ReadAction\",\"target\":[\"https:\/\/www.consigel.com\/ca\/producte\/galta-de-porc-iberic-amb-mel-i-mostassa\/\"]}]},{\"@type\":\"ImageObject\",\"inLanguage\":\"ca\",\"@id\":\"https:\/\/www.consigel.com\/ca\/producte\/galta-de-porc-iberic-amb-mel-i-mostassa\/#primaryimage\",\"url\":\"https:\/\/www.consigel.com\/wp-content\/uploads\/2024\/11\/IMG_6384-removebg-preview.png\",\"contentUrl\":\"https:\/\/www.consigel.com\/wp-content\/uploads\/2024\/11\/IMG_6384-removebg-preview.png\",\"width\":577,\"height\":433},{\"@type\":\"BreadcrumbList\",\"@id\":\"https:\/\/www.consigel.com\/ca\/producte\/galta-de-porc-iberic-amb-mel-i-mostassa\/#breadcrumb\",\"itemListElement\":[{\"@type\":\"ListItem\",\"position\":1,\"name\":\"Portada\",\"item\":\"https:\/\/www.consigel.com\/ca\/\"},{\"@type\":\"ListItem\",\"position\":2,\"name\":\"Shop\",\"item\":\"https:\/\/www.consigel.com\/ca\/shop\/\"},{\"@type\":\"ListItem\",\"position\":3,\"name\":\"Galta de porc ib\u00e8ric amb mel i mostassa\"}]},{\"@type\":\"WebSite\",\"@id\":\"https:\/\/www.consigel.com\/ca\/#website\",\"url\":\"https:\/\/www.consigel.com\/ca\/\",\"name\":\"Consigel\",\"description\":\"\",\"potentialAction\":[{\"@type\":\"SearchAction\",\"target\":{\"@type\":\"EntryPoint\",\"urlTemplate\":\"https:\/\/www.consigel.com\/ca\/?s={search_term_string}\"},\"query-input\":\"required name=search_term_string\"}],\"inLanguage\":\"ca\"}]}<\/script>\n<!-- \/ Yoast SEO plugin. -->","yoast_head_json":{"title":"Galta de porc ib\u00e8ric amb mel i mostassa - Consigel","robots":{"index":"index","follow":"follow","max-snippet":"max-snippet:-1","max-image-preview":"max-image-preview:large","max-video-preview":"max-video-preview:-1"},"canonical":"https:\/\/www.consigel.com\/ca\/producte\/galta-de-porc-iberic-amb-mel-i-mostassa\/","og_locale":"ca_ES","og_type":"article","og_title":"Galta de porc ib\u00e8ric amb mel i mostassa - Consigel","og_description":"Melosa galta de porc ib\u00e8ric amb salsa de mel i mostassa. Una combinaci\u00f3 perfecta de contrast agredol\u00e7. Sense necessitat de descongelar pr\u00e8viament, perforar la part superior de l\u2019env\u00e0s en diversos punts. Posar al microones a m\u00e0xima pot\u00e8ncia (800 W) durant 5-6 minuts, fins que la base estigui ben calenta. Pot ser que calgui batre una [...]","og_url":"https:\/\/www.consigel.com\/ca\/producte\/galta-de-porc-iberic-amb-mel-i-mostassa\/","og_site_name":"Consigel","article_modified_time":"2024-11-14T09:02:54+00:00","og_image":[{"width":577,"height":433,"url":"https:\/\/www.consigel.com\/wp-content\/uploads\/2024\/11\/IMG_6384-removebg-preview.png","type":"image\/png"}],"twitter_card":"summary_large_image","twitter_misc":{"Temps estimat de lectura":"1 minut"},"schema":{"@context":"https:\/\/schema.org","@graph":[{"@type":"WebPage","@id":"https:\/\/www.consigel.com\/ca\/producte\/galta-de-porc-iberic-amb-mel-i-mostassa\/","url":"https:\/\/www.consigel.com\/ca\/producte\/galta-de-porc-iberic-amb-mel-i-mostassa\/","name":"Galta de porc ib\u00e8ric amb mel i mostassa - Consigel","isPartOf":{"@id":"https:\/\/www.consigel.com\/ca\/#website"},"primaryImageOfPage":{"@id":"https:\/\/www.consigel.com\/ca\/producte\/galta-de-porc-iberic-amb-mel-i-mostassa\/#primaryimage"},"image":{"@id":"https:\/\/www.consigel.com\/ca\/producte\/galta-de-porc-iberic-amb-mel-i-mostassa\/#primaryimage"},"thumbnailUrl":"https:\/\/www.consigel.com\/wp-content\/uploads\/2024\/11\/IMG_6384-removebg-preview.png","datePublished":"2024-11-14T09:02:34+00:00","dateModified":"2024-11-14T09:02:54+00:00","breadcrumb":{"@id":"https:\/\/www.consigel.com\/ca\/producte\/galta-de-porc-iberic-amb-mel-i-mostassa\/#breadcrumb"},"inLanguage":"ca","potentialAction":[{"@type":"ReadAction","target":["https:\/\/www.consigel.com\/ca\/producte\/galta-de-porc-iberic-amb-mel-i-mostassa\/"]}]},{"@type":"ImageObject","inLanguage":"ca","@id":"https:\/\/www.consigel.com\/ca\/producte\/galta-de-porc-iberic-amb-mel-i-mostassa\/#primaryimage","url":"https:\/\/www.consigel.com\/wp-content\/uploads\/2024\/11\/IMG_6384-removebg-preview.png","contentUrl":"https:\/\/www.consigel.com\/wp-content\/uploads\/2024\/11\/IMG_6384-removebg-preview.png","width":577,"height":433},{"@type":"BreadcrumbList","@id":"https:\/\/www.consigel.com\/ca\/producte\/galta-de-porc-iberic-amb-mel-i-mostassa\/#breadcrumb","itemListElement":[{"@type":"ListItem","position":1,"name":"Portada","item":"https:\/\/www.consigel.com\/ca\/"},{"@type":"ListItem","position":2,"name":"Shop","item":"https:\/\/www.consigel.com\/ca\/shop\/"},{"@type":"ListItem","position":3,"name":"Galta de porc ib\u00e8ric amb mel i mostassa"}]},{"@type":"WebSite","@id":"https:\/\/www.consigel.com\/ca\/#website","url":"https:\/\/www.consigel.com\/ca\/","name":"Consigel","description":"","potentialAction":[{"@type":"SearchAction","target":{"@type":"EntryPoint","urlTemplate":"https:\/\/www.consigel.com\/ca\/?s={search_term_string}"},"query-input":"required name=search_term_string"}],"inLanguage":"ca"}]}},"_links":{"self":[{"href":"https:\/\/www.consigel.com\/ca\/wp-json\/wp\/v2\/product\/5179","targetHints":{"allow":["GET"]}}],"collection":[{"href":"https:\/\/www.consigel.com\/ca\/wp-json\/wp\/v2\/product"}],"about":[{"href":"https:\/\/www.consigel.com\/ca\/wp-json\/wp\/v2\/types\/product"}],"replies":[{"embeddable":true,"href":"https:\/\/www.consigel.com\/ca\/wp-json\/wp\/v2\/comments?post=5179"}],"wp:featuredmedia":[{"embeddable":true,"href":"https:\/\/www.consigel.com\/ca\/wp-json\/wp\/v2\/media\/5180"}],"wp:attachment":[{"href":"https:\/\/www.consigel.com\/ca\/wp-json\/wp\/v2\/media?parent=5179"}],"wp:term":[{"taxonomy":"product_cat","embeddable":true,"href":"https:\/\/www.consigel.com\/ca\/wp-json\/wp\/v2\/product_cat?post=5179"},{"taxonomy":"product_tag","embeddable":true,"href":"https:\/\/www.consigel.com\/ca\/wp-json\/wp\/v2\/product_tag?post=5179"}],"curies":[{"name":"wp","href":"https:\/\/api.w.org\/{rel}","templated":true}]}}