{"id":5104,"date":"2024-10-17T14:42:41","date_gmt":"2024-10-17T14:42:41","guid":{"rendered":"https:\/\/www.consigel.com\/?post_type=product&#038;p=5104"},"modified":"2024-10-17T14:42:41","modified_gmt":"2024-10-17T14:42:41","slug":"placa-de-costello-de-porc-confitat","status":"publish","type":"product","link":"https:\/\/www.consigel.com\/ca\/producte\/placa-de-costello-de-porc-confitat\/","title":{"rendered":"Placa de costell\u00f3 de porc confitat"},"content":{"rendered":"<p>Un producte tradicional en un format noved\u00f3s. F\u00e0cil de manejar que permet plats actuals, donant moltes possibilitats, en diferents fraccions o com a pe\u00e7a unit\u00e0ria. Perfecte per combinar amb diferents salses i guarnicions, permet m\u00faltiples emplatats. Disposem de racions individuals de 170 g amb la ref. 2175, tamb\u00e9 es serveix en format placa d&#8217;1,2 kg amb la ref. 21759.<\/p>\n<p><strong>Ref. 2175: FORN DE CONVECCI\u00d3:<\/strong> Untar amb oli i col\u00b7locar en una safata de tefl\u00f3, enfornar durant 6-7 minuts a 220\u00baC. Nom\u00e9s convecci\u00f3, sense humitat.<br \/>\n<strong>PLANXA O PAELLA ANTIADHERENT:<\/strong> Descongelar pr\u00e8viament, fraccionar al gust, untar amb oli i daurar per ambd\u00f3s costats a foc mitj\u00e0.<\/p>\n<p><strong>Ref. 21759:<\/strong> Un cop descongelada, fraccionar al gust.<\/p>\n","protected":false},"excerpt":{"rendered":"<p>Un producte tradicional en un format noved\u00f3s. F\u00e0cil de manejar que permet plats actuals, donant moltes possibilitats, en diferents fraccions o com a pe\u00e7a unit\u00e0ria. Perfecte per combinar amb diferents salses i guarnicions, permet m\u00faltiples emplatats. Disposem de racions individuals de 170 g amb la ref. 2175, tamb\u00e9 es serveix en format placa d&#8217;1,2 kg [&#8230;]\n","protected":false},"featured_media":5105,"comment_status":"open","ping_status":"closed","template":"","meta":[],"product_cat":[306,18,64],"product_tag":[],"class_list":{"0":"post-5104","1":"product","2":"type-product","3":"status-publish","4":"has-post-thumbnail","6":"product_cat-carn-ca","7":"product_cat-gastronomia","8":"product_cat-segons","10":"first","11":"instock","12":"shipping-taxable","13":"product-type-simple"},"yoast_head":"<!-- This site is optimized with the Yoast SEO plugin v23.3 - https:\/\/yoast.com\/wordpress\/plugins\/seo\/ -->\n<title>Placa de costell\u00f3 de porc confitat - Consigel<\/title>\n<meta name=\"robots\" content=\"index, follow, max-snippet:-1, max-image-preview:large, max-video-preview:-1\" \/>\n<link rel=\"canonical\" href=\"https:\/\/www.consigel.com\/ca\/producte\/placa-de-costello-de-porc-confitat\/\" \/>\n<meta property=\"og:locale\" content=\"ca_ES\" \/>\n<meta property=\"og:type\" content=\"article\" \/>\n<meta property=\"og:title\" content=\"Placa de costell\u00f3 de porc confitat - Consigel\" \/>\n<meta property=\"og:description\" content=\"Un producte tradicional en un format noved\u00f3s. F\u00e0cil de manejar que permet plats actuals, donant moltes possibilitats, en diferents fraccions o com a pe\u00e7a unit\u00e0ria. Perfecte per combinar amb diferents salses i guarnicions, permet m\u00faltiples emplatats. Disposem de racions individuals de 170 g amb la ref. 2175, tamb\u00e9 es serveix en format placa d&#8217;1,2 kg [...]\" \/>\n<meta property=\"og:url\" content=\"https:\/\/www.consigel.com\/ca\/producte\/placa-de-costello-de-porc-confitat\/\" \/>\n<meta property=\"og:site_name\" content=\"Consigel\" \/>\n<meta property=\"og:image\" content=\"https:\/\/www.consigel.com\/wp-content\/uploads\/2024\/10\/placa-de-costilla-de-cerdo-removebg-preview.png\" \/>\n\t<meta property=\"og:image:width\" content=\"577\" \/>\n\t<meta property=\"og:image:height\" content=\"433\" \/>\n\t<meta property=\"og:image:type\" content=\"image\/png\" \/>\n<meta name=\"twitter:card\" content=\"summary_large_image\" \/>\n<meta name=\"twitter:label1\" content=\"Temps estimat de lectura\" \/>\n\t<meta name=\"twitter:data1\" content=\"1 minut\" \/>\n<script type=\"application\/ld+json\" class=\"yoast-schema-graph\">{\"@context\":\"https:\/\/schema.org\",\"@graph\":[{\"@type\":\"WebPage\",\"@id\":\"https:\/\/www.consigel.com\/ca\/producte\/placa-de-costello-de-porc-confitat\/\",\"url\":\"https:\/\/www.consigel.com\/ca\/producte\/placa-de-costello-de-porc-confitat\/\",\"name\":\"Placa de costell\u00f3 de porc confitat - Consigel\",\"isPartOf\":{\"@id\":\"https:\/\/www.consigel.com\/ca\/#website\"},\"primaryImageOfPage\":{\"@id\":\"https:\/\/www.consigel.com\/ca\/producte\/placa-de-costello-de-porc-confitat\/#primaryimage\"},\"image\":{\"@id\":\"https:\/\/www.consigel.com\/ca\/producte\/placa-de-costello-de-porc-confitat\/#primaryimage\"},\"thumbnailUrl\":\"https:\/\/www.consigel.com\/wp-content\/uploads\/2024\/10\/placa-de-costilla-de-cerdo-removebg-preview.png\",\"datePublished\":\"2024-10-17T14:42:41+00:00\",\"dateModified\":\"2024-10-17T14:42:41+00:00\",\"breadcrumb\":{\"@id\":\"https:\/\/www.consigel.com\/ca\/producte\/placa-de-costello-de-porc-confitat\/#breadcrumb\"},\"inLanguage\":\"ca\",\"potentialAction\":[{\"@type\":\"ReadAction\",\"target\":[\"https:\/\/www.consigel.com\/ca\/producte\/placa-de-costello-de-porc-confitat\/\"]}]},{\"@type\":\"ImageObject\",\"inLanguage\":\"ca\",\"@id\":\"https:\/\/www.consigel.com\/ca\/producte\/placa-de-costello-de-porc-confitat\/#primaryimage\",\"url\":\"https:\/\/www.consigel.com\/wp-content\/uploads\/2024\/10\/placa-de-costilla-de-cerdo-removebg-preview.png\",\"contentUrl\":\"https:\/\/www.consigel.com\/wp-content\/uploads\/2024\/10\/placa-de-costilla-de-cerdo-removebg-preview.png\",\"width\":577,\"height\":433},{\"@type\":\"BreadcrumbList\",\"@id\":\"https:\/\/www.consigel.com\/ca\/producte\/placa-de-costello-de-porc-confitat\/#breadcrumb\",\"itemListElement\":[{\"@type\":\"ListItem\",\"position\":1,\"name\":\"Portada\",\"item\":\"https:\/\/www.consigel.com\/ca\/\"},{\"@type\":\"ListItem\",\"position\":2,\"name\":\"Shop\",\"item\":\"https:\/\/www.consigel.com\/ca\/shop\/\"},{\"@type\":\"ListItem\",\"position\":3,\"name\":\"Placa de costell\u00f3 de porc confitat\"}]},{\"@type\":\"WebSite\",\"@id\":\"https:\/\/www.consigel.com\/ca\/#website\",\"url\":\"https:\/\/www.consigel.com\/ca\/\",\"name\":\"Consigel\",\"description\":\"\",\"potentialAction\":[{\"@type\":\"SearchAction\",\"target\":{\"@type\":\"EntryPoint\",\"urlTemplate\":\"https:\/\/www.consigel.com\/ca\/?s={search_term_string}\"},\"query-input\":\"required name=search_term_string\"}],\"inLanguage\":\"ca\"}]}<\/script>\n<!-- \/ Yoast SEO plugin. -->","yoast_head_json":{"title":"Placa de costell\u00f3 de porc confitat - Consigel","robots":{"index":"index","follow":"follow","max-snippet":"max-snippet:-1","max-image-preview":"max-image-preview:large","max-video-preview":"max-video-preview:-1"},"canonical":"https:\/\/www.consigel.com\/ca\/producte\/placa-de-costello-de-porc-confitat\/","og_locale":"ca_ES","og_type":"article","og_title":"Placa de costell\u00f3 de porc confitat - Consigel","og_description":"Un producte tradicional en un format noved\u00f3s. F\u00e0cil de manejar que permet plats actuals, donant moltes possibilitats, en diferents fraccions o com a pe\u00e7a unit\u00e0ria. Perfecte per combinar amb diferents salses i guarnicions, permet m\u00faltiples emplatats. Disposem de racions individuals de 170 g amb la ref. 2175, tamb\u00e9 es serveix en format placa d&#8217;1,2 kg [...]","og_url":"https:\/\/www.consigel.com\/ca\/producte\/placa-de-costello-de-porc-confitat\/","og_site_name":"Consigel","og_image":[{"width":577,"height":433,"url":"https:\/\/www.consigel.com\/wp-content\/uploads\/2024\/10\/placa-de-costilla-de-cerdo-removebg-preview.png","type":"image\/png"}],"twitter_card":"summary_large_image","twitter_misc":{"Temps estimat de lectura":"1 minut"},"schema":{"@context":"https:\/\/schema.org","@graph":[{"@type":"WebPage","@id":"https:\/\/www.consigel.com\/ca\/producte\/placa-de-costello-de-porc-confitat\/","url":"https:\/\/www.consigel.com\/ca\/producte\/placa-de-costello-de-porc-confitat\/","name":"Placa de costell\u00f3 de porc confitat - Consigel","isPartOf":{"@id":"https:\/\/www.consigel.com\/ca\/#website"},"primaryImageOfPage":{"@id":"https:\/\/www.consigel.com\/ca\/producte\/placa-de-costello-de-porc-confitat\/#primaryimage"},"image":{"@id":"https:\/\/www.consigel.com\/ca\/producte\/placa-de-costello-de-porc-confitat\/#primaryimage"},"thumbnailUrl":"https:\/\/www.consigel.com\/wp-content\/uploads\/2024\/10\/placa-de-costilla-de-cerdo-removebg-preview.png","datePublished":"2024-10-17T14:42:41+00:00","dateModified":"2024-10-17T14:42:41+00:00","breadcrumb":{"@id":"https:\/\/www.consigel.com\/ca\/producte\/placa-de-costello-de-porc-confitat\/#breadcrumb"},"inLanguage":"ca","potentialAction":[{"@type":"ReadAction","target":["https:\/\/www.consigel.com\/ca\/producte\/placa-de-costello-de-porc-confitat\/"]}]},{"@type":"ImageObject","inLanguage":"ca","@id":"https:\/\/www.consigel.com\/ca\/producte\/placa-de-costello-de-porc-confitat\/#primaryimage","url":"https:\/\/www.consigel.com\/wp-content\/uploads\/2024\/10\/placa-de-costilla-de-cerdo-removebg-preview.png","contentUrl":"https:\/\/www.consigel.com\/wp-content\/uploads\/2024\/10\/placa-de-costilla-de-cerdo-removebg-preview.png","width":577,"height":433},{"@type":"BreadcrumbList","@id":"https:\/\/www.consigel.com\/ca\/producte\/placa-de-costello-de-porc-confitat\/#breadcrumb","itemListElement":[{"@type":"ListItem","position":1,"name":"Portada","item":"https:\/\/www.consigel.com\/ca\/"},{"@type":"ListItem","position":2,"name":"Shop","item":"https:\/\/www.consigel.com\/ca\/shop\/"},{"@type":"ListItem","position":3,"name":"Placa de costell\u00f3 de porc confitat"}]},{"@type":"WebSite","@id":"https:\/\/www.consigel.com\/ca\/#website","url":"https:\/\/www.consigel.com\/ca\/","name":"Consigel","description":"","potentialAction":[{"@type":"SearchAction","target":{"@type":"EntryPoint","urlTemplate":"https:\/\/www.consigel.com\/ca\/?s={search_term_string}"},"query-input":"required name=search_term_string"}],"inLanguage":"ca"}]}},"_links":{"self":[{"href":"https:\/\/www.consigel.com\/ca\/wp-json\/wp\/v2\/product\/5104","targetHints":{"allow":["GET"]}}],"collection":[{"href":"https:\/\/www.consigel.com\/ca\/wp-json\/wp\/v2\/product"}],"about":[{"href":"https:\/\/www.consigel.com\/ca\/wp-json\/wp\/v2\/types\/product"}],"replies":[{"embeddable":true,"href":"https:\/\/www.consigel.com\/ca\/wp-json\/wp\/v2\/comments?post=5104"}],"wp:featuredmedia":[{"embeddable":true,"href":"https:\/\/www.consigel.com\/ca\/wp-json\/wp\/v2\/media\/5105"}],"wp:attachment":[{"href":"https:\/\/www.consigel.com\/ca\/wp-json\/wp\/v2\/media?parent=5104"}],"wp:term":[{"taxonomy":"product_cat","embeddable":true,"href":"https:\/\/www.consigel.com\/ca\/wp-json\/wp\/v2\/product_cat?post=5104"},{"taxonomy":"product_tag","embeddable":true,"href":"https:\/\/www.consigel.com\/ca\/wp-json\/wp\/v2\/product_tag?post=5104"}],"curies":[{"name":"wp","href":"https:\/\/api.w.org\/{rel}","templated":true}]}}