{"id":5082,"date":"2024-10-17T09:33:58","date_gmt":"2024-10-17T09:33:58","guid":{"rendered":"https:\/\/www.consigel.com\/?post_type=product&#038;p=5082"},"modified":"2024-10-17T09:33:59","modified_gmt":"2024-10-17T09:33:59","slug":"secret-iberic-confitat","status":"publish","type":"product","link":"https:\/\/www.consigel.com\/ca\/producte\/secret-iberic-confitat\/","title":{"rendered":"Secret ib\u00e8ric confitat"},"content":{"rendered":"<p><strong>Secret de porc ib\u00e8ric tendre i suc\u00f3s<\/strong>, cuinat a baixa temperatura. Marcat a la planxa, deixant-lo cruixent per ambd\u00f3s costats, far\u00e0 les del\u00edcies dels paladars m\u00e9s exigents.<\/p>\n<p><strong>Suggeriment<\/strong>: Perfecte per servir a la planxa amb una textura cruixent i un interior mel\u00f3s.<\/p>\n<div class=\"flex max-w-full flex-col flex-grow\">\n<div class=\"min-h-8 text-message flex w-full flex-col items-end gap-2 whitespace-normal break-words [.text-message+&amp;]:mt-5\" dir=\"auto\" data-message-author-role=\"assistant\" data-message-id=\"b49f7a06-c0e9-4cc1-9291-c34f58e11810\" data-message-model-slug=\"gpt-4o\">\n<div class=\"flex w-full flex-col gap-1 empty:hidden first:pt-[3px]\">\n<div class=\"markdown prose w-full break-words dark:prose-invert light\">\n<p><strong>Instruccions<\/strong>: Sense necessitat de descongelar pr\u00e8viament, escalfar al bany maria dins la mateixa bossa o perforar-la i escalfar al microones. Esc\u00f3rrer el l\u00edquid i passar per la planxa per ambd\u00f3s costats fins que quedi cruixent.<\/p>\n<\/div>\n<\/div>\n<\/div>\n<\/div>\n","protected":false},"excerpt":{"rendered":"<p>Secret de porc ib\u00e8ric tendre i suc\u00f3s, cuinat a baixa temperatura. Marcat a la planxa, deixant-lo cruixent per ambd\u00f3s costats, far\u00e0 les del\u00edcies dels paladars m\u00e9s exigents. Suggeriment: Perfecte per servir a la planxa amb una textura cruixent i un interior mel\u00f3s. Instruccions: Sense necessitat de descongelar pr\u00e8viament, escalfar al bany maria dins la mateixa [&#8230;]\n","protected":false},"featured_media":5083,"comment_status":"open","ping_status":"closed","template":"","meta":[],"product_cat":[306,18,64],"product_tag":[],"class_list":{"0":"post-5082","1":"product","2":"type-product","3":"status-publish","4":"has-post-thumbnail","6":"product_cat-carn-ca","7":"product_cat-gastronomia","8":"product_cat-segons","10":"first","11":"instock","12":"shipping-taxable","13":"product-type-simple"},"yoast_head":"<!-- This site is optimized with the Yoast SEO plugin v23.3 - https:\/\/yoast.com\/wordpress\/plugins\/seo\/ -->\n<title>Secret ib\u00e8ric confitat - Consigel<\/title>\n<meta name=\"robots\" content=\"index, follow, max-snippet:-1, max-image-preview:large, max-video-preview:-1\" \/>\n<link rel=\"canonical\" href=\"https:\/\/www.consigel.com\/ca\/producte\/secret-iberic-confitat\/\" \/>\n<meta property=\"og:locale\" content=\"ca_ES\" \/>\n<meta property=\"og:type\" content=\"article\" \/>\n<meta property=\"og:title\" content=\"Secret ib\u00e8ric confitat - Consigel\" \/>\n<meta property=\"og:description\" content=\"Secret de porc ib\u00e8ric tendre i suc\u00f3s, cuinat a baixa temperatura. Marcat a la planxa, deixant-lo cruixent per ambd\u00f3s costats, far\u00e0 les del\u00edcies dels paladars m\u00e9s exigents. Suggeriment: Perfecte per servir a la planxa amb una textura cruixent i un interior mel\u00f3s. Instruccions: Sense necessitat de descongelar pr\u00e8viament, escalfar al bany maria dins la mateixa [...]\" \/>\n<meta property=\"og:url\" content=\"https:\/\/www.consigel.com\/ca\/producte\/secret-iberic-confitat\/\" \/>\n<meta property=\"og:site_name\" content=\"Consigel\" \/>\n<meta property=\"article:modified_time\" content=\"2024-10-17T09:33:59+00:00\" \/>\n<meta property=\"og:image\" content=\"https:\/\/www.consigel.com\/wp-content\/uploads\/2024\/10\/EXQUISITARIUM_Secreto-removebg-preview.png\" \/>\n\t<meta property=\"og:image:width\" content=\"577\" \/>\n\t<meta property=\"og:image:height\" content=\"433\" \/>\n\t<meta property=\"og:image:type\" content=\"image\/png\" \/>\n<meta name=\"twitter:card\" content=\"summary_large_image\" \/>\n<meta name=\"twitter:label1\" content=\"Temps estimat de lectura\" \/>\n\t<meta name=\"twitter:data1\" content=\"1 minut\" \/>\n<script type=\"application\/ld+json\" class=\"yoast-schema-graph\">{\"@context\":\"https:\/\/schema.org\",\"@graph\":[{\"@type\":\"WebPage\",\"@id\":\"https:\/\/www.consigel.com\/ca\/producte\/secret-iberic-confitat\/\",\"url\":\"https:\/\/www.consigel.com\/ca\/producte\/secret-iberic-confitat\/\",\"name\":\"Secret ib\u00e8ric confitat - Consigel\",\"isPartOf\":{\"@id\":\"https:\/\/www.consigel.com\/ca\/#website\"},\"primaryImageOfPage\":{\"@id\":\"https:\/\/www.consigel.com\/ca\/producte\/secret-iberic-confitat\/#primaryimage\"},\"image\":{\"@id\":\"https:\/\/www.consigel.com\/ca\/producte\/secret-iberic-confitat\/#primaryimage\"},\"thumbnailUrl\":\"https:\/\/www.consigel.com\/wp-content\/uploads\/2024\/10\/EXQUISITARIUM_Secreto-removebg-preview.png\",\"datePublished\":\"2024-10-17T09:33:58+00:00\",\"dateModified\":\"2024-10-17T09:33:59+00:00\",\"breadcrumb\":{\"@id\":\"https:\/\/www.consigel.com\/ca\/producte\/secret-iberic-confitat\/#breadcrumb\"},\"inLanguage\":\"ca\",\"potentialAction\":[{\"@type\":\"ReadAction\",\"target\":[\"https:\/\/www.consigel.com\/ca\/producte\/secret-iberic-confitat\/\"]}]},{\"@type\":\"ImageObject\",\"inLanguage\":\"ca\",\"@id\":\"https:\/\/www.consigel.com\/ca\/producte\/secret-iberic-confitat\/#primaryimage\",\"url\":\"https:\/\/www.consigel.com\/wp-content\/uploads\/2024\/10\/EXQUISITARIUM_Secreto-removebg-preview.png\",\"contentUrl\":\"https:\/\/www.consigel.com\/wp-content\/uploads\/2024\/10\/EXQUISITARIUM_Secreto-removebg-preview.png\",\"width\":577,\"height\":433},{\"@type\":\"BreadcrumbList\",\"@id\":\"https:\/\/www.consigel.com\/ca\/producte\/secret-iberic-confitat\/#breadcrumb\",\"itemListElement\":[{\"@type\":\"ListItem\",\"position\":1,\"name\":\"Portada\",\"item\":\"https:\/\/www.consigel.com\/ca\/\"},{\"@type\":\"ListItem\",\"position\":2,\"name\":\"Shop\",\"item\":\"https:\/\/www.consigel.com\/ca\/shop\/\"},{\"@type\":\"ListItem\",\"position\":3,\"name\":\"Secret ib\u00e8ric confitat\"}]},{\"@type\":\"WebSite\",\"@id\":\"https:\/\/www.consigel.com\/ca\/#website\",\"url\":\"https:\/\/www.consigel.com\/ca\/\",\"name\":\"Consigel\",\"description\":\"\",\"potentialAction\":[{\"@type\":\"SearchAction\",\"target\":{\"@type\":\"EntryPoint\",\"urlTemplate\":\"https:\/\/www.consigel.com\/ca\/?s={search_term_string}\"},\"query-input\":\"required name=search_term_string\"}],\"inLanguage\":\"ca\"}]}<\/script>\n<!-- \/ Yoast SEO plugin. -->","yoast_head_json":{"title":"Secret ib\u00e8ric confitat - Consigel","robots":{"index":"index","follow":"follow","max-snippet":"max-snippet:-1","max-image-preview":"max-image-preview:large","max-video-preview":"max-video-preview:-1"},"canonical":"https:\/\/www.consigel.com\/ca\/producte\/secret-iberic-confitat\/","og_locale":"ca_ES","og_type":"article","og_title":"Secret ib\u00e8ric confitat - Consigel","og_description":"Secret de porc ib\u00e8ric tendre i suc\u00f3s, cuinat a baixa temperatura. Marcat a la planxa, deixant-lo cruixent per ambd\u00f3s costats, far\u00e0 les del\u00edcies dels paladars m\u00e9s exigents. Suggeriment: Perfecte per servir a la planxa amb una textura cruixent i un interior mel\u00f3s. Instruccions: Sense necessitat de descongelar pr\u00e8viament, escalfar al bany maria dins la mateixa [...]","og_url":"https:\/\/www.consigel.com\/ca\/producte\/secret-iberic-confitat\/","og_site_name":"Consigel","article_modified_time":"2024-10-17T09:33:59+00:00","og_image":[{"width":577,"height":433,"url":"https:\/\/www.consigel.com\/wp-content\/uploads\/2024\/10\/EXQUISITARIUM_Secreto-removebg-preview.png","type":"image\/png"}],"twitter_card":"summary_large_image","twitter_misc":{"Temps estimat de lectura":"1 minut"},"schema":{"@context":"https:\/\/schema.org","@graph":[{"@type":"WebPage","@id":"https:\/\/www.consigel.com\/ca\/producte\/secret-iberic-confitat\/","url":"https:\/\/www.consigel.com\/ca\/producte\/secret-iberic-confitat\/","name":"Secret ib\u00e8ric confitat - Consigel","isPartOf":{"@id":"https:\/\/www.consigel.com\/ca\/#website"},"primaryImageOfPage":{"@id":"https:\/\/www.consigel.com\/ca\/producte\/secret-iberic-confitat\/#primaryimage"},"image":{"@id":"https:\/\/www.consigel.com\/ca\/producte\/secret-iberic-confitat\/#primaryimage"},"thumbnailUrl":"https:\/\/www.consigel.com\/wp-content\/uploads\/2024\/10\/EXQUISITARIUM_Secreto-removebg-preview.png","datePublished":"2024-10-17T09:33:58+00:00","dateModified":"2024-10-17T09:33:59+00:00","breadcrumb":{"@id":"https:\/\/www.consigel.com\/ca\/producte\/secret-iberic-confitat\/#breadcrumb"},"inLanguage":"ca","potentialAction":[{"@type":"ReadAction","target":["https:\/\/www.consigel.com\/ca\/producte\/secret-iberic-confitat\/"]}]},{"@type":"ImageObject","inLanguage":"ca","@id":"https:\/\/www.consigel.com\/ca\/producte\/secret-iberic-confitat\/#primaryimage","url":"https:\/\/www.consigel.com\/wp-content\/uploads\/2024\/10\/EXQUISITARIUM_Secreto-removebg-preview.png","contentUrl":"https:\/\/www.consigel.com\/wp-content\/uploads\/2024\/10\/EXQUISITARIUM_Secreto-removebg-preview.png","width":577,"height":433},{"@type":"BreadcrumbList","@id":"https:\/\/www.consigel.com\/ca\/producte\/secret-iberic-confitat\/#breadcrumb","itemListElement":[{"@type":"ListItem","position":1,"name":"Portada","item":"https:\/\/www.consigel.com\/ca\/"},{"@type":"ListItem","position":2,"name":"Shop","item":"https:\/\/www.consigel.com\/ca\/shop\/"},{"@type":"ListItem","position":3,"name":"Secret ib\u00e8ric confitat"}]},{"@type":"WebSite","@id":"https:\/\/www.consigel.com\/ca\/#website","url":"https:\/\/www.consigel.com\/ca\/","name":"Consigel","description":"","potentialAction":[{"@type":"SearchAction","target":{"@type":"EntryPoint","urlTemplate":"https:\/\/www.consigel.com\/ca\/?s={search_term_string}"},"query-input":"required name=search_term_string"}],"inLanguage":"ca"}]}},"_links":{"self":[{"href":"https:\/\/www.consigel.com\/ca\/wp-json\/wp\/v2\/product\/5082","targetHints":{"allow":["GET"]}}],"collection":[{"href":"https:\/\/www.consigel.com\/ca\/wp-json\/wp\/v2\/product"}],"about":[{"href":"https:\/\/www.consigel.com\/ca\/wp-json\/wp\/v2\/types\/product"}],"replies":[{"embeddable":true,"href":"https:\/\/www.consigel.com\/ca\/wp-json\/wp\/v2\/comments?post=5082"}],"wp:featuredmedia":[{"embeddable":true,"href":"https:\/\/www.consigel.com\/ca\/wp-json\/wp\/v2\/media\/5083"}],"wp:attachment":[{"href":"https:\/\/www.consigel.com\/ca\/wp-json\/wp\/v2\/media?parent=5082"}],"wp:term":[{"taxonomy":"product_cat","embeddable":true,"href":"https:\/\/www.consigel.com\/ca\/wp-json\/wp\/v2\/product_cat?post=5082"},{"taxonomy":"product_tag","embeddable":true,"href":"https:\/\/www.consigel.com\/ca\/wp-json\/wp\/v2\/product_tag?post=5082"}],"curies":[{"name":"wp","href":"https:\/\/api.w.org\/{rel}","templated":true}]}}