{"id":4950,"date":"2024-10-10T15:05:14","date_gmt":"2024-10-10T15:05:14","guid":{"rendered":"https:\/\/www.consigel.com\/?post_type=product&#038;p=4950"},"modified":"2024-10-10T15:12:21","modified_gmt":"2024-10-10T15:12:21","slug":"canelo-bolets","status":"publish","type":"product","link":"https:\/\/www.consigel.com\/ca\/producte\/canelo-bolets\/","title":{"rendered":"Canel\u00f3 de  bolets"},"content":{"rendered":"<p>Canel\u00f3 amb pasta fresca al dente i farcit crem\u00f3s amb un intens sabor de bolets, seguint les receptes i processos m\u00e9s tradicionals, fet completament a m\u00e0.<\/p>\n<p>Format individual amb el Codi 1622. Y en safates de 3 unitats amb beixamel amb el Codi 16222.<\/p>\n<div class=\"flex max-w-full flex-col flex-grow\">\n<div class=\"min-h-8 text-message flex w-full flex-col items-end gap-2 whitespace-normal break-words [.text-message+&amp;]:mt-5\" dir=\"auto\" data-message-author-role=\"assistant\" data-message-id=\"6fd57639-8321-49d9-bde5-64d430e65a7b\" data-message-model-slug=\"gpt-4o\">\n<div class=\"flex w-full flex-col gap-1 empty:hidden first:pt-[3px]\">\n<div class=\"markdown prose w-full break-words dark:prose-invert light\">\n<p>Codi 1622: Cobrir amb els ingredients desitjats, enfornar i gratinar fins a assolir els 74\u00baC al centre del producte.<\/p>\n<p>Codi 16222:<br \/>\n<strong>MICROONES<\/strong>: No cal descongelar pr\u00e8viament, perforar la part superior de l\u2019env\u00e0s en diversos punts i escalfar directament al microones durant 8-9 minuts a 800W.<br \/>\n<strong>FORN<\/strong>: Retirar el film i la safata de pl\u00e0stic i col\u00b7locar amb la mateixa safata d&#8217;alumini a mitja al\u00e7ada a 200\u00b0C durant uns 20 minuts. Escalfar fins a assolir els 74\u00baC al centre del producte en ambd\u00f3s casos. Es pot acabar amb la funci\u00f3 de gratinat.<\/p>\n<\/div>\n<\/div>\n<\/div>\n<\/div>\n","protected":false},"excerpt":{"rendered":"<p>Canel\u00f3 amb pasta fresca al dente i farcit crem\u00f3s amb un intens sabor de bolets, seguint les receptes i processos m\u00e9s tradicionals, fet completament a m\u00e0. Format individual amb el Codi 1622. Y en safates de 3 unitats amb beixamel amb el Codi 16222. Codi 1622: Cobrir amb els ingredients desitjats, enfornar i gratinar fins [&#8230;]\n","protected":false},"featured_media":4945,"comment_status":"open","ping_status":"closed","template":"","meta":[],"product_cat":[300,18,61],"product_tag":[],"class_list":{"0":"post-4950","1":"product","2":"type-product","3":"status-publish","4":"has-post-thumbnail","6":"product_cat-pastes-rissotos-gyozas-canalons","7":"product_cat-gastronomia","8":"product_cat-primers","10":"first","11":"instock","12":"shipping-taxable","13":"product-type-simple"},"yoast_head":"<!-- This site is optimized with the Yoast SEO plugin v23.3 - https:\/\/yoast.com\/wordpress\/plugins\/seo\/ -->\n<title>Canel\u00f3 de bolets - Consigel<\/title>\n<meta name=\"robots\" content=\"index, follow, max-snippet:-1, max-image-preview:large, max-video-preview:-1\" \/>\n<link rel=\"canonical\" href=\"https:\/\/www.consigel.com\/ca\/producte\/canelo-bolets\/\" \/>\n<meta property=\"og:locale\" content=\"ca_ES\" \/>\n<meta property=\"og:type\" content=\"article\" \/>\n<meta property=\"og:title\" content=\"Canel\u00f3 de bolets - Consigel\" \/>\n<meta property=\"og:description\" content=\"Canel\u00f3 amb pasta fresca al dente i farcit crem\u00f3s amb un intens sabor de bolets, seguint les receptes i processos m\u00e9s tradicionals, fet completament a m\u00e0. Format individual amb el Codi 1622. Y en safates de 3 unitats amb beixamel amb el Codi 16222. Codi 1622: Cobrir amb els ingredients desitjats, enfornar i gratinar fins [...]\" \/>\n<meta property=\"og:url\" content=\"https:\/\/www.consigel.com\/ca\/producte\/canelo-bolets\/\" \/>\n<meta property=\"og:site_name\" content=\"Consigel\" \/>\n<meta property=\"article:modified_time\" content=\"2024-10-10T15:12:21+00:00\" \/>\n<meta property=\"og:image\" content=\"https:\/\/www.consigel.com\/wp-content\/uploads\/2024\/10\/IMG_1067-2-removebg-preview.png\" \/>\n\t<meta property=\"og:image:width\" content=\"605\" \/>\n\t<meta property=\"og:image:height\" content=\"412\" \/>\n\t<meta property=\"og:image:type\" content=\"image\/png\" \/>\n<meta name=\"twitter:card\" content=\"summary_large_image\" \/>\n<meta name=\"twitter:label1\" content=\"Temps estimat de lectura\" \/>\n\t<meta name=\"twitter:data1\" content=\"1 minut\" \/>\n<script type=\"application\/ld+json\" class=\"yoast-schema-graph\">{\"@context\":\"https:\/\/schema.org\",\"@graph\":[{\"@type\":\"WebPage\",\"@id\":\"https:\/\/www.consigel.com\/ca\/producte\/canelo-bolets\/\",\"url\":\"https:\/\/www.consigel.com\/ca\/producte\/canelo-bolets\/\",\"name\":\"Canel\u00f3 de bolets - Consigel\",\"isPartOf\":{\"@id\":\"https:\/\/www.consigel.com\/ca\/#website\"},\"primaryImageOfPage\":{\"@id\":\"https:\/\/www.consigel.com\/ca\/producte\/canelo-bolets\/#primaryimage\"},\"image\":{\"@id\":\"https:\/\/www.consigel.com\/ca\/producte\/canelo-bolets\/#primaryimage\"},\"thumbnailUrl\":\"https:\/\/www.consigel.com\/wp-content\/uploads\/2024\/10\/IMG_1067-2-removebg-preview.png\",\"datePublished\":\"2024-10-10T15:05:14+00:00\",\"dateModified\":\"2024-10-10T15:12:21+00:00\",\"breadcrumb\":{\"@id\":\"https:\/\/www.consigel.com\/ca\/producte\/canelo-bolets\/#breadcrumb\"},\"inLanguage\":\"ca\",\"potentialAction\":[{\"@type\":\"ReadAction\",\"target\":[\"https:\/\/www.consigel.com\/ca\/producte\/canelo-bolets\/\"]}]},{\"@type\":\"ImageObject\",\"inLanguage\":\"ca\",\"@id\":\"https:\/\/www.consigel.com\/ca\/producte\/canelo-bolets\/#primaryimage\",\"url\":\"https:\/\/www.consigel.com\/wp-content\/uploads\/2024\/10\/IMG_1067-2-removebg-preview.png\",\"contentUrl\":\"https:\/\/www.consigel.com\/wp-content\/uploads\/2024\/10\/IMG_1067-2-removebg-preview.png\",\"width\":605,\"height\":412},{\"@type\":\"BreadcrumbList\",\"@id\":\"https:\/\/www.consigel.com\/ca\/producte\/canelo-bolets\/#breadcrumb\",\"itemListElement\":[{\"@type\":\"ListItem\",\"position\":1,\"name\":\"Portada\",\"item\":\"https:\/\/www.consigel.com\/ca\/\"},{\"@type\":\"ListItem\",\"position\":2,\"name\":\"Shop\",\"item\":\"https:\/\/www.consigel.com\/ca\/shop\/\"},{\"@type\":\"ListItem\",\"position\":3,\"name\":\"Canel\u00f3 de bolets\"}]},{\"@type\":\"WebSite\",\"@id\":\"https:\/\/www.consigel.com\/ca\/#website\",\"url\":\"https:\/\/www.consigel.com\/ca\/\",\"name\":\"Consigel\",\"description\":\"\",\"potentialAction\":[{\"@type\":\"SearchAction\",\"target\":{\"@type\":\"EntryPoint\",\"urlTemplate\":\"https:\/\/www.consigel.com\/ca\/?s={search_term_string}\"},\"query-input\":\"required name=search_term_string\"}],\"inLanguage\":\"ca\"}]}<\/script>\n<!-- \/ Yoast SEO plugin. -->","yoast_head_json":{"title":"Canel\u00f3 de bolets - Consigel","robots":{"index":"index","follow":"follow","max-snippet":"max-snippet:-1","max-image-preview":"max-image-preview:large","max-video-preview":"max-video-preview:-1"},"canonical":"https:\/\/www.consigel.com\/ca\/producte\/canelo-bolets\/","og_locale":"ca_ES","og_type":"article","og_title":"Canel\u00f3 de bolets - Consigel","og_description":"Canel\u00f3 amb pasta fresca al dente i farcit crem\u00f3s amb un intens sabor de bolets, seguint les receptes i processos m\u00e9s tradicionals, fet completament a m\u00e0. Format individual amb el Codi 1622. Y en safates de 3 unitats amb beixamel amb el Codi 16222. Codi 1622: Cobrir amb els ingredients desitjats, enfornar i gratinar fins [...]","og_url":"https:\/\/www.consigel.com\/ca\/producte\/canelo-bolets\/","og_site_name":"Consigel","article_modified_time":"2024-10-10T15:12:21+00:00","og_image":[{"width":605,"height":412,"url":"https:\/\/www.consigel.com\/wp-content\/uploads\/2024\/10\/IMG_1067-2-removebg-preview.png","type":"image\/png"}],"twitter_card":"summary_large_image","twitter_misc":{"Temps estimat de lectura":"1 minut"},"schema":{"@context":"https:\/\/schema.org","@graph":[{"@type":"WebPage","@id":"https:\/\/www.consigel.com\/ca\/producte\/canelo-bolets\/","url":"https:\/\/www.consigel.com\/ca\/producte\/canelo-bolets\/","name":"Canel\u00f3 de bolets - Consigel","isPartOf":{"@id":"https:\/\/www.consigel.com\/ca\/#website"},"primaryImageOfPage":{"@id":"https:\/\/www.consigel.com\/ca\/producte\/canelo-bolets\/#primaryimage"},"image":{"@id":"https:\/\/www.consigel.com\/ca\/producte\/canelo-bolets\/#primaryimage"},"thumbnailUrl":"https:\/\/www.consigel.com\/wp-content\/uploads\/2024\/10\/IMG_1067-2-removebg-preview.png","datePublished":"2024-10-10T15:05:14+00:00","dateModified":"2024-10-10T15:12:21+00:00","breadcrumb":{"@id":"https:\/\/www.consigel.com\/ca\/producte\/canelo-bolets\/#breadcrumb"},"inLanguage":"ca","potentialAction":[{"@type":"ReadAction","target":["https:\/\/www.consigel.com\/ca\/producte\/canelo-bolets\/"]}]},{"@type":"ImageObject","inLanguage":"ca","@id":"https:\/\/www.consigel.com\/ca\/producte\/canelo-bolets\/#primaryimage","url":"https:\/\/www.consigel.com\/wp-content\/uploads\/2024\/10\/IMG_1067-2-removebg-preview.png","contentUrl":"https:\/\/www.consigel.com\/wp-content\/uploads\/2024\/10\/IMG_1067-2-removebg-preview.png","width":605,"height":412},{"@type":"BreadcrumbList","@id":"https:\/\/www.consigel.com\/ca\/producte\/canelo-bolets\/#breadcrumb","itemListElement":[{"@type":"ListItem","position":1,"name":"Portada","item":"https:\/\/www.consigel.com\/ca\/"},{"@type":"ListItem","position":2,"name":"Shop","item":"https:\/\/www.consigel.com\/ca\/shop\/"},{"@type":"ListItem","position":3,"name":"Canel\u00f3 de bolets"}]},{"@type":"WebSite","@id":"https:\/\/www.consigel.com\/ca\/#website","url":"https:\/\/www.consigel.com\/ca\/","name":"Consigel","description":"","potentialAction":[{"@type":"SearchAction","target":{"@type":"EntryPoint","urlTemplate":"https:\/\/www.consigel.com\/ca\/?s={search_term_string}"},"query-input":"required name=search_term_string"}],"inLanguage":"ca"}]}},"_links":{"self":[{"href":"https:\/\/www.consigel.com\/ca\/wp-json\/wp\/v2\/product\/4950","targetHints":{"allow":["GET"]}}],"collection":[{"href":"https:\/\/www.consigel.com\/ca\/wp-json\/wp\/v2\/product"}],"about":[{"href":"https:\/\/www.consigel.com\/ca\/wp-json\/wp\/v2\/types\/product"}],"replies":[{"embeddable":true,"href":"https:\/\/www.consigel.com\/ca\/wp-json\/wp\/v2\/comments?post=4950"}],"wp:featuredmedia":[{"embeddable":true,"href":"https:\/\/www.consigel.com\/ca\/wp-json\/wp\/v2\/media\/4945"}],"wp:attachment":[{"href":"https:\/\/www.consigel.com\/ca\/wp-json\/wp\/v2\/media?parent=4950"}],"wp:term":[{"taxonomy":"product_cat","embeddable":true,"href":"https:\/\/www.consigel.com\/ca\/wp-json\/wp\/v2\/product_cat?post=4950"},{"taxonomy":"product_tag","embeddable":true,"href":"https:\/\/www.consigel.com\/ca\/wp-json\/wp\/v2\/product_tag?post=4950"}],"curies":[{"name":"wp","href":"https:\/\/api.w.org\/{rel}","templated":true}]}}