{"id":4937,"date":"2024-10-10T14:46:41","date_gmt":"2024-10-10T14:46:41","guid":{"rendered":"https:\/\/www.consigel.com\/producte\/medallon-queso-de-cabra-empanado-laduc\/"},"modified":"2024-10-10T15:30:32","modified_gmt":"2024-10-10T15:30:32","slug":"medallon-queso-de-cabra-empanado-laduc","status":"publish","type":"product","link":"https:\/\/www.consigel.com\/ca\/producte\/medallon-queso-de-cabra-empanado-laduc\/","title":{"rendered":"Medall\u00f3 formatge de cabra empanat Laduc"},"content":{"rendered":"<p>El medall\u00f3 de formatge de cabra \u00e9s un aperitiu delici\u00f3s que ressalta el sabor distintiu i crem\u00f3s d&#8217;aquest tipus de formatge. Se sol preparar tallant el formatge a rodanxes, s&#8217;empanen en pa ratllat per ser daurats a la planxa o fregits.<\/p>\n<p>El resultat \u00e9s una exterior cruixent i daurat, que contrasta amb l\u02bbinterior suau i untu\u00f3s. Ideal per compartir en reunions o com a part d&#8217;un men\u00fa de tapes, el medall\u00f3 de formatge de cabra empanat \u00e9s un veritable delit per als amants del formatge.<\/p>\n<p>Pes 40gr.<\/p>\n<p>Caixa amb 8 bosas de 600gr.<\/p>\n","protected":false},"excerpt":{"rendered":"<p>El medall\u00f3 de formatge de cabra \u00e9s un aperitiu delici\u00f3s que ressalta el sabor distintiu i crem\u00f3s d&#8217;aquest tipus de formatge. Se sol preparar tallant el formatge a rodanxes, s&#8217;empanen en pa ratllat per ser daurats a la planxa o fregits. El resultat \u00e9s una exterior cruixent i daurat, que contrasta amb l\u02bbinterior suau i [&#8230;]\n","protected":false},"featured_media":4934,"comment_status":"open","ping_status":"closed","template":"","meta":[],"product_cat":[315,34,111,18],"product_tag":[],"class_list":{"0":"post-4937","1":"product","2":"type-product","3":"status-publish","4":"has-post-thumbnail","6":"product_cat-altres-aperitius","7":"product_cat-aperitius","8":"product_cat-fregidora","9":"product_cat-gastronomia","11":"first","12":"instock","13":"shipping-taxable","14":"product-type-simple"},"yoast_head":"<!-- This site is optimized with the Yoast SEO plugin v23.3 - https:\/\/yoast.com\/wordpress\/plugins\/seo\/ -->\n<title>Medall\u00f3 formatge de cabra empanat Laduc - Consigel<\/title>\n<meta name=\"robots\" content=\"index, follow, max-snippet:-1, max-image-preview:large, max-video-preview:-1\" \/>\n<link rel=\"canonical\" href=\"https:\/\/www.consigel.com\/ca\/producte\/medallon-queso-de-cabra-empanado-laduc\/\" \/>\n<meta property=\"og:locale\" content=\"ca_ES\" \/>\n<meta property=\"og:type\" content=\"article\" \/>\n<meta property=\"og:title\" content=\"Medall\u00f3 formatge de cabra empanat Laduc - Consigel\" \/>\n<meta property=\"og:description\" content=\"El medall\u00f3 de formatge de cabra \u00e9s un aperitiu delici\u00f3s que ressalta el sabor distintiu i crem\u00f3s d&#8217;aquest tipus de formatge. Se sol preparar tallant el formatge a rodanxes, s&#8217;empanen en pa ratllat per ser daurats a la planxa o fregits. El resultat \u00e9s una exterior cruixent i daurat, que contrasta amb l\u02bbinterior suau i [...]\" \/>\n<meta property=\"og:url\" content=\"https:\/\/www.consigel.com\/ca\/producte\/medallon-queso-de-cabra-empanado-laduc\/\" \/>\n<meta property=\"og:site_name\" content=\"Consigel\" \/>\n<meta property=\"article:modified_time\" content=\"2024-10-10T15:30:32+00:00\" \/>\n<meta property=\"og:image\" content=\"https:\/\/www.consigel.com\/wp-content\/uploads\/2024\/10\/medallon-queso-de-cabra-laduc.jpeg\" \/>\n\t<meta property=\"og:image:width\" content=\"360\" \/>\n\t<meta property=\"og:image:height\" content=\"360\" \/>\n\t<meta property=\"og:image:type\" content=\"image\/jpeg\" \/>\n<meta name=\"twitter:card\" content=\"summary_large_image\" \/>\n<meta name=\"twitter:label1\" content=\"Temps estimat de lectura\" \/>\n\t<meta name=\"twitter:data1\" content=\"1 minut\" \/>\n<script type=\"application\/ld+json\" class=\"yoast-schema-graph\">{\"@context\":\"https:\/\/schema.org\",\"@graph\":[{\"@type\":\"WebPage\",\"@id\":\"https:\/\/www.consigel.com\/ca\/producte\/medallon-queso-de-cabra-empanado-laduc\/\",\"url\":\"https:\/\/www.consigel.com\/ca\/producte\/medallon-queso-de-cabra-empanado-laduc\/\",\"name\":\"Medall\u00f3 formatge de cabra empanat Laduc - Consigel\",\"isPartOf\":{\"@id\":\"https:\/\/www.consigel.com\/ca\/#website\"},\"primaryImageOfPage\":{\"@id\":\"https:\/\/www.consigel.com\/ca\/producte\/medallon-queso-de-cabra-empanado-laduc\/#primaryimage\"},\"image\":{\"@id\":\"https:\/\/www.consigel.com\/ca\/producte\/medallon-queso-de-cabra-empanado-laduc\/#primaryimage\"},\"thumbnailUrl\":\"https:\/\/www.consigel.com\/wp-content\/uploads\/2024\/10\/medallon-queso-de-cabra-laduc.jpeg\",\"datePublished\":\"2024-10-10T14:46:41+00:00\",\"dateModified\":\"2024-10-10T15:30:32+00:00\",\"breadcrumb\":{\"@id\":\"https:\/\/www.consigel.com\/ca\/producte\/medallon-queso-de-cabra-empanado-laduc\/#breadcrumb\"},\"inLanguage\":\"ca\",\"potentialAction\":[{\"@type\":\"ReadAction\",\"target\":[\"https:\/\/www.consigel.com\/ca\/producte\/medallon-queso-de-cabra-empanado-laduc\/\"]}]},{\"@type\":\"ImageObject\",\"inLanguage\":\"ca\",\"@id\":\"https:\/\/www.consigel.com\/ca\/producte\/medallon-queso-de-cabra-empanado-laduc\/#primaryimage\",\"url\":\"https:\/\/www.consigel.com\/wp-content\/uploads\/2024\/10\/medallon-queso-de-cabra-laduc.jpeg\",\"contentUrl\":\"https:\/\/www.consigel.com\/wp-content\/uploads\/2024\/10\/medallon-queso-de-cabra-laduc.jpeg\",\"width\":360,\"height\":360},{\"@type\":\"BreadcrumbList\",\"@id\":\"https:\/\/www.consigel.com\/ca\/producte\/medallon-queso-de-cabra-empanado-laduc\/#breadcrumb\",\"itemListElement\":[{\"@type\":\"ListItem\",\"position\":1,\"name\":\"Portada\",\"item\":\"https:\/\/www.consigel.com\/ca\/\"},{\"@type\":\"ListItem\",\"position\":2,\"name\":\"Shop\",\"item\":\"https:\/\/www.consigel.com\/ca\/shop\/\"},{\"@type\":\"ListItem\",\"position\":3,\"name\":\"Medall\u00f3 formatge de cabra empanat Laduc\"}]},{\"@type\":\"WebSite\",\"@id\":\"https:\/\/www.consigel.com\/ca\/#website\",\"url\":\"https:\/\/www.consigel.com\/ca\/\",\"name\":\"Consigel\",\"description\":\"\",\"potentialAction\":[{\"@type\":\"SearchAction\",\"target\":{\"@type\":\"EntryPoint\",\"urlTemplate\":\"https:\/\/www.consigel.com\/ca\/?s={search_term_string}\"},\"query-input\":\"required name=search_term_string\"}],\"inLanguage\":\"ca\"}]}<\/script>\n<!-- \/ Yoast SEO plugin. -->","yoast_head_json":{"title":"Medall\u00f3 formatge de cabra empanat Laduc - Consigel","robots":{"index":"index","follow":"follow","max-snippet":"max-snippet:-1","max-image-preview":"max-image-preview:large","max-video-preview":"max-video-preview:-1"},"canonical":"https:\/\/www.consigel.com\/ca\/producte\/medallon-queso-de-cabra-empanado-laduc\/","og_locale":"ca_ES","og_type":"article","og_title":"Medall\u00f3 formatge de cabra empanat Laduc - Consigel","og_description":"El medall\u00f3 de formatge de cabra \u00e9s un aperitiu delici\u00f3s que ressalta el sabor distintiu i crem\u00f3s d&#8217;aquest tipus de formatge. Se sol preparar tallant el formatge a rodanxes, s&#8217;empanen en pa ratllat per ser daurats a la planxa o fregits. El resultat \u00e9s una exterior cruixent i daurat, que contrasta amb l\u02bbinterior suau i [...]","og_url":"https:\/\/www.consigel.com\/ca\/producte\/medallon-queso-de-cabra-empanado-laduc\/","og_site_name":"Consigel","article_modified_time":"2024-10-10T15:30:32+00:00","og_image":[{"width":360,"height":360,"url":"https:\/\/www.consigel.com\/wp-content\/uploads\/2024\/10\/medallon-queso-de-cabra-laduc.jpeg","type":"image\/jpeg"}],"twitter_card":"summary_large_image","twitter_misc":{"Temps estimat de lectura":"1 minut"},"schema":{"@context":"https:\/\/schema.org","@graph":[{"@type":"WebPage","@id":"https:\/\/www.consigel.com\/ca\/producte\/medallon-queso-de-cabra-empanado-laduc\/","url":"https:\/\/www.consigel.com\/ca\/producte\/medallon-queso-de-cabra-empanado-laduc\/","name":"Medall\u00f3 formatge de cabra empanat Laduc - Consigel","isPartOf":{"@id":"https:\/\/www.consigel.com\/ca\/#website"},"primaryImageOfPage":{"@id":"https:\/\/www.consigel.com\/ca\/producte\/medallon-queso-de-cabra-empanado-laduc\/#primaryimage"},"image":{"@id":"https:\/\/www.consigel.com\/ca\/producte\/medallon-queso-de-cabra-empanado-laduc\/#primaryimage"},"thumbnailUrl":"https:\/\/www.consigel.com\/wp-content\/uploads\/2024\/10\/medallon-queso-de-cabra-laduc.jpeg","datePublished":"2024-10-10T14:46:41+00:00","dateModified":"2024-10-10T15:30:32+00:00","breadcrumb":{"@id":"https:\/\/www.consigel.com\/ca\/producte\/medallon-queso-de-cabra-empanado-laduc\/#breadcrumb"},"inLanguage":"ca","potentialAction":[{"@type":"ReadAction","target":["https:\/\/www.consigel.com\/ca\/producte\/medallon-queso-de-cabra-empanado-laduc\/"]}]},{"@type":"ImageObject","inLanguage":"ca","@id":"https:\/\/www.consigel.com\/ca\/producte\/medallon-queso-de-cabra-empanado-laduc\/#primaryimage","url":"https:\/\/www.consigel.com\/wp-content\/uploads\/2024\/10\/medallon-queso-de-cabra-laduc.jpeg","contentUrl":"https:\/\/www.consigel.com\/wp-content\/uploads\/2024\/10\/medallon-queso-de-cabra-laduc.jpeg","width":360,"height":360},{"@type":"BreadcrumbList","@id":"https:\/\/www.consigel.com\/ca\/producte\/medallon-queso-de-cabra-empanado-laduc\/#breadcrumb","itemListElement":[{"@type":"ListItem","position":1,"name":"Portada","item":"https:\/\/www.consigel.com\/ca\/"},{"@type":"ListItem","position":2,"name":"Shop","item":"https:\/\/www.consigel.com\/ca\/shop\/"},{"@type":"ListItem","position":3,"name":"Medall\u00f3 formatge de cabra empanat Laduc"}]},{"@type":"WebSite","@id":"https:\/\/www.consigel.com\/ca\/#website","url":"https:\/\/www.consigel.com\/ca\/","name":"Consigel","description":"","potentialAction":[{"@type":"SearchAction","target":{"@type":"EntryPoint","urlTemplate":"https:\/\/www.consigel.com\/ca\/?s={search_term_string}"},"query-input":"required name=search_term_string"}],"inLanguage":"ca"}]}},"_links":{"self":[{"href":"https:\/\/www.consigel.com\/ca\/wp-json\/wp\/v2\/product\/4937","targetHints":{"allow":["GET"]}}],"collection":[{"href":"https:\/\/www.consigel.com\/ca\/wp-json\/wp\/v2\/product"}],"about":[{"href":"https:\/\/www.consigel.com\/ca\/wp-json\/wp\/v2\/types\/product"}],"replies":[{"embeddable":true,"href":"https:\/\/www.consigel.com\/ca\/wp-json\/wp\/v2\/comments?post=4937"}],"wp:featuredmedia":[{"embeddable":true,"href":"https:\/\/www.consigel.com\/ca\/wp-json\/wp\/v2\/media\/4934"}],"wp:attachment":[{"href":"https:\/\/www.consigel.com\/ca\/wp-json\/wp\/v2\/media?parent=4937"}],"wp:term":[{"taxonomy":"product_cat","embeddable":true,"href":"https:\/\/www.consigel.com\/ca\/wp-json\/wp\/v2\/product_cat?post=4937"},{"taxonomy":"product_tag","embeddable":true,"href":"https:\/\/www.consigel.com\/ca\/wp-json\/wp\/v2\/product_tag?post=4937"}],"curies":[{"name":"wp","href":"https:\/\/api.w.org\/{rel}","templated":true}]}}