{"id":4900,"date":"2024-10-10T08:23:16","date_gmt":"2024-10-10T08:23:16","guid":{"rendered":"https:\/\/www.consigel.com\/?post_type=product&#038;p=4900"},"modified":"2024-10-10T08:28:34","modified_gmt":"2024-10-10T08:28:34","slug":"canelo-de-capo-xl-130gr","status":"publish","type":"product","link":"https:\/\/www.consigel.com\/ca\/producte\/canelo-de-capo-xl-130gr\/","title":{"rendered":"Canelo de cap\u00f3 XL 130gr."},"content":{"rendered":"<p>Elaborat amb pasta fresca. El seu irresistible i intens sabor es deu al farcit, elaborat amb el tradicional estofat de cap\u00f3 amb verdures. Una oportunitat \u00fanica per menjar un delici\u00f3s estofat en forma de canel\u00f3.<\/p>\n<p>Cobrir amb els ingredients desitjats, enfornar i gratinar fins a assolir els 74\u00baC al centre del producte.<\/p>\n<p>Caixa de 24 unitats<\/p>\n<p>&nbsp;<\/p>\n","protected":false},"excerpt":{"rendered":"<p>Elaborat amb pasta fresca. El seu irresistible i intens sabor es deu al farcit, elaborat amb el tradicional estofat de cap\u00f3 amb verdures. Una oportunitat \u00fanica per menjar un delici\u00f3s estofat en forma de canel\u00f3. Cobrir amb els ingredients desitjats, enfornar i gratinar fins a assolir els 74\u00baC al centre del producte. Caixa de 24 [&#8230;]\n","protected":false},"featured_media":4901,"comment_status":"open","ping_status":"closed","template":"","meta":[],"product_cat":[300,18,61],"product_tag":[],"class_list":{"0":"post-4900","1":"product","2":"type-product","3":"status-publish","4":"has-post-thumbnail","6":"product_cat-pastes-rissotos-gyozas-canalons","7":"product_cat-gastronomia","8":"product_cat-primers","10":"first","11":"instock","12":"shipping-taxable","13":"product-type-simple"},"yoast_head":"<!-- This site is optimized with the Yoast SEO plugin v23.3 - https:\/\/yoast.com\/wordpress\/plugins\/seo\/ -->\n<title>Canelo de cap\u00f3 XL 130gr. - Consigel<\/title>\n<meta name=\"robots\" content=\"index, follow, max-snippet:-1, max-image-preview:large, max-video-preview:-1\" \/>\n<link rel=\"canonical\" href=\"https:\/\/www.consigel.com\/ca\/producte\/canelo-de-capo-xl-130gr\/\" \/>\n<meta property=\"og:locale\" content=\"ca_ES\" \/>\n<meta property=\"og:type\" content=\"article\" \/>\n<meta property=\"og:title\" content=\"Canelo de cap\u00f3 XL 130gr. - Consigel\" \/>\n<meta property=\"og:description\" content=\"Elaborat amb pasta fresca. El seu irresistible i intens sabor es deu al farcit, elaborat amb el tradicional estofat de cap\u00f3 amb verdures. Una oportunitat \u00fanica per menjar un delici\u00f3s estofat en forma de canel\u00f3. Cobrir amb els ingredients desitjats, enfornar i gratinar fins a assolir els 74\u00baC al centre del producte. Caixa de 24 [...]\" \/>\n<meta property=\"og:url\" content=\"https:\/\/www.consigel.com\/ca\/producte\/canelo-de-capo-xl-130gr\/\" \/>\n<meta property=\"og:site_name\" content=\"Consigel\" \/>\n<meta property=\"article:modified_time\" content=\"2024-10-10T08:28:34+00:00\" \/>\n<meta property=\"og:image\" content=\"https:\/\/www.consigel.com\/wp-content\/uploads\/2024\/10\/EXQUISITARIUM_1638_CANELON-XL-DE-CAPON-U_2-.jpg\" \/>\n\t<meta property=\"og:image:width\" content=\"1024\" \/>\n\t<meta property=\"og:image:height\" content=\"685\" \/>\n\t<meta property=\"og:image:type\" content=\"image\/jpeg\" \/>\n<meta name=\"twitter:card\" content=\"summary_large_image\" \/>\n<meta name=\"twitter:label1\" content=\"Temps estimat de lectura\" \/>\n\t<meta name=\"twitter:data1\" content=\"1 minut\" \/>\n<script type=\"application\/ld+json\" class=\"yoast-schema-graph\">{\"@context\":\"https:\/\/schema.org\",\"@graph\":[{\"@type\":\"WebPage\",\"@id\":\"https:\/\/www.consigel.com\/ca\/producte\/canelo-de-capo-xl-130gr\/\",\"url\":\"https:\/\/www.consigel.com\/ca\/producte\/canelo-de-capo-xl-130gr\/\",\"name\":\"Canelo de cap\u00f3 XL 130gr. - Consigel\",\"isPartOf\":{\"@id\":\"https:\/\/www.consigel.com\/ca\/#website\"},\"primaryImageOfPage\":{\"@id\":\"https:\/\/www.consigel.com\/ca\/producte\/canelo-de-capo-xl-130gr\/#primaryimage\"},\"image\":{\"@id\":\"https:\/\/www.consigel.com\/ca\/producte\/canelo-de-capo-xl-130gr\/#primaryimage\"},\"thumbnailUrl\":\"https:\/\/www.consigel.com\/wp-content\/uploads\/2024\/10\/EXQUISITARIUM_1638_CANELON-XL-DE-CAPON-U_2-.jpg\",\"datePublished\":\"2024-10-10T08:23:16+00:00\",\"dateModified\":\"2024-10-10T08:28:34+00:00\",\"breadcrumb\":{\"@id\":\"https:\/\/www.consigel.com\/ca\/producte\/canelo-de-capo-xl-130gr\/#breadcrumb\"},\"inLanguage\":\"ca\",\"potentialAction\":[{\"@type\":\"ReadAction\",\"target\":[\"https:\/\/www.consigel.com\/ca\/producte\/canelo-de-capo-xl-130gr\/\"]}]},{\"@type\":\"ImageObject\",\"inLanguage\":\"ca\",\"@id\":\"https:\/\/www.consigel.com\/ca\/producte\/canelo-de-capo-xl-130gr\/#primaryimage\",\"url\":\"https:\/\/www.consigel.com\/wp-content\/uploads\/2024\/10\/EXQUISITARIUM_1638_CANELON-XL-DE-CAPON-U_2-.jpg\",\"contentUrl\":\"https:\/\/www.consigel.com\/wp-content\/uploads\/2024\/10\/EXQUISITARIUM_1638_CANELON-XL-DE-CAPON-U_2-.jpg\",\"width\":1024,\"height\":685},{\"@type\":\"BreadcrumbList\",\"@id\":\"https:\/\/www.consigel.com\/ca\/producte\/canelo-de-capo-xl-130gr\/#breadcrumb\",\"itemListElement\":[{\"@type\":\"ListItem\",\"position\":1,\"name\":\"Portada\",\"item\":\"https:\/\/www.consigel.com\/ca\/\"},{\"@type\":\"ListItem\",\"position\":2,\"name\":\"Shop\",\"item\":\"https:\/\/www.consigel.com\/ca\/shop\/\"},{\"@type\":\"ListItem\",\"position\":3,\"name\":\"Canelo de cap\u00f3 XL 130gr.\"}]},{\"@type\":\"WebSite\",\"@id\":\"https:\/\/www.consigel.com\/ca\/#website\",\"url\":\"https:\/\/www.consigel.com\/ca\/\",\"name\":\"Consigel\",\"description\":\"\",\"potentialAction\":[{\"@type\":\"SearchAction\",\"target\":{\"@type\":\"EntryPoint\",\"urlTemplate\":\"https:\/\/www.consigel.com\/ca\/?s={search_term_string}\"},\"query-input\":\"required name=search_term_string\"}],\"inLanguage\":\"ca\"}]}<\/script>\n<!-- \/ Yoast SEO plugin. -->","yoast_head_json":{"title":"Canelo de cap\u00f3 XL 130gr. - Consigel","robots":{"index":"index","follow":"follow","max-snippet":"max-snippet:-1","max-image-preview":"max-image-preview:large","max-video-preview":"max-video-preview:-1"},"canonical":"https:\/\/www.consigel.com\/ca\/producte\/canelo-de-capo-xl-130gr\/","og_locale":"ca_ES","og_type":"article","og_title":"Canelo de cap\u00f3 XL 130gr. - Consigel","og_description":"Elaborat amb pasta fresca. El seu irresistible i intens sabor es deu al farcit, elaborat amb el tradicional estofat de cap\u00f3 amb verdures. Una oportunitat \u00fanica per menjar un delici\u00f3s estofat en forma de canel\u00f3. Cobrir amb els ingredients desitjats, enfornar i gratinar fins a assolir els 74\u00baC al centre del producte. Caixa de 24 [...]","og_url":"https:\/\/www.consigel.com\/ca\/producte\/canelo-de-capo-xl-130gr\/","og_site_name":"Consigel","article_modified_time":"2024-10-10T08:28:34+00:00","og_image":[{"width":1024,"height":685,"url":"https:\/\/www.consigel.com\/wp-content\/uploads\/2024\/10\/EXQUISITARIUM_1638_CANELON-XL-DE-CAPON-U_2-.jpg","type":"image\/jpeg"}],"twitter_card":"summary_large_image","twitter_misc":{"Temps estimat de lectura":"1 minut"},"schema":{"@context":"https:\/\/schema.org","@graph":[{"@type":"WebPage","@id":"https:\/\/www.consigel.com\/ca\/producte\/canelo-de-capo-xl-130gr\/","url":"https:\/\/www.consigel.com\/ca\/producte\/canelo-de-capo-xl-130gr\/","name":"Canelo de cap\u00f3 XL 130gr. - Consigel","isPartOf":{"@id":"https:\/\/www.consigel.com\/ca\/#website"},"primaryImageOfPage":{"@id":"https:\/\/www.consigel.com\/ca\/producte\/canelo-de-capo-xl-130gr\/#primaryimage"},"image":{"@id":"https:\/\/www.consigel.com\/ca\/producte\/canelo-de-capo-xl-130gr\/#primaryimage"},"thumbnailUrl":"https:\/\/www.consigel.com\/wp-content\/uploads\/2024\/10\/EXQUISITARIUM_1638_CANELON-XL-DE-CAPON-U_2-.jpg","datePublished":"2024-10-10T08:23:16+00:00","dateModified":"2024-10-10T08:28:34+00:00","breadcrumb":{"@id":"https:\/\/www.consigel.com\/ca\/producte\/canelo-de-capo-xl-130gr\/#breadcrumb"},"inLanguage":"ca","potentialAction":[{"@type":"ReadAction","target":["https:\/\/www.consigel.com\/ca\/producte\/canelo-de-capo-xl-130gr\/"]}]},{"@type":"ImageObject","inLanguage":"ca","@id":"https:\/\/www.consigel.com\/ca\/producte\/canelo-de-capo-xl-130gr\/#primaryimage","url":"https:\/\/www.consigel.com\/wp-content\/uploads\/2024\/10\/EXQUISITARIUM_1638_CANELON-XL-DE-CAPON-U_2-.jpg","contentUrl":"https:\/\/www.consigel.com\/wp-content\/uploads\/2024\/10\/EXQUISITARIUM_1638_CANELON-XL-DE-CAPON-U_2-.jpg","width":1024,"height":685},{"@type":"BreadcrumbList","@id":"https:\/\/www.consigel.com\/ca\/producte\/canelo-de-capo-xl-130gr\/#breadcrumb","itemListElement":[{"@type":"ListItem","position":1,"name":"Portada","item":"https:\/\/www.consigel.com\/ca\/"},{"@type":"ListItem","position":2,"name":"Shop","item":"https:\/\/www.consigel.com\/ca\/shop\/"},{"@type":"ListItem","position":3,"name":"Canelo de cap\u00f3 XL 130gr."}]},{"@type":"WebSite","@id":"https:\/\/www.consigel.com\/ca\/#website","url":"https:\/\/www.consigel.com\/ca\/","name":"Consigel","description":"","potentialAction":[{"@type":"SearchAction","target":{"@type":"EntryPoint","urlTemplate":"https:\/\/www.consigel.com\/ca\/?s={search_term_string}"},"query-input":"required name=search_term_string"}],"inLanguage":"ca"}]}},"_links":{"self":[{"href":"https:\/\/www.consigel.com\/ca\/wp-json\/wp\/v2\/product\/4900","targetHints":{"allow":["GET"]}}],"collection":[{"href":"https:\/\/www.consigel.com\/ca\/wp-json\/wp\/v2\/product"}],"about":[{"href":"https:\/\/www.consigel.com\/ca\/wp-json\/wp\/v2\/types\/product"}],"replies":[{"embeddable":true,"href":"https:\/\/www.consigel.com\/ca\/wp-json\/wp\/v2\/comments?post=4900"}],"wp:featuredmedia":[{"embeddable":true,"href":"https:\/\/www.consigel.com\/ca\/wp-json\/wp\/v2\/media\/4901"}],"wp:attachment":[{"href":"https:\/\/www.consigel.com\/ca\/wp-json\/wp\/v2\/media?parent=4900"}],"wp:term":[{"taxonomy":"product_cat","embeddable":true,"href":"https:\/\/www.consigel.com\/ca\/wp-json\/wp\/v2\/product_cat?post=4900"},{"taxonomy":"product_tag","embeddable":true,"href":"https:\/\/www.consigel.com\/ca\/wp-json\/wp\/v2\/product_tag?post=4900"}],"curies":[{"name":"wp","href":"https:\/\/api.w.org\/{rel}","templated":true}]}}