{"id":4863,"date":"2024-10-09T09:59:49","date_gmt":"2024-10-09T09:59:49","guid":{"rendered":"https:\/\/www.consigel.com\/?post_type=product&#038;p=4863"},"modified":"2024-10-10T08:49:09","modified_gmt":"2024-10-10T08:49:09","slug":"finger-de-pollastre-sabormex","status":"publish","type":"product","link":"https:\/\/www.consigel.com\/ca\/producte\/finger-de-pollastre-sabormex\/","title":{"rendered":"Finger de pollastre sabormex"},"content":{"rendered":"<p>Els finger pollastre s\u00f3n tires de pollastre empanades, cruixents per fora i sucoses per dins. Preparats amb pit de pollastre tallat a tires, es marinen en esp\u00e8cies i es recobreixen amb una capa daurada de pa ratllat, que pot ser tradicional o panko per a m\u00e9s textura. Aquests mos s\u00f3n ideals com a aperitiu o plat principal, perfectes per acompanyar amb una varietat de salses, com barbacoa, mel mostassa o allioli. Cada mos \u00e9s un fest\u00ed de sabor, ideal per compartir en reunions familiars o nits de pel\u00b7l\u00edcula. Irresistibles per als amants del pollastre!<\/p>\n<p>Caixa 3kg.<\/p>\n","protected":false},"excerpt":{"rendered":"<p>Els finger pollastre s\u00f3n tires de pollastre empanades, cruixents per fora i sucoses per dins. Preparats amb pit de pollastre tallat a tires, es marinen en esp\u00e8cies i es recobreixen amb una capa daurada de pa ratllat, que pot ser tradicional o panko per a m\u00e9s textura. Aquests mos s\u00f3n ideals com a aperitiu o [&#8230;]\n","protected":false},"featured_media":4864,"comment_status":"open","ping_status":"closed","template":"","meta":[],"product_cat":[34,111,18],"product_tag":[],"class_list":{"0":"post-4863","1":"product","2":"type-product","3":"status-publish","4":"has-post-thumbnail","6":"product_cat-aperitius","7":"product_cat-fregidora","8":"product_cat-gastronomia","10":"first","11":"instock","12":"shipping-taxable","13":"product-type-simple"},"yoast_head":"<!-- This site is optimized with the Yoast SEO plugin v23.3 - https:\/\/yoast.com\/wordpress\/plugins\/seo\/ -->\n<title>Finger de pollastre sabormex - Consigel<\/title>\n<meta name=\"robots\" content=\"index, follow, max-snippet:-1, max-image-preview:large, max-video-preview:-1\" \/>\n<link rel=\"canonical\" href=\"https:\/\/www.consigel.com\/ca\/producte\/finger-de-pollastre-sabormex\/\" \/>\n<meta property=\"og:locale\" content=\"ca_ES\" \/>\n<meta property=\"og:type\" content=\"article\" \/>\n<meta property=\"og:title\" content=\"Finger de pollastre sabormex - Consigel\" \/>\n<meta property=\"og:description\" content=\"Els finger pollastre s\u00f3n tires de pollastre empanades, cruixents per fora i sucoses per dins. Preparats amb pit de pollastre tallat a tires, es marinen en esp\u00e8cies i es recobreixen amb una capa daurada de pa ratllat, que pot ser tradicional o panko per a m\u00e9s textura. Aquests mos s\u00f3n ideals com a aperitiu o [...]\" \/>\n<meta property=\"og:url\" content=\"https:\/\/www.consigel.com\/ca\/producte\/finger-de-pollastre-sabormex\/\" \/>\n<meta property=\"og:site_name\" content=\"Consigel\" \/>\n<meta property=\"article:modified_time\" content=\"2024-10-10T08:49:09+00:00\" \/>\n<meta property=\"og:image\" content=\"https:\/\/www.consigel.com\/wp-content\/uploads\/2024\/10\/finger-pollo-sabormex.jpg\" \/>\n\t<meta property=\"og:image:width\" content=\"1280\" \/>\n\t<meta property=\"og:image:height\" content=\"720\" \/>\n\t<meta property=\"og:image:type\" content=\"image\/jpeg\" \/>\n<meta name=\"twitter:card\" content=\"summary_large_image\" \/>\n<meta name=\"twitter:label1\" content=\"Temps estimat de lectura\" \/>\n\t<meta name=\"twitter:data1\" content=\"1 minut\" \/>\n<script type=\"application\/ld+json\" class=\"yoast-schema-graph\">{\"@context\":\"https:\/\/schema.org\",\"@graph\":[{\"@type\":\"WebPage\",\"@id\":\"https:\/\/www.consigel.com\/ca\/producte\/finger-de-pollastre-sabormex\/\",\"url\":\"https:\/\/www.consigel.com\/ca\/producte\/finger-de-pollastre-sabormex\/\",\"name\":\"Finger de pollastre sabormex - Consigel\",\"isPartOf\":{\"@id\":\"https:\/\/www.consigel.com\/ca\/#website\"},\"primaryImageOfPage\":{\"@id\":\"https:\/\/www.consigel.com\/ca\/producte\/finger-de-pollastre-sabormex\/#primaryimage\"},\"image\":{\"@id\":\"https:\/\/www.consigel.com\/ca\/producte\/finger-de-pollastre-sabormex\/#primaryimage\"},\"thumbnailUrl\":\"https:\/\/www.consigel.com\/wp-content\/uploads\/2024\/10\/finger-pollo-sabormex.jpg\",\"datePublished\":\"2024-10-09T09:59:49+00:00\",\"dateModified\":\"2024-10-10T08:49:09+00:00\",\"breadcrumb\":{\"@id\":\"https:\/\/www.consigel.com\/ca\/producte\/finger-de-pollastre-sabormex\/#breadcrumb\"},\"inLanguage\":\"ca\",\"potentialAction\":[{\"@type\":\"ReadAction\",\"target\":[\"https:\/\/www.consigel.com\/ca\/producte\/finger-de-pollastre-sabormex\/\"]}]},{\"@type\":\"ImageObject\",\"inLanguage\":\"ca\",\"@id\":\"https:\/\/www.consigel.com\/ca\/producte\/finger-de-pollastre-sabormex\/#primaryimage\",\"url\":\"https:\/\/www.consigel.com\/wp-content\/uploads\/2024\/10\/finger-pollo-sabormex.jpg\",\"contentUrl\":\"https:\/\/www.consigel.com\/wp-content\/uploads\/2024\/10\/finger-pollo-sabormex.jpg\",\"width\":1280,\"height\":720},{\"@type\":\"BreadcrumbList\",\"@id\":\"https:\/\/www.consigel.com\/ca\/producte\/finger-de-pollastre-sabormex\/#breadcrumb\",\"itemListElement\":[{\"@type\":\"ListItem\",\"position\":1,\"name\":\"Portada\",\"item\":\"https:\/\/www.consigel.com\/ca\/\"},{\"@type\":\"ListItem\",\"position\":2,\"name\":\"Shop\",\"item\":\"https:\/\/www.consigel.com\/ca\/shop\/\"},{\"@type\":\"ListItem\",\"position\":3,\"name\":\"Finger de pollastre sabormex\"}]},{\"@type\":\"WebSite\",\"@id\":\"https:\/\/www.consigel.com\/ca\/#website\",\"url\":\"https:\/\/www.consigel.com\/ca\/\",\"name\":\"Consigel\",\"description\":\"\",\"potentialAction\":[{\"@type\":\"SearchAction\",\"target\":{\"@type\":\"EntryPoint\",\"urlTemplate\":\"https:\/\/www.consigel.com\/ca\/?s={search_term_string}\"},\"query-input\":\"required name=search_term_string\"}],\"inLanguage\":\"ca\"}]}<\/script>\n<!-- \/ Yoast SEO plugin. -->","yoast_head_json":{"title":"Finger de pollastre sabormex - Consigel","robots":{"index":"index","follow":"follow","max-snippet":"max-snippet:-1","max-image-preview":"max-image-preview:large","max-video-preview":"max-video-preview:-1"},"canonical":"https:\/\/www.consigel.com\/ca\/producte\/finger-de-pollastre-sabormex\/","og_locale":"ca_ES","og_type":"article","og_title":"Finger de pollastre sabormex - Consigel","og_description":"Els finger pollastre s\u00f3n tires de pollastre empanades, cruixents per fora i sucoses per dins. Preparats amb pit de pollastre tallat a tires, es marinen en esp\u00e8cies i es recobreixen amb una capa daurada de pa ratllat, que pot ser tradicional o panko per a m\u00e9s textura. Aquests mos s\u00f3n ideals com a aperitiu o [...]","og_url":"https:\/\/www.consigel.com\/ca\/producte\/finger-de-pollastre-sabormex\/","og_site_name":"Consigel","article_modified_time":"2024-10-10T08:49:09+00:00","og_image":[{"width":1280,"height":720,"url":"https:\/\/www.consigel.com\/wp-content\/uploads\/2024\/10\/finger-pollo-sabormex.jpg","type":"image\/jpeg"}],"twitter_card":"summary_large_image","twitter_misc":{"Temps estimat de lectura":"1 minut"},"schema":{"@context":"https:\/\/schema.org","@graph":[{"@type":"WebPage","@id":"https:\/\/www.consigel.com\/ca\/producte\/finger-de-pollastre-sabormex\/","url":"https:\/\/www.consigel.com\/ca\/producte\/finger-de-pollastre-sabormex\/","name":"Finger de pollastre sabormex - Consigel","isPartOf":{"@id":"https:\/\/www.consigel.com\/ca\/#website"},"primaryImageOfPage":{"@id":"https:\/\/www.consigel.com\/ca\/producte\/finger-de-pollastre-sabormex\/#primaryimage"},"image":{"@id":"https:\/\/www.consigel.com\/ca\/producte\/finger-de-pollastre-sabormex\/#primaryimage"},"thumbnailUrl":"https:\/\/www.consigel.com\/wp-content\/uploads\/2024\/10\/finger-pollo-sabormex.jpg","datePublished":"2024-10-09T09:59:49+00:00","dateModified":"2024-10-10T08:49:09+00:00","breadcrumb":{"@id":"https:\/\/www.consigel.com\/ca\/producte\/finger-de-pollastre-sabormex\/#breadcrumb"},"inLanguage":"ca","potentialAction":[{"@type":"ReadAction","target":["https:\/\/www.consigel.com\/ca\/producte\/finger-de-pollastre-sabormex\/"]}]},{"@type":"ImageObject","inLanguage":"ca","@id":"https:\/\/www.consigel.com\/ca\/producte\/finger-de-pollastre-sabormex\/#primaryimage","url":"https:\/\/www.consigel.com\/wp-content\/uploads\/2024\/10\/finger-pollo-sabormex.jpg","contentUrl":"https:\/\/www.consigel.com\/wp-content\/uploads\/2024\/10\/finger-pollo-sabormex.jpg","width":1280,"height":720},{"@type":"BreadcrumbList","@id":"https:\/\/www.consigel.com\/ca\/producte\/finger-de-pollastre-sabormex\/#breadcrumb","itemListElement":[{"@type":"ListItem","position":1,"name":"Portada","item":"https:\/\/www.consigel.com\/ca\/"},{"@type":"ListItem","position":2,"name":"Shop","item":"https:\/\/www.consigel.com\/ca\/shop\/"},{"@type":"ListItem","position":3,"name":"Finger de pollastre sabormex"}]},{"@type":"WebSite","@id":"https:\/\/www.consigel.com\/ca\/#website","url":"https:\/\/www.consigel.com\/ca\/","name":"Consigel","description":"","potentialAction":[{"@type":"SearchAction","target":{"@type":"EntryPoint","urlTemplate":"https:\/\/www.consigel.com\/ca\/?s={search_term_string}"},"query-input":"required name=search_term_string"}],"inLanguage":"ca"}]}},"_links":{"self":[{"href":"https:\/\/www.consigel.com\/ca\/wp-json\/wp\/v2\/product\/4863","targetHints":{"allow":["GET"]}}],"collection":[{"href":"https:\/\/www.consigel.com\/ca\/wp-json\/wp\/v2\/product"}],"about":[{"href":"https:\/\/www.consigel.com\/ca\/wp-json\/wp\/v2\/types\/product"}],"replies":[{"embeddable":true,"href":"https:\/\/www.consigel.com\/ca\/wp-json\/wp\/v2\/comments?post=4863"}],"wp:featuredmedia":[{"embeddable":true,"href":"https:\/\/www.consigel.com\/ca\/wp-json\/wp\/v2\/media\/4864"}],"wp:attachment":[{"href":"https:\/\/www.consigel.com\/ca\/wp-json\/wp\/v2\/media?parent=4863"}],"wp:term":[{"taxonomy":"product_cat","embeddable":true,"href":"https:\/\/www.consigel.com\/ca\/wp-json\/wp\/v2\/product_cat?post=4863"},{"taxonomy":"product_tag","embeddable":true,"href":"https:\/\/www.consigel.com\/ca\/wp-json\/wp\/v2\/product_tag?post=4863"}],"curies":[{"name":"wp","href":"https:\/\/api.w.org\/{rel}","templated":true}]}}