{"id":4862,"date":"2024-10-09T09:49:14","date_gmt":"2024-10-09T09:49:14","guid":{"rendered":"https:\/\/www.consigel.com\/?post_type=product&#038;p=4862"},"modified":"2024-10-10T08:49:32","modified_gmt":"2024-10-10T08:49:32","slug":"aletas-de-pollastre-hot-spicy-aduc","status":"publish","type":"product","link":"https:\/\/www.consigel.com\/ca\/producte\/aletas-de-pollastre-hot-spicy-aduc\/","title":{"rendered":"Aletas de pollastre hot spicy Aduc"},"content":{"rendered":"<p>Les aletes de pollastre hot spicy s\u00f3n una explosi\u00f3 de sabor i picant a cada mos. Aquestes aletes, marinades en una barreja intensa de salses picants, all i un toc de mel, ofereixen un equilibri perfecte entre calor i dol\u00e7or. En ser fornejades, obtenen una textura cruixent a l&#8217;exterior mentre que l&#8217;interior es mant\u00e9 suc\u00f3s i tendre. Cada alita est\u00e0 coberta amb una capa brillant que convida a gaudir-ne, ja sigui soles o acompanyades d&#8217;una salsa refrescant. Perfectes per compartir en una reuni\u00f3 o gaudir durant un partit, s\u00f3n un cl\u00e0ssic que mai no decep els amants del picant.<\/p>\n<p>Caixa amb 3kg.<\/p>\n","protected":false},"excerpt":{"rendered":"<p>Les aletes de pollastre hot spicy s\u00f3n una explosi\u00f3 de sabor i picant a cada mos. Aquestes aletes, marinades en una barreja intensa de salses picants, all i un toc de mel, ofereixen un equilibri perfecte entre calor i dol\u00e7or. En ser fornejades, obtenen una textura cruixent a l&#8217;exterior mentre que l&#8217;interior es mant\u00e9 suc\u00f3s [&#8230;]\n","protected":false},"featured_media":4861,"comment_status":"open","ping_status":"closed","template":"","meta":[],"product_cat":[34,111,119,18],"product_tag":[],"class_list":{"0":"post-4862","1":"product","2":"type-product","3":"status-publish","4":"has-post-thumbnail","6":"product_cat-aperitius","7":"product_cat-fregidora","8":"product_cat-forn","9":"product_cat-gastronomia","11":"first","12":"instock","13":"shipping-taxable","14":"product-type-simple"},"yoast_head":"<!-- This site is optimized with the Yoast SEO plugin v23.3 - https:\/\/yoast.com\/wordpress\/plugins\/seo\/ -->\n<title>Aletas de pollastre hot spicy Aduc - Consigel<\/title>\n<meta name=\"robots\" content=\"index, follow, max-snippet:-1, max-image-preview:large, max-video-preview:-1\" \/>\n<link rel=\"canonical\" href=\"https:\/\/www.consigel.com\/ca\/producte\/aletas-de-pollastre-hot-spicy-aduc\/\" \/>\n<meta property=\"og:locale\" content=\"ca_ES\" \/>\n<meta property=\"og:type\" content=\"article\" \/>\n<meta property=\"og:title\" content=\"Aletas de pollastre hot spicy Aduc - Consigel\" \/>\n<meta property=\"og:description\" content=\"Les aletes de pollastre hot spicy s\u00f3n una explosi\u00f3 de sabor i picant a cada mos. Aquestes aletes, marinades en una barreja intensa de salses picants, all i un toc de mel, ofereixen un equilibri perfecte entre calor i dol\u00e7or. En ser fornejades, obtenen una textura cruixent a l&#8217;exterior mentre que l&#8217;interior es mant\u00e9 suc\u00f3s [...]\" \/>\n<meta property=\"og:url\" content=\"https:\/\/www.consigel.com\/ca\/producte\/aletas-de-pollastre-hot-spicy-aduc\/\" \/>\n<meta property=\"og:site_name\" content=\"Consigel\" \/>\n<meta property=\"article:modified_time\" content=\"2024-10-10T08:49:32+00:00\" \/>\n<meta property=\"og:image\" content=\"https:\/\/www.consigel.com\/wp-content\/uploads\/2024\/10\/55050243-alitas-de-pollo-hot-spice-40-60gr-5kg-1.jpg\" \/>\n\t<meta property=\"og:image:width\" content=\"971\" \/>\n\t<meta property=\"og:image:height\" content=\"565\" \/>\n\t<meta property=\"og:image:type\" content=\"image\/jpeg\" \/>\n<meta name=\"twitter:card\" content=\"summary_large_image\" \/>\n<meta name=\"twitter:label1\" content=\"Temps estimat de lectura\" \/>\n\t<meta name=\"twitter:data1\" content=\"1 minut\" \/>\n<script type=\"application\/ld+json\" class=\"yoast-schema-graph\">{\"@context\":\"https:\/\/schema.org\",\"@graph\":[{\"@type\":\"WebPage\",\"@id\":\"https:\/\/www.consigel.com\/ca\/producte\/aletas-de-pollastre-hot-spicy-aduc\/\",\"url\":\"https:\/\/www.consigel.com\/ca\/producte\/aletas-de-pollastre-hot-spicy-aduc\/\",\"name\":\"Aletas de pollastre hot spicy Aduc - Consigel\",\"isPartOf\":{\"@id\":\"https:\/\/www.consigel.com\/ca\/#website\"},\"primaryImageOfPage\":{\"@id\":\"https:\/\/www.consigel.com\/ca\/producte\/aletas-de-pollastre-hot-spicy-aduc\/#primaryimage\"},\"image\":{\"@id\":\"https:\/\/www.consigel.com\/ca\/producte\/aletas-de-pollastre-hot-spicy-aduc\/#primaryimage\"},\"thumbnailUrl\":\"https:\/\/www.consigel.com\/wp-content\/uploads\/2024\/10\/55050243-alitas-de-pollo-hot-spice-40-60gr-5kg-1.jpg\",\"datePublished\":\"2024-10-09T09:49:14+00:00\",\"dateModified\":\"2024-10-10T08:49:32+00:00\",\"breadcrumb\":{\"@id\":\"https:\/\/www.consigel.com\/ca\/producte\/aletas-de-pollastre-hot-spicy-aduc\/#breadcrumb\"},\"inLanguage\":\"ca\",\"potentialAction\":[{\"@type\":\"ReadAction\",\"target\":[\"https:\/\/www.consigel.com\/ca\/producte\/aletas-de-pollastre-hot-spicy-aduc\/\"]}]},{\"@type\":\"ImageObject\",\"inLanguage\":\"ca\",\"@id\":\"https:\/\/www.consigel.com\/ca\/producte\/aletas-de-pollastre-hot-spicy-aduc\/#primaryimage\",\"url\":\"https:\/\/www.consigel.com\/wp-content\/uploads\/2024\/10\/55050243-alitas-de-pollo-hot-spice-40-60gr-5kg-1.jpg\",\"contentUrl\":\"https:\/\/www.consigel.com\/wp-content\/uploads\/2024\/10\/55050243-alitas-de-pollo-hot-spice-40-60gr-5kg-1.jpg\",\"width\":971,\"height\":565},{\"@type\":\"BreadcrumbList\",\"@id\":\"https:\/\/www.consigel.com\/ca\/producte\/aletas-de-pollastre-hot-spicy-aduc\/#breadcrumb\",\"itemListElement\":[{\"@type\":\"ListItem\",\"position\":1,\"name\":\"Portada\",\"item\":\"https:\/\/www.consigel.com\/ca\/\"},{\"@type\":\"ListItem\",\"position\":2,\"name\":\"Shop\",\"item\":\"https:\/\/www.consigel.com\/ca\/shop\/\"},{\"@type\":\"ListItem\",\"position\":3,\"name\":\"Aletas de pollastre hot spicy Aduc\"}]},{\"@type\":\"WebSite\",\"@id\":\"https:\/\/www.consigel.com\/ca\/#website\",\"url\":\"https:\/\/www.consigel.com\/ca\/\",\"name\":\"Consigel\",\"description\":\"\",\"potentialAction\":[{\"@type\":\"SearchAction\",\"target\":{\"@type\":\"EntryPoint\",\"urlTemplate\":\"https:\/\/www.consigel.com\/ca\/?s={search_term_string}\"},\"query-input\":\"required name=search_term_string\"}],\"inLanguage\":\"ca\"}]}<\/script>\n<!-- \/ Yoast SEO plugin. -->","yoast_head_json":{"title":"Aletas de pollastre hot spicy Aduc - Consigel","robots":{"index":"index","follow":"follow","max-snippet":"max-snippet:-1","max-image-preview":"max-image-preview:large","max-video-preview":"max-video-preview:-1"},"canonical":"https:\/\/www.consigel.com\/ca\/producte\/aletas-de-pollastre-hot-spicy-aduc\/","og_locale":"ca_ES","og_type":"article","og_title":"Aletas de pollastre hot spicy Aduc - Consigel","og_description":"Les aletes de pollastre hot spicy s\u00f3n una explosi\u00f3 de sabor i picant a cada mos. Aquestes aletes, marinades en una barreja intensa de salses picants, all i un toc de mel, ofereixen un equilibri perfecte entre calor i dol\u00e7or. En ser fornejades, obtenen una textura cruixent a l&#8217;exterior mentre que l&#8217;interior es mant\u00e9 suc\u00f3s [...]","og_url":"https:\/\/www.consigel.com\/ca\/producte\/aletas-de-pollastre-hot-spicy-aduc\/","og_site_name":"Consigel","article_modified_time":"2024-10-10T08:49:32+00:00","og_image":[{"width":971,"height":565,"url":"https:\/\/www.consigel.com\/wp-content\/uploads\/2024\/10\/55050243-alitas-de-pollo-hot-spice-40-60gr-5kg-1.jpg","type":"image\/jpeg"}],"twitter_card":"summary_large_image","twitter_misc":{"Temps estimat de lectura":"1 minut"},"schema":{"@context":"https:\/\/schema.org","@graph":[{"@type":"WebPage","@id":"https:\/\/www.consigel.com\/ca\/producte\/aletas-de-pollastre-hot-spicy-aduc\/","url":"https:\/\/www.consigel.com\/ca\/producte\/aletas-de-pollastre-hot-spicy-aduc\/","name":"Aletas de pollastre hot spicy Aduc - Consigel","isPartOf":{"@id":"https:\/\/www.consigel.com\/ca\/#website"},"primaryImageOfPage":{"@id":"https:\/\/www.consigel.com\/ca\/producte\/aletas-de-pollastre-hot-spicy-aduc\/#primaryimage"},"image":{"@id":"https:\/\/www.consigel.com\/ca\/producte\/aletas-de-pollastre-hot-spicy-aduc\/#primaryimage"},"thumbnailUrl":"https:\/\/www.consigel.com\/wp-content\/uploads\/2024\/10\/55050243-alitas-de-pollo-hot-spice-40-60gr-5kg-1.jpg","datePublished":"2024-10-09T09:49:14+00:00","dateModified":"2024-10-10T08:49:32+00:00","breadcrumb":{"@id":"https:\/\/www.consigel.com\/ca\/producte\/aletas-de-pollastre-hot-spicy-aduc\/#breadcrumb"},"inLanguage":"ca","potentialAction":[{"@type":"ReadAction","target":["https:\/\/www.consigel.com\/ca\/producte\/aletas-de-pollastre-hot-spicy-aduc\/"]}]},{"@type":"ImageObject","inLanguage":"ca","@id":"https:\/\/www.consigel.com\/ca\/producte\/aletas-de-pollastre-hot-spicy-aduc\/#primaryimage","url":"https:\/\/www.consigel.com\/wp-content\/uploads\/2024\/10\/55050243-alitas-de-pollo-hot-spice-40-60gr-5kg-1.jpg","contentUrl":"https:\/\/www.consigel.com\/wp-content\/uploads\/2024\/10\/55050243-alitas-de-pollo-hot-spice-40-60gr-5kg-1.jpg","width":971,"height":565},{"@type":"BreadcrumbList","@id":"https:\/\/www.consigel.com\/ca\/producte\/aletas-de-pollastre-hot-spicy-aduc\/#breadcrumb","itemListElement":[{"@type":"ListItem","position":1,"name":"Portada","item":"https:\/\/www.consigel.com\/ca\/"},{"@type":"ListItem","position":2,"name":"Shop","item":"https:\/\/www.consigel.com\/ca\/shop\/"},{"@type":"ListItem","position":3,"name":"Aletas de pollastre hot spicy Aduc"}]},{"@type":"WebSite","@id":"https:\/\/www.consigel.com\/ca\/#website","url":"https:\/\/www.consigel.com\/ca\/","name":"Consigel","description":"","potentialAction":[{"@type":"SearchAction","target":{"@type":"EntryPoint","urlTemplate":"https:\/\/www.consigel.com\/ca\/?s={search_term_string}"},"query-input":"required name=search_term_string"}],"inLanguage":"ca"}]}},"_links":{"self":[{"href":"https:\/\/www.consigel.com\/ca\/wp-json\/wp\/v2\/product\/4862","targetHints":{"allow":["GET"]}}],"collection":[{"href":"https:\/\/www.consigel.com\/ca\/wp-json\/wp\/v2\/product"}],"about":[{"href":"https:\/\/www.consigel.com\/ca\/wp-json\/wp\/v2\/types\/product"}],"replies":[{"embeddable":true,"href":"https:\/\/www.consigel.com\/ca\/wp-json\/wp\/v2\/comments?post=4862"}],"wp:featuredmedia":[{"embeddable":true,"href":"https:\/\/www.consigel.com\/ca\/wp-json\/wp\/v2\/media\/4861"}],"wp:attachment":[{"href":"https:\/\/www.consigel.com\/ca\/wp-json\/wp\/v2\/media?parent=4862"}],"wp:term":[{"taxonomy":"product_cat","embeddable":true,"href":"https:\/\/www.consigel.com\/ca\/wp-json\/wp\/v2\/product_cat?post=4862"},{"taxonomy":"product_tag","embeddable":true,"href":"https:\/\/www.consigel.com\/ca\/wp-json\/wp\/v2\/product_tag?post=4862"}],"curies":[{"name":"wp","href":"https:\/\/api.w.org\/{rel}","templated":true}]}}