{"id":4846,"date":"2024-10-09T08:09:11","date_gmt":"2024-10-09T08:09:11","guid":{"rendered":"https:\/\/www.consigel.com\/producte\/croquetas-de-boletus-y-trufa-panko-ameztoi\/"},"modified":"2024-10-10T08:51:13","modified_gmt":"2024-10-10T08:51:13","slug":"croquetas-de-boletus-y-trufa-panko-ameztoi","status":"publish","type":"product","link":"https:\/\/www.consigel.com\/ca\/producte\/croquetas-de-boletus-y-trufa-panko-ameztoi\/","title":{"rendered":"Croquetes de ceps i tofona panko ameztoi"},"content":{"rendered":"<p id=\"tw-target-text\" class=\"tw-data-text tw-text-large tw-ta lead\" dir=\"ltr\" data-placeholder=\"Traducci\u00f3n\" data-ved=\"2ahUKEwj72o_NuP6IAxUghv0HHT3sFHsQ3ewLegQIBxAU\" aria-label=\"Texto traducido: La base d'aquestes croquetes sol ser una beixamel cremosa, on s'incorporen els ceps saltats i una mica de t\u00f2fona ratllada per intensificar el sabor. Despr\u00e9s, es formen les croquetes, s'empanen i es fregeixen fins que estiguin daurades i cruixents per fora.\"><span class=\"Y2IQFc\" lang=\"ca\">La base d&#8217;aquestes croquetes sol ser una beixamel cremosa, on s&#8217;incorporen els ceps saltats i una mica de t\u00f2fona ratllada per intensificar el sabor. Despr\u00e9s, es formen les croquetes, s&#8217;empanen i es fregeixen fins que estiguin daurades i cruixents per fora.<\/span><\/p>\n<p id=\"tw-target-text\" class=\"tw-data-text tw-text-large tw-ta lead\" dir=\"ltr\" data-placeholder=\"Traducci\u00f3n\" data-ved=\"2ahUKEwj72o_NuP6IAxUghv0HHT3sFHsQ3ewLegQIBxAU\" aria-label=\"Texto traducido: El que les fa especials \u00e9s el seu empanitzat amb panko, un tipus de pa ratllat japon\u00e8s que aporta una textura extra cruixent i lleugera en fregir-les. En mossegar-les, gaudir\u00e0s d'un contrast perfecte entre l'exterior daurat i cruixent i l'interior crem\u00f3s i ple de sabor. S\u00f3n ideals com a aperitiu, per compartir en una reuni\u00f3 o simplement per gaudir-ne en qualsevol moment. Una del\u00edcia que no et pots perdre!\"><span class=\"Y2IQFc\" lang=\"ca\">El que les fa especials \u00e9s el seu empanitzat amb panko, un tipus de pa ratllat japon\u00e8s que aporta una textura extra cruixent i lleugera en fregir-les. En mossegar-les, gaudir\u00e0s d&#8217;un contrast perfecte entre l&#8217;exterior daurat i cruixent i l&#8217;interior crem\u00f3s i ple de sabor. S\u00f3n ideals com a aperitiu, per compartir en una reuni\u00f3 o simplement per gaudir-ne en qualsevol moment. Una del\u00edcia que no et pots perdre!<\/span><\/p>\n<p id=\"tw-target-text\" class=\"tw-data-text tw-text-large tw-ta lead\" dir=\"ltr\" data-placeholder=\"Traducci\u00f3n\" data-ved=\"2ahUKEwj72o_NuP6IAxUghv0HHT3sFHsQ3ewLegQIBxAU\" aria-label=\"Texto traducido: S\u00f3n perfectes com a aperitiu o tapa, i segur que impressionaran els teus convidats amb el seu sabor \u00fanic. Una del\u00edcia que val la pena tastar!\"><span class=\"Y2IQFc\" lang=\"ca\">S\u00f3n perfectes com a aperitiu o tapa, i segur que impressionaran els teus convidats amb el seu sabor \u00fanic. Una del\u00edcia que val la pena tastar!<\/span><\/p>\n<p class=\"lead\">Pes\u00a035gr.<\/p>\n<p class=\"lead\">Caixa 4kg.<\/p>\n","protected":false},"excerpt":{"rendered":"<p>La base d&#8217;aquestes croquetes sol ser una beixamel cremosa, on s&#8217;incorporen els ceps saltats i una mica de t\u00f2fona ratllada per intensificar el sabor. Despr\u00e9s, es formen les croquetes, s&#8217;empanen i es fregeixen fins que estiguin daurades i cruixents per fora. El que les fa especials \u00e9s el seu empanitzat amb panko, un tipus de [&#8230;]\n","protected":false},"featured_media":4845,"comment_status":"open","ping_status":"closed","template":"","meta":[],"product_cat":[34,111,18,124],"product_tag":[],"class_list":{"0":"post-4846","1":"product","2":"type-product","3":"status-publish","4":"has-post-thumbnail","6":"product_cat-aperitius","7":"product_cat-fregidora","8":"product_cat-gastronomia","9":"product_cat-croquetes","11":"first","12":"instock","13":"shipping-taxable","14":"product-type-simple"},"yoast_head":"<!-- This site is optimized with the Yoast SEO plugin v23.3 - https:\/\/yoast.com\/wordpress\/plugins\/seo\/ -->\n<title>Croquetes de ceps i tofona panko ameztoi - Consigel<\/title>\n<meta name=\"robots\" content=\"index, follow, max-snippet:-1, max-image-preview:large, max-video-preview:-1\" \/>\n<link rel=\"canonical\" href=\"https:\/\/www.consigel.com\/ca\/producte\/croquetas-de-boletus-y-trufa-panko-ameztoi\/\" \/>\n<meta property=\"og:locale\" content=\"ca_ES\" \/>\n<meta property=\"og:type\" content=\"article\" \/>\n<meta property=\"og:title\" content=\"Croquetes de ceps i tofona panko ameztoi - Consigel\" \/>\n<meta property=\"og:description\" content=\"La base d&#8217;aquestes croquetes sol ser una beixamel cremosa, on s&#8217;incorporen els ceps saltats i una mica de t\u00f2fona ratllada per intensificar el sabor. Despr\u00e9s, es formen les croquetes, s&#8217;empanen i es fregeixen fins que estiguin daurades i cruixents per fora. El que les fa especials \u00e9s el seu empanitzat amb panko, un tipus de [...]\" \/>\n<meta property=\"og:url\" content=\"https:\/\/www.consigel.com\/ca\/producte\/croquetas-de-boletus-y-trufa-panko-ameztoi\/\" \/>\n<meta property=\"og:site_name\" content=\"Consigel\" \/>\n<meta property=\"article:modified_time\" content=\"2024-10-10T08:51:13+00:00\" \/>\n<meta property=\"og:image\" content=\"https:\/\/www.consigel.com\/wp-content\/uploads\/2024\/10\/croqueta-ceps-y-tofona-amez.jpg\" \/>\n\t<meta property=\"og:image:width\" content=\"1280\" \/>\n\t<meta property=\"og:image:height\" content=\"1280\" \/>\n\t<meta property=\"og:image:type\" content=\"image\/jpeg\" \/>\n<meta name=\"twitter:card\" content=\"summary_large_image\" \/>\n<meta name=\"twitter:label1\" content=\"Temps estimat de lectura\" \/>\n\t<meta name=\"twitter:data1\" content=\"1 minut\" \/>\n<script type=\"application\/ld+json\" class=\"yoast-schema-graph\">{\"@context\":\"https:\/\/schema.org\",\"@graph\":[{\"@type\":\"WebPage\",\"@id\":\"https:\/\/www.consigel.com\/ca\/producte\/croquetas-de-boletus-y-trufa-panko-ameztoi\/\",\"url\":\"https:\/\/www.consigel.com\/ca\/producte\/croquetas-de-boletus-y-trufa-panko-ameztoi\/\",\"name\":\"Croquetes de ceps i tofona panko ameztoi - Consigel\",\"isPartOf\":{\"@id\":\"https:\/\/www.consigel.com\/ca\/#website\"},\"primaryImageOfPage\":{\"@id\":\"https:\/\/www.consigel.com\/ca\/producte\/croquetas-de-boletus-y-trufa-panko-ameztoi\/#primaryimage\"},\"image\":{\"@id\":\"https:\/\/www.consigel.com\/ca\/producte\/croquetas-de-boletus-y-trufa-panko-ameztoi\/#primaryimage\"},\"thumbnailUrl\":\"https:\/\/www.consigel.com\/wp-content\/uploads\/2024\/10\/croqueta-ceps-y-tofona-amez.jpg\",\"datePublished\":\"2024-10-09T08:09:11+00:00\",\"dateModified\":\"2024-10-10T08:51:13+00:00\",\"breadcrumb\":{\"@id\":\"https:\/\/www.consigel.com\/ca\/producte\/croquetas-de-boletus-y-trufa-panko-ameztoi\/#breadcrumb\"},\"inLanguage\":\"ca\",\"potentialAction\":[{\"@type\":\"ReadAction\",\"target\":[\"https:\/\/www.consigel.com\/ca\/producte\/croquetas-de-boletus-y-trufa-panko-ameztoi\/\"]}]},{\"@type\":\"ImageObject\",\"inLanguage\":\"ca\",\"@id\":\"https:\/\/www.consigel.com\/ca\/producte\/croquetas-de-boletus-y-trufa-panko-ameztoi\/#primaryimage\",\"url\":\"https:\/\/www.consigel.com\/wp-content\/uploads\/2024\/10\/croqueta-ceps-y-tofona-amez.jpg\",\"contentUrl\":\"https:\/\/www.consigel.com\/wp-content\/uploads\/2024\/10\/croqueta-ceps-y-tofona-amez.jpg\",\"width\":1280,\"height\":1280},{\"@type\":\"BreadcrumbList\",\"@id\":\"https:\/\/www.consigel.com\/ca\/producte\/croquetas-de-boletus-y-trufa-panko-ameztoi\/#breadcrumb\",\"itemListElement\":[{\"@type\":\"ListItem\",\"position\":1,\"name\":\"Portada\",\"item\":\"https:\/\/www.consigel.com\/ca\/\"},{\"@type\":\"ListItem\",\"position\":2,\"name\":\"Shop\",\"item\":\"https:\/\/www.consigel.com\/ca\/shop\/\"},{\"@type\":\"ListItem\",\"position\":3,\"name\":\"Croquetes de ceps i tofona panko ameztoi\"}]},{\"@type\":\"WebSite\",\"@id\":\"https:\/\/www.consigel.com\/ca\/#website\",\"url\":\"https:\/\/www.consigel.com\/ca\/\",\"name\":\"Consigel\",\"description\":\"\",\"potentialAction\":[{\"@type\":\"SearchAction\",\"target\":{\"@type\":\"EntryPoint\",\"urlTemplate\":\"https:\/\/www.consigel.com\/ca\/?s={search_term_string}\"},\"query-input\":\"required name=search_term_string\"}],\"inLanguage\":\"ca\"}]}<\/script>\n<!-- \/ Yoast SEO plugin. -->","yoast_head_json":{"title":"Croquetes de ceps i tofona panko ameztoi - Consigel","robots":{"index":"index","follow":"follow","max-snippet":"max-snippet:-1","max-image-preview":"max-image-preview:large","max-video-preview":"max-video-preview:-1"},"canonical":"https:\/\/www.consigel.com\/ca\/producte\/croquetas-de-boletus-y-trufa-panko-ameztoi\/","og_locale":"ca_ES","og_type":"article","og_title":"Croquetes de ceps i tofona panko ameztoi - Consigel","og_description":"La base d&#8217;aquestes croquetes sol ser una beixamel cremosa, on s&#8217;incorporen els ceps saltats i una mica de t\u00f2fona ratllada per intensificar el sabor. Despr\u00e9s, es formen les croquetes, s&#8217;empanen i es fregeixen fins que estiguin daurades i cruixents per fora. El que les fa especials \u00e9s el seu empanitzat amb panko, un tipus de [...]","og_url":"https:\/\/www.consigel.com\/ca\/producte\/croquetas-de-boletus-y-trufa-panko-ameztoi\/","og_site_name":"Consigel","article_modified_time":"2024-10-10T08:51:13+00:00","og_image":[{"width":1280,"height":1280,"url":"https:\/\/www.consigel.com\/wp-content\/uploads\/2024\/10\/croqueta-ceps-y-tofona-amez.jpg","type":"image\/jpeg"}],"twitter_card":"summary_large_image","twitter_misc":{"Temps estimat de lectura":"1 minut"},"schema":{"@context":"https:\/\/schema.org","@graph":[{"@type":"WebPage","@id":"https:\/\/www.consigel.com\/ca\/producte\/croquetas-de-boletus-y-trufa-panko-ameztoi\/","url":"https:\/\/www.consigel.com\/ca\/producte\/croquetas-de-boletus-y-trufa-panko-ameztoi\/","name":"Croquetes de ceps i tofona panko ameztoi - Consigel","isPartOf":{"@id":"https:\/\/www.consigel.com\/ca\/#website"},"primaryImageOfPage":{"@id":"https:\/\/www.consigel.com\/ca\/producte\/croquetas-de-boletus-y-trufa-panko-ameztoi\/#primaryimage"},"image":{"@id":"https:\/\/www.consigel.com\/ca\/producte\/croquetas-de-boletus-y-trufa-panko-ameztoi\/#primaryimage"},"thumbnailUrl":"https:\/\/www.consigel.com\/wp-content\/uploads\/2024\/10\/croqueta-ceps-y-tofona-amez.jpg","datePublished":"2024-10-09T08:09:11+00:00","dateModified":"2024-10-10T08:51:13+00:00","breadcrumb":{"@id":"https:\/\/www.consigel.com\/ca\/producte\/croquetas-de-boletus-y-trufa-panko-ameztoi\/#breadcrumb"},"inLanguage":"ca","potentialAction":[{"@type":"ReadAction","target":["https:\/\/www.consigel.com\/ca\/producte\/croquetas-de-boletus-y-trufa-panko-ameztoi\/"]}]},{"@type":"ImageObject","inLanguage":"ca","@id":"https:\/\/www.consigel.com\/ca\/producte\/croquetas-de-boletus-y-trufa-panko-ameztoi\/#primaryimage","url":"https:\/\/www.consigel.com\/wp-content\/uploads\/2024\/10\/croqueta-ceps-y-tofona-amez.jpg","contentUrl":"https:\/\/www.consigel.com\/wp-content\/uploads\/2024\/10\/croqueta-ceps-y-tofona-amez.jpg","width":1280,"height":1280},{"@type":"BreadcrumbList","@id":"https:\/\/www.consigel.com\/ca\/producte\/croquetas-de-boletus-y-trufa-panko-ameztoi\/#breadcrumb","itemListElement":[{"@type":"ListItem","position":1,"name":"Portada","item":"https:\/\/www.consigel.com\/ca\/"},{"@type":"ListItem","position":2,"name":"Shop","item":"https:\/\/www.consigel.com\/ca\/shop\/"},{"@type":"ListItem","position":3,"name":"Croquetes de ceps i tofona panko ameztoi"}]},{"@type":"WebSite","@id":"https:\/\/www.consigel.com\/ca\/#website","url":"https:\/\/www.consigel.com\/ca\/","name":"Consigel","description":"","potentialAction":[{"@type":"SearchAction","target":{"@type":"EntryPoint","urlTemplate":"https:\/\/www.consigel.com\/ca\/?s={search_term_string}"},"query-input":"required name=search_term_string"}],"inLanguage":"ca"}]}},"_links":{"self":[{"href":"https:\/\/www.consigel.com\/ca\/wp-json\/wp\/v2\/product\/4846","targetHints":{"allow":["GET"]}}],"collection":[{"href":"https:\/\/www.consigel.com\/ca\/wp-json\/wp\/v2\/product"}],"about":[{"href":"https:\/\/www.consigel.com\/ca\/wp-json\/wp\/v2\/types\/product"}],"replies":[{"embeddable":true,"href":"https:\/\/www.consigel.com\/ca\/wp-json\/wp\/v2\/comments?post=4846"}],"wp:featuredmedia":[{"embeddable":true,"href":"https:\/\/www.consigel.com\/ca\/wp-json\/wp\/v2\/media\/4845"}],"wp:attachment":[{"href":"https:\/\/www.consigel.com\/ca\/wp-json\/wp\/v2\/media?parent=4846"}],"wp:term":[{"taxonomy":"product_cat","embeddable":true,"href":"https:\/\/www.consigel.com\/ca\/wp-json\/wp\/v2\/product_cat?post=4846"},{"taxonomy":"product_tag","embeddable":true,"href":"https:\/\/www.consigel.com\/ca\/wp-json\/wp\/v2\/product_tag?post=4846"}],"curies":[{"name":"wp","href":"https:\/\/api.w.org\/{rel}","templated":true}]}}