{"id":4840,"date":"2024-10-09T07:55:38","date_gmt":"2024-10-09T07:55:38","guid":{"rendered":"https:\/\/www.consigel.com\/producte\/croquetas-de-puchero-panko-ameztoi\/"},"modified":"2024-10-10T08:52:13","modified_gmt":"2024-10-10T08:52:13","slug":"croquetas-de-puchero-panko-ameztoi","status":"publish","type":"product","link":"https:\/\/www.consigel.com\/ca\/producte\/croquetas-de-puchero-panko-ameztoi\/","title":{"rendered":"Croquetes de carn d&#8217;olla panko ameztoi"},"content":{"rendered":"<p id=\"tw-target-text\" class=\"tw-data-text tw-text-large tw-ta lead\" dir=\"ltr\" data-placeholder=\"Traducci\u00f3n\" data-ved=\"2ahUKEwj72o_NuP6IAxUghv0HHT3sFHsQ3ewLegQIBxAU\" aria-label=\"Texto traducido: Les croquetes d'olla panko s\u00f3n un delici\u00f3s i cruixent mos que combina la tradici\u00f3 de la cuina casolana amb un toc modern. Aquestes croquetes estan elaborades a base dels saborosos ingredients que s'utilitzen en una bona olla, com carn, verdures i esp\u00e8cies, que s'esmicolen i es barregen amb una suau beixamel. El que les fa especials \u00e9s el seu empanitzat amb panko, un tipus de pa ratllat japon\u00e8s que aporta una textura extra cruixent i lleugera en fregir-les. En mossegar-les, gaudir\u00e0s d'un contrast perfecte entre l'exterior daurat i cruixent i l'interior crem\u00f3s i ple de sabor. S\u00f3n ideals com a aperitiu, per compartir en una reuni\u00f3 o simplement per gaudir-ne en qualsevol moment. Una del\u00edcia que no et pots perdre!\"><span class=\"Y2IQFc\" lang=\"ca\">Les croquetes d&#8217;olla panko s\u00f3n un delici\u00f3s i cruixent mos que combina la tradici\u00f3 de la cuina casolana amb un toc modern. Aquestes croquetes estan elaborades a base dels saborosos ingredients que s&#8217;utilitzen en una bona olla, com carn, verdures i esp\u00e8cies, que s&#8217;esmicolen i es barregen amb una suau beixamel. El que les fa especials \u00e9s el seu empanitzat amb panko, un tipus de pa ratllat japon\u00e8s que aporta una textura extra cruixent i lleugera en fregir-les. En mossegar-les, gaudir\u00e0s d&#8217;un contrast perfecte entre l&#8217;exterior daurat i cruixent i l&#8217;interior crem\u00f3s i ple de sabor. S\u00f3n ideals com a aperitiu, per compartir en una reuni\u00f3 o simplement per gaudir-ne en qualsevol moment. Una del\u00edcia que no et pots perdre!<\/span><\/p>\n<p class=\"lead\">Pes 35gr.<\/p>\n<p class=\"lead\">Caixa 4kg.<\/p>\n","protected":false},"excerpt":{"rendered":"<p>Les croquetes d&#8217;olla panko s\u00f3n un delici\u00f3s i cruixent mos que combina la tradici\u00f3 de la cuina casolana amb un toc modern. Aquestes croquetes estan elaborades a base dels saborosos ingredients que s&#8217;utilitzen en una bona olla, com carn, verdures i esp\u00e8cies, que s&#8217;esmicolen i es barregen amb una suau beixamel. El que les fa [&#8230;]\n","protected":false},"featured_media":4839,"comment_status":"open","ping_status":"closed","template":"","meta":[],"product_cat":[34,111,18,124],"product_tag":[],"class_list":{"0":"post-4840","1":"product","2":"type-product","3":"status-publish","4":"has-post-thumbnail","6":"product_cat-aperitius","7":"product_cat-fregidora","8":"product_cat-gastronomia","9":"product_cat-croquetes","11":"first","12":"instock","13":"shipping-taxable","14":"product-type-simple"},"yoast_head":"<!-- This site is optimized with the Yoast SEO plugin v23.3 - https:\/\/yoast.com\/wordpress\/plugins\/seo\/ -->\n<title>Croquetes de carn d&#039;olla panko ameztoi - Consigel<\/title>\n<meta name=\"robots\" content=\"index, follow, max-snippet:-1, max-image-preview:large, max-video-preview:-1\" \/>\n<link rel=\"canonical\" href=\"https:\/\/www.consigel.com\/ca\/producte\/croquetas-de-puchero-panko-ameztoi\/\" \/>\n<meta property=\"og:locale\" content=\"ca_ES\" \/>\n<meta property=\"og:type\" content=\"article\" \/>\n<meta property=\"og:title\" content=\"Croquetes de carn d&#039;olla panko ameztoi - Consigel\" \/>\n<meta property=\"og:description\" content=\"Les croquetes d&#8217;olla panko s\u00f3n un delici\u00f3s i cruixent mos que combina la tradici\u00f3 de la cuina casolana amb un toc modern. Aquestes croquetes estan elaborades a base dels saborosos ingredients que s&#8217;utilitzen en una bona olla, com carn, verdures i esp\u00e8cies, que s&#8217;esmicolen i es barregen amb una suau beixamel. El que les fa [...]\" \/>\n<meta property=\"og:url\" content=\"https:\/\/www.consigel.com\/ca\/producte\/croquetas-de-puchero-panko-ameztoi\/\" \/>\n<meta property=\"og:site_name\" content=\"Consigel\" \/>\n<meta property=\"article:modified_time\" content=\"2024-10-10T08:52:13+00:00\" \/>\n<meta property=\"og:image\" content=\"https:\/\/www.consigel.com\/wp-content\/uploads\/2024\/10\/croqueta-puchero-panko-ameztoi.jpg\" \/>\n\t<meta property=\"og:image:width\" content=\"450\" \/>\n\t<meta property=\"og:image:height\" content=\"301\" \/>\n\t<meta property=\"og:image:type\" content=\"image\/jpeg\" \/>\n<meta name=\"twitter:card\" content=\"summary_large_image\" \/>\n<meta name=\"twitter:label1\" content=\"Temps estimat de lectura\" \/>\n\t<meta name=\"twitter:data1\" content=\"1 minut\" \/>\n<script type=\"application\/ld+json\" class=\"yoast-schema-graph\">{\"@context\":\"https:\/\/schema.org\",\"@graph\":[{\"@type\":\"WebPage\",\"@id\":\"https:\/\/www.consigel.com\/ca\/producte\/croquetas-de-puchero-panko-ameztoi\/\",\"url\":\"https:\/\/www.consigel.com\/ca\/producte\/croquetas-de-puchero-panko-ameztoi\/\",\"name\":\"Croquetes de carn d'olla panko ameztoi - Consigel\",\"isPartOf\":{\"@id\":\"https:\/\/www.consigel.com\/ca\/#website\"},\"primaryImageOfPage\":{\"@id\":\"https:\/\/www.consigel.com\/ca\/producte\/croquetas-de-puchero-panko-ameztoi\/#primaryimage\"},\"image\":{\"@id\":\"https:\/\/www.consigel.com\/ca\/producte\/croquetas-de-puchero-panko-ameztoi\/#primaryimage\"},\"thumbnailUrl\":\"https:\/\/www.consigel.com\/wp-content\/uploads\/2024\/10\/croqueta-puchero-panko-ameztoi.jpg\",\"datePublished\":\"2024-10-09T07:55:38+00:00\",\"dateModified\":\"2024-10-10T08:52:13+00:00\",\"breadcrumb\":{\"@id\":\"https:\/\/www.consigel.com\/ca\/producte\/croquetas-de-puchero-panko-ameztoi\/#breadcrumb\"},\"inLanguage\":\"ca\",\"potentialAction\":[{\"@type\":\"ReadAction\",\"target\":[\"https:\/\/www.consigel.com\/ca\/producte\/croquetas-de-puchero-panko-ameztoi\/\"]}]},{\"@type\":\"ImageObject\",\"inLanguage\":\"ca\",\"@id\":\"https:\/\/www.consigel.com\/ca\/producte\/croquetas-de-puchero-panko-ameztoi\/#primaryimage\",\"url\":\"https:\/\/www.consigel.com\/wp-content\/uploads\/2024\/10\/croqueta-puchero-panko-ameztoi.jpg\",\"contentUrl\":\"https:\/\/www.consigel.com\/wp-content\/uploads\/2024\/10\/croqueta-puchero-panko-ameztoi.jpg\",\"width\":450,\"height\":301,\"caption\":\"{\\\"source\\\":\\\"other\\\",\\\"uid\\\":\\\"C6E46FD9-0805-4F5E-AF26-B60D605EF2BE_1632304435966\\\",\\\"origin\\\":\\\"gallery\\\",\\\"fte_sources\\\":[],\\\"used_premium_tools\\\":false,\\\"used_sources\\\":\\\"{\\\"sources\\\":[],\\\"version\\\":1}\\\",\\\"premium_sources\\\":[],\\\"is_remix\\\":false}\"},{\"@type\":\"BreadcrumbList\",\"@id\":\"https:\/\/www.consigel.com\/ca\/producte\/croquetas-de-puchero-panko-ameztoi\/#breadcrumb\",\"itemListElement\":[{\"@type\":\"ListItem\",\"position\":1,\"name\":\"Portada\",\"item\":\"https:\/\/www.consigel.com\/ca\/\"},{\"@type\":\"ListItem\",\"position\":2,\"name\":\"Shop\",\"item\":\"https:\/\/www.consigel.com\/ca\/shop\/\"},{\"@type\":\"ListItem\",\"position\":3,\"name\":\"Croquetes de carn d&#8217;olla panko ameztoi\"}]},{\"@type\":\"WebSite\",\"@id\":\"https:\/\/www.consigel.com\/ca\/#website\",\"url\":\"https:\/\/www.consigel.com\/ca\/\",\"name\":\"Consigel\",\"description\":\"\",\"potentialAction\":[{\"@type\":\"SearchAction\",\"target\":{\"@type\":\"EntryPoint\",\"urlTemplate\":\"https:\/\/www.consigel.com\/ca\/?s={search_term_string}\"},\"query-input\":\"required name=search_term_string\"}],\"inLanguage\":\"ca\"}]}<\/script>\n<!-- \/ Yoast SEO plugin. -->","yoast_head_json":{"title":"Croquetes de carn d'olla panko ameztoi - Consigel","robots":{"index":"index","follow":"follow","max-snippet":"max-snippet:-1","max-image-preview":"max-image-preview:large","max-video-preview":"max-video-preview:-1"},"canonical":"https:\/\/www.consigel.com\/ca\/producte\/croquetas-de-puchero-panko-ameztoi\/","og_locale":"ca_ES","og_type":"article","og_title":"Croquetes de carn d'olla panko ameztoi - Consigel","og_description":"Les croquetes d&#8217;olla panko s\u00f3n un delici\u00f3s i cruixent mos que combina la tradici\u00f3 de la cuina casolana amb un toc modern. Aquestes croquetes estan elaborades a base dels saborosos ingredients que s&#8217;utilitzen en una bona olla, com carn, verdures i esp\u00e8cies, que s&#8217;esmicolen i es barregen amb una suau beixamel. El que les fa [...]","og_url":"https:\/\/www.consigel.com\/ca\/producte\/croquetas-de-puchero-panko-ameztoi\/","og_site_name":"Consigel","article_modified_time":"2024-10-10T08:52:13+00:00","og_image":[{"width":450,"height":301,"url":"https:\/\/www.consigel.com\/wp-content\/uploads\/2024\/10\/croqueta-puchero-panko-ameztoi.jpg","type":"image\/jpeg"}],"twitter_card":"summary_large_image","twitter_misc":{"Temps estimat de lectura":"1 minut"},"schema":{"@context":"https:\/\/schema.org","@graph":[{"@type":"WebPage","@id":"https:\/\/www.consigel.com\/ca\/producte\/croquetas-de-puchero-panko-ameztoi\/","url":"https:\/\/www.consigel.com\/ca\/producte\/croquetas-de-puchero-panko-ameztoi\/","name":"Croquetes de carn d'olla panko ameztoi - Consigel","isPartOf":{"@id":"https:\/\/www.consigel.com\/ca\/#website"},"primaryImageOfPage":{"@id":"https:\/\/www.consigel.com\/ca\/producte\/croquetas-de-puchero-panko-ameztoi\/#primaryimage"},"image":{"@id":"https:\/\/www.consigel.com\/ca\/producte\/croquetas-de-puchero-panko-ameztoi\/#primaryimage"},"thumbnailUrl":"https:\/\/www.consigel.com\/wp-content\/uploads\/2024\/10\/croqueta-puchero-panko-ameztoi.jpg","datePublished":"2024-10-09T07:55:38+00:00","dateModified":"2024-10-10T08:52:13+00:00","breadcrumb":{"@id":"https:\/\/www.consigel.com\/ca\/producte\/croquetas-de-puchero-panko-ameztoi\/#breadcrumb"},"inLanguage":"ca","potentialAction":[{"@type":"ReadAction","target":["https:\/\/www.consigel.com\/ca\/producte\/croquetas-de-puchero-panko-ameztoi\/"]}]},{"@type":"ImageObject","inLanguage":"ca","@id":"https:\/\/www.consigel.com\/ca\/producte\/croquetas-de-puchero-panko-ameztoi\/#primaryimage","url":"https:\/\/www.consigel.com\/wp-content\/uploads\/2024\/10\/croqueta-puchero-panko-ameztoi.jpg","contentUrl":"https:\/\/www.consigel.com\/wp-content\/uploads\/2024\/10\/croqueta-puchero-panko-ameztoi.jpg","width":450,"height":301,"caption":"{\"source\":\"other\",\"uid\":\"C6E46FD9-0805-4F5E-AF26-B60D605EF2BE_1632304435966\",\"origin\":\"gallery\",\"fte_sources\":[],\"used_premium_tools\":false,\"used_sources\":\"{\"sources\":[],\"version\":1}\",\"premium_sources\":[],\"is_remix\":false}"},{"@type":"BreadcrumbList","@id":"https:\/\/www.consigel.com\/ca\/producte\/croquetas-de-puchero-panko-ameztoi\/#breadcrumb","itemListElement":[{"@type":"ListItem","position":1,"name":"Portada","item":"https:\/\/www.consigel.com\/ca\/"},{"@type":"ListItem","position":2,"name":"Shop","item":"https:\/\/www.consigel.com\/ca\/shop\/"},{"@type":"ListItem","position":3,"name":"Croquetes de carn d&#8217;olla panko ameztoi"}]},{"@type":"WebSite","@id":"https:\/\/www.consigel.com\/ca\/#website","url":"https:\/\/www.consigel.com\/ca\/","name":"Consigel","description":"","potentialAction":[{"@type":"SearchAction","target":{"@type":"EntryPoint","urlTemplate":"https:\/\/www.consigel.com\/ca\/?s={search_term_string}"},"query-input":"required name=search_term_string"}],"inLanguage":"ca"}]}},"_links":{"self":[{"href":"https:\/\/www.consigel.com\/ca\/wp-json\/wp\/v2\/product\/4840","targetHints":{"allow":["GET"]}}],"collection":[{"href":"https:\/\/www.consigel.com\/ca\/wp-json\/wp\/v2\/product"}],"about":[{"href":"https:\/\/www.consigel.com\/ca\/wp-json\/wp\/v2\/types\/product"}],"replies":[{"embeddable":true,"href":"https:\/\/www.consigel.com\/ca\/wp-json\/wp\/v2\/comments?post=4840"}],"wp:featuredmedia":[{"embeddable":true,"href":"https:\/\/www.consigel.com\/ca\/wp-json\/wp\/v2\/media\/4839"}],"wp:attachment":[{"href":"https:\/\/www.consigel.com\/ca\/wp-json\/wp\/v2\/media?parent=4840"}],"wp:term":[{"taxonomy":"product_cat","embeddable":true,"href":"https:\/\/www.consigel.com\/ca\/wp-json\/wp\/v2\/product_cat?post=4840"},{"taxonomy":"product_tag","embeddable":true,"href":"https:\/\/www.consigel.com\/ca\/wp-json\/wp\/v2\/product_tag?post=4840"}],"curies":[{"name":"wp","href":"https:\/\/api.w.org\/{rel}","templated":true}]}}