{"id":4825,"date":"2024-10-08T10:09:14","date_gmt":"2024-10-08T10:09:14","guid":{"rendered":"https:\/\/www.consigel.com\/producte\/croquetas-de-rabo-de-toro-panko-ameztoi\/"},"modified":"2024-10-10T08:54:24","modified_gmt":"2024-10-10T08:54:24","slug":"croquetas-de-rabo-de-toro-panko-ameztoi","status":"publish","type":"product","link":"https:\/\/www.consigel.com\/ca\/producte\/croquetas-de-rabo-de-toro-panko-ameztoi\/","title":{"rendered":"Croquetes de cua de bou panko ameztoi"},"content":{"rendered":"<div align=\"left\">\n<h4 id=\"tw-target-text\" class=\"tw-data-text tw-text-large tw-ta lead\" dir=\"ltr\" data-placeholder=\"Traducci\u00f3n\" data-ved=\"2ahUKEwj72o_NuP6IAxUghv0HHT3sFHsQ3ewLegQIBxAU\" aria-label=\"Texto traducido: Croquetes amb un arrebossat cruixent de 35gr cadascuna, a cada bossa hi ha 28\/29 unitats. Croquetes de gran qualitat com si les que es fan a casa. Les croquetes d'Ameztoi tenen menys arrebossat que les croquetes que menys pa ratllat tenen del mercat. Per aquest motiu absorbeixen menys oli en fregir, s\u00f3n m\u00e9s lleugeres i digestives. La principal difer\u00e8ncia d'aquestes croquetes \u00e9s la beixamel, que est\u00e0 elaborada amb llet de vaca acabada de munyir. Els farcits s\u00f3n naturals i no porten cap mena de conservant ni de potenciador de sabor.\"><span class=\"Y2IQFc\" lang=\"ca\">Croquetes amb un arrebossat cruixent de 35gr cadascuna, a cada bossa hi ha 28\/29 unitats. Croquetes de gran qualitat com si les que es fan a casa. Les croquetes d&#8217;Ameztoi tenen menys arrebossat que les croquetes que menys pa ratllat tenen del mercat. Per aquest motiu absorbeixen menys oli en fregir, s\u00f3n m\u00e9s lleugeres i digestives. La principal difer\u00e8ncia d&#8217;aquestes croquetes \u00e9s la beixamel, que est\u00e0 elaborada amb llet de vaca acabada de munyir. Els farcits s\u00f3n naturals i no porten cap mena de conservant ni de potenciador de sabor.<\/span><\/h4>\n<\/div>\n<h4 class=\"lead\" align=\"left\"><\/h4>\n<h4 class=\"lead\" align=\"left\">Pes 35gr.<\/h4>\n<h4 class=\"lead\" align=\"left\"><\/h4>\n<h4 class=\"lead\" align=\"left\">Caixa de 4kg.<\/h4>\n","protected":false},"excerpt":{"rendered":"<p>Croquetes amb un arrebossat cruixent de 35gr cadascuna, a cada bossa hi ha 28\/29 unitats. Croquetes de gran qualitat com si les que es fan a casa. Les croquetes d&#8217;Ameztoi tenen menys arrebossat que les croquetes que menys pa ratllat tenen del mercat. Per aquest motiu absorbeixen menys oli en fregir, s\u00f3n m\u00e9s lleugeres i [&#8230;]\n","protected":false},"featured_media":4823,"comment_status":"open","ping_status":"closed","template":"","meta":[],"product_cat":[34,111,18,124],"product_tag":[],"class_list":{"0":"post-4825","1":"product","2":"type-product","3":"status-publish","4":"has-post-thumbnail","6":"product_cat-aperitius","7":"product_cat-fregidora","8":"product_cat-gastronomia","9":"product_cat-croquetes","11":"first","12":"instock","13":"shipping-taxable","14":"product-type-simple"},"yoast_head":"<!-- This site is optimized with the Yoast SEO plugin v23.3 - https:\/\/yoast.com\/wordpress\/plugins\/seo\/ -->\n<title>Croquetes de cua de bou panko ameztoi - Consigel<\/title>\n<meta name=\"robots\" content=\"index, follow, max-snippet:-1, max-image-preview:large, max-video-preview:-1\" \/>\n<link rel=\"canonical\" href=\"https:\/\/www.consigel.com\/ca\/producte\/croquetas-de-rabo-de-toro-panko-ameztoi\/\" \/>\n<meta property=\"og:locale\" content=\"ca_ES\" \/>\n<meta property=\"og:type\" content=\"article\" \/>\n<meta property=\"og:title\" content=\"Croquetes de cua de bou panko ameztoi - Consigel\" \/>\n<meta property=\"og:description\" content=\"Croquetes amb un arrebossat cruixent de 35gr cadascuna, a cada bossa hi ha 28\/29 unitats. Croquetes de gran qualitat com si les que es fan a casa. Les croquetes d&#8217;Ameztoi tenen menys arrebossat que les croquetes que menys pa ratllat tenen del mercat. Per aquest motiu absorbeixen menys oli en fregir, s\u00f3n m\u00e9s lleugeres i [...]\" \/>\n<meta property=\"og:url\" content=\"https:\/\/www.consigel.com\/ca\/producte\/croquetas-de-rabo-de-toro-panko-ameztoi\/\" \/>\n<meta property=\"og:site_name\" content=\"Consigel\" \/>\n<meta property=\"article:modified_time\" content=\"2024-10-10T08:54:24+00:00\" \/>\n<meta property=\"og:image\" content=\"https:\/\/www.consigel.com\/wp-content\/uploads\/2024\/10\/croqueta-rabo-de-toro-panko-ameztoi.jpg\" \/>\n\t<meta property=\"og:image:width\" content=\"211\" \/>\n\t<meta property=\"og:image:height\" content=\"196\" \/>\n\t<meta property=\"og:image:type\" content=\"image\/jpeg\" \/>\n<meta name=\"twitter:card\" content=\"summary_large_image\" \/>\n<meta name=\"twitter:label1\" content=\"Temps estimat de lectura\" \/>\n\t<meta name=\"twitter:data1\" content=\"1 minut\" \/>\n<script type=\"application\/ld+json\" class=\"yoast-schema-graph\">{\"@context\":\"https:\/\/schema.org\",\"@graph\":[{\"@type\":\"WebPage\",\"@id\":\"https:\/\/www.consigel.com\/ca\/producte\/croquetas-de-rabo-de-toro-panko-ameztoi\/\",\"url\":\"https:\/\/www.consigel.com\/ca\/producte\/croquetas-de-rabo-de-toro-panko-ameztoi\/\",\"name\":\"Croquetes de cua de bou panko ameztoi - Consigel\",\"isPartOf\":{\"@id\":\"https:\/\/www.consigel.com\/ca\/#website\"},\"primaryImageOfPage\":{\"@id\":\"https:\/\/www.consigel.com\/ca\/producte\/croquetas-de-rabo-de-toro-panko-ameztoi\/#primaryimage\"},\"image\":{\"@id\":\"https:\/\/www.consigel.com\/ca\/producte\/croquetas-de-rabo-de-toro-panko-ameztoi\/#primaryimage\"},\"thumbnailUrl\":\"https:\/\/www.consigel.com\/wp-content\/uploads\/2024\/10\/croqueta-rabo-de-toro-panko-ameztoi.jpg\",\"datePublished\":\"2024-10-08T10:09:14+00:00\",\"dateModified\":\"2024-10-10T08:54:24+00:00\",\"breadcrumb\":{\"@id\":\"https:\/\/www.consigel.com\/ca\/producte\/croquetas-de-rabo-de-toro-panko-ameztoi\/#breadcrumb\"},\"inLanguage\":\"ca\",\"potentialAction\":[{\"@type\":\"ReadAction\",\"target\":[\"https:\/\/www.consigel.com\/ca\/producte\/croquetas-de-rabo-de-toro-panko-ameztoi\/\"]}]},{\"@type\":\"ImageObject\",\"inLanguage\":\"ca\",\"@id\":\"https:\/\/www.consigel.com\/ca\/producte\/croquetas-de-rabo-de-toro-panko-ameztoi\/#primaryimage\",\"url\":\"https:\/\/www.consigel.com\/wp-content\/uploads\/2024\/10\/croqueta-rabo-de-toro-panko-ameztoi.jpg\",\"contentUrl\":\"https:\/\/www.consigel.com\/wp-content\/uploads\/2024\/10\/croqueta-rabo-de-toro-panko-ameztoi.jpg\",\"width\":211,\"height\":196},{\"@type\":\"BreadcrumbList\",\"@id\":\"https:\/\/www.consigel.com\/ca\/producte\/croquetas-de-rabo-de-toro-panko-ameztoi\/#breadcrumb\",\"itemListElement\":[{\"@type\":\"ListItem\",\"position\":1,\"name\":\"Portada\",\"item\":\"https:\/\/www.consigel.com\/ca\/\"},{\"@type\":\"ListItem\",\"position\":2,\"name\":\"Shop\",\"item\":\"https:\/\/www.consigel.com\/ca\/shop\/\"},{\"@type\":\"ListItem\",\"position\":3,\"name\":\"Croquetes de cua de bou panko ameztoi\"}]},{\"@type\":\"WebSite\",\"@id\":\"https:\/\/www.consigel.com\/ca\/#website\",\"url\":\"https:\/\/www.consigel.com\/ca\/\",\"name\":\"Consigel\",\"description\":\"\",\"potentialAction\":[{\"@type\":\"SearchAction\",\"target\":{\"@type\":\"EntryPoint\",\"urlTemplate\":\"https:\/\/www.consigel.com\/ca\/?s={search_term_string}\"},\"query-input\":\"required name=search_term_string\"}],\"inLanguage\":\"ca\"}]}<\/script>\n<!-- \/ Yoast SEO plugin. -->","yoast_head_json":{"title":"Croquetes de cua de bou panko ameztoi - Consigel","robots":{"index":"index","follow":"follow","max-snippet":"max-snippet:-1","max-image-preview":"max-image-preview:large","max-video-preview":"max-video-preview:-1"},"canonical":"https:\/\/www.consigel.com\/ca\/producte\/croquetas-de-rabo-de-toro-panko-ameztoi\/","og_locale":"ca_ES","og_type":"article","og_title":"Croquetes de cua de bou panko ameztoi - Consigel","og_description":"Croquetes amb un arrebossat cruixent de 35gr cadascuna, a cada bossa hi ha 28\/29 unitats. Croquetes de gran qualitat com si les que es fan a casa. Les croquetes d&#8217;Ameztoi tenen menys arrebossat que les croquetes que menys pa ratllat tenen del mercat. Per aquest motiu absorbeixen menys oli en fregir, s\u00f3n m\u00e9s lleugeres i [...]","og_url":"https:\/\/www.consigel.com\/ca\/producte\/croquetas-de-rabo-de-toro-panko-ameztoi\/","og_site_name":"Consigel","article_modified_time":"2024-10-10T08:54:24+00:00","og_image":[{"width":211,"height":196,"url":"https:\/\/www.consigel.com\/wp-content\/uploads\/2024\/10\/croqueta-rabo-de-toro-panko-ameztoi.jpg","type":"image\/jpeg"}],"twitter_card":"summary_large_image","twitter_misc":{"Temps estimat de lectura":"1 minut"},"schema":{"@context":"https:\/\/schema.org","@graph":[{"@type":"WebPage","@id":"https:\/\/www.consigel.com\/ca\/producte\/croquetas-de-rabo-de-toro-panko-ameztoi\/","url":"https:\/\/www.consigel.com\/ca\/producte\/croquetas-de-rabo-de-toro-panko-ameztoi\/","name":"Croquetes de cua de bou panko ameztoi - Consigel","isPartOf":{"@id":"https:\/\/www.consigel.com\/ca\/#website"},"primaryImageOfPage":{"@id":"https:\/\/www.consigel.com\/ca\/producte\/croquetas-de-rabo-de-toro-panko-ameztoi\/#primaryimage"},"image":{"@id":"https:\/\/www.consigel.com\/ca\/producte\/croquetas-de-rabo-de-toro-panko-ameztoi\/#primaryimage"},"thumbnailUrl":"https:\/\/www.consigel.com\/wp-content\/uploads\/2024\/10\/croqueta-rabo-de-toro-panko-ameztoi.jpg","datePublished":"2024-10-08T10:09:14+00:00","dateModified":"2024-10-10T08:54:24+00:00","breadcrumb":{"@id":"https:\/\/www.consigel.com\/ca\/producte\/croquetas-de-rabo-de-toro-panko-ameztoi\/#breadcrumb"},"inLanguage":"ca","potentialAction":[{"@type":"ReadAction","target":["https:\/\/www.consigel.com\/ca\/producte\/croquetas-de-rabo-de-toro-panko-ameztoi\/"]}]},{"@type":"ImageObject","inLanguage":"ca","@id":"https:\/\/www.consigel.com\/ca\/producte\/croquetas-de-rabo-de-toro-panko-ameztoi\/#primaryimage","url":"https:\/\/www.consigel.com\/wp-content\/uploads\/2024\/10\/croqueta-rabo-de-toro-panko-ameztoi.jpg","contentUrl":"https:\/\/www.consigel.com\/wp-content\/uploads\/2024\/10\/croqueta-rabo-de-toro-panko-ameztoi.jpg","width":211,"height":196},{"@type":"BreadcrumbList","@id":"https:\/\/www.consigel.com\/ca\/producte\/croquetas-de-rabo-de-toro-panko-ameztoi\/#breadcrumb","itemListElement":[{"@type":"ListItem","position":1,"name":"Portada","item":"https:\/\/www.consigel.com\/ca\/"},{"@type":"ListItem","position":2,"name":"Shop","item":"https:\/\/www.consigel.com\/ca\/shop\/"},{"@type":"ListItem","position":3,"name":"Croquetes de cua de bou panko ameztoi"}]},{"@type":"WebSite","@id":"https:\/\/www.consigel.com\/ca\/#website","url":"https:\/\/www.consigel.com\/ca\/","name":"Consigel","description":"","potentialAction":[{"@type":"SearchAction","target":{"@type":"EntryPoint","urlTemplate":"https:\/\/www.consigel.com\/ca\/?s={search_term_string}"},"query-input":"required name=search_term_string"}],"inLanguage":"ca"}]}},"_links":{"self":[{"href":"https:\/\/www.consigel.com\/ca\/wp-json\/wp\/v2\/product\/4825","targetHints":{"allow":["GET"]}}],"collection":[{"href":"https:\/\/www.consigel.com\/ca\/wp-json\/wp\/v2\/product"}],"about":[{"href":"https:\/\/www.consigel.com\/ca\/wp-json\/wp\/v2\/types\/product"}],"replies":[{"embeddable":true,"href":"https:\/\/www.consigel.com\/ca\/wp-json\/wp\/v2\/comments?post=4825"}],"wp:featuredmedia":[{"embeddable":true,"href":"https:\/\/www.consigel.com\/ca\/wp-json\/wp\/v2\/media\/4823"}],"wp:attachment":[{"href":"https:\/\/www.consigel.com\/ca\/wp-json\/wp\/v2\/media?parent=4825"}],"wp:term":[{"taxonomy":"product_cat","embeddable":true,"href":"https:\/\/www.consigel.com\/ca\/wp-json\/wp\/v2\/product_cat?post=4825"},{"taxonomy":"product_tag","embeddable":true,"href":"https:\/\/www.consigel.com\/ca\/wp-json\/wp\/v2\/product_tag?post=4825"}],"curies":[{"name":"wp","href":"https:\/\/api.w.org\/{rel}","templated":true}]}}