{"id":4727,"date":"2024-10-05T17:22:47","date_gmt":"2024-10-05T17:22:47","guid":{"rendered":"https:\/\/www.consigel.com\/producte\/tortilla-mini-de-queso-de-cabra\/"},"modified":"2024-10-10T09:10:34","modified_gmt":"2024-10-10T09:10:34","slug":"tortilla-mini-de-queso-de-cabra","status":"publish","type":"product","link":"https:\/\/www.consigel.com\/ca\/producte\/tortilla-mini-de-queso-de-cabra\/","title":{"rendered":"Truita mini de formatge de cabra"},"content":{"rendered":"<p>Preparat de truita de patata farcida de formatge de cabra.<\/p>\n<p>Dona el teu toc i aconsegueix la cremositat i sucul\u00e8ncia desitjada.<\/p>\n<p>L&#8217;\u00fanica truita gourmet del mercat, Premi a la Millor Truita de Patata d&#8217;Espanya.<\/p>\n<p>Producte ultracongelat. Conservar a &lt; -18\u00baC. Descongelar en refrigeraci\u00f3 entre 0 i 4\u00baC. Un cop descongelat, consumir abans de 5 dies i no tornar a congelar. No emmagatzemar amb productes que imprimen olors o sabors estranys. M\u00e8tode d&#8217;\u00fas: Descongela la truita en refrigeraci\u00f3. Posar la paella uns minuts a foc mitj\u00e0-alt. Quan estigui calenta, afegeix unes gotes d&#8217;oli. Desmolda la truita sobre la paella. Cuina-la 2:30 &#8211; 3:00 minuts (segons la marca de la teva placa o foc). Recomanem utilitzar un rellotge. Dona la volta a la truita amb una tapa o plat hidratat amb oli i cuina-la uns altres 2:30 &#8211; 3:00 minuts. Emplata la truita. Deixa que reposi uns minuts. Est\u00e0 llesta per degustar. I si la cuinem congelada? Dona la volta 2 vegades, 2:30 minuts per cada costat, amb la paella tapada.<\/p>\n<p>Pes 180 gr.<\/p>\n<p>Caixa amb 16 unitats.<\/p>\n","protected":false},"excerpt":{"rendered":"<p>Preparat de truita de patata farcida de formatge de cabra. Dona el teu toc i aconsegueix la cremositat i sucul\u00e8ncia desitjada. L&#8217;\u00fanica truita gourmet del mercat, Premi a la Millor Truita de Patata d&#8217;Espanya. Producte ultracongelat. Conservar a &lt; -18\u00baC. Descongelar en refrigeraci\u00f3 entre 0 i 4\u00baC. Un cop descongelat, consumir abans de 5 dies [&#8230;]\n","protected":false},"featured_media":4726,"comment_status":"open","ping_status":"closed","template":"","meta":[],"product_cat":[315,34,18],"product_tag":[],"class_list":{"0":"post-4727","1":"product","2":"type-product","3":"status-publish","4":"has-post-thumbnail","6":"product_cat-altres-aperitius","7":"product_cat-aperitius","8":"product_cat-gastronomia","10":"first","11":"instock","12":"shipping-taxable","13":"product-type-simple"},"yoast_head":"<!-- This site is optimized with the Yoast SEO plugin v23.3 - https:\/\/yoast.com\/wordpress\/plugins\/seo\/ -->\n<title>Truita mini de formatge de cabra - Consigel<\/title>\n<meta name=\"robots\" content=\"index, follow, max-snippet:-1, max-image-preview:large, max-video-preview:-1\" \/>\n<link rel=\"canonical\" href=\"https:\/\/www.consigel.com\/ca\/producte\/tortilla-mini-de-queso-de-cabra\/\" \/>\n<meta property=\"og:locale\" content=\"ca_ES\" \/>\n<meta property=\"og:type\" content=\"article\" \/>\n<meta property=\"og:title\" content=\"Truita mini de formatge de cabra - Consigel\" \/>\n<meta property=\"og:description\" content=\"Preparat de truita de patata farcida de formatge de cabra. Dona el teu toc i aconsegueix la cremositat i sucul\u00e8ncia desitjada. L&#8217;\u00fanica truita gourmet del mercat, Premi a la Millor Truita de Patata d&#8217;Espanya. Producte ultracongelat. Conservar a &lt; -18\u00baC. Descongelar en refrigeraci\u00f3 entre 0 i 4\u00baC. Un cop descongelat, consumir abans de 5 dies [...]\" \/>\n<meta property=\"og:url\" content=\"https:\/\/www.consigel.com\/ca\/producte\/tortilla-mini-de-queso-de-cabra\/\" \/>\n<meta property=\"og:site_name\" content=\"Consigel\" \/>\n<meta property=\"article:modified_time\" content=\"2024-10-10T09:10:34+00:00\" \/>\n<meta property=\"og:image\" content=\"https:\/\/www.consigel.com\/wp-content\/uploads\/2024\/10\/tortilla-patata-la-cocina-de-senen.jpg\" \/>\n\t<meta property=\"og:image:width\" content=\"1000\" \/>\n\t<meta property=\"og:image:height\" content=\"665\" \/>\n\t<meta property=\"og:image:type\" content=\"image\/jpeg\" \/>\n<meta name=\"twitter:card\" content=\"summary_large_image\" \/>\n<meta name=\"twitter:label1\" content=\"Temps estimat de lectura\" \/>\n\t<meta name=\"twitter:data1\" content=\"1 minut\" \/>\n<script type=\"application\/ld+json\" class=\"yoast-schema-graph\">{\"@context\":\"https:\/\/schema.org\",\"@graph\":[{\"@type\":\"WebPage\",\"@id\":\"https:\/\/www.consigel.com\/ca\/producte\/tortilla-mini-de-queso-de-cabra\/\",\"url\":\"https:\/\/www.consigel.com\/ca\/producte\/tortilla-mini-de-queso-de-cabra\/\",\"name\":\"Truita mini de formatge de cabra - Consigel\",\"isPartOf\":{\"@id\":\"https:\/\/www.consigel.com\/ca\/#website\"},\"primaryImageOfPage\":{\"@id\":\"https:\/\/www.consigel.com\/ca\/producte\/tortilla-mini-de-queso-de-cabra\/#primaryimage\"},\"image\":{\"@id\":\"https:\/\/www.consigel.com\/ca\/producte\/tortilla-mini-de-queso-de-cabra\/#primaryimage\"},\"thumbnailUrl\":\"https:\/\/www.consigel.com\/wp-content\/uploads\/2024\/10\/tortilla-patata-la-cocina-de-senen.jpg\",\"datePublished\":\"2024-10-05T17:22:47+00:00\",\"dateModified\":\"2024-10-10T09:10:34+00:00\",\"breadcrumb\":{\"@id\":\"https:\/\/www.consigel.com\/ca\/producte\/tortilla-mini-de-queso-de-cabra\/#breadcrumb\"},\"inLanguage\":\"ca\",\"potentialAction\":[{\"@type\":\"ReadAction\",\"target\":[\"https:\/\/www.consigel.com\/ca\/producte\/tortilla-mini-de-queso-de-cabra\/\"]}]},{\"@type\":\"ImageObject\",\"inLanguage\":\"ca\",\"@id\":\"https:\/\/www.consigel.com\/ca\/producte\/tortilla-mini-de-queso-de-cabra\/#primaryimage\",\"url\":\"https:\/\/www.consigel.com\/wp-content\/uploads\/2024\/10\/tortilla-patata-la-cocina-de-senen.jpg\",\"contentUrl\":\"https:\/\/www.consigel.com\/wp-content\/uploads\/2024\/10\/tortilla-patata-la-cocina-de-senen.jpg\",\"width\":1000,\"height\":665},{\"@type\":\"BreadcrumbList\",\"@id\":\"https:\/\/www.consigel.com\/ca\/producte\/tortilla-mini-de-queso-de-cabra\/#breadcrumb\",\"itemListElement\":[{\"@type\":\"ListItem\",\"position\":1,\"name\":\"Portada\",\"item\":\"https:\/\/www.consigel.com\/ca\/\"},{\"@type\":\"ListItem\",\"position\":2,\"name\":\"Shop\",\"item\":\"https:\/\/www.consigel.com\/ca\/shop\/\"},{\"@type\":\"ListItem\",\"position\":3,\"name\":\"Truita mini de formatge de cabra\"}]},{\"@type\":\"WebSite\",\"@id\":\"https:\/\/www.consigel.com\/ca\/#website\",\"url\":\"https:\/\/www.consigel.com\/ca\/\",\"name\":\"Consigel\",\"description\":\"\",\"potentialAction\":[{\"@type\":\"SearchAction\",\"target\":{\"@type\":\"EntryPoint\",\"urlTemplate\":\"https:\/\/www.consigel.com\/ca\/?s={search_term_string}\"},\"query-input\":\"required name=search_term_string\"}],\"inLanguage\":\"ca\"}]}<\/script>\n<!-- \/ Yoast SEO plugin. -->","yoast_head_json":{"title":"Truita mini de formatge de cabra - Consigel","robots":{"index":"index","follow":"follow","max-snippet":"max-snippet:-1","max-image-preview":"max-image-preview:large","max-video-preview":"max-video-preview:-1"},"canonical":"https:\/\/www.consigel.com\/ca\/producte\/tortilla-mini-de-queso-de-cabra\/","og_locale":"ca_ES","og_type":"article","og_title":"Truita mini de formatge de cabra - Consigel","og_description":"Preparat de truita de patata farcida de formatge de cabra. Dona el teu toc i aconsegueix la cremositat i sucul\u00e8ncia desitjada. L&#8217;\u00fanica truita gourmet del mercat, Premi a la Millor Truita de Patata d&#8217;Espanya. Producte ultracongelat. Conservar a &lt; -18\u00baC. Descongelar en refrigeraci\u00f3 entre 0 i 4\u00baC. Un cop descongelat, consumir abans de 5 dies [...]","og_url":"https:\/\/www.consigel.com\/ca\/producte\/tortilla-mini-de-queso-de-cabra\/","og_site_name":"Consigel","article_modified_time":"2024-10-10T09:10:34+00:00","og_image":[{"width":1000,"height":665,"url":"https:\/\/www.consigel.com\/wp-content\/uploads\/2024\/10\/tortilla-patata-la-cocina-de-senen.jpg","type":"image\/jpeg"}],"twitter_card":"summary_large_image","twitter_misc":{"Temps estimat de lectura":"1 minut"},"schema":{"@context":"https:\/\/schema.org","@graph":[{"@type":"WebPage","@id":"https:\/\/www.consigel.com\/ca\/producte\/tortilla-mini-de-queso-de-cabra\/","url":"https:\/\/www.consigel.com\/ca\/producte\/tortilla-mini-de-queso-de-cabra\/","name":"Truita mini de formatge de cabra - Consigel","isPartOf":{"@id":"https:\/\/www.consigel.com\/ca\/#website"},"primaryImageOfPage":{"@id":"https:\/\/www.consigel.com\/ca\/producte\/tortilla-mini-de-queso-de-cabra\/#primaryimage"},"image":{"@id":"https:\/\/www.consigel.com\/ca\/producte\/tortilla-mini-de-queso-de-cabra\/#primaryimage"},"thumbnailUrl":"https:\/\/www.consigel.com\/wp-content\/uploads\/2024\/10\/tortilla-patata-la-cocina-de-senen.jpg","datePublished":"2024-10-05T17:22:47+00:00","dateModified":"2024-10-10T09:10:34+00:00","breadcrumb":{"@id":"https:\/\/www.consigel.com\/ca\/producte\/tortilla-mini-de-queso-de-cabra\/#breadcrumb"},"inLanguage":"ca","potentialAction":[{"@type":"ReadAction","target":["https:\/\/www.consigel.com\/ca\/producte\/tortilla-mini-de-queso-de-cabra\/"]}]},{"@type":"ImageObject","inLanguage":"ca","@id":"https:\/\/www.consigel.com\/ca\/producte\/tortilla-mini-de-queso-de-cabra\/#primaryimage","url":"https:\/\/www.consigel.com\/wp-content\/uploads\/2024\/10\/tortilla-patata-la-cocina-de-senen.jpg","contentUrl":"https:\/\/www.consigel.com\/wp-content\/uploads\/2024\/10\/tortilla-patata-la-cocina-de-senen.jpg","width":1000,"height":665},{"@type":"BreadcrumbList","@id":"https:\/\/www.consigel.com\/ca\/producte\/tortilla-mini-de-queso-de-cabra\/#breadcrumb","itemListElement":[{"@type":"ListItem","position":1,"name":"Portada","item":"https:\/\/www.consigel.com\/ca\/"},{"@type":"ListItem","position":2,"name":"Shop","item":"https:\/\/www.consigel.com\/ca\/shop\/"},{"@type":"ListItem","position":3,"name":"Truita mini de formatge de cabra"}]},{"@type":"WebSite","@id":"https:\/\/www.consigel.com\/ca\/#website","url":"https:\/\/www.consigel.com\/ca\/","name":"Consigel","description":"","potentialAction":[{"@type":"SearchAction","target":{"@type":"EntryPoint","urlTemplate":"https:\/\/www.consigel.com\/ca\/?s={search_term_string}"},"query-input":"required name=search_term_string"}],"inLanguage":"ca"}]}},"_links":{"self":[{"href":"https:\/\/www.consigel.com\/ca\/wp-json\/wp\/v2\/product\/4727","targetHints":{"allow":["GET"]}}],"collection":[{"href":"https:\/\/www.consigel.com\/ca\/wp-json\/wp\/v2\/product"}],"about":[{"href":"https:\/\/www.consigel.com\/ca\/wp-json\/wp\/v2\/types\/product"}],"replies":[{"embeddable":true,"href":"https:\/\/www.consigel.com\/ca\/wp-json\/wp\/v2\/comments?post=4727"}],"wp:featuredmedia":[{"embeddable":true,"href":"https:\/\/www.consigel.com\/ca\/wp-json\/wp\/v2\/media\/4726"}],"wp:attachment":[{"href":"https:\/\/www.consigel.com\/ca\/wp-json\/wp\/v2\/media?parent=4727"}],"wp:term":[{"taxonomy":"product_cat","embeddable":true,"href":"https:\/\/www.consigel.com\/ca\/wp-json\/wp\/v2\/product_cat?post=4727"},{"taxonomy":"product_tag","embeddable":true,"href":"https:\/\/www.consigel.com\/ca\/wp-json\/wp\/v2\/product_tag?post=4727"}],"curies":[{"name":"wp","href":"https:\/\/api.w.org\/{rel}","templated":true}]}}