{"id":4717,"date":"2024-09-30T12:55:40","date_gmt":"2024-09-30T12:55:40","guid":{"rendered":"https:\/\/www.consigel.com\/producte\/croqueta-chorizo-picante\/"},"modified":"2024-09-30T13:05:07","modified_gmt":"2024-09-30T13:05:07","slug":"croqueta-chorizo-picante","status":"publish","type":"product","link":"https:\/\/www.consigel.com\/ca\/producte\/croqueta-chorizo-picante\/","title":{"rendered":"Croqueta xori\u00e7o picant"},"content":{"rendered":"<p>Croqueta de xori\u00e7o picant elaborada seguint la recepta tradicional. Amb un exterior cruixent. La beixamel i els trossos de xori\u00e7o de l&#8217;interior li confereixen una textura melosa i un sabor extraordinari. Perfecta per servir com a tapa, guarnici\u00f3 o aperitiu. Com a consell, si no disposes de fregidora, una bona soluci\u00f3 \u00e9s utilitzar un cass\u00f3 amb oli pr\u00e8viament calentat suficient per cobrir les croquetes. Aix\u00ed evites danyar-les al no haver de girar-les. Abans de servir \u00e9s convenient deixar reposar uns minuts.<\/p>\n<p>FREGIDORA<\/p>\n<p>Fregir directament congelades, amb abundant oli net ben calent a 180 \u00baC. Tenir en compte que si es fregeixen moltes croquetes amb poc oli, l&#8217;oli es refreda i el resultat no ser\u00e0 \u00f2ptim. Tamb\u00e9 que entre fregida i fregida s&#8217;ha de deixar recuperar els 180 \u00baC per tornar a fregir correctament. \u00c9s aconsellable deixar reposar 2 min abans de servir.<\/p>\n<p>Caixa amb dues bosses de 1 kg.<\/p>\n<p>Pes 25 gr.<\/p>\n","protected":false},"excerpt":{"rendered":"<p>Croqueta de xori\u00e7o picant elaborada seguint la recepta tradicional. Amb un exterior cruixent. La beixamel i els trossos de xori\u00e7o de l&#8217;interior li confereixen una textura melosa i un sabor extraordinari. Perfecta per servir com a tapa, guarnici\u00f3 o aperitiu. Com a consell, si no disposes de fregidora, una bona soluci\u00f3 \u00e9s utilitzar un cass\u00f3 [&#8230;]\n","protected":false},"featured_media":4716,"comment_status":"open","ping_status":"closed","template":"","meta":[],"product_cat":[34,111,18,124],"product_tag":[],"class_list":{"0":"post-4717","1":"product","2":"type-product","3":"status-publish","4":"has-post-thumbnail","6":"product_cat-aperitius","7":"product_cat-fregidora","8":"product_cat-gastronomia","9":"product_cat-croquetes","11":"first","12":"instock","13":"shipping-taxable","14":"product-type-simple"},"yoast_head":"<!-- This site is optimized with the Yoast SEO plugin v23.3 - https:\/\/yoast.com\/wordpress\/plugins\/seo\/ -->\n<title>Croqueta xori\u00e7o picant - Consigel<\/title>\n<meta name=\"robots\" content=\"index, follow, max-snippet:-1, max-image-preview:large, max-video-preview:-1\" \/>\n<link rel=\"canonical\" href=\"https:\/\/www.consigel.com\/ca\/producte\/croqueta-chorizo-picante\/\" \/>\n<meta property=\"og:locale\" content=\"ca_ES\" \/>\n<meta property=\"og:type\" content=\"article\" \/>\n<meta property=\"og:title\" content=\"Croqueta xori\u00e7o picant - Consigel\" \/>\n<meta property=\"og:description\" content=\"Croqueta de xori\u00e7o picant elaborada seguint la recepta tradicional. Amb un exterior cruixent. La beixamel i els trossos de xori\u00e7o de l&#8217;interior li confereixen una textura melosa i un sabor extraordinari. Perfecta per servir com a tapa, guarnici\u00f3 o aperitiu. Com a consell, si no disposes de fregidora, una bona soluci\u00f3 \u00e9s utilitzar un cass\u00f3 [...]\" \/>\n<meta property=\"og:url\" content=\"https:\/\/www.consigel.com\/ca\/producte\/croqueta-chorizo-picante\/\" \/>\n<meta property=\"og:site_name\" content=\"Consigel\" \/>\n<meta property=\"article:modified_time\" content=\"2024-09-30T13:05:07+00:00\" \/>\n<meta property=\"og:image\" content=\"https:\/\/www.consigel.com\/wp-content\/uploads\/2024\/09\/croqueta-xoric-picant.jpg\" \/>\n\t<meta property=\"og:image:width\" content=\"360\" \/>\n\t<meta property=\"og:image:height\" content=\"270\" \/>\n\t<meta property=\"og:image:type\" content=\"image\/jpeg\" \/>\n<meta name=\"twitter:card\" content=\"summary_large_image\" \/>\n<meta name=\"twitter:label1\" content=\"Temps estimat de lectura\" \/>\n\t<meta name=\"twitter:data1\" content=\"1 minut\" \/>\n<script type=\"application\/ld+json\" class=\"yoast-schema-graph\">{\"@context\":\"https:\/\/schema.org\",\"@graph\":[{\"@type\":\"WebPage\",\"@id\":\"https:\/\/www.consigel.com\/ca\/producte\/croqueta-chorizo-picante\/\",\"url\":\"https:\/\/www.consigel.com\/ca\/producte\/croqueta-chorizo-picante\/\",\"name\":\"Croqueta xori\u00e7o picant - Consigel\",\"isPartOf\":{\"@id\":\"https:\/\/www.consigel.com\/ca\/#website\"},\"primaryImageOfPage\":{\"@id\":\"https:\/\/www.consigel.com\/ca\/producte\/croqueta-chorizo-picante\/#primaryimage\"},\"image\":{\"@id\":\"https:\/\/www.consigel.com\/ca\/producte\/croqueta-chorizo-picante\/#primaryimage\"},\"thumbnailUrl\":\"https:\/\/www.consigel.com\/wp-content\/uploads\/2024\/09\/croqueta-xoric-picant.jpg\",\"datePublished\":\"2024-09-30T12:55:40+00:00\",\"dateModified\":\"2024-09-30T13:05:07+00:00\",\"breadcrumb\":{\"@id\":\"https:\/\/www.consigel.com\/ca\/producte\/croqueta-chorizo-picante\/#breadcrumb\"},\"inLanguage\":\"ca\",\"potentialAction\":[{\"@type\":\"ReadAction\",\"target\":[\"https:\/\/www.consigel.com\/ca\/producte\/croqueta-chorizo-picante\/\"]}]},{\"@type\":\"ImageObject\",\"inLanguage\":\"ca\",\"@id\":\"https:\/\/www.consigel.com\/ca\/producte\/croqueta-chorizo-picante\/#primaryimage\",\"url\":\"https:\/\/www.consigel.com\/wp-content\/uploads\/2024\/09\/croqueta-xoric-picant.jpg\",\"contentUrl\":\"https:\/\/www.consigel.com\/wp-content\/uploads\/2024\/09\/croqueta-xoric-picant.jpg\",\"width\":360,\"height\":270},{\"@type\":\"BreadcrumbList\",\"@id\":\"https:\/\/www.consigel.com\/ca\/producte\/croqueta-chorizo-picante\/#breadcrumb\",\"itemListElement\":[{\"@type\":\"ListItem\",\"position\":1,\"name\":\"Portada\",\"item\":\"https:\/\/www.consigel.com\/ca\/\"},{\"@type\":\"ListItem\",\"position\":2,\"name\":\"Shop\",\"item\":\"https:\/\/www.consigel.com\/ca\/shop\/\"},{\"@type\":\"ListItem\",\"position\":3,\"name\":\"Croqueta xori\u00e7o picant\"}]},{\"@type\":\"WebSite\",\"@id\":\"https:\/\/www.consigel.com\/ca\/#website\",\"url\":\"https:\/\/www.consigel.com\/ca\/\",\"name\":\"Consigel\",\"description\":\"\",\"potentialAction\":[{\"@type\":\"SearchAction\",\"target\":{\"@type\":\"EntryPoint\",\"urlTemplate\":\"https:\/\/www.consigel.com\/ca\/?s={search_term_string}\"},\"query-input\":\"required name=search_term_string\"}],\"inLanguage\":\"ca\"}]}<\/script>\n<!-- \/ Yoast SEO plugin. -->","yoast_head_json":{"title":"Croqueta xori\u00e7o picant - Consigel","robots":{"index":"index","follow":"follow","max-snippet":"max-snippet:-1","max-image-preview":"max-image-preview:large","max-video-preview":"max-video-preview:-1"},"canonical":"https:\/\/www.consigel.com\/ca\/producte\/croqueta-chorizo-picante\/","og_locale":"ca_ES","og_type":"article","og_title":"Croqueta xori\u00e7o picant - Consigel","og_description":"Croqueta de xori\u00e7o picant elaborada seguint la recepta tradicional. Amb un exterior cruixent. La beixamel i els trossos de xori\u00e7o de l&#8217;interior li confereixen una textura melosa i un sabor extraordinari. Perfecta per servir com a tapa, guarnici\u00f3 o aperitiu. Com a consell, si no disposes de fregidora, una bona soluci\u00f3 \u00e9s utilitzar un cass\u00f3 [...]","og_url":"https:\/\/www.consigel.com\/ca\/producte\/croqueta-chorizo-picante\/","og_site_name":"Consigel","article_modified_time":"2024-09-30T13:05:07+00:00","og_image":[{"width":360,"height":270,"url":"https:\/\/www.consigel.com\/wp-content\/uploads\/2024\/09\/croqueta-xoric-picant.jpg","type":"image\/jpeg"}],"twitter_card":"summary_large_image","twitter_misc":{"Temps estimat de lectura":"1 minut"},"schema":{"@context":"https:\/\/schema.org","@graph":[{"@type":"WebPage","@id":"https:\/\/www.consigel.com\/ca\/producte\/croqueta-chorizo-picante\/","url":"https:\/\/www.consigel.com\/ca\/producte\/croqueta-chorizo-picante\/","name":"Croqueta xori\u00e7o picant - Consigel","isPartOf":{"@id":"https:\/\/www.consigel.com\/ca\/#website"},"primaryImageOfPage":{"@id":"https:\/\/www.consigel.com\/ca\/producte\/croqueta-chorizo-picante\/#primaryimage"},"image":{"@id":"https:\/\/www.consigel.com\/ca\/producte\/croqueta-chorizo-picante\/#primaryimage"},"thumbnailUrl":"https:\/\/www.consigel.com\/wp-content\/uploads\/2024\/09\/croqueta-xoric-picant.jpg","datePublished":"2024-09-30T12:55:40+00:00","dateModified":"2024-09-30T13:05:07+00:00","breadcrumb":{"@id":"https:\/\/www.consigel.com\/ca\/producte\/croqueta-chorizo-picante\/#breadcrumb"},"inLanguage":"ca","potentialAction":[{"@type":"ReadAction","target":["https:\/\/www.consigel.com\/ca\/producte\/croqueta-chorizo-picante\/"]}]},{"@type":"ImageObject","inLanguage":"ca","@id":"https:\/\/www.consigel.com\/ca\/producte\/croqueta-chorizo-picante\/#primaryimage","url":"https:\/\/www.consigel.com\/wp-content\/uploads\/2024\/09\/croqueta-xoric-picant.jpg","contentUrl":"https:\/\/www.consigel.com\/wp-content\/uploads\/2024\/09\/croqueta-xoric-picant.jpg","width":360,"height":270},{"@type":"BreadcrumbList","@id":"https:\/\/www.consigel.com\/ca\/producte\/croqueta-chorizo-picante\/#breadcrumb","itemListElement":[{"@type":"ListItem","position":1,"name":"Portada","item":"https:\/\/www.consigel.com\/ca\/"},{"@type":"ListItem","position":2,"name":"Shop","item":"https:\/\/www.consigel.com\/ca\/shop\/"},{"@type":"ListItem","position":3,"name":"Croqueta xori\u00e7o picant"}]},{"@type":"WebSite","@id":"https:\/\/www.consigel.com\/ca\/#website","url":"https:\/\/www.consigel.com\/ca\/","name":"Consigel","description":"","potentialAction":[{"@type":"SearchAction","target":{"@type":"EntryPoint","urlTemplate":"https:\/\/www.consigel.com\/ca\/?s={search_term_string}"},"query-input":"required name=search_term_string"}],"inLanguage":"ca"}]}},"_links":{"self":[{"href":"https:\/\/www.consigel.com\/ca\/wp-json\/wp\/v2\/product\/4717","targetHints":{"allow":["GET"]}}],"collection":[{"href":"https:\/\/www.consigel.com\/ca\/wp-json\/wp\/v2\/product"}],"about":[{"href":"https:\/\/www.consigel.com\/ca\/wp-json\/wp\/v2\/types\/product"}],"replies":[{"embeddable":true,"href":"https:\/\/www.consigel.com\/ca\/wp-json\/wp\/v2\/comments?post=4717"}],"wp:featuredmedia":[{"embeddable":true,"href":"https:\/\/www.consigel.com\/ca\/wp-json\/wp\/v2\/media\/4716"}],"wp:attachment":[{"href":"https:\/\/www.consigel.com\/ca\/wp-json\/wp\/v2\/media?parent=4717"}],"wp:term":[{"taxonomy":"product_cat","embeddable":true,"href":"https:\/\/www.consigel.com\/ca\/wp-json\/wp\/v2\/product_cat?post=4717"},{"taxonomy":"product_tag","embeddable":true,"href":"https:\/\/www.consigel.com\/ca\/wp-json\/wp\/v2\/product_tag?post=4717"}],"curies":[{"name":"wp","href":"https:\/\/api.w.org\/{rel}","templated":true}]}}