{"id":4691,"date":"2024-09-24T16:17:45","date_gmt":"2024-09-24T16:17:45","guid":{"rendered":"https:\/\/www.consigel.com\/producte\/patata-de-huevos-rotos-con-jamon\/"},"modified":"2024-09-24T16:22:42","modified_gmt":"2024-09-24T16:22:42","slug":"patata-de-huevos-rotos-con-jamon","status":"publish","type":"product","link":"https:\/\/www.consigel.com\/ca\/producte\/patata-de-huevos-rotos-con-jamon\/","title":{"rendered":"Patata d&#8217;ous estrellats i pernil"},"content":{"rendered":"<p>Una versi\u00f3 innovadora i deliciosa d&#8217;un plat cl\u00e0ssic. Portem aquesta recepta tradicional a un altre nivell, afegint el nostre toc especial per oferir-te una experi\u00e8ncia gastron\u00f2mica \u00fanica.<\/p>\n<p>FREGIDORA<\/p>\n<p>Fregir directament congelades durant 1,5 minuts, amb abundant oli net ben calent a 180 \u00baC. Tenir en compte que si es fregeixen moltes patates amb poc oli, l&#8217;oli es refreda i el resultat no ser\u00e0 \u00f2ptim. Tamb\u00e9 que entre fregida i fregida s&#8217;ha de deixar recuperar els 180\u00baC per tornar a fregir correctament. \u00c9s aconsellable deixar reposar 3 minuts abans de servir.<\/p>\n<p>Caixa amb 144 unitats.<\/p>\n","protected":false},"excerpt":{"rendered":"<p>Una versi\u00f3 innovadora i deliciosa d&#8217;un plat cl\u00e0ssic. Portem aquesta recepta tradicional a un altre nivell, afegint el nostre toc especial per oferir-te una experi\u00e8ncia gastron\u00f2mica \u00fanica. FREGIDORA Fregir directament congelades durant 1,5 minuts, amb abundant oli net ben calent a 180 \u00baC. Tenir en compte que si es fregeixen moltes patates amb poc oli, [&#8230;]\n","protected":false},"featured_media":4690,"comment_status":"open","ping_status":"closed","template":"","meta":[],"product_cat":[18],"product_tag":[],"class_list":{"0":"post-4691","1":"product","2":"type-product","3":"status-publish","4":"has-post-thumbnail","6":"product_cat-gastronomia","8":"first","9":"instock","10":"shipping-taxable","11":"product-type-simple"},"yoast_head":"<!-- This site is optimized with the Yoast SEO plugin v23.3 - https:\/\/yoast.com\/wordpress\/plugins\/seo\/ -->\n<title>Patata d&#039;ous estrellats i pernil - Consigel<\/title>\n<meta name=\"robots\" content=\"index, follow, max-snippet:-1, max-image-preview:large, max-video-preview:-1\" \/>\n<link rel=\"canonical\" href=\"https:\/\/www.consigel.com\/ca\/producte\/patata-de-huevos-rotos-con-jamon\/\" \/>\n<meta property=\"og:locale\" content=\"ca_ES\" \/>\n<meta property=\"og:type\" content=\"article\" \/>\n<meta property=\"og:title\" content=\"Patata d&#039;ous estrellats i pernil - Consigel\" \/>\n<meta property=\"og:description\" content=\"Una versi\u00f3 innovadora i deliciosa d&#8217;un plat cl\u00e0ssic. Portem aquesta recepta tradicional a un altre nivell, afegint el nostre toc especial per oferir-te una experi\u00e8ncia gastron\u00f2mica \u00fanica. FREGIDORA Fregir directament congelades durant 1,5 minuts, amb abundant oli net ben calent a 180 \u00baC. Tenir en compte que si es fregeixen moltes patates amb poc oli, [...]\" \/>\n<meta property=\"og:url\" content=\"https:\/\/www.consigel.com\/ca\/producte\/patata-de-huevos-rotos-con-jamon\/\" \/>\n<meta property=\"og:site_name\" content=\"Consigel\" \/>\n<meta property=\"article:modified_time\" content=\"2024-09-24T16:22:42+00:00\" \/>\n<meta property=\"og:image\" content=\"https:\/\/www.consigel.com\/wp-content\/uploads\/2024\/09\/patata-huevos-rotos.jpg\" \/>\n\t<meta property=\"og:image:width\" content=\"360\" \/>\n\t<meta property=\"og:image:height\" content=\"270\" \/>\n\t<meta property=\"og:image:type\" content=\"image\/jpeg\" \/>\n<meta name=\"twitter:card\" content=\"summary_large_image\" \/>\n<meta name=\"twitter:label1\" content=\"Temps estimat de lectura\" \/>\n\t<meta name=\"twitter:data1\" content=\"1 minut\" \/>\n<script type=\"application\/ld+json\" class=\"yoast-schema-graph\">{\"@context\":\"https:\/\/schema.org\",\"@graph\":[{\"@type\":\"WebPage\",\"@id\":\"https:\/\/www.consigel.com\/ca\/producte\/patata-de-huevos-rotos-con-jamon\/\",\"url\":\"https:\/\/www.consigel.com\/ca\/producte\/patata-de-huevos-rotos-con-jamon\/\",\"name\":\"Patata d'ous estrellats i pernil - Consigel\",\"isPartOf\":{\"@id\":\"https:\/\/www.consigel.com\/ca\/#website\"},\"primaryImageOfPage\":{\"@id\":\"https:\/\/www.consigel.com\/ca\/producte\/patata-de-huevos-rotos-con-jamon\/#primaryimage\"},\"image\":{\"@id\":\"https:\/\/www.consigel.com\/ca\/producte\/patata-de-huevos-rotos-con-jamon\/#primaryimage\"},\"thumbnailUrl\":\"https:\/\/www.consigel.com\/wp-content\/uploads\/2024\/09\/patata-huevos-rotos.jpg\",\"datePublished\":\"2024-09-24T16:17:45+00:00\",\"dateModified\":\"2024-09-24T16:22:42+00:00\",\"breadcrumb\":{\"@id\":\"https:\/\/www.consigel.com\/ca\/producte\/patata-de-huevos-rotos-con-jamon\/#breadcrumb\"},\"inLanguage\":\"ca\",\"potentialAction\":[{\"@type\":\"ReadAction\",\"target\":[\"https:\/\/www.consigel.com\/ca\/producte\/patata-de-huevos-rotos-con-jamon\/\"]}]},{\"@type\":\"ImageObject\",\"inLanguage\":\"ca\",\"@id\":\"https:\/\/www.consigel.com\/ca\/producte\/patata-de-huevos-rotos-con-jamon\/#primaryimage\",\"url\":\"https:\/\/www.consigel.com\/wp-content\/uploads\/2024\/09\/patata-huevos-rotos.jpg\",\"contentUrl\":\"https:\/\/www.consigel.com\/wp-content\/uploads\/2024\/09\/patata-huevos-rotos.jpg\",\"width\":360,\"height\":270},{\"@type\":\"BreadcrumbList\",\"@id\":\"https:\/\/www.consigel.com\/ca\/producte\/patata-de-huevos-rotos-con-jamon\/#breadcrumb\",\"itemListElement\":[{\"@type\":\"ListItem\",\"position\":1,\"name\":\"Portada\",\"item\":\"https:\/\/www.consigel.com\/ca\/\"},{\"@type\":\"ListItem\",\"position\":2,\"name\":\"Shop\",\"item\":\"https:\/\/www.consigel.com\/ca\/shop\/\"},{\"@type\":\"ListItem\",\"position\":3,\"name\":\"Patata d&#8217;ous estrellats i pernil\"}]},{\"@type\":\"WebSite\",\"@id\":\"https:\/\/www.consigel.com\/ca\/#website\",\"url\":\"https:\/\/www.consigel.com\/ca\/\",\"name\":\"Consigel\",\"description\":\"\",\"potentialAction\":[{\"@type\":\"SearchAction\",\"target\":{\"@type\":\"EntryPoint\",\"urlTemplate\":\"https:\/\/www.consigel.com\/ca\/?s={search_term_string}\"},\"query-input\":\"required name=search_term_string\"}],\"inLanguage\":\"ca\"}]}<\/script>\n<!-- \/ Yoast SEO plugin. -->","yoast_head_json":{"title":"Patata d'ous estrellats i pernil - Consigel","robots":{"index":"index","follow":"follow","max-snippet":"max-snippet:-1","max-image-preview":"max-image-preview:large","max-video-preview":"max-video-preview:-1"},"canonical":"https:\/\/www.consigel.com\/ca\/producte\/patata-de-huevos-rotos-con-jamon\/","og_locale":"ca_ES","og_type":"article","og_title":"Patata d'ous estrellats i pernil - Consigel","og_description":"Una versi\u00f3 innovadora i deliciosa d&#8217;un plat cl\u00e0ssic. Portem aquesta recepta tradicional a un altre nivell, afegint el nostre toc especial per oferir-te una experi\u00e8ncia gastron\u00f2mica \u00fanica. FREGIDORA Fregir directament congelades durant 1,5 minuts, amb abundant oli net ben calent a 180 \u00baC. Tenir en compte que si es fregeixen moltes patates amb poc oli, [...]","og_url":"https:\/\/www.consigel.com\/ca\/producte\/patata-de-huevos-rotos-con-jamon\/","og_site_name":"Consigel","article_modified_time":"2024-09-24T16:22:42+00:00","og_image":[{"width":360,"height":270,"url":"https:\/\/www.consigel.com\/wp-content\/uploads\/2024\/09\/patata-huevos-rotos.jpg","type":"image\/jpeg"}],"twitter_card":"summary_large_image","twitter_misc":{"Temps estimat de lectura":"1 minut"},"schema":{"@context":"https:\/\/schema.org","@graph":[{"@type":"WebPage","@id":"https:\/\/www.consigel.com\/ca\/producte\/patata-de-huevos-rotos-con-jamon\/","url":"https:\/\/www.consigel.com\/ca\/producte\/patata-de-huevos-rotos-con-jamon\/","name":"Patata d'ous estrellats i pernil - Consigel","isPartOf":{"@id":"https:\/\/www.consigel.com\/ca\/#website"},"primaryImageOfPage":{"@id":"https:\/\/www.consigel.com\/ca\/producte\/patata-de-huevos-rotos-con-jamon\/#primaryimage"},"image":{"@id":"https:\/\/www.consigel.com\/ca\/producte\/patata-de-huevos-rotos-con-jamon\/#primaryimage"},"thumbnailUrl":"https:\/\/www.consigel.com\/wp-content\/uploads\/2024\/09\/patata-huevos-rotos.jpg","datePublished":"2024-09-24T16:17:45+00:00","dateModified":"2024-09-24T16:22:42+00:00","breadcrumb":{"@id":"https:\/\/www.consigel.com\/ca\/producte\/patata-de-huevos-rotos-con-jamon\/#breadcrumb"},"inLanguage":"ca","potentialAction":[{"@type":"ReadAction","target":["https:\/\/www.consigel.com\/ca\/producte\/patata-de-huevos-rotos-con-jamon\/"]}]},{"@type":"ImageObject","inLanguage":"ca","@id":"https:\/\/www.consigel.com\/ca\/producte\/patata-de-huevos-rotos-con-jamon\/#primaryimage","url":"https:\/\/www.consigel.com\/wp-content\/uploads\/2024\/09\/patata-huevos-rotos.jpg","contentUrl":"https:\/\/www.consigel.com\/wp-content\/uploads\/2024\/09\/patata-huevos-rotos.jpg","width":360,"height":270},{"@type":"BreadcrumbList","@id":"https:\/\/www.consigel.com\/ca\/producte\/patata-de-huevos-rotos-con-jamon\/#breadcrumb","itemListElement":[{"@type":"ListItem","position":1,"name":"Portada","item":"https:\/\/www.consigel.com\/ca\/"},{"@type":"ListItem","position":2,"name":"Shop","item":"https:\/\/www.consigel.com\/ca\/shop\/"},{"@type":"ListItem","position":3,"name":"Patata d&#8217;ous estrellats i pernil"}]},{"@type":"WebSite","@id":"https:\/\/www.consigel.com\/ca\/#website","url":"https:\/\/www.consigel.com\/ca\/","name":"Consigel","description":"","potentialAction":[{"@type":"SearchAction","target":{"@type":"EntryPoint","urlTemplate":"https:\/\/www.consigel.com\/ca\/?s={search_term_string}"},"query-input":"required name=search_term_string"}],"inLanguage":"ca"}]}},"_links":{"self":[{"href":"https:\/\/www.consigel.com\/ca\/wp-json\/wp\/v2\/product\/4691","targetHints":{"allow":["GET"]}}],"collection":[{"href":"https:\/\/www.consigel.com\/ca\/wp-json\/wp\/v2\/product"}],"about":[{"href":"https:\/\/www.consigel.com\/ca\/wp-json\/wp\/v2\/types\/product"}],"replies":[{"embeddable":true,"href":"https:\/\/www.consigel.com\/ca\/wp-json\/wp\/v2\/comments?post=4691"}],"wp:featuredmedia":[{"embeddable":true,"href":"https:\/\/www.consigel.com\/ca\/wp-json\/wp\/v2\/media\/4690"}],"wp:attachment":[{"href":"https:\/\/www.consigel.com\/ca\/wp-json\/wp\/v2\/media?parent=4691"}],"wp:term":[{"taxonomy":"product_cat","embeddable":true,"href":"https:\/\/www.consigel.com\/ca\/wp-json\/wp\/v2\/product_cat?post=4691"},{"taxonomy":"product_tag","embeddable":true,"href":"https:\/\/www.consigel.com\/ca\/wp-json\/wp\/v2\/product_tag?post=4691"}],"curies":[{"name":"wp","href":"https:\/\/api.w.org\/{rel}","templated":true}]}}