{"id":4680,"date":"2024-09-24T15:52:44","date_gmt":"2024-09-24T15:52:44","guid":{"rendered":"https:\/\/www.consigel.com\/producte\/patata-brava\/"},"modified":"2024-09-24T15:58:13","modified_gmt":"2024-09-24T15:58:13","slug":"patata-brava","status":"publish","type":"product","link":"https:\/\/www.consigel.com\/ca\/producte\/patata-brava\/","title":{"rendered":"Patata brava"},"content":{"rendered":"<p>A Exquisitarium hem reinventat el concepte de patates braves, amb la nostra salsa brava feta amb una salsa de tom\u00e0quet casol\u00e0 picant i maionesa, una tapa tradicional de la nostra gastronomia per\u00f2 que podr\u00e0s degustar en un altre format, ideal per a tapes o per acompanyar carn. Amb el mateix format tenim la varietat de mojo pic\u00f3n.<\/p>\n<p>FREGIDORA<\/p>\n<p>Fregir directament congelades, amb abundant oli net ben calent a 180 \u00baC fins que el centre arribi als 74\u00baC. Tenir en compte que si es fregeixen moltes patates amb poc oli, l&#8217;oli es refreda i el resultat no ser\u00e0 \u00f2ptim. Tamb\u00e9 que entre fregida i fregida s&#8217;ha de deixar recuperar els 180\u00baC per tornar a fregir correctament. \u00c9s aconsellable deixar reposar 2 minuts abans de servir.<\/p>\n<p>Caixa amb 150 unitats.<\/p>\n","protected":false},"excerpt":{"rendered":"<p>A Exquisitarium hem reinventat el concepte de patates braves, amb la nostra salsa brava feta amb una salsa de tom\u00e0quet casol\u00e0 picant i maionesa, una tapa tradicional de la nostra gastronomia per\u00f2 que podr\u00e0s degustar en un altre format, ideal per a tapes o per acompanyar carn. Amb el mateix format tenim la varietat de [&#8230;]\n","protected":false},"featured_media":4679,"comment_status":"open","ping_status":"closed","template":"","meta":[],"product_cat":[311,34,111,18],"product_tag":[],"class_list":{"0":"post-4680","1":"product","2":"type-product","3":"status-publish","4":"has-post-thumbnail","6":"product_cat-productes-sense-gluten","7":"product_cat-aperitius","8":"product_cat-fregidora","9":"product_cat-gastronomia","11":"first","12":"instock","13":"shipping-taxable","14":"product-type-simple"},"yoast_head":"<!-- This site is optimized with the Yoast SEO plugin v23.3 - https:\/\/yoast.com\/wordpress\/plugins\/seo\/ -->\n<title>Patata brava - Consigel<\/title>\n<meta name=\"robots\" content=\"index, follow, max-snippet:-1, max-image-preview:large, max-video-preview:-1\" \/>\n<link rel=\"canonical\" href=\"https:\/\/www.consigel.com\/ca\/producte\/patata-brava\/\" \/>\n<meta property=\"og:locale\" content=\"ca_ES\" \/>\n<meta property=\"og:type\" content=\"article\" \/>\n<meta property=\"og:title\" content=\"Patata brava - Consigel\" \/>\n<meta property=\"og:description\" content=\"A Exquisitarium hem reinventat el concepte de patates braves, amb la nostra salsa brava feta amb una salsa de tom\u00e0quet casol\u00e0 picant i maionesa, una tapa tradicional de la nostra gastronomia per\u00f2 que podr\u00e0s degustar en un altre format, ideal per a tapes o per acompanyar carn. Amb el mateix format tenim la varietat de [...]\" \/>\n<meta property=\"og:url\" content=\"https:\/\/www.consigel.com\/ca\/producte\/patata-brava\/\" \/>\n<meta property=\"og:site_name\" content=\"Consigel\" \/>\n<meta property=\"article:modified_time\" content=\"2024-09-24T15:58:13+00:00\" \/>\n<meta property=\"og:image\" content=\"https:\/\/www.consigel.com\/wp-content\/uploads\/2024\/09\/patat-brava-exq.jpg\" \/>\n\t<meta property=\"og:image:width\" content=\"360\" \/>\n\t<meta property=\"og:image:height\" content=\"270\" \/>\n\t<meta property=\"og:image:type\" content=\"image\/jpeg\" \/>\n<meta name=\"twitter:card\" content=\"summary_large_image\" \/>\n<meta name=\"twitter:label1\" content=\"Temps estimat de lectura\" \/>\n\t<meta name=\"twitter:data1\" content=\"1 minut\" \/>\n<script type=\"application\/ld+json\" class=\"yoast-schema-graph\">{\"@context\":\"https:\/\/schema.org\",\"@graph\":[{\"@type\":\"WebPage\",\"@id\":\"https:\/\/www.consigel.com\/ca\/producte\/patata-brava\/\",\"url\":\"https:\/\/www.consigel.com\/ca\/producte\/patata-brava\/\",\"name\":\"Patata brava - Consigel\",\"isPartOf\":{\"@id\":\"https:\/\/www.consigel.com\/ca\/#website\"},\"primaryImageOfPage\":{\"@id\":\"https:\/\/www.consigel.com\/ca\/producte\/patata-brava\/#primaryimage\"},\"image\":{\"@id\":\"https:\/\/www.consigel.com\/ca\/producte\/patata-brava\/#primaryimage\"},\"thumbnailUrl\":\"https:\/\/www.consigel.com\/wp-content\/uploads\/2024\/09\/patat-brava-exq.jpg\",\"datePublished\":\"2024-09-24T15:52:44+00:00\",\"dateModified\":\"2024-09-24T15:58:13+00:00\",\"breadcrumb\":{\"@id\":\"https:\/\/www.consigel.com\/ca\/producte\/patata-brava\/#breadcrumb\"},\"inLanguage\":\"ca\",\"potentialAction\":[{\"@type\":\"ReadAction\",\"target\":[\"https:\/\/www.consigel.com\/ca\/producte\/patata-brava\/\"]}]},{\"@type\":\"ImageObject\",\"inLanguage\":\"ca\",\"@id\":\"https:\/\/www.consigel.com\/ca\/producte\/patata-brava\/#primaryimage\",\"url\":\"https:\/\/www.consigel.com\/wp-content\/uploads\/2024\/09\/patat-brava-exq.jpg\",\"contentUrl\":\"https:\/\/www.consigel.com\/wp-content\/uploads\/2024\/09\/patat-brava-exq.jpg\",\"width\":360,\"height\":270},{\"@type\":\"BreadcrumbList\",\"@id\":\"https:\/\/www.consigel.com\/ca\/producte\/patata-brava\/#breadcrumb\",\"itemListElement\":[{\"@type\":\"ListItem\",\"position\":1,\"name\":\"Portada\",\"item\":\"https:\/\/www.consigel.com\/ca\/\"},{\"@type\":\"ListItem\",\"position\":2,\"name\":\"Shop\",\"item\":\"https:\/\/www.consigel.com\/ca\/shop\/\"},{\"@type\":\"ListItem\",\"position\":3,\"name\":\"Patata brava\"}]},{\"@type\":\"WebSite\",\"@id\":\"https:\/\/www.consigel.com\/ca\/#website\",\"url\":\"https:\/\/www.consigel.com\/ca\/\",\"name\":\"Consigel\",\"description\":\"\",\"potentialAction\":[{\"@type\":\"SearchAction\",\"target\":{\"@type\":\"EntryPoint\",\"urlTemplate\":\"https:\/\/www.consigel.com\/ca\/?s={search_term_string}\"},\"query-input\":\"required name=search_term_string\"}],\"inLanguage\":\"ca\"}]}<\/script>\n<!-- \/ Yoast SEO plugin. -->","yoast_head_json":{"title":"Patata brava - Consigel","robots":{"index":"index","follow":"follow","max-snippet":"max-snippet:-1","max-image-preview":"max-image-preview:large","max-video-preview":"max-video-preview:-1"},"canonical":"https:\/\/www.consigel.com\/ca\/producte\/patata-brava\/","og_locale":"ca_ES","og_type":"article","og_title":"Patata brava - Consigel","og_description":"A Exquisitarium hem reinventat el concepte de patates braves, amb la nostra salsa brava feta amb una salsa de tom\u00e0quet casol\u00e0 picant i maionesa, una tapa tradicional de la nostra gastronomia per\u00f2 que podr\u00e0s degustar en un altre format, ideal per a tapes o per acompanyar carn. Amb el mateix format tenim la varietat de [...]","og_url":"https:\/\/www.consigel.com\/ca\/producte\/patata-brava\/","og_site_name":"Consigel","article_modified_time":"2024-09-24T15:58:13+00:00","og_image":[{"width":360,"height":270,"url":"https:\/\/www.consigel.com\/wp-content\/uploads\/2024\/09\/patat-brava-exq.jpg","type":"image\/jpeg"}],"twitter_card":"summary_large_image","twitter_misc":{"Temps estimat de lectura":"1 minut"},"schema":{"@context":"https:\/\/schema.org","@graph":[{"@type":"WebPage","@id":"https:\/\/www.consigel.com\/ca\/producte\/patata-brava\/","url":"https:\/\/www.consigel.com\/ca\/producte\/patata-brava\/","name":"Patata brava - Consigel","isPartOf":{"@id":"https:\/\/www.consigel.com\/ca\/#website"},"primaryImageOfPage":{"@id":"https:\/\/www.consigel.com\/ca\/producte\/patata-brava\/#primaryimage"},"image":{"@id":"https:\/\/www.consigel.com\/ca\/producte\/patata-brava\/#primaryimage"},"thumbnailUrl":"https:\/\/www.consigel.com\/wp-content\/uploads\/2024\/09\/patat-brava-exq.jpg","datePublished":"2024-09-24T15:52:44+00:00","dateModified":"2024-09-24T15:58:13+00:00","breadcrumb":{"@id":"https:\/\/www.consigel.com\/ca\/producte\/patata-brava\/#breadcrumb"},"inLanguage":"ca","potentialAction":[{"@type":"ReadAction","target":["https:\/\/www.consigel.com\/ca\/producte\/patata-brava\/"]}]},{"@type":"ImageObject","inLanguage":"ca","@id":"https:\/\/www.consigel.com\/ca\/producte\/patata-brava\/#primaryimage","url":"https:\/\/www.consigel.com\/wp-content\/uploads\/2024\/09\/patat-brava-exq.jpg","contentUrl":"https:\/\/www.consigel.com\/wp-content\/uploads\/2024\/09\/patat-brava-exq.jpg","width":360,"height":270},{"@type":"BreadcrumbList","@id":"https:\/\/www.consigel.com\/ca\/producte\/patata-brava\/#breadcrumb","itemListElement":[{"@type":"ListItem","position":1,"name":"Portada","item":"https:\/\/www.consigel.com\/ca\/"},{"@type":"ListItem","position":2,"name":"Shop","item":"https:\/\/www.consigel.com\/ca\/shop\/"},{"@type":"ListItem","position":3,"name":"Patata brava"}]},{"@type":"WebSite","@id":"https:\/\/www.consigel.com\/ca\/#website","url":"https:\/\/www.consigel.com\/ca\/","name":"Consigel","description":"","potentialAction":[{"@type":"SearchAction","target":{"@type":"EntryPoint","urlTemplate":"https:\/\/www.consigel.com\/ca\/?s={search_term_string}"},"query-input":"required name=search_term_string"}],"inLanguage":"ca"}]}},"_links":{"self":[{"href":"https:\/\/www.consigel.com\/ca\/wp-json\/wp\/v2\/product\/4680","targetHints":{"allow":["GET"]}}],"collection":[{"href":"https:\/\/www.consigel.com\/ca\/wp-json\/wp\/v2\/product"}],"about":[{"href":"https:\/\/www.consigel.com\/ca\/wp-json\/wp\/v2\/types\/product"}],"replies":[{"embeddable":true,"href":"https:\/\/www.consigel.com\/ca\/wp-json\/wp\/v2\/comments?post=4680"}],"wp:featuredmedia":[{"embeddable":true,"href":"https:\/\/www.consigel.com\/ca\/wp-json\/wp\/v2\/media\/4679"}],"wp:attachment":[{"href":"https:\/\/www.consigel.com\/ca\/wp-json\/wp\/v2\/media?parent=4680"}],"wp:term":[{"taxonomy":"product_cat","embeddable":true,"href":"https:\/\/www.consigel.com\/ca\/wp-json\/wp\/v2\/product_cat?post=4680"},{"taxonomy":"product_tag","embeddable":true,"href":"https:\/\/www.consigel.com\/ca\/wp-json\/wp\/v2\/product_tag?post=4680"}],"curies":[{"name":"wp","href":"https:\/\/api.w.org\/{rel}","templated":true}]}}