{"id":4643,"date":"2024-09-24T09:54:52","date_gmt":"2024-09-24T09:54:52","guid":{"rendered":"https:\/\/www.consigel.com\/producte\/macaron-de-idiazabal\/"},"modified":"2024-09-24T09:58:05","modified_gmt":"2024-09-24T09:58:05","slug":"macaron-de-idiazabal","status":"publish","type":"product","link":"https:\/\/www.consigel.com\/ca\/producte\/macaron-de-idiazabal\/","title":{"rendered":"Macaron d\u00b4Idiaz\u00e1bal"},"content":{"rendered":"<div class=\"qodef-woo-single-inner\">\n<div class=\"qodef-woo-single-image\">\n<div class=\"woocommerce-product-gallery woocommerce-product-gallery--with-images woocommerce-product-gallery--columns-4 images qodef-position--below\" data-columns=\"4\">\n<div class=\"woocommerce-product-gallery__wrapper\"><\/div>\n<\/div>\n<\/div>\n<\/div>\n<div class=\"woocommerce-tabs wc-tabs-wrapper\">\n<div id=\"tab-description\" class=\"woocommerce-Tabs-panel woocommerce-Tabs-panel--description panel entry-content wc-tab\" role=\"tabpanel\" aria-labelledby=\"tab-title-description\">\n<p>Inspirat en el tradicional macaron dol\u00e7 d&#8217;origen franc\u00e8s. Exquisitarium ha desenvolupat aquest format amb un farcit salat. La combinaci\u00f3 del formatge idiaz\u00e1bal amb el dol\u00e7 aconsegueix una combinaci\u00f3 molt encertada i equilibrada, fusionant-se els dos sabors a la perfecci\u00f3.<\/p>\n<p>DESCONGELAR<\/p>\n<p>Descongelar fora del seu env\u00e0s (oblea) uns 15 minuts abans de servir. El descongelat en exc\u00e9s pot humitejar el macaron.<\/p>\n<p>Caixa amb 144 unitats.<\/p>\n<\/div>\n<\/div>\n","protected":false},"excerpt":{"rendered":"<p>Inspirat en el tradicional macaron dol\u00e7 d&#8217;origen franc\u00e8s. Exquisitarium ha desenvolupat aquest format amb un farcit salat. La combinaci\u00f3 del formatge idiaz\u00e1bal amb el dol\u00e7 aconsegueix una combinaci\u00f3 molt encertada i equilibrada, fusionant-se els dos sabors a la perfecci\u00f3. DESCONGELAR Descongelar fora del seu env\u00e0s (oblea) uns 15 minuts abans de servir. El descongelat en [&#8230;]\n","protected":false},"featured_media":4642,"comment_status":"open","ping_status":"closed","template":"","meta":[],"product_cat":[296,34,18],"product_tag":[],"class_list":{"0":"post-4643","1":"product","2":"type-product","3":"status-publish","4":"has-post-thumbnail","6":"product_cat-descongelar","7":"product_cat-aperitius","8":"product_cat-gastronomia","10":"first","11":"instock","12":"shipping-taxable","13":"product-type-simple"},"yoast_head":"<!-- This site is optimized with the Yoast SEO plugin v23.3 - https:\/\/yoast.com\/wordpress\/plugins\/seo\/ -->\n<title>Macaron d\u00b4Idiaz\u00e1bal - Consigel<\/title>\n<meta name=\"robots\" content=\"index, follow, max-snippet:-1, max-image-preview:large, max-video-preview:-1\" \/>\n<link rel=\"canonical\" href=\"https:\/\/www.consigel.com\/ca\/producte\/macaron-de-idiazabal\/\" \/>\n<meta property=\"og:locale\" content=\"ca_ES\" \/>\n<meta property=\"og:type\" content=\"article\" \/>\n<meta property=\"og:title\" content=\"Macaron d\u00b4Idiaz\u00e1bal - Consigel\" \/>\n<meta property=\"og:description\" content=\"Inspirat en el tradicional macaron dol\u00e7 d&#8217;origen franc\u00e8s. Exquisitarium ha desenvolupat aquest format amb un farcit salat. La combinaci\u00f3 del formatge idiaz\u00e1bal amb el dol\u00e7 aconsegueix una combinaci\u00f3 molt encertada i equilibrada, fusionant-se els dos sabors a la perfecci\u00f3. DESCONGELAR Descongelar fora del seu env\u00e0s (oblea) uns 15 minuts abans de servir. El descongelat en [...]\" \/>\n<meta property=\"og:url\" content=\"https:\/\/www.consigel.com\/ca\/producte\/macaron-de-idiazabal\/\" \/>\n<meta property=\"og:site_name\" content=\"Consigel\" \/>\n<meta property=\"article:modified_time\" content=\"2024-09-24T09:58:05+00:00\" \/>\n<meta property=\"og:image\" content=\"https:\/\/www.consigel.com\/wp-content\/uploads\/2024\/09\/macaron-idiazabal-1.png\" \/>\n\t<meta property=\"og:image:width\" content=\"339\" \/>\n\t<meta property=\"og:image:height\" content=\"227\" \/>\n\t<meta property=\"og:image:type\" content=\"image\/png\" \/>\n<meta name=\"twitter:card\" content=\"summary_large_image\" \/>\n<meta name=\"twitter:label1\" content=\"Temps estimat de lectura\" \/>\n\t<meta name=\"twitter:data1\" content=\"1 minut\" \/>\n<script type=\"application\/ld+json\" class=\"yoast-schema-graph\">{\"@context\":\"https:\/\/schema.org\",\"@graph\":[{\"@type\":\"WebPage\",\"@id\":\"https:\/\/www.consigel.com\/ca\/producte\/macaron-de-idiazabal\/\",\"url\":\"https:\/\/www.consigel.com\/ca\/producte\/macaron-de-idiazabal\/\",\"name\":\"Macaron d\u00b4Idiaz\u00e1bal - Consigel\",\"isPartOf\":{\"@id\":\"https:\/\/www.consigel.com\/ca\/#website\"},\"primaryImageOfPage\":{\"@id\":\"https:\/\/www.consigel.com\/ca\/producte\/macaron-de-idiazabal\/#primaryimage\"},\"image\":{\"@id\":\"https:\/\/www.consigel.com\/ca\/producte\/macaron-de-idiazabal\/#primaryimage\"},\"thumbnailUrl\":\"https:\/\/www.consigel.com\/wp-content\/uploads\/2024\/09\/macaron-idiazabal-1.png\",\"datePublished\":\"2024-09-24T09:54:52+00:00\",\"dateModified\":\"2024-09-24T09:58:05+00:00\",\"breadcrumb\":{\"@id\":\"https:\/\/www.consigel.com\/ca\/producte\/macaron-de-idiazabal\/#breadcrumb\"},\"inLanguage\":\"ca\",\"potentialAction\":[{\"@type\":\"ReadAction\",\"target\":[\"https:\/\/www.consigel.com\/ca\/producte\/macaron-de-idiazabal\/\"]}]},{\"@type\":\"ImageObject\",\"inLanguage\":\"ca\",\"@id\":\"https:\/\/www.consigel.com\/ca\/producte\/macaron-de-idiazabal\/#primaryimage\",\"url\":\"https:\/\/www.consigel.com\/wp-content\/uploads\/2024\/09\/macaron-idiazabal-1.png\",\"contentUrl\":\"https:\/\/www.consigel.com\/wp-content\/uploads\/2024\/09\/macaron-idiazabal-1.png\",\"width\":339,\"height\":227},{\"@type\":\"BreadcrumbList\",\"@id\":\"https:\/\/www.consigel.com\/ca\/producte\/macaron-de-idiazabal\/#breadcrumb\",\"itemListElement\":[{\"@type\":\"ListItem\",\"position\":1,\"name\":\"Portada\",\"item\":\"https:\/\/www.consigel.com\/ca\/\"},{\"@type\":\"ListItem\",\"position\":2,\"name\":\"Shop\",\"item\":\"https:\/\/www.consigel.com\/ca\/shop\/\"},{\"@type\":\"ListItem\",\"position\":3,\"name\":\"Macaron d\u00b4Idiaz\u00e1bal\"}]},{\"@type\":\"WebSite\",\"@id\":\"https:\/\/www.consigel.com\/ca\/#website\",\"url\":\"https:\/\/www.consigel.com\/ca\/\",\"name\":\"Consigel\",\"description\":\"\",\"potentialAction\":[{\"@type\":\"SearchAction\",\"target\":{\"@type\":\"EntryPoint\",\"urlTemplate\":\"https:\/\/www.consigel.com\/ca\/?s={search_term_string}\"},\"query-input\":\"required name=search_term_string\"}],\"inLanguage\":\"ca\"}]}<\/script>\n<!-- \/ Yoast SEO plugin. -->","yoast_head_json":{"title":"Macaron d\u00b4Idiaz\u00e1bal - Consigel","robots":{"index":"index","follow":"follow","max-snippet":"max-snippet:-1","max-image-preview":"max-image-preview:large","max-video-preview":"max-video-preview:-1"},"canonical":"https:\/\/www.consigel.com\/ca\/producte\/macaron-de-idiazabal\/","og_locale":"ca_ES","og_type":"article","og_title":"Macaron d\u00b4Idiaz\u00e1bal - Consigel","og_description":"Inspirat en el tradicional macaron dol\u00e7 d&#8217;origen franc\u00e8s. Exquisitarium ha desenvolupat aquest format amb un farcit salat. La combinaci\u00f3 del formatge idiaz\u00e1bal amb el dol\u00e7 aconsegueix una combinaci\u00f3 molt encertada i equilibrada, fusionant-se els dos sabors a la perfecci\u00f3. DESCONGELAR Descongelar fora del seu env\u00e0s (oblea) uns 15 minuts abans de servir. El descongelat en [...]","og_url":"https:\/\/www.consigel.com\/ca\/producte\/macaron-de-idiazabal\/","og_site_name":"Consigel","article_modified_time":"2024-09-24T09:58:05+00:00","og_image":[{"width":339,"height":227,"url":"https:\/\/www.consigel.com\/wp-content\/uploads\/2024\/09\/macaron-idiazabal-1.png","type":"image\/png"}],"twitter_card":"summary_large_image","twitter_misc":{"Temps estimat de lectura":"1 minut"},"schema":{"@context":"https:\/\/schema.org","@graph":[{"@type":"WebPage","@id":"https:\/\/www.consigel.com\/ca\/producte\/macaron-de-idiazabal\/","url":"https:\/\/www.consigel.com\/ca\/producte\/macaron-de-idiazabal\/","name":"Macaron d\u00b4Idiaz\u00e1bal - Consigel","isPartOf":{"@id":"https:\/\/www.consigel.com\/ca\/#website"},"primaryImageOfPage":{"@id":"https:\/\/www.consigel.com\/ca\/producte\/macaron-de-idiazabal\/#primaryimage"},"image":{"@id":"https:\/\/www.consigel.com\/ca\/producte\/macaron-de-idiazabal\/#primaryimage"},"thumbnailUrl":"https:\/\/www.consigel.com\/wp-content\/uploads\/2024\/09\/macaron-idiazabal-1.png","datePublished":"2024-09-24T09:54:52+00:00","dateModified":"2024-09-24T09:58:05+00:00","breadcrumb":{"@id":"https:\/\/www.consigel.com\/ca\/producte\/macaron-de-idiazabal\/#breadcrumb"},"inLanguage":"ca","potentialAction":[{"@type":"ReadAction","target":["https:\/\/www.consigel.com\/ca\/producte\/macaron-de-idiazabal\/"]}]},{"@type":"ImageObject","inLanguage":"ca","@id":"https:\/\/www.consigel.com\/ca\/producte\/macaron-de-idiazabal\/#primaryimage","url":"https:\/\/www.consigel.com\/wp-content\/uploads\/2024\/09\/macaron-idiazabal-1.png","contentUrl":"https:\/\/www.consigel.com\/wp-content\/uploads\/2024\/09\/macaron-idiazabal-1.png","width":339,"height":227},{"@type":"BreadcrumbList","@id":"https:\/\/www.consigel.com\/ca\/producte\/macaron-de-idiazabal\/#breadcrumb","itemListElement":[{"@type":"ListItem","position":1,"name":"Portada","item":"https:\/\/www.consigel.com\/ca\/"},{"@type":"ListItem","position":2,"name":"Shop","item":"https:\/\/www.consigel.com\/ca\/shop\/"},{"@type":"ListItem","position":3,"name":"Macaron d\u00b4Idiaz\u00e1bal"}]},{"@type":"WebSite","@id":"https:\/\/www.consigel.com\/ca\/#website","url":"https:\/\/www.consigel.com\/ca\/","name":"Consigel","description":"","potentialAction":[{"@type":"SearchAction","target":{"@type":"EntryPoint","urlTemplate":"https:\/\/www.consigel.com\/ca\/?s={search_term_string}"},"query-input":"required name=search_term_string"}],"inLanguage":"ca"}]}},"_links":{"self":[{"href":"https:\/\/www.consigel.com\/ca\/wp-json\/wp\/v2\/product\/4643","targetHints":{"allow":["GET"]}}],"collection":[{"href":"https:\/\/www.consigel.com\/ca\/wp-json\/wp\/v2\/product"}],"about":[{"href":"https:\/\/www.consigel.com\/ca\/wp-json\/wp\/v2\/types\/product"}],"replies":[{"embeddable":true,"href":"https:\/\/www.consigel.com\/ca\/wp-json\/wp\/v2\/comments?post=4643"}],"wp:featuredmedia":[{"embeddable":true,"href":"https:\/\/www.consigel.com\/ca\/wp-json\/wp\/v2\/media\/4642"}],"wp:attachment":[{"href":"https:\/\/www.consigel.com\/ca\/wp-json\/wp\/v2\/media?parent=4643"}],"wp:term":[{"taxonomy":"product_cat","embeddable":true,"href":"https:\/\/www.consigel.com\/ca\/wp-json\/wp\/v2\/product_cat?post=4643"},{"taxonomy":"product_tag","embeddable":true,"href":"https:\/\/www.consigel.com\/ca\/wp-json\/wp\/v2\/product_tag?post=4643"}],"curies":[{"name":"wp","href":"https:\/\/api.w.org\/{rel}","templated":true}]}}