{"id":4589,"date":"2024-09-20T11:00:00","date_gmt":"2024-09-20T11:00:00","guid":{"rendered":"https:\/\/www.consigel.com\/producte\/tiras-de-pechuga-pollo-asado\/"},"modified":"2024-09-20T11:05:56","modified_gmt":"2024-09-20T11:05:56","slug":"tiras-de-pechuga-pollo-asado","status":"publish","type":"product","link":"https:\/\/www.consigel.com\/ca\/producte\/tiras-de-pechuga-pollo-asado\/","title":{"rendered":"Tires de Pit de Pollastre Rostit"},"content":{"rendered":"<p>Les nostres tires de pit de pollastre rostits s\u00f3n l&#8217;opci\u00f3 perfecta per a qui busca un \u00e0pat delici\u00f3s i saludable. Elaborades amb pits de pollastre d&#8217;alta qualitat, aquestes tires s\u00f3n rostides a la perfecci\u00f3, cosa que els confereix un sabor suc\u00f3s i fumat que encantar\u00e0 a tothom.<\/p>\n<p>Amb una textura tendra i f\u00e0cil de desfer, s\u00f3n ideals per afegir a amanides, wraps, tacos o simplement gaudir-ne soles. A m\u00e9s, s\u00f3n una excel\u00b7lent font de prote\u00efnes, cosa que les converteix en una opci\u00f3 nutritiva per a qualsevol \u00e0pat del dia.<\/p>\n<p>Llistes per escalfar i servir, les nostres tires de pit de pollastre rostits s\u00f3n una soluci\u00f3 r\u00e0pida i saborosa per als teus \u00e0pats. \u00a1Gaudeix de la conveni\u00e8ncia sense sacrificar el sabor!<\/p>\n<p>Caixa de 10kg.<\/p>\n","protected":false},"excerpt":{"rendered":"<p>Les nostres tires de pit de pollastre rostits s\u00f3n l&#8217;opci\u00f3 perfecta per a qui busca un \u00e0pat delici\u00f3s i saludable. Elaborades amb pits de pollastre d&#8217;alta qualitat, aquestes tires s\u00f3n rostides a la perfecci\u00f3, cosa que els confereix un sabor suc\u00f3s i fumat que encantar\u00e0 a tothom. Amb una textura tendra i f\u00e0cil de desfer, [&#8230;]\n","protected":false},"featured_media":0,"comment_status":"open","ping_status":"closed","template":"","meta":[],"product_cat":[296,34,18,48],"product_tag":[],"class_list":{"0":"post-4589","1":"product","2":"type-product","3":"status-publish","5":"product_cat-descongelar","6":"product_cat-aperitius","7":"product_cat-gastronomia","8":"product_cat-guarnicions","10":"first","11":"instock","12":"shipping-taxable","13":"product-type-simple"},"yoast_head":"<!-- This site is optimized with the Yoast SEO plugin v23.3 - https:\/\/yoast.com\/wordpress\/plugins\/seo\/ -->\n<title>Tires de Pit de Pollastre Rostit - Consigel<\/title>\n<meta name=\"robots\" content=\"index, follow, max-snippet:-1, max-image-preview:large, max-video-preview:-1\" \/>\n<link rel=\"canonical\" href=\"https:\/\/www.consigel.com\/ca\/producte\/tiras-de-pechuga-pollo-asado\/\" \/>\n<meta property=\"og:locale\" content=\"ca_ES\" \/>\n<meta property=\"og:type\" content=\"article\" \/>\n<meta property=\"og:title\" content=\"Tires de Pit de Pollastre Rostit - Consigel\" \/>\n<meta property=\"og:description\" content=\"Les nostres tires de pit de pollastre rostits s\u00f3n l&#8217;opci\u00f3 perfecta per a qui busca un \u00e0pat delici\u00f3s i saludable. Elaborades amb pits de pollastre d&#8217;alta qualitat, aquestes tires s\u00f3n rostides a la perfecci\u00f3, cosa que els confereix un sabor suc\u00f3s i fumat que encantar\u00e0 a tothom. Amb una textura tendra i f\u00e0cil de desfer, [...]\" \/>\n<meta property=\"og:url\" content=\"https:\/\/www.consigel.com\/ca\/producte\/tiras-de-pechuga-pollo-asado\/\" \/>\n<meta property=\"og:site_name\" content=\"Consigel\" \/>\n<meta property=\"article:modified_time\" content=\"2024-09-20T11:05:56+00:00\" \/>\n<meta name=\"twitter:card\" content=\"summary_large_image\" \/>\n<meta name=\"twitter:label1\" content=\"Temps estimat de lectura\" \/>\n\t<meta name=\"twitter:data1\" content=\"1 minut\" \/>\n<script type=\"application\/ld+json\" class=\"yoast-schema-graph\">{\"@context\":\"https:\/\/schema.org\",\"@graph\":[{\"@type\":\"WebPage\",\"@id\":\"https:\/\/www.consigel.com\/ca\/producte\/tiras-de-pechuga-pollo-asado\/\",\"url\":\"https:\/\/www.consigel.com\/ca\/producte\/tiras-de-pechuga-pollo-asado\/\",\"name\":\"Tires de Pit de Pollastre Rostit - Consigel\",\"isPartOf\":{\"@id\":\"https:\/\/www.consigel.com\/ca\/#website\"},\"datePublished\":\"2024-09-20T11:00:00+00:00\",\"dateModified\":\"2024-09-20T11:05:56+00:00\",\"breadcrumb\":{\"@id\":\"https:\/\/www.consigel.com\/ca\/producte\/tiras-de-pechuga-pollo-asado\/#breadcrumb\"},\"inLanguage\":\"ca\",\"potentialAction\":[{\"@type\":\"ReadAction\",\"target\":[\"https:\/\/www.consigel.com\/ca\/producte\/tiras-de-pechuga-pollo-asado\/\"]}]},{\"@type\":\"BreadcrumbList\",\"@id\":\"https:\/\/www.consigel.com\/ca\/producte\/tiras-de-pechuga-pollo-asado\/#breadcrumb\",\"itemListElement\":[{\"@type\":\"ListItem\",\"position\":1,\"name\":\"Portada\",\"item\":\"https:\/\/www.consigel.com\/ca\/\"},{\"@type\":\"ListItem\",\"position\":2,\"name\":\"Shop\",\"item\":\"https:\/\/www.consigel.com\/ca\/shop\/\"},{\"@type\":\"ListItem\",\"position\":3,\"name\":\"Tires de Pit de Pollastre Rostit\"}]},{\"@type\":\"WebSite\",\"@id\":\"https:\/\/www.consigel.com\/ca\/#website\",\"url\":\"https:\/\/www.consigel.com\/ca\/\",\"name\":\"Consigel\",\"description\":\"\",\"potentialAction\":[{\"@type\":\"SearchAction\",\"target\":{\"@type\":\"EntryPoint\",\"urlTemplate\":\"https:\/\/www.consigel.com\/ca\/?s={search_term_string}\"},\"query-input\":\"required name=search_term_string\"}],\"inLanguage\":\"ca\"}]}<\/script>\n<!-- \/ Yoast SEO plugin. -->","yoast_head_json":{"title":"Tires de Pit de Pollastre Rostit - Consigel","robots":{"index":"index","follow":"follow","max-snippet":"max-snippet:-1","max-image-preview":"max-image-preview:large","max-video-preview":"max-video-preview:-1"},"canonical":"https:\/\/www.consigel.com\/ca\/producte\/tiras-de-pechuga-pollo-asado\/","og_locale":"ca_ES","og_type":"article","og_title":"Tires de Pit de Pollastre Rostit - Consigel","og_description":"Les nostres tires de pit de pollastre rostits s\u00f3n l&#8217;opci\u00f3 perfecta per a qui busca un \u00e0pat delici\u00f3s i saludable. Elaborades amb pits de pollastre d&#8217;alta qualitat, aquestes tires s\u00f3n rostides a la perfecci\u00f3, cosa que els confereix un sabor suc\u00f3s i fumat que encantar\u00e0 a tothom. Amb una textura tendra i f\u00e0cil de desfer, [...]","og_url":"https:\/\/www.consigel.com\/ca\/producte\/tiras-de-pechuga-pollo-asado\/","og_site_name":"Consigel","article_modified_time":"2024-09-20T11:05:56+00:00","twitter_card":"summary_large_image","twitter_misc":{"Temps estimat de lectura":"1 minut"},"schema":{"@context":"https:\/\/schema.org","@graph":[{"@type":"WebPage","@id":"https:\/\/www.consigel.com\/ca\/producte\/tiras-de-pechuga-pollo-asado\/","url":"https:\/\/www.consigel.com\/ca\/producte\/tiras-de-pechuga-pollo-asado\/","name":"Tires de Pit de Pollastre Rostit - Consigel","isPartOf":{"@id":"https:\/\/www.consigel.com\/ca\/#website"},"datePublished":"2024-09-20T11:00:00+00:00","dateModified":"2024-09-20T11:05:56+00:00","breadcrumb":{"@id":"https:\/\/www.consigel.com\/ca\/producte\/tiras-de-pechuga-pollo-asado\/#breadcrumb"},"inLanguage":"ca","potentialAction":[{"@type":"ReadAction","target":["https:\/\/www.consigel.com\/ca\/producte\/tiras-de-pechuga-pollo-asado\/"]}]},{"@type":"BreadcrumbList","@id":"https:\/\/www.consigel.com\/ca\/producte\/tiras-de-pechuga-pollo-asado\/#breadcrumb","itemListElement":[{"@type":"ListItem","position":1,"name":"Portada","item":"https:\/\/www.consigel.com\/ca\/"},{"@type":"ListItem","position":2,"name":"Shop","item":"https:\/\/www.consigel.com\/ca\/shop\/"},{"@type":"ListItem","position":3,"name":"Tires de Pit de Pollastre Rostit"}]},{"@type":"WebSite","@id":"https:\/\/www.consigel.com\/ca\/#website","url":"https:\/\/www.consigel.com\/ca\/","name":"Consigel","description":"","potentialAction":[{"@type":"SearchAction","target":{"@type":"EntryPoint","urlTemplate":"https:\/\/www.consigel.com\/ca\/?s={search_term_string}"},"query-input":"required name=search_term_string"}],"inLanguage":"ca"}]}},"_links":{"self":[{"href":"https:\/\/www.consigel.com\/ca\/wp-json\/wp\/v2\/product\/4589","targetHints":{"allow":["GET"]}}],"collection":[{"href":"https:\/\/www.consigel.com\/ca\/wp-json\/wp\/v2\/product"}],"about":[{"href":"https:\/\/www.consigel.com\/ca\/wp-json\/wp\/v2\/types\/product"}],"replies":[{"embeddable":true,"href":"https:\/\/www.consigel.com\/ca\/wp-json\/wp\/v2\/comments?post=4589"}],"wp:attachment":[{"href":"https:\/\/www.consigel.com\/ca\/wp-json\/wp\/v2\/media?parent=4589"}],"wp:term":[{"taxonomy":"product_cat","embeddable":true,"href":"https:\/\/www.consigel.com\/ca\/wp-json\/wp\/v2\/product_cat?post=4589"},{"taxonomy":"product_tag","embeddable":true,"href":"https:\/\/www.consigel.com\/ca\/wp-json\/wp\/v2\/product_tag?post=4589"}],"curies":[{"name":"wp","href":"https:\/\/api.w.org\/{rel}","templated":true}]}}