{"id":4585,"date":"2024-09-20T10:42:57","date_gmt":"2024-09-20T10:42:57","guid":{"rendered":"https:\/\/www.consigel.com\/producte\/nuestra-gilda\/"},"modified":"2024-09-20T10:47:48","modified_gmt":"2024-09-20T10:47:48","slug":"nuestra-gilda","status":"publish","type":"product","link":"https:\/\/www.consigel.com\/ca\/producte\/nuestra-gilda\/","title":{"rendered":"La nostra gilda"},"content":{"rendered":"<p>La nostra gilda, amb bitxo verd, anxova i oliva verda, est\u00e0 inspirada en la broqueta del pinxo t\u00edpic del Pa\u00eds Basc. Una nova manera de degustar el pinxo de gilda.<\/p>\n<p>DESCONGELAR.<\/p>\n<p>Fregir directament congelades, amb abundant oli net ben calent a 180 \u00baC fins que el centre arribi als 74\u00baC. Cal tenir en compte que si es fregeixen moltes patates amb poc oli, l&#8217;oli es refreda i el resultat no ser\u00e0 \u00f2ptim. Tamb\u00e9 que entre fregits s&#8217;ha de deixar recuperar els 180\u00baC per tornar a fregir correctament. \u00c9s aconsellable deixar reposar 2 minuts abans de servir. O b\u00e9, si es vol consumir en fred, deixar descongelar a la refrigeraci\u00f3 abans de consumir.<\/p>\n<p>Caixa amb 144 unitats.<\/p>\n","protected":false},"excerpt":{"rendered":"<p>La nostra gilda, amb bitxo verd, anxova i oliva verda, est\u00e0 inspirada en la broqueta del pinxo t\u00edpic del Pa\u00eds Basc. Una nova manera de degustar el pinxo de gilda. DESCONGELAR. Fregir directament congelades, amb abundant oli net ben calent a 180 \u00baC fins que el centre arribi als 74\u00baC. Cal tenir en compte que [&#8230;]\n","protected":false},"featured_media":4584,"comment_status":"open","ping_status":"closed","template":"","meta":[],"product_cat":[296,34,18],"product_tag":[],"class_list":{"0":"post-4585","1":"product","2":"type-product","3":"status-publish","4":"has-post-thumbnail","6":"product_cat-descongelar","7":"product_cat-aperitius","8":"product_cat-gastronomia","10":"first","11":"instock","12":"shipping-taxable","13":"product-type-simple"},"yoast_head":"<!-- This site is optimized with the Yoast SEO plugin v23.3 - https:\/\/yoast.com\/wordpress\/plugins\/seo\/ -->\n<title>La nostra gilda - Consigel<\/title>\n<meta name=\"robots\" content=\"index, follow, max-snippet:-1, max-image-preview:large, max-video-preview:-1\" \/>\n<link rel=\"canonical\" href=\"https:\/\/www.consigel.com\/ca\/producte\/nuestra-gilda\/\" \/>\n<meta property=\"og:locale\" content=\"ca_ES\" \/>\n<meta property=\"og:type\" content=\"article\" \/>\n<meta property=\"og:title\" content=\"La nostra gilda - Consigel\" \/>\n<meta property=\"og:description\" content=\"La nostra gilda, amb bitxo verd, anxova i oliva verda, est\u00e0 inspirada en la broqueta del pinxo t\u00edpic del Pa\u00eds Basc. Una nova manera de degustar el pinxo de gilda. DESCONGELAR. Fregir directament congelades, amb abundant oli net ben calent a 180 \u00baC fins que el centre arribi als 74\u00baC. Cal tenir en compte que [...]\" \/>\n<meta property=\"og:url\" content=\"https:\/\/www.consigel.com\/ca\/producte\/nuestra-gilda\/\" \/>\n<meta property=\"og:site_name\" content=\"Consigel\" \/>\n<meta property=\"article:modified_time\" content=\"2024-09-20T10:47:48+00:00\" \/>\n<meta property=\"og:image\" content=\"https:\/\/www.consigel.com\/wp-content\/uploads\/2024\/09\/la-nostra-gilda.jpg\" \/>\n\t<meta property=\"og:image:width\" content=\"360\" \/>\n\t<meta property=\"og:image:height\" content=\"270\" \/>\n\t<meta property=\"og:image:type\" content=\"image\/jpeg\" \/>\n<meta name=\"twitter:card\" content=\"summary_large_image\" \/>\n<meta name=\"twitter:label1\" content=\"Temps estimat de lectura\" \/>\n\t<meta name=\"twitter:data1\" content=\"1 minut\" \/>\n<script type=\"application\/ld+json\" class=\"yoast-schema-graph\">{\"@context\":\"https:\/\/schema.org\",\"@graph\":[{\"@type\":\"WebPage\",\"@id\":\"https:\/\/www.consigel.com\/ca\/producte\/nuestra-gilda\/\",\"url\":\"https:\/\/www.consigel.com\/ca\/producte\/nuestra-gilda\/\",\"name\":\"La nostra gilda - Consigel\",\"isPartOf\":{\"@id\":\"https:\/\/www.consigel.com\/ca\/#website\"},\"primaryImageOfPage\":{\"@id\":\"https:\/\/www.consigel.com\/ca\/producte\/nuestra-gilda\/#primaryimage\"},\"image\":{\"@id\":\"https:\/\/www.consigel.com\/ca\/producte\/nuestra-gilda\/#primaryimage\"},\"thumbnailUrl\":\"https:\/\/www.consigel.com\/wp-content\/uploads\/2024\/09\/la-nostra-gilda.jpg\",\"datePublished\":\"2024-09-20T10:42:57+00:00\",\"dateModified\":\"2024-09-20T10:47:48+00:00\",\"breadcrumb\":{\"@id\":\"https:\/\/www.consigel.com\/ca\/producte\/nuestra-gilda\/#breadcrumb\"},\"inLanguage\":\"ca\",\"potentialAction\":[{\"@type\":\"ReadAction\",\"target\":[\"https:\/\/www.consigel.com\/ca\/producte\/nuestra-gilda\/\"]}]},{\"@type\":\"ImageObject\",\"inLanguage\":\"ca\",\"@id\":\"https:\/\/www.consigel.com\/ca\/producte\/nuestra-gilda\/#primaryimage\",\"url\":\"https:\/\/www.consigel.com\/wp-content\/uploads\/2024\/09\/la-nostra-gilda.jpg\",\"contentUrl\":\"https:\/\/www.consigel.com\/wp-content\/uploads\/2024\/09\/la-nostra-gilda.jpg\",\"width\":360,\"height\":270},{\"@type\":\"BreadcrumbList\",\"@id\":\"https:\/\/www.consigel.com\/ca\/producte\/nuestra-gilda\/#breadcrumb\",\"itemListElement\":[{\"@type\":\"ListItem\",\"position\":1,\"name\":\"Portada\",\"item\":\"https:\/\/www.consigel.com\/ca\/\"},{\"@type\":\"ListItem\",\"position\":2,\"name\":\"Shop\",\"item\":\"https:\/\/www.consigel.com\/ca\/shop\/\"},{\"@type\":\"ListItem\",\"position\":3,\"name\":\"La nostra gilda\"}]},{\"@type\":\"WebSite\",\"@id\":\"https:\/\/www.consigel.com\/ca\/#website\",\"url\":\"https:\/\/www.consigel.com\/ca\/\",\"name\":\"Consigel\",\"description\":\"\",\"potentialAction\":[{\"@type\":\"SearchAction\",\"target\":{\"@type\":\"EntryPoint\",\"urlTemplate\":\"https:\/\/www.consigel.com\/ca\/?s={search_term_string}\"},\"query-input\":\"required name=search_term_string\"}],\"inLanguage\":\"ca\"}]}<\/script>\n<!-- \/ Yoast SEO plugin. -->","yoast_head_json":{"title":"La nostra gilda - Consigel","robots":{"index":"index","follow":"follow","max-snippet":"max-snippet:-1","max-image-preview":"max-image-preview:large","max-video-preview":"max-video-preview:-1"},"canonical":"https:\/\/www.consigel.com\/ca\/producte\/nuestra-gilda\/","og_locale":"ca_ES","og_type":"article","og_title":"La nostra gilda - Consigel","og_description":"La nostra gilda, amb bitxo verd, anxova i oliva verda, est\u00e0 inspirada en la broqueta del pinxo t\u00edpic del Pa\u00eds Basc. Una nova manera de degustar el pinxo de gilda. DESCONGELAR. Fregir directament congelades, amb abundant oli net ben calent a 180 \u00baC fins que el centre arribi als 74\u00baC. Cal tenir en compte que [...]","og_url":"https:\/\/www.consigel.com\/ca\/producte\/nuestra-gilda\/","og_site_name":"Consigel","article_modified_time":"2024-09-20T10:47:48+00:00","og_image":[{"width":360,"height":270,"url":"https:\/\/www.consigel.com\/wp-content\/uploads\/2024\/09\/la-nostra-gilda.jpg","type":"image\/jpeg"}],"twitter_card":"summary_large_image","twitter_misc":{"Temps estimat de lectura":"1 minut"},"schema":{"@context":"https:\/\/schema.org","@graph":[{"@type":"WebPage","@id":"https:\/\/www.consigel.com\/ca\/producte\/nuestra-gilda\/","url":"https:\/\/www.consigel.com\/ca\/producte\/nuestra-gilda\/","name":"La nostra gilda - Consigel","isPartOf":{"@id":"https:\/\/www.consigel.com\/ca\/#website"},"primaryImageOfPage":{"@id":"https:\/\/www.consigel.com\/ca\/producte\/nuestra-gilda\/#primaryimage"},"image":{"@id":"https:\/\/www.consigel.com\/ca\/producte\/nuestra-gilda\/#primaryimage"},"thumbnailUrl":"https:\/\/www.consigel.com\/wp-content\/uploads\/2024\/09\/la-nostra-gilda.jpg","datePublished":"2024-09-20T10:42:57+00:00","dateModified":"2024-09-20T10:47:48+00:00","breadcrumb":{"@id":"https:\/\/www.consigel.com\/ca\/producte\/nuestra-gilda\/#breadcrumb"},"inLanguage":"ca","potentialAction":[{"@type":"ReadAction","target":["https:\/\/www.consigel.com\/ca\/producte\/nuestra-gilda\/"]}]},{"@type":"ImageObject","inLanguage":"ca","@id":"https:\/\/www.consigel.com\/ca\/producte\/nuestra-gilda\/#primaryimage","url":"https:\/\/www.consigel.com\/wp-content\/uploads\/2024\/09\/la-nostra-gilda.jpg","contentUrl":"https:\/\/www.consigel.com\/wp-content\/uploads\/2024\/09\/la-nostra-gilda.jpg","width":360,"height":270},{"@type":"BreadcrumbList","@id":"https:\/\/www.consigel.com\/ca\/producte\/nuestra-gilda\/#breadcrumb","itemListElement":[{"@type":"ListItem","position":1,"name":"Portada","item":"https:\/\/www.consigel.com\/ca\/"},{"@type":"ListItem","position":2,"name":"Shop","item":"https:\/\/www.consigel.com\/ca\/shop\/"},{"@type":"ListItem","position":3,"name":"La nostra gilda"}]},{"@type":"WebSite","@id":"https:\/\/www.consigel.com\/ca\/#website","url":"https:\/\/www.consigel.com\/ca\/","name":"Consigel","description":"","potentialAction":[{"@type":"SearchAction","target":{"@type":"EntryPoint","urlTemplate":"https:\/\/www.consigel.com\/ca\/?s={search_term_string}"},"query-input":"required name=search_term_string"}],"inLanguage":"ca"}]}},"_links":{"self":[{"href":"https:\/\/www.consigel.com\/ca\/wp-json\/wp\/v2\/product\/4585","targetHints":{"allow":["GET"]}}],"collection":[{"href":"https:\/\/www.consigel.com\/ca\/wp-json\/wp\/v2\/product"}],"about":[{"href":"https:\/\/www.consigel.com\/ca\/wp-json\/wp\/v2\/types\/product"}],"replies":[{"embeddable":true,"href":"https:\/\/www.consigel.com\/ca\/wp-json\/wp\/v2\/comments?post=4585"}],"wp:featuredmedia":[{"embeddable":true,"href":"https:\/\/www.consigel.com\/ca\/wp-json\/wp\/v2\/media\/4584"}],"wp:attachment":[{"href":"https:\/\/www.consigel.com\/ca\/wp-json\/wp\/v2\/media?parent=4585"}],"wp:term":[{"taxonomy":"product_cat","embeddable":true,"href":"https:\/\/www.consigel.com\/ca\/wp-json\/wp\/v2\/product_cat?post=4585"},{"taxonomy":"product_tag","embeddable":true,"href":"https:\/\/www.consigel.com\/ca\/wp-json\/wp\/v2\/product_tag?post=4585"}],"curies":[{"name":"wp","href":"https:\/\/api.w.org\/{rel}","templated":true}]}}