{"id":4578,"date":"2024-09-20T10:25:32","date_gmt":"2024-09-20T10:25:32","guid":{"rendered":"https:\/\/www.consigel.com\/producte\/mochi-de-chocolate-2\/"},"modified":"2024-09-20T10:32:43","modified_gmt":"2024-09-20T10:32:43","slug":"mochi-de-chocolate","status":"publish","type":"product","link":"https:\/\/www.consigel.com\/ca\/producte\/mochi-de-chocolate\/","title":{"rendered":"Mochi de xocolata"},"content":{"rendered":"<p>Amb una textura suau i el\u00e0stica que es desf\u00e0 suaument a la teva boca. Elaborat a partir d&#8217;arr\u00f2s glutin\u00f3s d&#8217;alta qualitat, el nostre mochi es distingeix pel seu aut\u00e8ntic i original sabor i la seva delicada dol\u00e7or.<\/p>\n<p>DESCONGELAR.<\/p>\n<p>Deixar descongelar a la nevera abans de consumir.<\/p>\n<p>Caixa amb 144 unitats.<\/p>\n","protected":false},"excerpt":{"rendered":"<p>Amb una textura suau i el\u00e0stica que es desf\u00e0 suaument a la teva boca. Elaborat a partir d&#8217;arr\u00f2s glutin\u00f3s d&#8217;alta qualitat, el nostre mochi es distingeix pel seu aut\u00e8ntic i original sabor i la seva delicada dol\u00e7or. DESCONGELAR. Deixar descongelar a la nevera abans de consumir. Caixa amb 144 unitats.<\/p>\n","protected":false},"featured_media":4576,"comment_status":"open","ping_status":"closed","template":"","meta":[],"product_cat":[20,51],"product_tag":[],"class_list":{"0":"post-4578","1":"product","2":"type-product","3":"status-publish","4":"has-post-thumbnail","6":"product_cat-postres","7":"product_cat-pastisseria-xocolata","9":"first","10":"instock","11":"shipping-taxable","12":"product-type-simple"},"yoast_head":"<!-- This site is optimized with the Yoast SEO plugin v23.3 - https:\/\/yoast.com\/wordpress\/plugins\/seo\/ -->\n<title>Mochi de xocolata - Consigel<\/title>\n<meta name=\"robots\" content=\"index, follow, max-snippet:-1, max-image-preview:large, max-video-preview:-1\" \/>\n<link rel=\"canonical\" href=\"https:\/\/www.consigel.com\/ca\/producte\/mochi-de-chocolate\/\" \/>\n<meta property=\"og:locale\" content=\"ca_ES\" \/>\n<meta property=\"og:type\" content=\"article\" \/>\n<meta property=\"og:title\" content=\"Mochi de xocolata - Consigel\" \/>\n<meta property=\"og:description\" content=\"Amb una textura suau i el\u00e0stica que es desf\u00e0 suaument a la teva boca. Elaborat a partir d&#8217;arr\u00f2s glutin\u00f3s d&#8217;alta qualitat, el nostre mochi es distingeix pel seu aut\u00e8ntic i original sabor i la seva delicada dol\u00e7or. DESCONGELAR. Deixar descongelar a la nevera abans de consumir. Caixa amb 144 unitats.\" \/>\n<meta property=\"og:url\" content=\"https:\/\/www.consigel.com\/ca\/producte\/mochi-de-chocolate\/\" \/>\n<meta property=\"og:site_name\" content=\"Consigel\" \/>\n<meta property=\"article:modified_time\" content=\"2024-09-20T10:32:43+00:00\" \/>\n<meta property=\"og:image\" content=\"https:\/\/www.consigel.com\/wp-content\/uploads\/2024\/09\/mochi-chocolate.jpg\" \/>\n\t<meta property=\"og:image:width\" content=\"360\" \/>\n\t<meta property=\"og:image:height\" content=\"270\" \/>\n\t<meta property=\"og:image:type\" content=\"image\/jpeg\" \/>\n<meta name=\"twitter:card\" content=\"summary_large_image\" \/>\n<meta name=\"twitter:label1\" content=\"Temps estimat de lectura\" \/>\n\t<meta name=\"twitter:data1\" content=\"1 minut\" \/>\n<script type=\"application\/ld+json\" class=\"yoast-schema-graph\">{\"@context\":\"https:\/\/schema.org\",\"@graph\":[{\"@type\":\"WebPage\",\"@id\":\"https:\/\/www.consigel.com\/ca\/producte\/mochi-de-chocolate\/\",\"url\":\"https:\/\/www.consigel.com\/ca\/producte\/mochi-de-chocolate\/\",\"name\":\"Mochi de xocolata - Consigel\",\"isPartOf\":{\"@id\":\"https:\/\/www.consigel.com\/ca\/#website\"},\"primaryImageOfPage\":{\"@id\":\"https:\/\/www.consigel.com\/ca\/producte\/mochi-de-chocolate\/#primaryimage\"},\"image\":{\"@id\":\"https:\/\/www.consigel.com\/ca\/producte\/mochi-de-chocolate\/#primaryimage\"},\"thumbnailUrl\":\"https:\/\/www.consigel.com\/wp-content\/uploads\/2024\/09\/mochi-chocolate.jpg\",\"datePublished\":\"2024-09-20T10:25:32+00:00\",\"dateModified\":\"2024-09-20T10:32:43+00:00\",\"breadcrumb\":{\"@id\":\"https:\/\/www.consigel.com\/ca\/producte\/mochi-de-chocolate\/#breadcrumb\"},\"inLanguage\":\"ca\",\"potentialAction\":[{\"@type\":\"ReadAction\",\"target\":[\"https:\/\/www.consigel.com\/ca\/producte\/mochi-de-chocolate\/\"]}]},{\"@type\":\"ImageObject\",\"inLanguage\":\"ca\",\"@id\":\"https:\/\/www.consigel.com\/ca\/producte\/mochi-de-chocolate\/#primaryimage\",\"url\":\"https:\/\/www.consigel.com\/wp-content\/uploads\/2024\/09\/mochi-chocolate.jpg\",\"contentUrl\":\"https:\/\/www.consigel.com\/wp-content\/uploads\/2024\/09\/mochi-chocolate.jpg\",\"width\":360,\"height\":270},{\"@type\":\"BreadcrumbList\",\"@id\":\"https:\/\/www.consigel.com\/ca\/producte\/mochi-de-chocolate\/#breadcrumb\",\"itemListElement\":[{\"@type\":\"ListItem\",\"position\":1,\"name\":\"Portada\",\"item\":\"https:\/\/www.consigel.com\/ca\/\"},{\"@type\":\"ListItem\",\"position\":2,\"name\":\"Shop\",\"item\":\"https:\/\/www.consigel.com\/ca\/shop\/\"},{\"@type\":\"ListItem\",\"position\":3,\"name\":\"Mochi de xocolata\"}]},{\"@type\":\"WebSite\",\"@id\":\"https:\/\/www.consigel.com\/ca\/#website\",\"url\":\"https:\/\/www.consigel.com\/ca\/\",\"name\":\"Consigel\",\"description\":\"\",\"potentialAction\":[{\"@type\":\"SearchAction\",\"target\":{\"@type\":\"EntryPoint\",\"urlTemplate\":\"https:\/\/www.consigel.com\/ca\/?s={search_term_string}\"},\"query-input\":\"required name=search_term_string\"}],\"inLanguage\":\"ca\"}]}<\/script>\n<!-- \/ Yoast SEO plugin. -->","yoast_head_json":{"title":"Mochi de xocolata - Consigel","robots":{"index":"index","follow":"follow","max-snippet":"max-snippet:-1","max-image-preview":"max-image-preview:large","max-video-preview":"max-video-preview:-1"},"canonical":"https:\/\/www.consigel.com\/ca\/producte\/mochi-de-chocolate\/","og_locale":"ca_ES","og_type":"article","og_title":"Mochi de xocolata - Consigel","og_description":"Amb una textura suau i el\u00e0stica que es desf\u00e0 suaument a la teva boca. Elaborat a partir d&#8217;arr\u00f2s glutin\u00f3s d&#8217;alta qualitat, el nostre mochi es distingeix pel seu aut\u00e8ntic i original sabor i la seva delicada dol\u00e7or. DESCONGELAR. Deixar descongelar a la nevera abans de consumir. Caixa amb 144 unitats.","og_url":"https:\/\/www.consigel.com\/ca\/producte\/mochi-de-chocolate\/","og_site_name":"Consigel","article_modified_time":"2024-09-20T10:32:43+00:00","og_image":[{"width":360,"height":270,"url":"https:\/\/www.consigel.com\/wp-content\/uploads\/2024\/09\/mochi-chocolate.jpg","type":"image\/jpeg"}],"twitter_card":"summary_large_image","twitter_misc":{"Temps estimat de lectura":"1 minut"},"schema":{"@context":"https:\/\/schema.org","@graph":[{"@type":"WebPage","@id":"https:\/\/www.consigel.com\/ca\/producte\/mochi-de-chocolate\/","url":"https:\/\/www.consigel.com\/ca\/producte\/mochi-de-chocolate\/","name":"Mochi de xocolata - Consigel","isPartOf":{"@id":"https:\/\/www.consigel.com\/ca\/#website"},"primaryImageOfPage":{"@id":"https:\/\/www.consigel.com\/ca\/producte\/mochi-de-chocolate\/#primaryimage"},"image":{"@id":"https:\/\/www.consigel.com\/ca\/producte\/mochi-de-chocolate\/#primaryimage"},"thumbnailUrl":"https:\/\/www.consigel.com\/wp-content\/uploads\/2024\/09\/mochi-chocolate.jpg","datePublished":"2024-09-20T10:25:32+00:00","dateModified":"2024-09-20T10:32:43+00:00","breadcrumb":{"@id":"https:\/\/www.consigel.com\/ca\/producte\/mochi-de-chocolate\/#breadcrumb"},"inLanguage":"ca","potentialAction":[{"@type":"ReadAction","target":["https:\/\/www.consigel.com\/ca\/producte\/mochi-de-chocolate\/"]}]},{"@type":"ImageObject","inLanguage":"ca","@id":"https:\/\/www.consigel.com\/ca\/producte\/mochi-de-chocolate\/#primaryimage","url":"https:\/\/www.consigel.com\/wp-content\/uploads\/2024\/09\/mochi-chocolate.jpg","contentUrl":"https:\/\/www.consigel.com\/wp-content\/uploads\/2024\/09\/mochi-chocolate.jpg","width":360,"height":270},{"@type":"BreadcrumbList","@id":"https:\/\/www.consigel.com\/ca\/producte\/mochi-de-chocolate\/#breadcrumb","itemListElement":[{"@type":"ListItem","position":1,"name":"Portada","item":"https:\/\/www.consigel.com\/ca\/"},{"@type":"ListItem","position":2,"name":"Shop","item":"https:\/\/www.consigel.com\/ca\/shop\/"},{"@type":"ListItem","position":3,"name":"Mochi de xocolata"}]},{"@type":"WebSite","@id":"https:\/\/www.consigel.com\/ca\/#website","url":"https:\/\/www.consigel.com\/ca\/","name":"Consigel","description":"","potentialAction":[{"@type":"SearchAction","target":{"@type":"EntryPoint","urlTemplate":"https:\/\/www.consigel.com\/ca\/?s={search_term_string}"},"query-input":"required name=search_term_string"}],"inLanguage":"ca"}]}},"_links":{"self":[{"href":"https:\/\/www.consigel.com\/ca\/wp-json\/wp\/v2\/product\/4578","targetHints":{"allow":["GET"]}}],"collection":[{"href":"https:\/\/www.consigel.com\/ca\/wp-json\/wp\/v2\/product"}],"about":[{"href":"https:\/\/www.consigel.com\/ca\/wp-json\/wp\/v2\/types\/product"}],"replies":[{"embeddable":true,"href":"https:\/\/www.consigel.com\/ca\/wp-json\/wp\/v2\/comments?post=4578"}],"wp:featuredmedia":[{"embeddable":true,"href":"https:\/\/www.consigel.com\/ca\/wp-json\/wp\/v2\/media\/4576"}],"wp:attachment":[{"href":"https:\/\/www.consigel.com\/ca\/wp-json\/wp\/v2\/media?parent=4578"}],"wp:term":[{"taxonomy":"product_cat","embeddable":true,"href":"https:\/\/www.consigel.com\/ca\/wp-json\/wp\/v2\/product_cat?post=4578"},{"taxonomy":"product_tag","embeddable":true,"href":"https:\/\/www.consigel.com\/ca\/wp-json\/wp\/v2\/product_tag?post=4578"}],"curies":[{"name":"wp","href":"https:\/\/api.w.org\/{rel}","templated":true}]}}