{"id":4254,"date":"2013-10-05T22:21:33","date_gmt":"2013-10-05T22:21:33","guid":{"rendered":"http:\/\/www.consigel.com\/producte\/ginebra-beefeater-london-market\/"},"modified":"2013-10-05T22:21:33","modified_gmt":"2013-10-05T22:21:33","slug":"ginebra-beefeater-london-market","status":"publish","type":"product","link":"https:\/\/www.consigel.com\/ca\/producte\/ginebra-beefeater-london-market\/","title":{"rendered":"GINEBRA BEEFEATER LONDON MARKET"},"content":{"rendered":"<p>\ufeffLa destiler\u00eda creadora de la ginebra Beefeater, como en anteriores ocasiones, ha decidi\u00f3 sacar al mercado una edici\u00f3n limitada llamada Beefeater London Market. Su nombre se debe a que los bot\u00e1nicos utilizados para la elaboraci\u00f3n de esta ginebra se pueden encontrar en los mercados de Londres. Los bot\u00e1nicos utilizados en su elaboraci\u00f3n s\u00f3n: semillas de granada, cardamomo y hojas de lima kaffir, entre otros. El resultado es un sabor algo ex\u00f3tico, con notas c\u00edtricas. \u00a0 gintoniQ\u00a0 te recomienda combinar la ginebra Beefeater London Market con la t\u00f3nica Ledgers Tangerine, piel de lima y hielo.\ufeff \u00a0<\/p>\n","protected":false},"excerpt":{"rendered":"<p>\ufeffLa destiler\u00eda creadora de la ginebra Beefeater, como en anteriores ocasiones, ha decidi\u00f3 sacar al mercado una edici\u00f3n limitada llamada Beefeater London Market. Su nombre se debe a que los bot\u00e1nicos utilizados para la elaboraci\u00f3n de esta ginebra se pueden encontrar en los mercados de Londres. Los bot\u00e1nicos utilizados en su elaboraci\u00f3n s\u00f3n: semillas de [&#8230;]\n","protected":false},"featured_media":2472,"comment_status":"open","ping_status":"closed","template":"","meta":[],"product_cat":[18],"product_tag":[],"class_list":{"0":"post-4254","1":"product","2":"type-product","3":"status-publish","4":"has-post-thumbnail","6":"product_cat-gastronomia","8":"first","9":"outofstock","10":"shipping-taxable","11":"product-type-simple"},"yoast_head":"<!-- This site is optimized with the Yoast SEO plugin v23.3 - https:\/\/yoast.com\/wordpress\/plugins\/seo\/ -->\n<title>GINEBRA BEEFEATER LONDON MARKET - Consigel<\/title>\n<meta name=\"robots\" content=\"index, follow, max-snippet:-1, max-image-preview:large, max-video-preview:-1\" \/>\n<link rel=\"canonical\" href=\"https:\/\/www.consigel.com\/ca\/producte\/ginebra-beefeater-london-market\/\" \/>\n<meta property=\"og:locale\" content=\"ca_ES\" \/>\n<meta property=\"og:type\" content=\"article\" \/>\n<meta property=\"og:title\" content=\"GINEBRA BEEFEATER LONDON MARKET - Consigel\" \/>\n<meta property=\"og:description\" content=\"\ufeffLa destiler\u00eda creadora de la ginebra Beefeater, como en anteriores ocasiones, ha decidi\u00f3 sacar al mercado una edici\u00f3n limitada llamada Beefeater London Market. Su nombre se debe a que los bot\u00e1nicos utilizados para la elaboraci\u00f3n de esta ginebra se pueden encontrar en los mercados de Londres. Los bot\u00e1nicos utilizados en su elaboraci\u00f3n s\u00f3n: semillas de [...]\" \/>\n<meta property=\"og:url\" content=\"https:\/\/www.consigel.com\/ca\/producte\/ginebra-beefeater-london-market\/\" \/>\n<meta property=\"og:site_name\" content=\"Consigel\" \/>\n<meta property=\"og:image\" content=\"https:\/\/www.consigel.com\/wp-content\/uploads\/2013\/10\/243-thickbox_default-GINEBRA-BEEFEATER-LONDON-MARKET.jpg\" \/>\n\t<meta property=\"og:image:width\" content=\"1200\" \/>\n\t<meta property=\"og:image:height\" content=\"1200\" \/>\n\t<meta property=\"og:image:type\" content=\"image\/jpeg\" \/>\n<meta name=\"twitter:card\" content=\"summary_large_image\" \/>\n<meta name=\"twitter:label1\" content=\"Temps estimat de lectura\" \/>\n\t<meta name=\"twitter:data1\" content=\"1 minut\" \/>\n<script type=\"application\/ld+json\" class=\"yoast-schema-graph\">{\"@context\":\"https:\/\/schema.org\",\"@graph\":[{\"@type\":\"WebPage\",\"@id\":\"https:\/\/www.consigel.com\/ca\/producte\/ginebra-beefeater-london-market\/\",\"url\":\"https:\/\/www.consigel.com\/ca\/producte\/ginebra-beefeater-london-market\/\",\"name\":\"GINEBRA BEEFEATER LONDON MARKET - Consigel\",\"isPartOf\":{\"@id\":\"https:\/\/www.consigel.com\/ca\/#website\"},\"primaryImageOfPage\":{\"@id\":\"https:\/\/www.consigel.com\/ca\/producte\/ginebra-beefeater-london-market\/#primaryimage\"},\"image\":{\"@id\":\"https:\/\/www.consigel.com\/ca\/producte\/ginebra-beefeater-london-market\/#primaryimage\"},\"thumbnailUrl\":\"https:\/\/www.consigel.com\/wp-content\/uploads\/2013\/10\/243-thickbox_default-GINEBRA-BEEFEATER-LONDON-MARKET.jpg\",\"datePublished\":\"2013-10-05T22:21:33+00:00\",\"dateModified\":\"2013-10-05T22:21:33+00:00\",\"breadcrumb\":{\"@id\":\"https:\/\/www.consigel.com\/ca\/producte\/ginebra-beefeater-london-market\/#breadcrumb\"},\"inLanguage\":\"ca\",\"potentialAction\":[{\"@type\":\"ReadAction\",\"target\":[\"https:\/\/www.consigel.com\/ca\/producte\/ginebra-beefeater-london-market\/\"]}]},{\"@type\":\"ImageObject\",\"inLanguage\":\"ca\",\"@id\":\"https:\/\/www.consigel.com\/ca\/producte\/ginebra-beefeater-london-market\/#primaryimage\",\"url\":\"https:\/\/www.consigel.com\/wp-content\/uploads\/2013\/10\/243-thickbox_default-GINEBRA-BEEFEATER-LONDON-MARKET.jpg\",\"contentUrl\":\"https:\/\/www.consigel.com\/wp-content\/uploads\/2013\/10\/243-thickbox_default-GINEBRA-BEEFEATER-LONDON-MARKET.jpg\",\"width\":1200,\"height\":1200},{\"@type\":\"BreadcrumbList\",\"@id\":\"https:\/\/www.consigel.com\/ca\/producte\/ginebra-beefeater-london-market\/#breadcrumb\",\"itemListElement\":[{\"@type\":\"ListItem\",\"position\":1,\"name\":\"Portada\",\"item\":\"https:\/\/www.consigel.com\/ca\/\"},{\"@type\":\"ListItem\",\"position\":2,\"name\":\"Shop\",\"item\":\"https:\/\/www.consigel.com\/ca\/shop\/\"},{\"@type\":\"ListItem\",\"position\":3,\"name\":\"GINEBRA BEEFEATER LONDON MARKET\"}]},{\"@type\":\"WebSite\",\"@id\":\"https:\/\/www.consigel.com\/ca\/#website\",\"url\":\"https:\/\/www.consigel.com\/ca\/\",\"name\":\"Consigel\",\"description\":\"\",\"potentialAction\":[{\"@type\":\"SearchAction\",\"target\":{\"@type\":\"EntryPoint\",\"urlTemplate\":\"https:\/\/www.consigel.com\/ca\/?s={search_term_string}\"},\"query-input\":\"required name=search_term_string\"}],\"inLanguage\":\"ca\"}]}<\/script>\n<!-- \/ Yoast SEO plugin. -->","yoast_head_json":{"title":"GINEBRA BEEFEATER LONDON MARKET - Consigel","robots":{"index":"index","follow":"follow","max-snippet":"max-snippet:-1","max-image-preview":"max-image-preview:large","max-video-preview":"max-video-preview:-1"},"canonical":"https:\/\/www.consigel.com\/ca\/producte\/ginebra-beefeater-london-market\/","og_locale":"ca_ES","og_type":"article","og_title":"GINEBRA BEEFEATER LONDON MARKET - Consigel","og_description":"\ufeffLa destiler\u00eda creadora de la ginebra Beefeater, como en anteriores ocasiones, ha decidi\u00f3 sacar al mercado una edici\u00f3n limitada llamada Beefeater London Market. Su nombre se debe a que los bot\u00e1nicos utilizados para la elaboraci\u00f3n de esta ginebra se pueden encontrar en los mercados de Londres. Los bot\u00e1nicos utilizados en su elaboraci\u00f3n s\u00f3n: semillas de [...]","og_url":"https:\/\/www.consigel.com\/ca\/producte\/ginebra-beefeater-london-market\/","og_site_name":"Consigel","og_image":[{"width":1200,"height":1200,"url":"https:\/\/www.consigel.com\/wp-content\/uploads\/2013\/10\/243-thickbox_default-GINEBRA-BEEFEATER-LONDON-MARKET.jpg","type":"image\/jpeg"}],"twitter_card":"summary_large_image","twitter_misc":{"Temps estimat de lectura":"1 minut"},"schema":{"@context":"https:\/\/schema.org","@graph":[{"@type":"WebPage","@id":"https:\/\/www.consigel.com\/ca\/producte\/ginebra-beefeater-london-market\/","url":"https:\/\/www.consigel.com\/ca\/producte\/ginebra-beefeater-london-market\/","name":"GINEBRA BEEFEATER LONDON MARKET - Consigel","isPartOf":{"@id":"https:\/\/www.consigel.com\/ca\/#website"},"primaryImageOfPage":{"@id":"https:\/\/www.consigel.com\/ca\/producte\/ginebra-beefeater-london-market\/#primaryimage"},"image":{"@id":"https:\/\/www.consigel.com\/ca\/producte\/ginebra-beefeater-london-market\/#primaryimage"},"thumbnailUrl":"https:\/\/www.consigel.com\/wp-content\/uploads\/2013\/10\/243-thickbox_default-GINEBRA-BEEFEATER-LONDON-MARKET.jpg","datePublished":"2013-10-05T22:21:33+00:00","dateModified":"2013-10-05T22:21:33+00:00","breadcrumb":{"@id":"https:\/\/www.consigel.com\/ca\/producte\/ginebra-beefeater-london-market\/#breadcrumb"},"inLanguage":"ca","potentialAction":[{"@type":"ReadAction","target":["https:\/\/www.consigel.com\/ca\/producte\/ginebra-beefeater-london-market\/"]}]},{"@type":"ImageObject","inLanguage":"ca","@id":"https:\/\/www.consigel.com\/ca\/producte\/ginebra-beefeater-london-market\/#primaryimage","url":"https:\/\/www.consigel.com\/wp-content\/uploads\/2013\/10\/243-thickbox_default-GINEBRA-BEEFEATER-LONDON-MARKET.jpg","contentUrl":"https:\/\/www.consigel.com\/wp-content\/uploads\/2013\/10\/243-thickbox_default-GINEBRA-BEEFEATER-LONDON-MARKET.jpg","width":1200,"height":1200},{"@type":"BreadcrumbList","@id":"https:\/\/www.consigel.com\/ca\/producte\/ginebra-beefeater-london-market\/#breadcrumb","itemListElement":[{"@type":"ListItem","position":1,"name":"Portada","item":"https:\/\/www.consigel.com\/ca\/"},{"@type":"ListItem","position":2,"name":"Shop","item":"https:\/\/www.consigel.com\/ca\/shop\/"},{"@type":"ListItem","position":3,"name":"GINEBRA BEEFEATER LONDON MARKET"}]},{"@type":"WebSite","@id":"https:\/\/www.consigel.com\/ca\/#website","url":"https:\/\/www.consigel.com\/ca\/","name":"Consigel","description":"","potentialAction":[{"@type":"SearchAction","target":{"@type":"EntryPoint","urlTemplate":"https:\/\/www.consigel.com\/ca\/?s={search_term_string}"},"query-input":"required name=search_term_string"}],"inLanguage":"ca"}]}},"_links":{"self":[{"href":"https:\/\/www.consigel.com\/ca\/wp-json\/wp\/v2\/product\/4254","targetHints":{"allow":["GET"]}}],"collection":[{"href":"https:\/\/www.consigel.com\/ca\/wp-json\/wp\/v2\/product"}],"about":[{"href":"https:\/\/www.consigel.com\/ca\/wp-json\/wp\/v2\/types\/product"}],"replies":[{"embeddable":true,"href":"https:\/\/www.consigel.com\/ca\/wp-json\/wp\/v2\/comments?post=4254"}],"wp:featuredmedia":[{"embeddable":true,"href":"https:\/\/www.consigel.com\/ca\/wp-json\/wp\/v2\/media\/2472"}],"wp:attachment":[{"href":"https:\/\/www.consigel.com\/ca\/wp-json\/wp\/v2\/media?parent=4254"}],"wp:term":[{"taxonomy":"product_cat","embeddable":true,"href":"https:\/\/www.consigel.com\/ca\/wp-json\/wp\/v2\/product_cat?post=4254"},{"taxonomy":"product_tag","embeddable":true,"href":"https:\/\/www.consigel.com\/ca\/wp-json\/wp\/v2\/product_tag?post=4254"}],"curies":[{"name":"wp","href":"https:\/\/api.w.org\/{rel}","templated":true}]}}