{"id":4248,"date":"2013-10-05T22:21:33","date_gmt":"2013-10-05T22:21:33","guid":{"rendered":"http:\/\/www.consigel.com\/producte\/ginebra-bloomsbury-lemon\/"},"modified":"2013-10-05T22:21:33","modified_gmt":"2013-10-05T22:21:33","slug":"ginebra-bloomsbury-lemon","status":"publish","type":"product","link":"https:\/\/www.consigel.com\/ca\/producte\/ginebra-bloomsbury-lemon\/","title":{"rendered":"GINEBRA BLOOMSBURY LEMON"},"content":{"rendered":"<p>Bloomsbury es una ginebra tipo London Dry fabricada y embotellada en Londres. Los bot\u00e1nicos utilizados en su proceso de elaboraci\u00f3n los desconocemos. En este caso, a la ginebra Bloomsbury Original se le ha a\u00f1adido lim\u00f3n. Como es obvio, destaca la presencia del lim\u00f3n as\u00ed como unas peque\u00f1as notas de vainilla. Destacan los toques dulces al final de cada trago.  gintoniQ\u00a0 te recomienda combinar la ginebra Bloomsbury Lemon con la t\u00f3nica Indi&amp;Co Lemon, una vaina de vainilla, piel de lim\u00f3n y hielo.<\/p>\n","protected":false},"excerpt":{"rendered":"<p>Bloomsbury es una ginebra tipo London Dry fabricada y embotellada en Londres. Los bot\u00e1nicos utilizados en su proceso de elaboraci\u00f3n los desconocemos. En este caso, a la ginebra Bloomsbury Original se le ha a\u00f1adido lim\u00f3n. Como es obvio, destaca la presencia del lim\u00f3n as\u00ed como unas peque\u00f1as notas de vainilla. Destacan los toques dulces al [&#8230;]\n","protected":false},"featured_media":2469,"comment_status":"open","ping_status":"closed","template":"","meta":[],"product_cat":[18],"product_tag":[],"class_list":{"0":"post-4248","1":"product","2":"type-product","3":"status-publish","4":"has-post-thumbnail","6":"product_cat-gastronomia","8":"first","9":"outofstock","10":"shipping-taxable","11":"product-type-simple"},"yoast_head":"<!-- This site is optimized with the Yoast SEO plugin v23.3 - https:\/\/yoast.com\/wordpress\/plugins\/seo\/ -->\n<title>GINEBRA BLOOMSBURY LEMON - Consigel<\/title>\n<meta name=\"robots\" content=\"index, follow, max-snippet:-1, max-image-preview:large, max-video-preview:-1\" \/>\n<link rel=\"canonical\" href=\"https:\/\/www.consigel.com\/ca\/producte\/ginebra-bloomsbury-lemon\/\" \/>\n<meta property=\"og:locale\" content=\"ca_ES\" \/>\n<meta property=\"og:type\" content=\"article\" \/>\n<meta property=\"og:title\" content=\"GINEBRA BLOOMSBURY LEMON - Consigel\" \/>\n<meta property=\"og:description\" content=\"Bloomsbury es una ginebra tipo London Dry fabricada y embotellada en Londres. Los bot\u00e1nicos utilizados en su proceso de elaboraci\u00f3n los desconocemos. En este caso, a la ginebra Bloomsbury Original se le ha a\u00f1adido lim\u00f3n. Como es obvio, destaca la presencia del lim\u00f3n as\u00ed como unas peque\u00f1as notas de vainilla. Destacan los toques dulces al [...]\" \/>\n<meta property=\"og:url\" content=\"https:\/\/www.consigel.com\/ca\/producte\/ginebra-bloomsbury-lemon\/\" \/>\n<meta property=\"og:site_name\" content=\"Consigel\" \/>\n<meta property=\"og:image\" content=\"https:\/\/www.consigel.com\/wp-content\/uploads\/2013\/10\/240-thickbox_default-GINEBRA-BLOOMSBURY-LEMON.jpg\" \/>\n\t<meta property=\"og:image:width\" content=\"1200\" \/>\n\t<meta property=\"og:image:height\" content=\"1200\" \/>\n\t<meta property=\"og:image:type\" content=\"image\/jpeg\" \/>\n<meta name=\"twitter:card\" content=\"summary_large_image\" \/>\n<script type=\"application\/ld+json\" class=\"yoast-schema-graph\">{\"@context\":\"https:\/\/schema.org\",\"@graph\":[{\"@type\":\"WebPage\",\"@id\":\"https:\/\/www.consigel.com\/ca\/producte\/ginebra-bloomsbury-lemon\/\",\"url\":\"https:\/\/www.consigel.com\/ca\/producte\/ginebra-bloomsbury-lemon\/\",\"name\":\"GINEBRA BLOOMSBURY LEMON - Consigel\",\"isPartOf\":{\"@id\":\"https:\/\/www.consigel.com\/ca\/#website\"},\"primaryImageOfPage\":{\"@id\":\"https:\/\/www.consigel.com\/ca\/producte\/ginebra-bloomsbury-lemon\/#primaryimage\"},\"image\":{\"@id\":\"https:\/\/www.consigel.com\/ca\/producte\/ginebra-bloomsbury-lemon\/#primaryimage\"},\"thumbnailUrl\":\"https:\/\/www.consigel.com\/wp-content\/uploads\/2013\/10\/240-thickbox_default-GINEBRA-BLOOMSBURY-LEMON.jpg\",\"datePublished\":\"2013-10-05T22:21:33+00:00\",\"dateModified\":\"2013-10-05T22:21:33+00:00\",\"breadcrumb\":{\"@id\":\"https:\/\/www.consigel.com\/ca\/producte\/ginebra-bloomsbury-lemon\/#breadcrumb\"},\"inLanguage\":\"ca\",\"potentialAction\":[{\"@type\":\"ReadAction\",\"target\":[\"https:\/\/www.consigel.com\/ca\/producte\/ginebra-bloomsbury-lemon\/\"]}]},{\"@type\":\"ImageObject\",\"inLanguage\":\"ca\",\"@id\":\"https:\/\/www.consigel.com\/ca\/producte\/ginebra-bloomsbury-lemon\/#primaryimage\",\"url\":\"https:\/\/www.consigel.com\/wp-content\/uploads\/2013\/10\/240-thickbox_default-GINEBRA-BLOOMSBURY-LEMON.jpg\",\"contentUrl\":\"https:\/\/www.consigel.com\/wp-content\/uploads\/2013\/10\/240-thickbox_default-GINEBRA-BLOOMSBURY-LEMON.jpg\",\"width\":1200,\"height\":1200},{\"@type\":\"BreadcrumbList\",\"@id\":\"https:\/\/www.consigel.com\/ca\/producte\/ginebra-bloomsbury-lemon\/#breadcrumb\",\"itemListElement\":[{\"@type\":\"ListItem\",\"position\":1,\"name\":\"Portada\",\"item\":\"https:\/\/www.consigel.com\/ca\/\"},{\"@type\":\"ListItem\",\"position\":2,\"name\":\"Shop\",\"item\":\"https:\/\/www.consigel.com\/ca\/shop\/\"},{\"@type\":\"ListItem\",\"position\":3,\"name\":\"GINEBRA BLOOMSBURY LEMON\"}]},{\"@type\":\"WebSite\",\"@id\":\"https:\/\/www.consigel.com\/ca\/#website\",\"url\":\"https:\/\/www.consigel.com\/ca\/\",\"name\":\"Consigel\",\"description\":\"\",\"potentialAction\":[{\"@type\":\"SearchAction\",\"target\":{\"@type\":\"EntryPoint\",\"urlTemplate\":\"https:\/\/www.consigel.com\/ca\/?s={search_term_string}\"},\"query-input\":\"required name=search_term_string\"}],\"inLanguage\":\"ca\"}]}<\/script>\n<!-- \/ Yoast SEO plugin. -->","yoast_head_json":{"title":"GINEBRA BLOOMSBURY LEMON - Consigel","robots":{"index":"index","follow":"follow","max-snippet":"max-snippet:-1","max-image-preview":"max-image-preview:large","max-video-preview":"max-video-preview:-1"},"canonical":"https:\/\/www.consigel.com\/ca\/producte\/ginebra-bloomsbury-lemon\/","og_locale":"ca_ES","og_type":"article","og_title":"GINEBRA BLOOMSBURY LEMON - Consigel","og_description":"Bloomsbury es una ginebra tipo London Dry fabricada y embotellada en Londres. Los bot\u00e1nicos utilizados en su proceso de elaboraci\u00f3n los desconocemos. En este caso, a la ginebra Bloomsbury Original se le ha a\u00f1adido lim\u00f3n. Como es obvio, destaca la presencia del lim\u00f3n as\u00ed como unas peque\u00f1as notas de vainilla. Destacan los toques dulces al [...]","og_url":"https:\/\/www.consigel.com\/ca\/producte\/ginebra-bloomsbury-lemon\/","og_site_name":"Consigel","og_image":[{"width":1200,"height":1200,"url":"https:\/\/www.consigel.com\/wp-content\/uploads\/2013\/10\/240-thickbox_default-GINEBRA-BLOOMSBURY-LEMON.jpg","type":"image\/jpeg"}],"twitter_card":"summary_large_image","schema":{"@context":"https:\/\/schema.org","@graph":[{"@type":"WebPage","@id":"https:\/\/www.consigel.com\/ca\/producte\/ginebra-bloomsbury-lemon\/","url":"https:\/\/www.consigel.com\/ca\/producte\/ginebra-bloomsbury-lemon\/","name":"GINEBRA BLOOMSBURY LEMON - Consigel","isPartOf":{"@id":"https:\/\/www.consigel.com\/ca\/#website"},"primaryImageOfPage":{"@id":"https:\/\/www.consigel.com\/ca\/producte\/ginebra-bloomsbury-lemon\/#primaryimage"},"image":{"@id":"https:\/\/www.consigel.com\/ca\/producte\/ginebra-bloomsbury-lemon\/#primaryimage"},"thumbnailUrl":"https:\/\/www.consigel.com\/wp-content\/uploads\/2013\/10\/240-thickbox_default-GINEBRA-BLOOMSBURY-LEMON.jpg","datePublished":"2013-10-05T22:21:33+00:00","dateModified":"2013-10-05T22:21:33+00:00","breadcrumb":{"@id":"https:\/\/www.consigel.com\/ca\/producte\/ginebra-bloomsbury-lemon\/#breadcrumb"},"inLanguage":"ca","potentialAction":[{"@type":"ReadAction","target":["https:\/\/www.consigel.com\/ca\/producte\/ginebra-bloomsbury-lemon\/"]}]},{"@type":"ImageObject","inLanguage":"ca","@id":"https:\/\/www.consigel.com\/ca\/producte\/ginebra-bloomsbury-lemon\/#primaryimage","url":"https:\/\/www.consigel.com\/wp-content\/uploads\/2013\/10\/240-thickbox_default-GINEBRA-BLOOMSBURY-LEMON.jpg","contentUrl":"https:\/\/www.consigel.com\/wp-content\/uploads\/2013\/10\/240-thickbox_default-GINEBRA-BLOOMSBURY-LEMON.jpg","width":1200,"height":1200},{"@type":"BreadcrumbList","@id":"https:\/\/www.consigel.com\/ca\/producte\/ginebra-bloomsbury-lemon\/#breadcrumb","itemListElement":[{"@type":"ListItem","position":1,"name":"Portada","item":"https:\/\/www.consigel.com\/ca\/"},{"@type":"ListItem","position":2,"name":"Shop","item":"https:\/\/www.consigel.com\/ca\/shop\/"},{"@type":"ListItem","position":3,"name":"GINEBRA BLOOMSBURY LEMON"}]},{"@type":"WebSite","@id":"https:\/\/www.consigel.com\/ca\/#website","url":"https:\/\/www.consigel.com\/ca\/","name":"Consigel","description":"","potentialAction":[{"@type":"SearchAction","target":{"@type":"EntryPoint","urlTemplate":"https:\/\/www.consigel.com\/ca\/?s={search_term_string}"},"query-input":"required name=search_term_string"}],"inLanguage":"ca"}]}},"_links":{"self":[{"href":"https:\/\/www.consigel.com\/ca\/wp-json\/wp\/v2\/product\/4248","targetHints":{"allow":["GET"]}}],"collection":[{"href":"https:\/\/www.consigel.com\/ca\/wp-json\/wp\/v2\/product"}],"about":[{"href":"https:\/\/www.consigel.com\/ca\/wp-json\/wp\/v2\/types\/product"}],"replies":[{"embeddable":true,"href":"https:\/\/www.consigel.com\/ca\/wp-json\/wp\/v2\/comments?post=4248"}],"wp:featuredmedia":[{"embeddable":true,"href":"https:\/\/www.consigel.com\/ca\/wp-json\/wp\/v2\/media\/2469"}],"wp:attachment":[{"href":"https:\/\/www.consigel.com\/ca\/wp-json\/wp\/v2\/media?parent=4248"}],"wp:term":[{"taxonomy":"product_cat","embeddable":true,"href":"https:\/\/www.consigel.com\/ca\/wp-json\/wp\/v2\/product_cat?post=4248"},{"taxonomy":"product_tag","embeddable":true,"href":"https:\/\/www.consigel.com\/ca\/wp-json\/wp\/v2\/product_tag?post=4248"}],"curies":[{"name":"wp","href":"https:\/\/api.w.org\/{rel}","templated":true}]}}