{"id":4223,"date":"2013-10-05T22:21:33","date_gmt":"2013-10-05T22:21:33","guid":{"rendered":"http:\/\/www.consigel.com\/producte\/ginebra-whitley-neill\/"},"modified":"2013-10-05T22:21:33","modified_gmt":"2013-10-05T22:21:33","slug":"ginebra-whitley-neill","status":"publish","type":"product","link":"https:\/\/www.consigel.com\/ca\/producte\/ginebra-whitley-neill\/","title":{"rendered":"GINEBRA WHITLEY NEILL"},"content":{"rendered":"<p>\ufeffEsta ginebra nace con el objetivo de conjugar la tradici\u00f3n brit\u00e1nica de la London gin con la esencia del continente Africano. Incluye nueve bot\u00e1nicos diferentes, entre los cuales destaca la semilla del \u00e1rbol de baobab, considerado por los africanos como el \u201c\u00e1rbol de la vida\u201d porque puede llegar a vivir tres mil a\u00f1os. Adem\u00e1s incorpora otros ingredientes ex\u00f3ticos, como grosella del Cabo o semillas de cilantro, y otros m\u00e1s habituales, como bayas de enebro, c\u00e1scara de lim\u00f3n y naranja, ra\u00edz de ang\u00e9lica, corteza de canela y ra\u00edz de lirio. Con esta original mezcla, posee un perfil arom\u00e1tico complejo, fragante, ex\u00f3tico, con matices picantes y met\u00e1licos. \u00a0 gintoniQ\u00a0te recomienda\u00a0combinar la Ginebra Whitley Neill con la t\u00f3nica Q tonic, 2 physalis cortados en l\u00e1minas y hielo.\ufeff<\/p>\n","protected":false},"excerpt":{"rendered":"<p>\ufeffEsta ginebra nace con el objetivo de conjugar la tradici\u00f3n brit\u00e1nica de la London gin con la esencia del continente Africano. Incluye nueve bot\u00e1nicos diferentes, entre los cuales destaca la semilla del \u00e1rbol de baobab, considerado por los africanos como el \u201c\u00e1rbol de la vida\u201d porque puede llegar a vivir tres mil a\u00f1os. Adem\u00e1s incorpora [&#8230;]\n","protected":false},"featured_media":2329,"comment_status":"open","ping_status":"closed","template":"","meta":[],"product_cat":[18],"product_tag":[],"class_list":{"0":"post-4223","1":"product","2":"type-product","3":"status-publish","4":"has-post-thumbnail","6":"product_cat-gastronomia","8":"first","9":"outofstock","10":"shipping-taxable","11":"product-type-simple"},"yoast_head":"<!-- This site is optimized with the Yoast SEO plugin v23.3 - https:\/\/yoast.com\/wordpress\/plugins\/seo\/ -->\n<title>GINEBRA WHITLEY NEILL - Consigel<\/title>\n<meta name=\"robots\" content=\"index, follow, max-snippet:-1, max-image-preview:large, max-video-preview:-1\" \/>\n<link rel=\"canonical\" href=\"https:\/\/www.consigel.com\/ca\/producte\/ginebra-whitley-neill\/\" \/>\n<meta property=\"og:locale\" content=\"ca_ES\" \/>\n<meta property=\"og:type\" content=\"article\" \/>\n<meta property=\"og:title\" content=\"GINEBRA WHITLEY NEILL - Consigel\" \/>\n<meta property=\"og:description\" content=\"\ufeffEsta ginebra nace con el objetivo de conjugar la tradici\u00f3n brit\u00e1nica de la London gin con la esencia del continente Africano. Incluye nueve bot\u00e1nicos diferentes, entre los cuales destaca la semilla del \u00e1rbol de baobab, considerado por los africanos como el \u201c\u00e1rbol de la vida\u201d porque puede llegar a vivir tres mil a\u00f1os. Adem\u00e1s incorpora [...]\" \/>\n<meta property=\"og:url\" content=\"https:\/\/www.consigel.com\/ca\/producte\/ginebra-whitley-neill\/\" \/>\n<meta property=\"og:site_name\" content=\"Consigel\" \/>\n<meta property=\"og:image\" content=\"https:\/\/www.consigel.com\/wp-content\/uploads\/2013\/10\/85-thickbox_default-GINEBRA-WHITLEY-NEILL.jpg\" \/>\n\t<meta property=\"og:image:width\" content=\"1200\" \/>\n\t<meta property=\"og:image:height\" content=\"1200\" \/>\n\t<meta property=\"og:image:type\" content=\"image\/jpeg\" \/>\n<meta name=\"twitter:card\" content=\"summary_large_image\" \/>\n<meta name=\"twitter:label1\" content=\"Temps estimat de lectura\" \/>\n\t<meta name=\"twitter:data1\" content=\"1 minut\" \/>\n<script type=\"application\/ld+json\" class=\"yoast-schema-graph\">{\"@context\":\"https:\/\/schema.org\",\"@graph\":[{\"@type\":\"WebPage\",\"@id\":\"https:\/\/www.consigel.com\/ca\/producte\/ginebra-whitley-neill\/\",\"url\":\"https:\/\/www.consigel.com\/ca\/producte\/ginebra-whitley-neill\/\",\"name\":\"GINEBRA WHITLEY NEILL - Consigel\",\"isPartOf\":{\"@id\":\"https:\/\/www.consigel.com\/ca\/#website\"},\"primaryImageOfPage\":{\"@id\":\"https:\/\/www.consigel.com\/ca\/producte\/ginebra-whitley-neill\/#primaryimage\"},\"image\":{\"@id\":\"https:\/\/www.consigel.com\/ca\/producte\/ginebra-whitley-neill\/#primaryimage\"},\"thumbnailUrl\":\"https:\/\/www.consigel.com\/wp-content\/uploads\/2013\/10\/85-thickbox_default-GINEBRA-WHITLEY-NEILL.jpg\",\"datePublished\":\"2013-10-05T22:21:33+00:00\",\"dateModified\":\"2013-10-05T22:21:33+00:00\",\"breadcrumb\":{\"@id\":\"https:\/\/www.consigel.com\/ca\/producte\/ginebra-whitley-neill\/#breadcrumb\"},\"inLanguage\":\"ca\",\"potentialAction\":[{\"@type\":\"ReadAction\",\"target\":[\"https:\/\/www.consigel.com\/ca\/producte\/ginebra-whitley-neill\/\"]}]},{\"@type\":\"ImageObject\",\"inLanguage\":\"ca\",\"@id\":\"https:\/\/www.consigel.com\/ca\/producte\/ginebra-whitley-neill\/#primaryimage\",\"url\":\"https:\/\/www.consigel.com\/wp-content\/uploads\/2013\/10\/85-thickbox_default-GINEBRA-WHITLEY-NEILL.jpg\",\"contentUrl\":\"https:\/\/www.consigel.com\/wp-content\/uploads\/2013\/10\/85-thickbox_default-GINEBRA-WHITLEY-NEILL.jpg\",\"width\":1200,\"height\":1200},{\"@type\":\"BreadcrumbList\",\"@id\":\"https:\/\/www.consigel.com\/ca\/producte\/ginebra-whitley-neill\/#breadcrumb\",\"itemListElement\":[{\"@type\":\"ListItem\",\"position\":1,\"name\":\"Portada\",\"item\":\"https:\/\/www.consigel.com\/ca\/\"},{\"@type\":\"ListItem\",\"position\":2,\"name\":\"Shop\",\"item\":\"https:\/\/www.consigel.com\/ca\/shop\/\"},{\"@type\":\"ListItem\",\"position\":3,\"name\":\"GINEBRA WHITLEY NEILL\"}]},{\"@type\":\"WebSite\",\"@id\":\"https:\/\/www.consigel.com\/ca\/#website\",\"url\":\"https:\/\/www.consigel.com\/ca\/\",\"name\":\"Consigel\",\"description\":\"\",\"potentialAction\":[{\"@type\":\"SearchAction\",\"target\":{\"@type\":\"EntryPoint\",\"urlTemplate\":\"https:\/\/www.consigel.com\/ca\/?s={search_term_string}\"},\"query-input\":\"required name=search_term_string\"}],\"inLanguage\":\"ca\"}]}<\/script>\n<!-- \/ Yoast SEO plugin. -->","yoast_head_json":{"title":"GINEBRA WHITLEY NEILL - Consigel","robots":{"index":"index","follow":"follow","max-snippet":"max-snippet:-1","max-image-preview":"max-image-preview:large","max-video-preview":"max-video-preview:-1"},"canonical":"https:\/\/www.consigel.com\/ca\/producte\/ginebra-whitley-neill\/","og_locale":"ca_ES","og_type":"article","og_title":"GINEBRA WHITLEY NEILL - Consigel","og_description":"\ufeffEsta ginebra nace con el objetivo de conjugar la tradici\u00f3n brit\u00e1nica de la London gin con la esencia del continente Africano. Incluye nueve bot\u00e1nicos diferentes, entre los cuales destaca la semilla del \u00e1rbol de baobab, considerado por los africanos como el \u201c\u00e1rbol de la vida\u201d porque puede llegar a vivir tres mil a\u00f1os. Adem\u00e1s incorpora [...]","og_url":"https:\/\/www.consigel.com\/ca\/producte\/ginebra-whitley-neill\/","og_site_name":"Consigel","og_image":[{"width":1200,"height":1200,"url":"https:\/\/www.consigel.com\/wp-content\/uploads\/2013\/10\/85-thickbox_default-GINEBRA-WHITLEY-NEILL.jpg","type":"image\/jpeg"}],"twitter_card":"summary_large_image","twitter_misc":{"Temps estimat de lectura":"1 minut"},"schema":{"@context":"https:\/\/schema.org","@graph":[{"@type":"WebPage","@id":"https:\/\/www.consigel.com\/ca\/producte\/ginebra-whitley-neill\/","url":"https:\/\/www.consigel.com\/ca\/producte\/ginebra-whitley-neill\/","name":"GINEBRA WHITLEY NEILL - Consigel","isPartOf":{"@id":"https:\/\/www.consigel.com\/ca\/#website"},"primaryImageOfPage":{"@id":"https:\/\/www.consigel.com\/ca\/producte\/ginebra-whitley-neill\/#primaryimage"},"image":{"@id":"https:\/\/www.consigel.com\/ca\/producte\/ginebra-whitley-neill\/#primaryimage"},"thumbnailUrl":"https:\/\/www.consigel.com\/wp-content\/uploads\/2013\/10\/85-thickbox_default-GINEBRA-WHITLEY-NEILL.jpg","datePublished":"2013-10-05T22:21:33+00:00","dateModified":"2013-10-05T22:21:33+00:00","breadcrumb":{"@id":"https:\/\/www.consigel.com\/ca\/producte\/ginebra-whitley-neill\/#breadcrumb"},"inLanguage":"ca","potentialAction":[{"@type":"ReadAction","target":["https:\/\/www.consigel.com\/ca\/producte\/ginebra-whitley-neill\/"]}]},{"@type":"ImageObject","inLanguage":"ca","@id":"https:\/\/www.consigel.com\/ca\/producte\/ginebra-whitley-neill\/#primaryimage","url":"https:\/\/www.consigel.com\/wp-content\/uploads\/2013\/10\/85-thickbox_default-GINEBRA-WHITLEY-NEILL.jpg","contentUrl":"https:\/\/www.consigel.com\/wp-content\/uploads\/2013\/10\/85-thickbox_default-GINEBRA-WHITLEY-NEILL.jpg","width":1200,"height":1200},{"@type":"BreadcrumbList","@id":"https:\/\/www.consigel.com\/ca\/producte\/ginebra-whitley-neill\/#breadcrumb","itemListElement":[{"@type":"ListItem","position":1,"name":"Portada","item":"https:\/\/www.consigel.com\/ca\/"},{"@type":"ListItem","position":2,"name":"Shop","item":"https:\/\/www.consigel.com\/ca\/shop\/"},{"@type":"ListItem","position":3,"name":"GINEBRA WHITLEY NEILL"}]},{"@type":"WebSite","@id":"https:\/\/www.consigel.com\/ca\/#website","url":"https:\/\/www.consigel.com\/ca\/","name":"Consigel","description":"","potentialAction":[{"@type":"SearchAction","target":{"@type":"EntryPoint","urlTemplate":"https:\/\/www.consigel.com\/ca\/?s={search_term_string}"},"query-input":"required name=search_term_string"}],"inLanguage":"ca"}]}},"_links":{"self":[{"href":"https:\/\/www.consigel.com\/ca\/wp-json\/wp\/v2\/product\/4223","targetHints":{"allow":["GET"]}}],"collection":[{"href":"https:\/\/www.consigel.com\/ca\/wp-json\/wp\/v2\/product"}],"about":[{"href":"https:\/\/www.consigel.com\/ca\/wp-json\/wp\/v2\/types\/product"}],"replies":[{"embeddable":true,"href":"https:\/\/www.consigel.com\/ca\/wp-json\/wp\/v2\/comments?post=4223"}],"wp:featuredmedia":[{"embeddable":true,"href":"https:\/\/www.consigel.com\/ca\/wp-json\/wp\/v2\/media\/2329"}],"wp:attachment":[{"href":"https:\/\/www.consigel.com\/ca\/wp-json\/wp\/v2\/media?parent=4223"}],"wp:term":[{"taxonomy":"product_cat","embeddable":true,"href":"https:\/\/www.consigel.com\/ca\/wp-json\/wp\/v2\/product_cat?post=4223"},{"taxonomy":"product_tag","embeddable":true,"href":"https:\/\/www.consigel.com\/ca\/wp-json\/wp\/v2\/product_tag?post=4223"}],"curies":[{"name":"wp","href":"https:\/\/api.w.org\/{rel}","templated":true}]}}