{"id":4222,"date":"2013-10-05T22:21:33","date_gmt":"2013-10-05T22:21:33","guid":{"rendered":"http:\/\/www.consigel.com\/producte\/ginebra-filliers-dry-28\/"},"modified":"2013-10-05T22:21:33","modified_gmt":"2013-10-05T22:21:33","slug":"ginebra-filliers-dry-28","status":"publish","type":"product","link":"https:\/\/www.consigel.com\/ca\/producte\/ginebra-filliers-dry-28\/","title":{"rendered":"GINEBRA FILLIERS DRY 28"},"content":{"rendered":"<p>Esta Ginebra se empez\u00f3 a\u00a0 tras la\u00a0 Primera Guerra Mundial, pero al comenzar la Segunda Guerra Mundial la f\u00f3rmula se perdi\u00f3. Hace unos a\u00f1os, Bernard Filliers (nieto del primer propietaria de la Destileria), encontr\u00f3 la f\u00f3rmula original de su abuelo en el archivo, y ha querido rendirle homenaje destilando esta magn\u00edfica Gin siendo 100% fiel a la receta original. En su elaboraci\u00f3n se emplean 28 bot\u00e1nicos y se hacen\u00a03 destilaciones en alambiques de cobre.  gintoniQ te recomienda combinar la ginebra Filliers Dry 28 con la t\u00f3nica Original Clasic, piel de lima, cilantro en grano y hielo.\ufeff\ufeff<\/p>\n","protected":false},"excerpt":{"rendered":"<p>Esta Ginebra se empez\u00f3 a\u00a0 tras la\u00a0 Primera Guerra Mundial, pero al comenzar la Segunda Guerra Mundial la f\u00f3rmula se perdi\u00f3. Hace unos a\u00f1os, Bernard Filliers (nieto del primer propietaria de la Destileria), encontr\u00f3 la f\u00f3rmula original de su abuelo en el archivo, y ha querido rendirle homenaje destilando esta magn\u00edfica Gin siendo 100% fiel [&#8230;]\n","protected":false},"featured_media":2456,"comment_status":"open","ping_status":"closed","template":"","meta":[],"product_cat":[18],"product_tag":[],"class_list":{"0":"post-4222","1":"product","2":"type-product","3":"status-publish","4":"has-post-thumbnail","6":"product_cat-gastronomia","8":"first","9":"outofstock","10":"shipping-taxable","11":"product-type-simple"},"yoast_head":"<!-- This site is optimized with the Yoast SEO plugin v23.3 - https:\/\/yoast.com\/wordpress\/plugins\/seo\/ -->\n<title>GINEBRA FILLIERS DRY 28 - Consigel<\/title>\n<meta name=\"robots\" content=\"index, follow, max-snippet:-1, max-image-preview:large, max-video-preview:-1\" \/>\n<link rel=\"canonical\" href=\"https:\/\/www.consigel.com\/ca\/producte\/ginebra-filliers-dry-28\/\" \/>\n<meta property=\"og:locale\" content=\"ca_ES\" \/>\n<meta property=\"og:type\" content=\"article\" \/>\n<meta property=\"og:title\" content=\"GINEBRA FILLIERS DRY 28 - Consigel\" \/>\n<meta property=\"og:description\" content=\"Esta Ginebra se empez\u00f3 a\u00a0 tras la\u00a0 Primera Guerra Mundial, pero al comenzar la Segunda Guerra Mundial la f\u00f3rmula se perdi\u00f3. Hace unos a\u00f1os, Bernard Filliers (nieto del primer propietaria de la Destileria), encontr\u00f3 la f\u00f3rmula original de su abuelo en el archivo, y ha querido rendirle homenaje destilando esta magn\u00edfica Gin siendo 100% fiel [...]\" \/>\n<meta property=\"og:url\" content=\"https:\/\/www.consigel.com\/ca\/producte\/ginebra-filliers-dry-28\/\" \/>\n<meta property=\"og:site_name\" content=\"Consigel\" \/>\n<meta property=\"og:image\" content=\"https:\/\/www.consigel.com\/wp-content\/uploads\/2013\/10\/227-thickbox_default-GINEBRA-FILLIERS-DRY-28.jpg\" \/>\n\t<meta property=\"og:image:width\" content=\"1200\" \/>\n\t<meta property=\"og:image:height\" content=\"1200\" \/>\n\t<meta property=\"og:image:type\" content=\"image\/jpeg\" \/>\n<meta name=\"twitter:card\" content=\"summary_large_image\" \/>\n<meta name=\"twitter:label1\" content=\"Temps estimat de lectura\" \/>\n\t<meta name=\"twitter:data1\" content=\"1 minut\" \/>\n<script type=\"application\/ld+json\" class=\"yoast-schema-graph\">{\"@context\":\"https:\/\/schema.org\",\"@graph\":[{\"@type\":\"WebPage\",\"@id\":\"https:\/\/www.consigel.com\/ca\/producte\/ginebra-filliers-dry-28\/\",\"url\":\"https:\/\/www.consigel.com\/ca\/producte\/ginebra-filliers-dry-28\/\",\"name\":\"GINEBRA FILLIERS DRY 28 - Consigel\",\"isPartOf\":{\"@id\":\"https:\/\/www.consigel.com\/ca\/#website\"},\"primaryImageOfPage\":{\"@id\":\"https:\/\/www.consigel.com\/ca\/producte\/ginebra-filliers-dry-28\/#primaryimage\"},\"image\":{\"@id\":\"https:\/\/www.consigel.com\/ca\/producte\/ginebra-filliers-dry-28\/#primaryimage\"},\"thumbnailUrl\":\"https:\/\/www.consigel.com\/wp-content\/uploads\/2013\/10\/227-thickbox_default-GINEBRA-FILLIERS-DRY-28.jpg\",\"datePublished\":\"2013-10-05T22:21:33+00:00\",\"dateModified\":\"2013-10-05T22:21:33+00:00\",\"breadcrumb\":{\"@id\":\"https:\/\/www.consigel.com\/ca\/producte\/ginebra-filliers-dry-28\/#breadcrumb\"},\"inLanguage\":\"ca\",\"potentialAction\":[{\"@type\":\"ReadAction\",\"target\":[\"https:\/\/www.consigel.com\/ca\/producte\/ginebra-filliers-dry-28\/\"]}]},{\"@type\":\"ImageObject\",\"inLanguage\":\"ca\",\"@id\":\"https:\/\/www.consigel.com\/ca\/producte\/ginebra-filliers-dry-28\/#primaryimage\",\"url\":\"https:\/\/www.consigel.com\/wp-content\/uploads\/2013\/10\/227-thickbox_default-GINEBRA-FILLIERS-DRY-28.jpg\",\"contentUrl\":\"https:\/\/www.consigel.com\/wp-content\/uploads\/2013\/10\/227-thickbox_default-GINEBRA-FILLIERS-DRY-28.jpg\",\"width\":1200,\"height\":1200},{\"@type\":\"BreadcrumbList\",\"@id\":\"https:\/\/www.consigel.com\/ca\/producte\/ginebra-filliers-dry-28\/#breadcrumb\",\"itemListElement\":[{\"@type\":\"ListItem\",\"position\":1,\"name\":\"Portada\",\"item\":\"https:\/\/www.consigel.com\/ca\/\"},{\"@type\":\"ListItem\",\"position\":2,\"name\":\"Shop\",\"item\":\"https:\/\/www.consigel.com\/ca\/shop\/\"},{\"@type\":\"ListItem\",\"position\":3,\"name\":\"GINEBRA FILLIERS DRY 28\"}]},{\"@type\":\"WebSite\",\"@id\":\"https:\/\/www.consigel.com\/ca\/#website\",\"url\":\"https:\/\/www.consigel.com\/ca\/\",\"name\":\"Consigel\",\"description\":\"\",\"potentialAction\":[{\"@type\":\"SearchAction\",\"target\":{\"@type\":\"EntryPoint\",\"urlTemplate\":\"https:\/\/www.consigel.com\/ca\/?s={search_term_string}\"},\"query-input\":\"required name=search_term_string\"}],\"inLanguage\":\"ca\"}]}<\/script>\n<!-- \/ Yoast SEO plugin. -->","yoast_head_json":{"title":"GINEBRA FILLIERS DRY 28 - Consigel","robots":{"index":"index","follow":"follow","max-snippet":"max-snippet:-1","max-image-preview":"max-image-preview:large","max-video-preview":"max-video-preview:-1"},"canonical":"https:\/\/www.consigel.com\/ca\/producte\/ginebra-filliers-dry-28\/","og_locale":"ca_ES","og_type":"article","og_title":"GINEBRA FILLIERS DRY 28 - Consigel","og_description":"Esta Ginebra se empez\u00f3 a\u00a0 tras la\u00a0 Primera Guerra Mundial, pero al comenzar la Segunda Guerra Mundial la f\u00f3rmula se perdi\u00f3. Hace unos a\u00f1os, Bernard Filliers (nieto del primer propietaria de la Destileria), encontr\u00f3 la f\u00f3rmula original de su abuelo en el archivo, y ha querido rendirle homenaje destilando esta magn\u00edfica Gin siendo 100% fiel [...]","og_url":"https:\/\/www.consigel.com\/ca\/producte\/ginebra-filliers-dry-28\/","og_site_name":"Consigel","og_image":[{"width":1200,"height":1200,"url":"https:\/\/www.consigel.com\/wp-content\/uploads\/2013\/10\/227-thickbox_default-GINEBRA-FILLIERS-DRY-28.jpg","type":"image\/jpeg"}],"twitter_card":"summary_large_image","twitter_misc":{"Temps estimat de lectura":"1 minut"},"schema":{"@context":"https:\/\/schema.org","@graph":[{"@type":"WebPage","@id":"https:\/\/www.consigel.com\/ca\/producte\/ginebra-filliers-dry-28\/","url":"https:\/\/www.consigel.com\/ca\/producte\/ginebra-filliers-dry-28\/","name":"GINEBRA FILLIERS DRY 28 - Consigel","isPartOf":{"@id":"https:\/\/www.consigel.com\/ca\/#website"},"primaryImageOfPage":{"@id":"https:\/\/www.consigel.com\/ca\/producte\/ginebra-filliers-dry-28\/#primaryimage"},"image":{"@id":"https:\/\/www.consigel.com\/ca\/producte\/ginebra-filliers-dry-28\/#primaryimage"},"thumbnailUrl":"https:\/\/www.consigel.com\/wp-content\/uploads\/2013\/10\/227-thickbox_default-GINEBRA-FILLIERS-DRY-28.jpg","datePublished":"2013-10-05T22:21:33+00:00","dateModified":"2013-10-05T22:21:33+00:00","breadcrumb":{"@id":"https:\/\/www.consigel.com\/ca\/producte\/ginebra-filliers-dry-28\/#breadcrumb"},"inLanguage":"ca","potentialAction":[{"@type":"ReadAction","target":["https:\/\/www.consigel.com\/ca\/producte\/ginebra-filliers-dry-28\/"]}]},{"@type":"ImageObject","inLanguage":"ca","@id":"https:\/\/www.consigel.com\/ca\/producte\/ginebra-filliers-dry-28\/#primaryimage","url":"https:\/\/www.consigel.com\/wp-content\/uploads\/2013\/10\/227-thickbox_default-GINEBRA-FILLIERS-DRY-28.jpg","contentUrl":"https:\/\/www.consigel.com\/wp-content\/uploads\/2013\/10\/227-thickbox_default-GINEBRA-FILLIERS-DRY-28.jpg","width":1200,"height":1200},{"@type":"BreadcrumbList","@id":"https:\/\/www.consigel.com\/ca\/producte\/ginebra-filliers-dry-28\/#breadcrumb","itemListElement":[{"@type":"ListItem","position":1,"name":"Portada","item":"https:\/\/www.consigel.com\/ca\/"},{"@type":"ListItem","position":2,"name":"Shop","item":"https:\/\/www.consigel.com\/ca\/shop\/"},{"@type":"ListItem","position":3,"name":"GINEBRA FILLIERS DRY 28"}]},{"@type":"WebSite","@id":"https:\/\/www.consigel.com\/ca\/#website","url":"https:\/\/www.consigel.com\/ca\/","name":"Consigel","description":"","potentialAction":[{"@type":"SearchAction","target":{"@type":"EntryPoint","urlTemplate":"https:\/\/www.consigel.com\/ca\/?s={search_term_string}"},"query-input":"required name=search_term_string"}],"inLanguage":"ca"}]}},"_links":{"self":[{"href":"https:\/\/www.consigel.com\/ca\/wp-json\/wp\/v2\/product\/4222","targetHints":{"allow":["GET"]}}],"collection":[{"href":"https:\/\/www.consigel.com\/ca\/wp-json\/wp\/v2\/product"}],"about":[{"href":"https:\/\/www.consigel.com\/ca\/wp-json\/wp\/v2\/types\/product"}],"replies":[{"embeddable":true,"href":"https:\/\/www.consigel.com\/ca\/wp-json\/wp\/v2\/comments?post=4222"}],"wp:featuredmedia":[{"embeddable":true,"href":"https:\/\/www.consigel.com\/ca\/wp-json\/wp\/v2\/media\/2456"}],"wp:attachment":[{"href":"https:\/\/www.consigel.com\/ca\/wp-json\/wp\/v2\/media?parent=4222"}],"wp:term":[{"taxonomy":"product_cat","embeddable":true,"href":"https:\/\/www.consigel.com\/ca\/wp-json\/wp\/v2\/product_cat?post=4222"},{"taxonomy":"product_tag","embeddable":true,"href":"https:\/\/www.consigel.com\/ca\/wp-json\/wp\/v2\/product_tag?post=4222"}],"curies":[{"name":"wp","href":"https:\/\/api.w.org\/{rel}","templated":true}]}}