{"id":4221,"date":"2013-10-05T22:21:33","date_gmt":"2013-10-05T22:21:33","guid":{"rendered":"http:\/\/www.consigel.com\/producte\/ginebra-the-botanist-islay-dry\/"},"modified":"2013-10-05T22:21:33","modified_gmt":"2013-10-05T22:21:33","slug":"ginebra-the-botanist-islay-dry","status":"publish","type":"product","link":"https:\/\/www.consigel.com\/ca\/producte\/ginebra-the-botanist-islay-dry\/","title":{"rendered":"GINEBRA THE BOTANIST ISLAY DRY"},"content":{"rendered":"<p>Esta ginebra se elabora en la isla escocesa de Islay, conocida por la producci\u00f3n de whiskys. Contiene 31 bot\u00e1nicos, 22 de los cuales son plantas aut\u00f3ctonas de la propia isla que se recogen a mano. Destaca su color blanco cristalino, en nariz las sutiles notas de enebro, hierbas y flores, y en boca sus matices dulces. Especialmente el sabor a hierbas y flores, con notas c\u00edtricas y terrosas. \u00a0 gintoniQ\u00a0te recomienda\u00a0combinar la Ginebra The Botanish con la t\u00f3nica Original Mint, 1 hoja de menta y hielo.<\/p>\n","protected":false},"excerpt":{"rendered":"<p>Esta ginebra se elabora en la isla escocesa de Islay, conocida por la producci\u00f3n de whiskys. Contiene 31 bot\u00e1nicos, 22 de los cuales son plantas aut\u00f3ctonas de la propia isla que se recogen a mano. Destaca su color blanco cristalino, en nariz las sutiles notas de enebro, hierbas y flores, y en boca sus matices [&#8230;]\n","protected":false},"featured_media":2328,"comment_status":"open","ping_status":"closed","template":"","meta":[],"product_cat":[18],"product_tag":[],"class_list":{"0":"post-4221","1":"product","2":"type-product","3":"status-publish","4":"has-post-thumbnail","6":"product_cat-gastronomia","8":"first","9":"outofstock","10":"shipping-taxable","11":"product-type-simple"},"yoast_head":"<!-- This site is optimized with the Yoast SEO plugin v23.3 - https:\/\/yoast.com\/wordpress\/plugins\/seo\/ -->\n<title>GINEBRA THE BOTANIST ISLAY DRY - Consigel<\/title>\n<meta name=\"robots\" content=\"index, follow, max-snippet:-1, max-image-preview:large, max-video-preview:-1\" \/>\n<link rel=\"canonical\" href=\"https:\/\/www.consigel.com\/ca\/producte\/ginebra-the-botanist-islay-dry\/\" \/>\n<meta property=\"og:locale\" content=\"ca_ES\" \/>\n<meta property=\"og:type\" content=\"article\" \/>\n<meta property=\"og:title\" content=\"GINEBRA THE BOTANIST ISLAY DRY - Consigel\" \/>\n<meta property=\"og:description\" content=\"Esta ginebra se elabora en la isla escocesa de Islay, conocida por la producci\u00f3n de whiskys. Contiene 31 bot\u00e1nicos, 22 de los cuales son plantas aut\u00f3ctonas de la propia isla que se recogen a mano. Destaca su color blanco cristalino, en nariz las sutiles notas de enebro, hierbas y flores, y en boca sus matices [...]\" \/>\n<meta property=\"og:url\" content=\"https:\/\/www.consigel.com\/ca\/producte\/ginebra-the-botanist-islay-dry\/\" \/>\n<meta property=\"og:site_name\" content=\"Consigel\" \/>\n<meta property=\"og:image\" content=\"https:\/\/www.consigel.com\/wp-content\/uploads\/2013\/10\/84-thickbox_default-GINEBRA-THE-BOTANIST-ISLAY-DRY.jpg\" \/>\n\t<meta property=\"og:image:width\" content=\"1200\" \/>\n\t<meta property=\"og:image:height\" content=\"1200\" \/>\n\t<meta property=\"og:image:type\" content=\"image\/jpeg\" \/>\n<meta name=\"twitter:card\" content=\"summary_large_image\" \/>\n<script type=\"application\/ld+json\" class=\"yoast-schema-graph\">{\"@context\":\"https:\/\/schema.org\",\"@graph\":[{\"@type\":\"WebPage\",\"@id\":\"https:\/\/www.consigel.com\/ca\/producte\/ginebra-the-botanist-islay-dry\/\",\"url\":\"https:\/\/www.consigel.com\/ca\/producte\/ginebra-the-botanist-islay-dry\/\",\"name\":\"GINEBRA THE BOTANIST ISLAY DRY - Consigel\",\"isPartOf\":{\"@id\":\"https:\/\/www.consigel.com\/ca\/#website\"},\"primaryImageOfPage\":{\"@id\":\"https:\/\/www.consigel.com\/ca\/producte\/ginebra-the-botanist-islay-dry\/#primaryimage\"},\"image\":{\"@id\":\"https:\/\/www.consigel.com\/ca\/producte\/ginebra-the-botanist-islay-dry\/#primaryimage\"},\"thumbnailUrl\":\"https:\/\/www.consigel.com\/wp-content\/uploads\/2013\/10\/84-thickbox_default-GINEBRA-THE-BOTANIST-ISLAY-DRY.jpg\",\"datePublished\":\"2013-10-05T22:21:33+00:00\",\"dateModified\":\"2013-10-05T22:21:33+00:00\",\"breadcrumb\":{\"@id\":\"https:\/\/www.consigel.com\/ca\/producte\/ginebra-the-botanist-islay-dry\/#breadcrumb\"},\"inLanguage\":\"ca\",\"potentialAction\":[{\"@type\":\"ReadAction\",\"target\":[\"https:\/\/www.consigel.com\/ca\/producte\/ginebra-the-botanist-islay-dry\/\"]}]},{\"@type\":\"ImageObject\",\"inLanguage\":\"ca\",\"@id\":\"https:\/\/www.consigel.com\/ca\/producte\/ginebra-the-botanist-islay-dry\/#primaryimage\",\"url\":\"https:\/\/www.consigel.com\/wp-content\/uploads\/2013\/10\/84-thickbox_default-GINEBRA-THE-BOTANIST-ISLAY-DRY.jpg\",\"contentUrl\":\"https:\/\/www.consigel.com\/wp-content\/uploads\/2013\/10\/84-thickbox_default-GINEBRA-THE-BOTANIST-ISLAY-DRY.jpg\",\"width\":1200,\"height\":1200},{\"@type\":\"BreadcrumbList\",\"@id\":\"https:\/\/www.consigel.com\/ca\/producte\/ginebra-the-botanist-islay-dry\/#breadcrumb\",\"itemListElement\":[{\"@type\":\"ListItem\",\"position\":1,\"name\":\"Portada\",\"item\":\"https:\/\/www.consigel.com\/ca\/\"},{\"@type\":\"ListItem\",\"position\":2,\"name\":\"Shop\",\"item\":\"https:\/\/www.consigel.com\/ca\/shop\/\"},{\"@type\":\"ListItem\",\"position\":3,\"name\":\"GINEBRA THE BOTANIST ISLAY DRY\"}]},{\"@type\":\"WebSite\",\"@id\":\"https:\/\/www.consigel.com\/ca\/#website\",\"url\":\"https:\/\/www.consigel.com\/ca\/\",\"name\":\"Consigel\",\"description\":\"\",\"potentialAction\":[{\"@type\":\"SearchAction\",\"target\":{\"@type\":\"EntryPoint\",\"urlTemplate\":\"https:\/\/www.consigel.com\/ca\/?s={search_term_string}\"},\"query-input\":\"required name=search_term_string\"}],\"inLanguage\":\"ca\"}]}<\/script>\n<!-- \/ Yoast SEO plugin. -->","yoast_head_json":{"title":"GINEBRA THE BOTANIST ISLAY DRY - Consigel","robots":{"index":"index","follow":"follow","max-snippet":"max-snippet:-1","max-image-preview":"max-image-preview:large","max-video-preview":"max-video-preview:-1"},"canonical":"https:\/\/www.consigel.com\/ca\/producte\/ginebra-the-botanist-islay-dry\/","og_locale":"ca_ES","og_type":"article","og_title":"GINEBRA THE BOTANIST ISLAY DRY - Consigel","og_description":"Esta ginebra se elabora en la isla escocesa de Islay, conocida por la producci\u00f3n de whiskys. Contiene 31 bot\u00e1nicos, 22 de los cuales son plantas aut\u00f3ctonas de la propia isla que se recogen a mano. Destaca su color blanco cristalino, en nariz las sutiles notas de enebro, hierbas y flores, y en boca sus matices [...]","og_url":"https:\/\/www.consigel.com\/ca\/producte\/ginebra-the-botanist-islay-dry\/","og_site_name":"Consigel","og_image":[{"width":1200,"height":1200,"url":"https:\/\/www.consigel.com\/wp-content\/uploads\/2013\/10\/84-thickbox_default-GINEBRA-THE-BOTANIST-ISLAY-DRY.jpg","type":"image\/jpeg"}],"twitter_card":"summary_large_image","schema":{"@context":"https:\/\/schema.org","@graph":[{"@type":"WebPage","@id":"https:\/\/www.consigel.com\/ca\/producte\/ginebra-the-botanist-islay-dry\/","url":"https:\/\/www.consigel.com\/ca\/producte\/ginebra-the-botanist-islay-dry\/","name":"GINEBRA THE BOTANIST ISLAY DRY - Consigel","isPartOf":{"@id":"https:\/\/www.consigel.com\/ca\/#website"},"primaryImageOfPage":{"@id":"https:\/\/www.consigel.com\/ca\/producte\/ginebra-the-botanist-islay-dry\/#primaryimage"},"image":{"@id":"https:\/\/www.consigel.com\/ca\/producte\/ginebra-the-botanist-islay-dry\/#primaryimage"},"thumbnailUrl":"https:\/\/www.consigel.com\/wp-content\/uploads\/2013\/10\/84-thickbox_default-GINEBRA-THE-BOTANIST-ISLAY-DRY.jpg","datePublished":"2013-10-05T22:21:33+00:00","dateModified":"2013-10-05T22:21:33+00:00","breadcrumb":{"@id":"https:\/\/www.consigel.com\/ca\/producte\/ginebra-the-botanist-islay-dry\/#breadcrumb"},"inLanguage":"ca","potentialAction":[{"@type":"ReadAction","target":["https:\/\/www.consigel.com\/ca\/producte\/ginebra-the-botanist-islay-dry\/"]}]},{"@type":"ImageObject","inLanguage":"ca","@id":"https:\/\/www.consigel.com\/ca\/producte\/ginebra-the-botanist-islay-dry\/#primaryimage","url":"https:\/\/www.consigel.com\/wp-content\/uploads\/2013\/10\/84-thickbox_default-GINEBRA-THE-BOTANIST-ISLAY-DRY.jpg","contentUrl":"https:\/\/www.consigel.com\/wp-content\/uploads\/2013\/10\/84-thickbox_default-GINEBRA-THE-BOTANIST-ISLAY-DRY.jpg","width":1200,"height":1200},{"@type":"BreadcrumbList","@id":"https:\/\/www.consigel.com\/ca\/producte\/ginebra-the-botanist-islay-dry\/#breadcrumb","itemListElement":[{"@type":"ListItem","position":1,"name":"Portada","item":"https:\/\/www.consigel.com\/ca\/"},{"@type":"ListItem","position":2,"name":"Shop","item":"https:\/\/www.consigel.com\/ca\/shop\/"},{"@type":"ListItem","position":3,"name":"GINEBRA THE BOTANIST ISLAY DRY"}]},{"@type":"WebSite","@id":"https:\/\/www.consigel.com\/ca\/#website","url":"https:\/\/www.consigel.com\/ca\/","name":"Consigel","description":"","potentialAction":[{"@type":"SearchAction","target":{"@type":"EntryPoint","urlTemplate":"https:\/\/www.consigel.com\/ca\/?s={search_term_string}"},"query-input":"required name=search_term_string"}],"inLanguage":"ca"}]}},"_links":{"self":[{"href":"https:\/\/www.consigel.com\/ca\/wp-json\/wp\/v2\/product\/4221","targetHints":{"allow":["GET"]}}],"collection":[{"href":"https:\/\/www.consigel.com\/ca\/wp-json\/wp\/v2\/product"}],"about":[{"href":"https:\/\/www.consigel.com\/ca\/wp-json\/wp\/v2\/types\/product"}],"replies":[{"embeddable":true,"href":"https:\/\/www.consigel.com\/ca\/wp-json\/wp\/v2\/comments?post=4221"}],"wp:featuredmedia":[{"embeddable":true,"href":"https:\/\/www.consigel.com\/ca\/wp-json\/wp\/v2\/media\/2328"}],"wp:attachment":[{"href":"https:\/\/www.consigel.com\/ca\/wp-json\/wp\/v2\/media?parent=4221"}],"wp:term":[{"taxonomy":"product_cat","embeddable":true,"href":"https:\/\/www.consigel.com\/ca\/wp-json\/wp\/v2\/product_cat?post=4221"},{"taxonomy":"product_tag","embeddable":true,"href":"https:\/\/www.consigel.com\/ca\/wp-json\/wp\/v2\/product_tag?post=4221"}],"curies":[{"name":"wp","href":"https:\/\/api.w.org\/{rel}","templated":true}]}}