{"id":4207,"date":"2013-10-05T22:21:33","date_gmt":"2013-10-05T22:21:33","guid":{"rendered":"http:\/\/www.consigel.com\/producte\/ginebra-sipsmith\/"},"modified":"2013-10-05T22:21:33","modified_gmt":"2013-10-05T22:21:33","slug":"ginebra-sipsmith","status":"publish","type":"product","link":"https:\/\/www.consigel.com\/ca\/producte\/ginebra-sipsmith\/","title":{"rendered":"GINEBRA SIPSMITH"},"content":{"rendered":"<p>\ufeffEsta Ginebra se hace con 10 bot\u00e1nicos cuidadosamente seleccionados de todo el mundo: las bayas de enebro macedonio, semilla de cilantro b\u00falgara, ra\u00edz de ang\u00e9lica franc\u00e9s, ra\u00edz de regaliz espa\u00f1ola, ra\u00edz orris italiano, almendra molida espa\u00f1ola, casia china, corteza de canela de Madagascar, la c\u00e1scara de naranja sevillana y la c\u00e1scara de lim\u00f3n espa\u00f1ol. El producto final, es n\u00edtido, con aroma a enebro, c\u00edtricos y ligeramente floral. Al paladar, es suave y armonioso, algo amargo y con clara presencia de naranja y lim\u00f3n. \u00a0 gintoniQ\u00a0te recomienda\u00a0combinar la Ginebra Sipsmith con la t\u00f3nica 6 o\u2019clock, piel de lim\u00f3n, regaliz en rama y hielo.\ufeff<\/p>\n","protected":false},"excerpt":{"rendered":"<p>\ufeffEsta Ginebra se hace con 10 bot\u00e1nicos cuidadosamente seleccionados de todo el mundo: las bayas de enebro macedonio, semilla de cilantro b\u00falgara, ra\u00edz de ang\u00e9lica franc\u00e9s, ra\u00edz de regaliz espa\u00f1ola, ra\u00edz orris italiano, almendra molida espa\u00f1ola, casia china, corteza de canela de Madagascar, la c\u00e1scara de naranja sevillana y la c\u00e1scara de lim\u00f3n espa\u00f1ol. El [&#8230;]\n","protected":false},"featured_media":2321,"comment_status":"open","ping_status":"closed","template":"","meta":[],"product_cat":[18],"product_tag":[],"class_list":{"0":"post-4207","1":"product","2":"type-product","3":"status-publish","4":"has-post-thumbnail","6":"product_cat-gastronomia","8":"first","9":"outofstock","10":"shipping-taxable","11":"product-type-simple"},"yoast_head":"<!-- This site is optimized with the Yoast SEO plugin v23.3 - https:\/\/yoast.com\/wordpress\/plugins\/seo\/ -->\n<title>GINEBRA SIPSMITH - Consigel<\/title>\n<meta name=\"robots\" content=\"index, follow, max-snippet:-1, max-image-preview:large, max-video-preview:-1\" \/>\n<link rel=\"canonical\" href=\"https:\/\/www.consigel.com\/ca\/producte\/ginebra-sipsmith\/\" \/>\n<meta property=\"og:locale\" content=\"ca_ES\" \/>\n<meta property=\"og:type\" content=\"article\" \/>\n<meta property=\"og:title\" content=\"GINEBRA SIPSMITH - Consigel\" \/>\n<meta property=\"og:description\" content=\"\ufeffEsta Ginebra se hace con 10 bot\u00e1nicos cuidadosamente seleccionados de todo el mundo: las bayas de enebro macedonio, semilla de cilantro b\u00falgara, ra\u00edz de ang\u00e9lica franc\u00e9s, ra\u00edz de regaliz espa\u00f1ola, ra\u00edz orris italiano, almendra molida espa\u00f1ola, casia china, corteza de canela de Madagascar, la c\u00e1scara de naranja sevillana y la c\u00e1scara de lim\u00f3n espa\u00f1ol. El [...]\" \/>\n<meta property=\"og:url\" content=\"https:\/\/www.consigel.com\/ca\/producte\/ginebra-sipsmith\/\" \/>\n<meta property=\"og:site_name\" content=\"Consigel\" \/>\n<meta property=\"og:image\" content=\"https:\/\/www.consigel.com\/wp-content\/uploads\/2013\/10\/77-thickbox_default-GINEBRA-SIPSMITH.jpg\" \/>\n\t<meta property=\"og:image:width\" content=\"1200\" \/>\n\t<meta property=\"og:image:height\" content=\"1200\" \/>\n\t<meta property=\"og:image:type\" content=\"image\/jpeg\" \/>\n<meta name=\"twitter:card\" content=\"summary_large_image\" \/>\n<meta name=\"twitter:label1\" content=\"Temps estimat de lectura\" \/>\n\t<meta name=\"twitter:data1\" content=\"1 minut\" \/>\n<script type=\"application\/ld+json\" class=\"yoast-schema-graph\">{\"@context\":\"https:\/\/schema.org\",\"@graph\":[{\"@type\":\"WebPage\",\"@id\":\"https:\/\/www.consigel.com\/ca\/producte\/ginebra-sipsmith\/\",\"url\":\"https:\/\/www.consigel.com\/ca\/producte\/ginebra-sipsmith\/\",\"name\":\"GINEBRA SIPSMITH - Consigel\",\"isPartOf\":{\"@id\":\"https:\/\/www.consigel.com\/ca\/#website\"},\"primaryImageOfPage\":{\"@id\":\"https:\/\/www.consigel.com\/ca\/producte\/ginebra-sipsmith\/#primaryimage\"},\"image\":{\"@id\":\"https:\/\/www.consigel.com\/ca\/producte\/ginebra-sipsmith\/#primaryimage\"},\"thumbnailUrl\":\"https:\/\/www.consigel.com\/wp-content\/uploads\/2013\/10\/77-thickbox_default-GINEBRA-SIPSMITH.jpg\",\"datePublished\":\"2013-10-05T22:21:33+00:00\",\"dateModified\":\"2013-10-05T22:21:33+00:00\",\"breadcrumb\":{\"@id\":\"https:\/\/www.consigel.com\/ca\/producte\/ginebra-sipsmith\/#breadcrumb\"},\"inLanguage\":\"ca\",\"potentialAction\":[{\"@type\":\"ReadAction\",\"target\":[\"https:\/\/www.consigel.com\/ca\/producte\/ginebra-sipsmith\/\"]}]},{\"@type\":\"ImageObject\",\"inLanguage\":\"ca\",\"@id\":\"https:\/\/www.consigel.com\/ca\/producte\/ginebra-sipsmith\/#primaryimage\",\"url\":\"https:\/\/www.consigel.com\/wp-content\/uploads\/2013\/10\/77-thickbox_default-GINEBRA-SIPSMITH.jpg\",\"contentUrl\":\"https:\/\/www.consigel.com\/wp-content\/uploads\/2013\/10\/77-thickbox_default-GINEBRA-SIPSMITH.jpg\",\"width\":1200,\"height\":1200},{\"@type\":\"BreadcrumbList\",\"@id\":\"https:\/\/www.consigel.com\/ca\/producte\/ginebra-sipsmith\/#breadcrumb\",\"itemListElement\":[{\"@type\":\"ListItem\",\"position\":1,\"name\":\"Portada\",\"item\":\"https:\/\/www.consigel.com\/ca\/\"},{\"@type\":\"ListItem\",\"position\":2,\"name\":\"Shop\",\"item\":\"https:\/\/www.consigel.com\/ca\/shop\/\"},{\"@type\":\"ListItem\",\"position\":3,\"name\":\"GINEBRA SIPSMITH\"}]},{\"@type\":\"WebSite\",\"@id\":\"https:\/\/www.consigel.com\/ca\/#website\",\"url\":\"https:\/\/www.consigel.com\/ca\/\",\"name\":\"Consigel\",\"description\":\"\",\"potentialAction\":[{\"@type\":\"SearchAction\",\"target\":{\"@type\":\"EntryPoint\",\"urlTemplate\":\"https:\/\/www.consigel.com\/ca\/?s={search_term_string}\"},\"query-input\":\"required name=search_term_string\"}],\"inLanguage\":\"ca\"}]}<\/script>\n<!-- \/ Yoast SEO plugin. -->","yoast_head_json":{"title":"GINEBRA SIPSMITH - Consigel","robots":{"index":"index","follow":"follow","max-snippet":"max-snippet:-1","max-image-preview":"max-image-preview:large","max-video-preview":"max-video-preview:-1"},"canonical":"https:\/\/www.consigel.com\/ca\/producte\/ginebra-sipsmith\/","og_locale":"ca_ES","og_type":"article","og_title":"GINEBRA SIPSMITH - Consigel","og_description":"\ufeffEsta Ginebra se hace con 10 bot\u00e1nicos cuidadosamente seleccionados de todo el mundo: las bayas de enebro macedonio, semilla de cilantro b\u00falgara, ra\u00edz de ang\u00e9lica franc\u00e9s, ra\u00edz de regaliz espa\u00f1ola, ra\u00edz orris italiano, almendra molida espa\u00f1ola, casia china, corteza de canela de Madagascar, la c\u00e1scara de naranja sevillana y la c\u00e1scara de lim\u00f3n espa\u00f1ol. El [...]","og_url":"https:\/\/www.consigel.com\/ca\/producte\/ginebra-sipsmith\/","og_site_name":"Consigel","og_image":[{"width":1200,"height":1200,"url":"https:\/\/www.consigel.com\/wp-content\/uploads\/2013\/10\/77-thickbox_default-GINEBRA-SIPSMITH.jpg","type":"image\/jpeg"}],"twitter_card":"summary_large_image","twitter_misc":{"Temps estimat de lectura":"1 minut"},"schema":{"@context":"https:\/\/schema.org","@graph":[{"@type":"WebPage","@id":"https:\/\/www.consigel.com\/ca\/producte\/ginebra-sipsmith\/","url":"https:\/\/www.consigel.com\/ca\/producte\/ginebra-sipsmith\/","name":"GINEBRA SIPSMITH - Consigel","isPartOf":{"@id":"https:\/\/www.consigel.com\/ca\/#website"},"primaryImageOfPage":{"@id":"https:\/\/www.consigel.com\/ca\/producte\/ginebra-sipsmith\/#primaryimage"},"image":{"@id":"https:\/\/www.consigel.com\/ca\/producte\/ginebra-sipsmith\/#primaryimage"},"thumbnailUrl":"https:\/\/www.consigel.com\/wp-content\/uploads\/2013\/10\/77-thickbox_default-GINEBRA-SIPSMITH.jpg","datePublished":"2013-10-05T22:21:33+00:00","dateModified":"2013-10-05T22:21:33+00:00","breadcrumb":{"@id":"https:\/\/www.consigel.com\/ca\/producte\/ginebra-sipsmith\/#breadcrumb"},"inLanguage":"ca","potentialAction":[{"@type":"ReadAction","target":["https:\/\/www.consigel.com\/ca\/producte\/ginebra-sipsmith\/"]}]},{"@type":"ImageObject","inLanguage":"ca","@id":"https:\/\/www.consigel.com\/ca\/producte\/ginebra-sipsmith\/#primaryimage","url":"https:\/\/www.consigel.com\/wp-content\/uploads\/2013\/10\/77-thickbox_default-GINEBRA-SIPSMITH.jpg","contentUrl":"https:\/\/www.consigel.com\/wp-content\/uploads\/2013\/10\/77-thickbox_default-GINEBRA-SIPSMITH.jpg","width":1200,"height":1200},{"@type":"BreadcrumbList","@id":"https:\/\/www.consigel.com\/ca\/producte\/ginebra-sipsmith\/#breadcrumb","itemListElement":[{"@type":"ListItem","position":1,"name":"Portada","item":"https:\/\/www.consigel.com\/ca\/"},{"@type":"ListItem","position":2,"name":"Shop","item":"https:\/\/www.consigel.com\/ca\/shop\/"},{"@type":"ListItem","position":3,"name":"GINEBRA SIPSMITH"}]},{"@type":"WebSite","@id":"https:\/\/www.consigel.com\/ca\/#website","url":"https:\/\/www.consigel.com\/ca\/","name":"Consigel","description":"","potentialAction":[{"@type":"SearchAction","target":{"@type":"EntryPoint","urlTemplate":"https:\/\/www.consigel.com\/ca\/?s={search_term_string}"},"query-input":"required name=search_term_string"}],"inLanguage":"ca"}]}},"_links":{"self":[{"href":"https:\/\/www.consigel.com\/ca\/wp-json\/wp\/v2\/product\/4207","targetHints":{"allow":["GET"]}}],"collection":[{"href":"https:\/\/www.consigel.com\/ca\/wp-json\/wp\/v2\/product"}],"about":[{"href":"https:\/\/www.consigel.com\/ca\/wp-json\/wp\/v2\/types\/product"}],"replies":[{"embeddable":true,"href":"https:\/\/www.consigel.com\/ca\/wp-json\/wp\/v2\/comments?post=4207"}],"wp:featuredmedia":[{"embeddable":true,"href":"https:\/\/www.consigel.com\/ca\/wp-json\/wp\/v2\/media\/2321"}],"wp:attachment":[{"href":"https:\/\/www.consigel.com\/ca\/wp-json\/wp\/v2\/media?parent=4207"}],"wp:term":[{"taxonomy":"product_cat","embeddable":true,"href":"https:\/\/www.consigel.com\/ca\/wp-json\/wp\/v2\/product_cat?post=4207"},{"taxonomy":"product_tag","embeddable":true,"href":"https:\/\/www.consigel.com\/ca\/wp-json\/wp\/v2\/product_tag?post=4207"}],"curies":[{"name":"wp","href":"https:\/\/api.w.org\/{rel}","templated":true}]}}