{"id":4205,"date":"2013-10-05T22:21:33","date_gmt":"2013-10-05T22:21:33","guid":{"rendered":"http:\/\/www.consigel.com\/producte\/ginebra-seagram-s\/"},"modified":"2013-10-05T22:21:33","modified_gmt":"2013-10-05T22:21:33","slug":"ginebra-seagram-s","status":"publish","type":"product","link":"https:\/\/www.consigel.com\/ca\/producte\/ginebra-seagram-s\/","title":{"rendered":"GINEBRA SEAGRAM&#8217;S"},"content":{"rendered":"<p>De esta ginebra destaca la intensidad del enebro y un marcado car\u00e1cter herb\u00e1ceo, unas notas en nariz realmente interesantes, aterciopeladas por unas suaves\u00a0notas c\u00edtricas y\u00a0bals\u00e1micas. Los bot\u00e1nicos utilizados son enebro, cardamomo, corteza de naranja, cilantro, canela, cassia, nuez moscada, ang\u00e9lica, almendra, cacao, lima, lim\u00f3n y alcaravea. La ginebra Seagram\u2019s es muy seca, poderosa y fresca, sobre todo en su final. \u00a0 gintoniQ\u00a0te recomienda\u00a0combinar la Ginebra Seagram&#8217;s con la t\u00f3nica Fentiman&#8217;s, piel de naranja, una rama de canela, 2 gotas de angostura y hielo.<\/p>\n","protected":false},"excerpt":{"rendered":"<p>De esta ginebra destaca la intensidad del enebro y un marcado car\u00e1cter herb\u00e1ceo, unas notas en nariz realmente interesantes, aterciopeladas por unas suaves\u00a0notas c\u00edtricas y\u00a0bals\u00e1micas. Los bot\u00e1nicos utilizados son enebro, cardamomo, corteza de naranja, cilantro, canela, cassia, nuez moscada, ang\u00e9lica, almendra, cacao, lima, lim\u00f3n y alcaravea. La ginebra Seagram\u2019s es muy seca, poderosa y fresca, [&#8230;]\n","protected":false},"featured_media":2320,"comment_status":"open","ping_status":"closed","template":"","meta":[],"product_cat":[18],"product_tag":[],"class_list":{"0":"post-4205","1":"product","2":"type-product","3":"status-publish","4":"has-post-thumbnail","6":"product_cat-gastronomia","8":"first","9":"outofstock","10":"shipping-taxable","11":"product-type-simple"},"yoast_head":"<!-- This site is optimized with the Yoast SEO plugin v23.3 - https:\/\/yoast.com\/wordpress\/plugins\/seo\/ -->\n<title>GINEBRA SEAGRAM&#039;S - Consigel<\/title>\n<meta name=\"robots\" content=\"index, follow, max-snippet:-1, max-image-preview:large, max-video-preview:-1\" \/>\n<link rel=\"canonical\" href=\"https:\/\/www.consigel.com\/ca\/producte\/ginebra-seagram-s\/\" \/>\n<meta property=\"og:locale\" content=\"ca_ES\" \/>\n<meta property=\"og:type\" content=\"article\" \/>\n<meta property=\"og:title\" content=\"GINEBRA SEAGRAM&#039;S - Consigel\" \/>\n<meta property=\"og:description\" content=\"De esta ginebra destaca la intensidad del enebro y un marcado car\u00e1cter herb\u00e1ceo, unas notas en nariz realmente interesantes, aterciopeladas por unas suaves\u00a0notas c\u00edtricas y\u00a0bals\u00e1micas. Los bot\u00e1nicos utilizados son enebro, cardamomo, corteza de naranja, cilantro, canela, cassia, nuez moscada, ang\u00e9lica, almendra, cacao, lima, lim\u00f3n y alcaravea. La ginebra Seagram\u2019s es muy seca, poderosa y fresca, [...]\" \/>\n<meta property=\"og:url\" content=\"https:\/\/www.consigel.com\/ca\/producte\/ginebra-seagram-s\/\" \/>\n<meta property=\"og:site_name\" content=\"Consigel\" \/>\n<meta property=\"og:image\" content=\"https:\/\/www.consigel.com\/wp-content\/uploads\/2013\/10\/76-thickbox_default-GINEBRA-SEAGRAMS.jpg\" \/>\n\t<meta property=\"og:image:width\" content=\"1200\" \/>\n\t<meta property=\"og:image:height\" content=\"1200\" \/>\n\t<meta property=\"og:image:type\" content=\"image\/jpeg\" \/>\n<meta name=\"twitter:card\" content=\"summary_large_image\" \/>\n<script type=\"application\/ld+json\" class=\"yoast-schema-graph\">{\"@context\":\"https:\/\/schema.org\",\"@graph\":[{\"@type\":\"WebPage\",\"@id\":\"https:\/\/www.consigel.com\/ca\/producte\/ginebra-seagram-s\/\",\"url\":\"https:\/\/www.consigel.com\/ca\/producte\/ginebra-seagram-s\/\",\"name\":\"GINEBRA SEAGRAM'S - Consigel\",\"isPartOf\":{\"@id\":\"https:\/\/www.consigel.com\/ca\/#website\"},\"primaryImageOfPage\":{\"@id\":\"https:\/\/www.consigel.com\/ca\/producte\/ginebra-seagram-s\/#primaryimage\"},\"image\":{\"@id\":\"https:\/\/www.consigel.com\/ca\/producte\/ginebra-seagram-s\/#primaryimage\"},\"thumbnailUrl\":\"https:\/\/www.consigel.com\/wp-content\/uploads\/2013\/10\/76-thickbox_default-GINEBRA-SEAGRAMS.jpg\",\"datePublished\":\"2013-10-05T22:21:33+00:00\",\"dateModified\":\"2013-10-05T22:21:33+00:00\",\"breadcrumb\":{\"@id\":\"https:\/\/www.consigel.com\/ca\/producte\/ginebra-seagram-s\/#breadcrumb\"},\"inLanguage\":\"ca\",\"potentialAction\":[{\"@type\":\"ReadAction\",\"target\":[\"https:\/\/www.consigel.com\/ca\/producte\/ginebra-seagram-s\/\"]}]},{\"@type\":\"ImageObject\",\"inLanguage\":\"ca\",\"@id\":\"https:\/\/www.consigel.com\/ca\/producte\/ginebra-seagram-s\/#primaryimage\",\"url\":\"https:\/\/www.consigel.com\/wp-content\/uploads\/2013\/10\/76-thickbox_default-GINEBRA-SEAGRAMS.jpg\",\"contentUrl\":\"https:\/\/www.consigel.com\/wp-content\/uploads\/2013\/10\/76-thickbox_default-GINEBRA-SEAGRAMS.jpg\",\"width\":1200,\"height\":1200},{\"@type\":\"BreadcrumbList\",\"@id\":\"https:\/\/www.consigel.com\/ca\/producte\/ginebra-seagram-s\/#breadcrumb\",\"itemListElement\":[{\"@type\":\"ListItem\",\"position\":1,\"name\":\"Portada\",\"item\":\"https:\/\/www.consigel.com\/ca\/\"},{\"@type\":\"ListItem\",\"position\":2,\"name\":\"Shop\",\"item\":\"https:\/\/www.consigel.com\/ca\/shop\/\"},{\"@type\":\"ListItem\",\"position\":3,\"name\":\"GINEBRA SEAGRAM&#8217;S\"}]},{\"@type\":\"WebSite\",\"@id\":\"https:\/\/www.consigel.com\/ca\/#website\",\"url\":\"https:\/\/www.consigel.com\/ca\/\",\"name\":\"Consigel\",\"description\":\"\",\"potentialAction\":[{\"@type\":\"SearchAction\",\"target\":{\"@type\":\"EntryPoint\",\"urlTemplate\":\"https:\/\/www.consigel.com\/ca\/?s={search_term_string}\"},\"query-input\":\"required name=search_term_string\"}],\"inLanguage\":\"ca\"}]}<\/script>\n<!-- \/ Yoast SEO plugin. -->","yoast_head_json":{"title":"GINEBRA SEAGRAM'S - Consigel","robots":{"index":"index","follow":"follow","max-snippet":"max-snippet:-1","max-image-preview":"max-image-preview:large","max-video-preview":"max-video-preview:-1"},"canonical":"https:\/\/www.consigel.com\/ca\/producte\/ginebra-seagram-s\/","og_locale":"ca_ES","og_type":"article","og_title":"GINEBRA SEAGRAM'S - Consigel","og_description":"De esta ginebra destaca la intensidad del enebro y un marcado car\u00e1cter herb\u00e1ceo, unas notas en nariz realmente interesantes, aterciopeladas por unas suaves\u00a0notas c\u00edtricas y\u00a0bals\u00e1micas. Los bot\u00e1nicos utilizados son enebro, cardamomo, corteza de naranja, cilantro, canela, cassia, nuez moscada, ang\u00e9lica, almendra, cacao, lima, lim\u00f3n y alcaravea. La ginebra Seagram\u2019s es muy seca, poderosa y fresca, [...]","og_url":"https:\/\/www.consigel.com\/ca\/producte\/ginebra-seagram-s\/","og_site_name":"Consigel","og_image":[{"width":1200,"height":1200,"url":"https:\/\/www.consigel.com\/wp-content\/uploads\/2013\/10\/76-thickbox_default-GINEBRA-SEAGRAMS.jpg","type":"image\/jpeg"}],"twitter_card":"summary_large_image","schema":{"@context":"https:\/\/schema.org","@graph":[{"@type":"WebPage","@id":"https:\/\/www.consigel.com\/ca\/producte\/ginebra-seagram-s\/","url":"https:\/\/www.consigel.com\/ca\/producte\/ginebra-seagram-s\/","name":"GINEBRA SEAGRAM'S - Consigel","isPartOf":{"@id":"https:\/\/www.consigel.com\/ca\/#website"},"primaryImageOfPage":{"@id":"https:\/\/www.consigel.com\/ca\/producte\/ginebra-seagram-s\/#primaryimage"},"image":{"@id":"https:\/\/www.consigel.com\/ca\/producte\/ginebra-seagram-s\/#primaryimage"},"thumbnailUrl":"https:\/\/www.consigel.com\/wp-content\/uploads\/2013\/10\/76-thickbox_default-GINEBRA-SEAGRAMS.jpg","datePublished":"2013-10-05T22:21:33+00:00","dateModified":"2013-10-05T22:21:33+00:00","breadcrumb":{"@id":"https:\/\/www.consigel.com\/ca\/producte\/ginebra-seagram-s\/#breadcrumb"},"inLanguage":"ca","potentialAction":[{"@type":"ReadAction","target":["https:\/\/www.consigel.com\/ca\/producte\/ginebra-seagram-s\/"]}]},{"@type":"ImageObject","inLanguage":"ca","@id":"https:\/\/www.consigel.com\/ca\/producte\/ginebra-seagram-s\/#primaryimage","url":"https:\/\/www.consigel.com\/wp-content\/uploads\/2013\/10\/76-thickbox_default-GINEBRA-SEAGRAMS.jpg","contentUrl":"https:\/\/www.consigel.com\/wp-content\/uploads\/2013\/10\/76-thickbox_default-GINEBRA-SEAGRAMS.jpg","width":1200,"height":1200},{"@type":"BreadcrumbList","@id":"https:\/\/www.consigel.com\/ca\/producte\/ginebra-seagram-s\/#breadcrumb","itemListElement":[{"@type":"ListItem","position":1,"name":"Portada","item":"https:\/\/www.consigel.com\/ca\/"},{"@type":"ListItem","position":2,"name":"Shop","item":"https:\/\/www.consigel.com\/ca\/shop\/"},{"@type":"ListItem","position":3,"name":"GINEBRA SEAGRAM&#8217;S"}]},{"@type":"WebSite","@id":"https:\/\/www.consigel.com\/ca\/#website","url":"https:\/\/www.consigel.com\/ca\/","name":"Consigel","description":"","potentialAction":[{"@type":"SearchAction","target":{"@type":"EntryPoint","urlTemplate":"https:\/\/www.consigel.com\/ca\/?s={search_term_string}"},"query-input":"required name=search_term_string"}],"inLanguage":"ca"}]}},"_links":{"self":[{"href":"https:\/\/www.consigel.com\/ca\/wp-json\/wp\/v2\/product\/4205","targetHints":{"allow":["GET"]}}],"collection":[{"href":"https:\/\/www.consigel.com\/ca\/wp-json\/wp\/v2\/product"}],"about":[{"href":"https:\/\/www.consigel.com\/ca\/wp-json\/wp\/v2\/types\/product"}],"replies":[{"embeddable":true,"href":"https:\/\/www.consigel.com\/ca\/wp-json\/wp\/v2\/comments?post=4205"}],"wp:featuredmedia":[{"embeddable":true,"href":"https:\/\/www.consigel.com\/ca\/wp-json\/wp\/v2\/media\/2320"}],"wp:attachment":[{"href":"https:\/\/www.consigel.com\/ca\/wp-json\/wp\/v2\/media?parent=4205"}],"wp:term":[{"taxonomy":"product_cat","embeddable":true,"href":"https:\/\/www.consigel.com\/ca\/wp-json\/wp\/v2\/product_cat?post=4205"},{"taxonomy":"product_tag","embeddable":true,"href":"https:\/\/www.consigel.com\/ca\/wp-json\/wp\/v2\/product_tag?post=4205"}],"curies":[{"name":"wp","href":"https:\/\/api.w.org\/{rel}","templated":true}]}}