{"id":4202,"date":"2013-10-05T22:21:33","date_gmt":"2013-10-05T22:21:33","guid":{"rendered":"http:\/\/www.consigel.com\/producte\/ginebra-williams-chase-extra-dry\/"},"modified":"2013-10-05T22:21:33","modified_gmt":"2013-10-05T22:21:33","slug":"ginebra-williams-chase-extra-dry","status":"publish","type":"product","link":"https:\/\/www.consigel.com\/ca\/producte\/ginebra-williams-chase-extra-dry\/","title":{"rendered":"GINEBRA WILLIAMS CHASE EXTRA DRY"},"content":{"rendered":"<p>Esta ginebra utiliza la patata como materia prima. Entre sus bot\u00e1nicos encontramos el enebro junto con almendra amarga, cilantro, cardamomo, flor de acacia, flor de sa\u00faco, clavo, ra\u00edz de ang\u00e9lica, regaliz y piel de lim\u00f3n. Una ginebra transparente con notas herb\u00e1ceas en nariz. En boca tiene una textura ligera y un gusto con recuerdos amargos que nos enmarcan en su permanencia la idea de una aut\u00e9ntica ginebra Extra Dry.  \u00a0 gintoniQ\u00a0\u00a0recomienda combinar la ginebra Williams Chase Extra Dry con la t\u00f3nica Ledger&#8217;s Regaliz, bayas de enebro, piel de lim\u00f3n y hielo.<\/p>\n","protected":false},"excerpt":{"rendered":"<p>Esta ginebra utiliza la patata como materia prima. Entre sus bot\u00e1nicos encontramos el enebro junto con almendra amarga, cilantro, cardamomo, flor de acacia, flor de sa\u00faco, clavo, ra\u00edz de ang\u00e9lica, regaliz y piel de lim\u00f3n. Una ginebra transparente con notas herb\u00e1ceas en nariz. En boca tiene una textura ligera y un gusto con recuerdos amargos [&#8230;]\n","protected":false},"featured_media":2446,"comment_status":"open","ping_status":"closed","template":"","meta":[],"product_cat":[18],"product_tag":[],"class_list":{"0":"post-4202","1":"product","2":"type-product","3":"status-publish","4":"has-post-thumbnail","6":"product_cat-gastronomia","8":"first","9":"outofstock","10":"shipping-taxable","11":"product-type-simple"},"yoast_head":"<!-- This site is optimized with the Yoast SEO plugin v23.3 - https:\/\/yoast.com\/wordpress\/plugins\/seo\/ -->\n<title>GINEBRA WILLIAMS CHASE EXTRA DRY - Consigel<\/title>\n<meta name=\"robots\" content=\"index, follow, max-snippet:-1, max-image-preview:large, max-video-preview:-1\" \/>\n<link rel=\"canonical\" href=\"https:\/\/www.consigel.com\/ca\/producte\/ginebra-williams-chase-extra-dry\/\" \/>\n<meta property=\"og:locale\" content=\"ca_ES\" \/>\n<meta property=\"og:type\" content=\"article\" \/>\n<meta property=\"og:title\" content=\"GINEBRA WILLIAMS CHASE EXTRA DRY - Consigel\" \/>\n<meta property=\"og:description\" content=\"Esta ginebra utiliza la patata como materia prima. Entre sus bot\u00e1nicos encontramos el enebro junto con almendra amarga, cilantro, cardamomo, flor de acacia, flor de sa\u00faco, clavo, ra\u00edz de ang\u00e9lica, regaliz y piel de lim\u00f3n. Una ginebra transparente con notas herb\u00e1ceas en nariz. En boca tiene una textura ligera y un gusto con recuerdos amargos [...]\" \/>\n<meta property=\"og:url\" content=\"https:\/\/www.consigel.com\/ca\/producte\/ginebra-williams-chase-extra-dry\/\" \/>\n<meta property=\"og:site_name\" content=\"Consigel\" \/>\n<meta property=\"og:image\" content=\"https:\/\/www.consigel.com\/wp-content\/uploads\/2013\/10\/215-thickbox_default-GINEBRA-WILLIAMS-CHASE-EXTRA-DRY.jpg\" \/>\n\t<meta property=\"og:image:width\" content=\"1200\" \/>\n\t<meta property=\"og:image:height\" content=\"1200\" \/>\n\t<meta property=\"og:image:type\" content=\"image\/jpeg\" \/>\n<meta name=\"twitter:card\" content=\"summary_large_image\" \/>\n<meta name=\"twitter:label1\" content=\"Temps estimat de lectura\" \/>\n\t<meta name=\"twitter:data1\" content=\"1 minut\" \/>\n<script type=\"application\/ld+json\" class=\"yoast-schema-graph\">{\"@context\":\"https:\/\/schema.org\",\"@graph\":[{\"@type\":\"WebPage\",\"@id\":\"https:\/\/www.consigel.com\/ca\/producte\/ginebra-williams-chase-extra-dry\/\",\"url\":\"https:\/\/www.consigel.com\/ca\/producte\/ginebra-williams-chase-extra-dry\/\",\"name\":\"GINEBRA WILLIAMS CHASE EXTRA DRY - Consigel\",\"isPartOf\":{\"@id\":\"https:\/\/www.consigel.com\/ca\/#website\"},\"primaryImageOfPage\":{\"@id\":\"https:\/\/www.consigel.com\/ca\/producte\/ginebra-williams-chase-extra-dry\/#primaryimage\"},\"image\":{\"@id\":\"https:\/\/www.consigel.com\/ca\/producte\/ginebra-williams-chase-extra-dry\/#primaryimage\"},\"thumbnailUrl\":\"https:\/\/www.consigel.com\/wp-content\/uploads\/2013\/10\/215-thickbox_default-GINEBRA-WILLIAMS-CHASE-EXTRA-DRY.jpg\",\"datePublished\":\"2013-10-05T22:21:33+00:00\",\"dateModified\":\"2013-10-05T22:21:33+00:00\",\"breadcrumb\":{\"@id\":\"https:\/\/www.consigel.com\/ca\/producte\/ginebra-williams-chase-extra-dry\/#breadcrumb\"},\"inLanguage\":\"ca\",\"potentialAction\":[{\"@type\":\"ReadAction\",\"target\":[\"https:\/\/www.consigel.com\/ca\/producte\/ginebra-williams-chase-extra-dry\/\"]}]},{\"@type\":\"ImageObject\",\"inLanguage\":\"ca\",\"@id\":\"https:\/\/www.consigel.com\/ca\/producte\/ginebra-williams-chase-extra-dry\/#primaryimage\",\"url\":\"https:\/\/www.consigel.com\/wp-content\/uploads\/2013\/10\/215-thickbox_default-GINEBRA-WILLIAMS-CHASE-EXTRA-DRY.jpg\",\"contentUrl\":\"https:\/\/www.consigel.com\/wp-content\/uploads\/2013\/10\/215-thickbox_default-GINEBRA-WILLIAMS-CHASE-EXTRA-DRY.jpg\",\"width\":1200,\"height\":1200},{\"@type\":\"BreadcrumbList\",\"@id\":\"https:\/\/www.consigel.com\/ca\/producte\/ginebra-williams-chase-extra-dry\/#breadcrumb\",\"itemListElement\":[{\"@type\":\"ListItem\",\"position\":1,\"name\":\"Portada\",\"item\":\"https:\/\/www.consigel.com\/ca\/\"},{\"@type\":\"ListItem\",\"position\":2,\"name\":\"Shop\",\"item\":\"https:\/\/www.consigel.com\/ca\/shop\/\"},{\"@type\":\"ListItem\",\"position\":3,\"name\":\"GINEBRA WILLIAMS CHASE EXTRA DRY\"}]},{\"@type\":\"WebSite\",\"@id\":\"https:\/\/www.consigel.com\/ca\/#website\",\"url\":\"https:\/\/www.consigel.com\/ca\/\",\"name\":\"Consigel\",\"description\":\"\",\"potentialAction\":[{\"@type\":\"SearchAction\",\"target\":{\"@type\":\"EntryPoint\",\"urlTemplate\":\"https:\/\/www.consigel.com\/ca\/?s={search_term_string}\"},\"query-input\":\"required name=search_term_string\"}],\"inLanguage\":\"ca\"}]}<\/script>\n<!-- \/ Yoast SEO plugin. -->","yoast_head_json":{"title":"GINEBRA WILLIAMS CHASE EXTRA DRY - Consigel","robots":{"index":"index","follow":"follow","max-snippet":"max-snippet:-1","max-image-preview":"max-image-preview:large","max-video-preview":"max-video-preview:-1"},"canonical":"https:\/\/www.consigel.com\/ca\/producte\/ginebra-williams-chase-extra-dry\/","og_locale":"ca_ES","og_type":"article","og_title":"GINEBRA WILLIAMS CHASE EXTRA DRY - Consigel","og_description":"Esta ginebra utiliza la patata como materia prima. Entre sus bot\u00e1nicos encontramos el enebro junto con almendra amarga, cilantro, cardamomo, flor de acacia, flor de sa\u00faco, clavo, ra\u00edz de ang\u00e9lica, regaliz y piel de lim\u00f3n. Una ginebra transparente con notas herb\u00e1ceas en nariz. En boca tiene una textura ligera y un gusto con recuerdos amargos [...]","og_url":"https:\/\/www.consigel.com\/ca\/producte\/ginebra-williams-chase-extra-dry\/","og_site_name":"Consigel","og_image":[{"width":1200,"height":1200,"url":"https:\/\/www.consigel.com\/wp-content\/uploads\/2013\/10\/215-thickbox_default-GINEBRA-WILLIAMS-CHASE-EXTRA-DRY.jpg","type":"image\/jpeg"}],"twitter_card":"summary_large_image","twitter_misc":{"Temps estimat de lectura":"1 minut"},"schema":{"@context":"https:\/\/schema.org","@graph":[{"@type":"WebPage","@id":"https:\/\/www.consigel.com\/ca\/producte\/ginebra-williams-chase-extra-dry\/","url":"https:\/\/www.consigel.com\/ca\/producte\/ginebra-williams-chase-extra-dry\/","name":"GINEBRA WILLIAMS CHASE EXTRA DRY - Consigel","isPartOf":{"@id":"https:\/\/www.consigel.com\/ca\/#website"},"primaryImageOfPage":{"@id":"https:\/\/www.consigel.com\/ca\/producte\/ginebra-williams-chase-extra-dry\/#primaryimage"},"image":{"@id":"https:\/\/www.consigel.com\/ca\/producte\/ginebra-williams-chase-extra-dry\/#primaryimage"},"thumbnailUrl":"https:\/\/www.consigel.com\/wp-content\/uploads\/2013\/10\/215-thickbox_default-GINEBRA-WILLIAMS-CHASE-EXTRA-DRY.jpg","datePublished":"2013-10-05T22:21:33+00:00","dateModified":"2013-10-05T22:21:33+00:00","breadcrumb":{"@id":"https:\/\/www.consigel.com\/ca\/producte\/ginebra-williams-chase-extra-dry\/#breadcrumb"},"inLanguage":"ca","potentialAction":[{"@type":"ReadAction","target":["https:\/\/www.consigel.com\/ca\/producte\/ginebra-williams-chase-extra-dry\/"]}]},{"@type":"ImageObject","inLanguage":"ca","@id":"https:\/\/www.consigel.com\/ca\/producte\/ginebra-williams-chase-extra-dry\/#primaryimage","url":"https:\/\/www.consigel.com\/wp-content\/uploads\/2013\/10\/215-thickbox_default-GINEBRA-WILLIAMS-CHASE-EXTRA-DRY.jpg","contentUrl":"https:\/\/www.consigel.com\/wp-content\/uploads\/2013\/10\/215-thickbox_default-GINEBRA-WILLIAMS-CHASE-EXTRA-DRY.jpg","width":1200,"height":1200},{"@type":"BreadcrumbList","@id":"https:\/\/www.consigel.com\/ca\/producte\/ginebra-williams-chase-extra-dry\/#breadcrumb","itemListElement":[{"@type":"ListItem","position":1,"name":"Portada","item":"https:\/\/www.consigel.com\/ca\/"},{"@type":"ListItem","position":2,"name":"Shop","item":"https:\/\/www.consigel.com\/ca\/shop\/"},{"@type":"ListItem","position":3,"name":"GINEBRA WILLIAMS CHASE EXTRA DRY"}]},{"@type":"WebSite","@id":"https:\/\/www.consigel.com\/ca\/#website","url":"https:\/\/www.consigel.com\/ca\/","name":"Consigel","description":"","potentialAction":[{"@type":"SearchAction","target":{"@type":"EntryPoint","urlTemplate":"https:\/\/www.consigel.com\/ca\/?s={search_term_string}"},"query-input":"required name=search_term_string"}],"inLanguage":"ca"}]}},"_links":{"self":[{"href":"https:\/\/www.consigel.com\/ca\/wp-json\/wp\/v2\/product\/4202","targetHints":{"allow":["GET"]}}],"collection":[{"href":"https:\/\/www.consigel.com\/ca\/wp-json\/wp\/v2\/product"}],"about":[{"href":"https:\/\/www.consigel.com\/ca\/wp-json\/wp\/v2\/types\/product"}],"replies":[{"embeddable":true,"href":"https:\/\/www.consigel.com\/ca\/wp-json\/wp\/v2\/comments?post=4202"}],"wp:featuredmedia":[{"embeddable":true,"href":"https:\/\/www.consigel.com\/ca\/wp-json\/wp\/v2\/media\/2446"}],"wp:attachment":[{"href":"https:\/\/www.consigel.com\/ca\/wp-json\/wp\/v2\/media?parent=4202"}],"wp:term":[{"taxonomy":"product_cat","embeddable":true,"href":"https:\/\/www.consigel.com\/ca\/wp-json\/wp\/v2\/product_cat?post=4202"},{"taxonomy":"product_tag","embeddable":true,"href":"https:\/\/www.consigel.com\/ca\/wp-json\/wp\/v2\/product_tag?post=4202"}],"curies":[{"name":"wp","href":"https:\/\/api.w.org\/{rel}","templated":true}]}}