{"id":4200,"date":"2013-10-05T22:21:33","date_gmt":"2013-10-05T22:21:33","guid":{"rendered":"http:\/\/www.consigel.com\/producte\/ginebra-m5\/"},"modified":"2013-10-05T22:21:33","modified_gmt":"2013-10-05T22:21:33","slug":"ginebra-m5","status":"publish","type":"product","link":"https:\/\/www.consigel.com\/ca\/producte\/ginebra-m5\/","title":{"rendered":"GINEBRA M5"},"content":{"rendered":"<p>GIN M5, nace en Logro\u00f1o (La Rioja) de la mano del maestro destilador Miguel Angel Rodriguez (en\u00f3logo de Bodegas Vin\u00edcola Real, productores del 200 Monges). Tras cuatro a\u00f1os de destilaciones e infusiones sale a la luz esta ginebra de calidad s\u00faper \u2013 Premium exclusiva. Est\u00e1 elaborada con grano de origen ingl\u00e9s y espa\u00f1ol de la m\u00e1s alta calidad, \u00a0\u00a0y es destilada hasta en 6 ocasiones utilizando 20 bot\u00e1nicos diferentes para conseguir una identidad \u00fanica y poder satisfacer as\u00ed a los consumidores m\u00e1s exigentes.  GIN M5 fue presentada el 20 de septiembre en el evento Gin Show de ginebras Premium, celebrado en el hotel Puerta Am\u00e9rica de Madrid, en el que obtuvo una gran acogida. Dada la exclusividad del producto. \u00a0 gintoniQ\u00a0te recomienda combinar la ginebra M5 con la t\u00f3nica Ledger&#8217;s Mandarina, piel de mandarina, cilantro y hielo.<\/p>\n","protected":false},"excerpt":{"rendered":"<p>GIN M5, nace en Logro\u00f1o (La Rioja) de la mano del maestro destilador Miguel Angel Rodriguez (en\u00f3logo de Bodegas Vin\u00edcola Real, productores del 200 Monges). Tras cuatro a\u00f1os de destilaciones e infusiones sale a la luz esta ginebra de calidad s\u00faper \u2013 Premium exclusiva. Est\u00e1 elaborada con grano de origen ingl\u00e9s y espa\u00f1ol de la [&#8230;]\n","protected":false},"featured_media":2445,"comment_status":"open","ping_status":"closed","template":"","meta":[],"product_cat":[18],"product_tag":[],"class_list":{"0":"post-4200","1":"product","2":"type-product","3":"status-publish","4":"has-post-thumbnail","6":"product_cat-gastronomia","8":"first","9":"outofstock","10":"shipping-taxable","11":"product-type-simple"},"yoast_head":"<!-- This site is optimized with the Yoast SEO plugin v23.3 - https:\/\/yoast.com\/wordpress\/plugins\/seo\/ -->\n<title>GINEBRA M5 - Consigel<\/title>\n<meta name=\"robots\" content=\"index, follow, max-snippet:-1, max-image-preview:large, max-video-preview:-1\" \/>\n<link rel=\"canonical\" href=\"https:\/\/www.consigel.com\/ca\/producte\/ginebra-m5\/\" \/>\n<meta property=\"og:locale\" content=\"ca_ES\" \/>\n<meta property=\"og:type\" content=\"article\" \/>\n<meta property=\"og:title\" content=\"GINEBRA M5 - Consigel\" \/>\n<meta property=\"og:description\" content=\"GIN M5, nace en Logro\u00f1o (La Rioja) de la mano del maestro destilador Miguel Angel Rodriguez (en\u00f3logo de Bodegas Vin\u00edcola Real, productores del 200 Monges). Tras cuatro a\u00f1os de destilaciones e infusiones sale a la luz esta ginebra de calidad s\u00faper \u2013 Premium exclusiva. Est\u00e1 elaborada con grano de origen ingl\u00e9s y espa\u00f1ol de la [...]\" \/>\n<meta property=\"og:url\" content=\"https:\/\/www.consigel.com\/ca\/producte\/ginebra-m5\/\" \/>\n<meta property=\"og:site_name\" content=\"Consigel\" \/>\n<meta property=\"og:image\" content=\"https:\/\/www.consigel.com\/wp-content\/uploads\/2013\/10\/214-thickbox_default-GINEBRA-M5.jpg\" \/>\n\t<meta property=\"og:image:width\" content=\"1200\" \/>\n\t<meta property=\"og:image:height\" content=\"1200\" \/>\n\t<meta property=\"og:image:type\" content=\"image\/jpeg\" \/>\n<meta name=\"twitter:card\" content=\"summary_large_image\" \/>\n<meta name=\"twitter:label1\" content=\"Temps estimat de lectura\" \/>\n\t<meta name=\"twitter:data1\" content=\"1 minut\" \/>\n<script type=\"application\/ld+json\" class=\"yoast-schema-graph\">{\"@context\":\"https:\/\/schema.org\",\"@graph\":[{\"@type\":\"WebPage\",\"@id\":\"https:\/\/www.consigel.com\/ca\/producte\/ginebra-m5\/\",\"url\":\"https:\/\/www.consigel.com\/ca\/producte\/ginebra-m5\/\",\"name\":\"GINEBRA M5 - Consigel\",\"isPartOf\":{\"@id\":\"https:\/\/www.consigel.com\/ca\/#website\"},\"primaryImageOfPage\":{\"@id\":\"https:\/\/www.consigel.com\/ca\/producte\/ginebra-m5\/#primaryimage\"},\"image\":{\"@id\":\"https:\/\/www.consigel.com\/ca\/producte\/ginebra-m5\/#primaryimage\"},\"thumbnailUrl\":\"https:\/\/www.consigel.com\/wp-content\/uploads\/2013\/10\/214-thickbox_default-GINEBRA-M5.jpg\",\"datePublished\":\"2013-10-05T22:21:33+00:00\",\"dateModified\":\"2013-10-05T22:21:33+00:00\",\"breadcrumb\":{\"@id\":\"https:\/\/www.consigel.com\/ca\/producte\/ginebra-m5\/#breadcrumb\"},\"inLanguage\":\"ca\",\"potentialAction\":[{\"@type\":\"ReadAction\",\"target\":[\"https:\/\/www.consigel.com\/ca\/producte\/ginebra-m5\/\"]}]},{\"@type\":\"ImageObject\",\"inLanguage\":\"ca\",\"@id\":\"https:\/\/www.consigel.com\/ca\/producte\/ginebra-m5\/#primaryimage\",\"url\":\"https:\/\/www.consigel.com\/wp-content\/uploads\/2013\/10\/214-thickbox_default-GINEBRA-M5.jpg\",\"contentUrl\":\"https:\/\/www.consigel.com\/wp-content\/uploads\/2013\/10\/214-thickbox_default-GINEBRA-M5.jpg\",\"width\":1200,\"height\":1200},{\"@type\":\"BreadcrumbList\",\"@id\":\"https:\/\/www.consigel.com\/ca\/producte\/ginebra-m5\/#breadcrumb\",\"itemListElement\":[{\"@type\":\"ListItem\",\"position\":1,\"name\":\"Portada\",\"item\":\"https:\/\/www.consigel.com\/ca\/\"},{\"@type\":\"ListItem\",\"position\":2,\"name\":\"Shop\",\"item\":\"https:\/\/www.consigel.com\/ca\/shop\/\"},{\"@type\":\"ListItem\",\"position\":3,\"name\":\"GINEBRA M5\"}]},{\"@type\":\"WebSite\",\"@id\":\"https:\/\/www.consigel.com\/ca\/#website\",\"url\":\"https:\/\/www.consigel.com\/ca\/\",\"name\":\"Consigel\",\"description\":\"\",\"potentialAction\":[{\"@type\":\"SearchAction\",\"target\":{\"@type\":\"EntryPoint\",\"urlTemplate\":\"https:\/\/www.consigel.com\/ca\/?s={search_term_string}\"},\"query-input\":\"required name=search_term_string\"}],\"inLanguage\":\"ca\"}]}<\/script>\n<!-- \/ Yoast SEO plugin. -->","yoast_head_json":{"title":"GINEBRA M5 - Consigel","robots":{"index":"index","follow":"follow","max-snippet":"max-snippet:-1","max-image-preview":"max-image-preview:large","max-video-preview":"max-video-preview:-1"},"canonical":"https:\/\/www.consigel.com\/ca\/producte\/ginebra-m5\/","og_locale":"ca_ES","og_type":"article","og_title":"GINEBRA M5 - Consigel","og_description":"GIN M5, nace en Logro\u00f1o (La Rioja) de la mano del maestro destilador Miguel Angel Rodriguez (en\u00f3logo de Bodegas Vin\u00edcola Real, productores del 200 Monges). Tras cuatro a\u00f1os de destilaciones e infusiones sale a la luz esta ginebra de calidad s\u00faper \u2013 Premium exclusiva. Est\u00e1 elaborada con grano de origen ingl\u00e9s y espa\u00f1ol de la [...]","og_url":"https:\/\/www.consigel.com\/ca\/producte\/ginebra-m5\/","og_site_name":"Consigel","og_image":[{"width":1200,"height":1200,"url":"https:\/\/www.consigel.com\/wp-content\/uploads\/2013\/10\/214-thickbox_default-GINEBRA-M5.jpg","type":"image\/jpeg"}],"twitter_card":"summary_large_image","twitter_misc":{"Temps estimat de lectura":"1 minut"},"schema":{"@context":"https:\/\/schema.org","@graph":[{"@type":"WebPage","@id":"https:\/\/www.consigel.com\/ca\/producte\/ginebra-m5\/","url":"https:\/\/www.consigel.com\/ca\/producte\/ginebra-m5\/","name":"GINEBRA M5 - Consigel","isPartOf":{"@id":"https:\/\/www.consigel.com\/ca\/#website"},"primaryImageOfPage":{"@id":"https:\/\/www.consigel.com\/ca\/producte\/ginebra-m5\/#primaryimage"},"image":{"@id":"https:\/\/www.consigel.com\/ca\/producte\/ginebra-m5\/#primaryimage"},"thumbnailUrl":"https:\/\/www.consigel.com\/wp-content\/uploads\/2013\/10\/214-thickbox_default-GINEBRA-M5.jpg","datePublished":"2013-10-05T22:21:33+00:00","dateModified":"2013-10-05T22:21:33+00:00","breadcrumb":{"@id":"https:\/\/www.consigel.com\/ca\/producte\/ginebra-m5\/#breadcrumb"},"inLanguage":"ca","potentialAction":[{"@type":"ReadAction","target":["https:\/\/www.consigel.com\/ca\/producte\/ginebra-m5\/"]}]},{"@type":"ImageObject","inLanguage":"ca","@id":"https:\/\/www.consigel.com\/ca\/producte\/ginebra-m5\/#primaryimage","url":"https:\/\/www.consigel.com\/wp-content\/uploads\/2013\/10\/214-thickbox_default-GINEBRA-M5.jpg","contentUrl":"https:\/\/www.consigel.com\/wp-content\/uploads\/2013\/10\/214-thickbox_default-GINEBRA-M5.jpg","width":1200,"height":1200},{"@type":"BreadcrumbList","@id":"https:\/\/www.consigel.com\/ca\/producte\/ginebra-m5\/#breadcrumb","itemListElement":[{"@type":"ListItem","position":1,"name":"Portada","item":"https:\/\/www.consigel.com\/ca\/"},{"@type":"ListItem","position":2,"name":"Shop","item":"https:\/\/www.consigel.com\/ca\/shop\/"},{"@type":"ListItem","position":3,"name":"GINEBRA M5"}]},{"@type":"WebSite","@id":"https:\/\/www.consigel.com\/ca\/#website","url":"https:\/\/www.consigel.com\/ca\/","name":"Consigel","description":"","potentialAction":[{"@type":"SearchAction","target":{"@type":"EntryPoint","urlTemplate":"https:\/\/www.consigel.com\/ca\/?s={search_term_string}"},"query-input":"required name=search_term_string"}],"inLanguage":"ca"}]}},"_links":{"self":[{"href":"https:\/\/www.consigel.com\/ca\/wp-json\/wp\/v2\/product\/4200","targetHints":{"allow":["GET"]}}],"collection":[{"href":"https:\/\/www.consigel.com\/ca\/wp-json\/wp\/v2\/product"}],"about":[{"href":"https:\/\/www.consigel.com\/ca\/wp-json\/wp\/v2\/types\/product"}],"replies":[{"embeddable":true,"href":"https:\/\/www.consigel.com\/ca\/wp-json\/wp\/v2\/comments?post=4200"}],"wp:featuredmedia":[{"embeddable":true,"href":"https:\/\/www.consigel.com\/ca\/wp-json\/wp\/v2\/media\/2445"}],"wp:attachment":[{"href":"https:\/\/www.consigel.com\/ca\/wp-json\/wp\/v2\/media?parent=4200"}],"wp:term":[{"taxonomy":"product_cat","embeddable":true,"href":"https:\/\/www.consigel.com\/ca\/wp-json\/wp\/v2\/product_cat?post=4200"},{"taxonomy":"product_tag","embeddable":true,"href":"https:\/\/www.consigel.com\/ca\/wp-json\/wp\/v2\/product_tag?post=4200"}],"curies":[{"name":"wp","href":"https:\/\/api.w.org\/{rel}","templated":true}]}}