{"id":4191,"date":"2013-10-05T22:21:33","date_gmt":"2013-10-05T22:21:33","guid":{"rendered":"http:\/\/www.consigel.com\/producte\/ginebra-port-of-dragons-floral\/"},"modified":"2013-10-05T22:21:33","modified_gmt":"2013-10-05T22:21:33","slug":"ginebra-port-of-dragons-floral","status":"publish","type":"product","link":"https:\/\/www.consigel.com\/ca\/producte\/ginebra-port-of-dragons-floral\/","title":{"rendered":"GINEBRA PORT OF DRAGONS FLORAL"},"content":{"rendered":"<p>Los bot\u00e1nicos empleados en la preparaci\u00f3n son las bayas de enebro, p\u00e9talos de rosa y lirios entre otros. La ginebra tiene una potente entrada con un sabor a rosas y otras flores. Su recorrido es suave y proyecta toques a pino y cedro seco, con un final tostado largo. Una vez tomada deja un gusto a hierba fresca, an\u00eds, hinojo y flores del campo que le brindan un perfecto equilibrio entre la acidez, la sequedad y la dulzura que tiene esta ginebra. \u00a0 gintoniQ\u00a0te recomienda\u00a0\u00a0combinar la Ginebra Port of Dragons Floral con la t\u00f3nica Original Pink, una rodaja de manzana, 4 bayas de enebro y hielo.<\/p>\n","protected":false},"excerpt":{"rendered":"<p>Los bot\u00e1nicos empleados en la preparaci\u00f3n son las bayas de enebro, p\u00e9talos de rosa y lirios entre otros. La ginebra tiene una potente entrada con un sabor a rosas y otras flores. Su recorrido es suave y proyecta toques a pino y cedro seco, con un final tostado largo. Una vez tomada deja un gusto [&#8230;]\n","protected":false},"featured_media":2313,"comment_status":"open","ping_status":"closed","template":"","meta":[],"product_cat":[18],"product_tag":[],"class_list":{"0":"post-4191","1":"product","2":"type-product","3":"status-publish","4":"has-post-thumbnail","6":"product_cat-gastronomia","8":"first","9":"outofstock","10":"shipping-taxable","11":"product-type-simple"},"yoast_head":"<!-- This site is optimized with the Yoast SEO plugin v23.3 - https:\/\/yoast.com\/wordpress\/plugins\/seo\/ -->\n<title>GINEBRA PORT OF DRAGONS FLORAL - Consigel<\/title>\n<meta name=\"robots\" content=\"index, follow, max-snippet:-1, max-image-preview:large, max-video-preview:-1\" \/>\n<link rel=\"canonical\" href=\"https:\/\/www.consigel.com\/ca\/producte\/ginebra-port-of-dragons-floral\/\" \/>\n<meta property=\"og:locale\" content=\"ca_ES\" \/>\n<meta property=\"og:type\" content=\"article\" \/>\n<meta property=\"og:title\" content=\"GINEBRA PORT OF DRAGONS FLORAL - Consigel\" \/>\n<meta property=\"og:description\" content=\"Los bot\u00e1nicos empleados en la preparaci\u00f3n son las bayas de enebro, p\u00e9talos de rosa y lirios entre otros. La ginebra tiene una potente entrada con un sabor a rosas y otras flores. Su recorrido es suave y proyecta toques a pino y cedro seco, con un final tostado largo. Una vez tomada deja un gusto [...]\" \/>\n<meta property=\"og:url\" content=\"https:\/\/www.consigel.com\/ca\/producte\/ginebra-port-of-dragons-floral\/\" \/>\n<meta property=\"og:site_name\" content=\"Consigel\" \/>\n<meta property=\"og:image\" content=\"https:\/\/www.consigel.com\/wp-content\/uploads\/2013\/10\/69-thickbox_default-GINEBRA-PORT-OF-DRAGONS-FLORAL.jpg\" \/>\n\t<meta property=\"og:image:width\" content=\"1200\" \/>\n\t<meta property=\"og:image:height\" content=\"1200\" \/>\n\t<meta property=\"og:image:type\" content=\"image\/jpeg\" \/>\n<meta name=\"twitter:card\" content=\"summary_large_image\" \/>\n<meta name=\"twitter:label1\" content=\"Temps estimat de lectura\" \/>\n\t<meta name=\"twitter:data1\" content=\"1 minut\" \/>\n<script type=\"application\/ld+json\" class=\"yoast-schema-graph\">{\"@context\":\"https:\/\/schema.org\",\"@graph\":[{\"@type\":\"WebPage\",\"@id\":\"https:\/\/www.consigel.com\/ca\/producte\/ginebra-port-of-dragons-floral\/\",\"url\":\"https:\/\/www.consigel.com\/ca\/producte\/ginebra-port-of-dragons-floral\/\",\"name\":\"GINEBRA PORT OF DRAGONS FLORAL - Consigel\",\"isPartOf\":{\"@id\":\"https:\/\/www.consigel.com\/ca\/#website\"},\"primaryImageOfPage\":{\"@id\":\"https:\/\/www.consigel.com\/ca\/producte\/ginebra-port-of-dragons-floral\/#primaryimage\"},\"image\":{\"@id\":\"https:\/\/www.consigel.com\/ca\/producte\/ginebra-port-of-dragons-floral\/#primaryimage\"},\"thumbnailUrl\":\"https:\/\/www.consigel.com\/wp-content\/uploads\/2013\/10\/69-thickbox_default-GINEBRA-PORT-OF-DRAGONS-FLORAL.jpg\",\"datePublished\":\"2013-10-05T22:21:33+00:00\",\"dateModified\":\"2013-10-05T22:21:33+00:00\",\"breadcrumb\":{\"@id\":\"https:\/\/www.consigel.com\/ca\/producte\/ginebra-port-of-dragons-floral\/#breadcrumb\"},\"inLanguage\":\"ca\",\"potentialAction\":[{\"@type\":\"ReadAction\",\"target\":[\"https:\/\/www.consigel.com\/ca\/producte\/ginebra-port-of-dragons-floral\/\"]}]},{\"@type\":\"ImageObject\",\"inLanguage\":\"ca\",\"@id\":\"https:\/\/www.consigel.com\/ca\/producte\/ginebra-port-of-dragons-floral\/#primaryimage\",\"url\":\"https:\/\/www.consigel.com\/wp-content\/uploads\/2013\/10\/69-thickbox_default-GINEBRA-PORT-OF-DRAGONS-FLORAL.jpg\",\"contentUrl\":\"https:\/\/www.consigel.com\/wp-content\/uploads\/2013\/10\/69-thickbox_default-GINEBRA-PORT-OF-DRAGONS-FLORAL.jpg\",\"width\":1200,\"height\":1200},{\"@type\":\"BreadcrumbList\",\"@id\":\"https:\/\/www.consigel.com\/ca\/producte\/ginebra-port-of-dragons-floral\/#breadcrumb\",\"itemListElement\":[{\"@type\":\"ListItem\",\"position\":1,\"name\":\"Portada\",\"item\":\"https:\/\/www.consigel.com\/ca\/\"},{\"@type\":\"ListItem\",\"position\":2,\"name\":\"Shop\",\"item\":\"https:\/\/www.consigel.com\/ca\/shop\/\"},{\"@type\":\"ListItem\",\"position\":3,\"name\":\"GINEBRA PORT OF DRAGONS FLORAL\"}]},{\"@type\":\"WebSite\",\"@id\":\"https:\/\/www.consigel.com\/ca\/#website\",\"url\":\"https:\/\/www.consigel.com\/ca\/\",\"name\":\"Consigel\",\"description\":\"\",\"potentialAction\":[{\"@type\":\"SearchAction\",\"target\":{\"@type\":\"EntryPoint\",\"urlTemplate\":\"https:\/\/www.consigel.com\/ca\/?s={search_term_string}\"},\"query-input\":\"required name=search_term_string\"}],\"inLanguage\":\"ca\"}]}<\/script>\n<!-- \/ Yoast SEO plugin. -->","yoast_head_json":{"title":"GINEBRA PORT OF DRAGONS FLORAL - Consigel","robots":{"index":"index","follow":"follow","max-snippet":"max-snippet:-1","max-image-preview":"max-image-preview:large","max-video-preview":"max-video-preview:-1"},"canonical":"https:\/\/www.consigel.com\/ca\/producte\/ginebra-port-of-dragons-floral\/","og_locale":"ca_ES","og_type":"article","og_title":"GINEBRA PORT OF DRAGONS FLORAL - Consigel","og_description":"Los bot\u00e1nicos empleados en la preparaci\u00f3n son las bayas de enebro, p\u00e9talos de rosa y lirios entre otros. La ginebra tiene una potente entrada con un sabor a rosas y otras flores. Su recorrido es suave y proyecta toques a pino y cedro seco, con un final tostado largo. Una vez tomada deja un gusto [...]","og_url":"https:\/\/www.consigel.com\/ca\/producte\/ginebra-port-of-dragons-floral\/","og_site_name":"Consigel","og_image":[{"width":1200,"height":1200,"url":"https:\/\/www.consigel.com\/wp-content\/uploads\/2013\/10\/69-thickbox_default-GINEBRA-PORT-OF-DRAGONS-FLORAL.jpg","type":"image\/jpeg"}],"twitter_card":"summary_large_image","twitter_misc":{"Temps estimat de lectura":"1 minut"},"schema":{"@context":"https:\/\/schema.org","@graph":[{"@type":"WebPage","@id":"https:\/\/www.consigel.com\/ca\/producte\/ginebra-port-of-dragons-floral\/","url":"https:\/\/www.consigel.com\/ca\/producte\/ginebra-port-of-dragons-floral\/","name":"GINEBRA PORT OF DRAGONS FLORAL - Consigel","isPartOf":{"@id":"https:\/\/www.consigel.com\/ca\/#website"},"primaryImageOfPage":{"@id":"https:\/\/www.consigel.com\/ca\/producte\/ginebra-port-of-dragons-floral\/#primaryimage"},"image":{"@id":"https:\/\/www.consigel.com\/ca\/producte\/ginebra-port-of-dragons-floral\/#primaryimage"},"thumbnailUrl":"https:\/\/www.consigel.com\/wp-content\/uploads\/2013\/10\/69-thickbox_default-GINEBRA-PORT-OF-DRAGONS-FLORAL.jpg","datePublished":"2013-10-05T22:21:33+00:00","dateModified":"2013-10-05T22:21:33+00:00","breadcrumb":{"@id":"https:\/\/www.consigel.com\/ca\/producte\/ginebra-port-of-dragons-floral\/#breadcrumb"},"inLanguage":"ca","potentialAction":[{"@type":"ReadAction","target":["https:\/\/www.consigel.com\/ca\/producte\/ginebra-port-of-dragons-floral\/"]}]},{"@type":"ImageObject","inLanguage":"ca","@id":"https:\/\/www.consigel.com\/ca\/producte\/ginebra-port-of-dragons-floral\/#primaryimage","url":"https:\/\/www.consigel.com\/wp-content\/uploads\/2013\/10\/69-thickbox_default-GINEBRA-PORT-OF-DRAGONS-FLORAL.jpg","contentUrl":"https:\/\/www.consigel.com\/wp-content\/uploads\/2013\/10\/69-thickbox_default-GINEBRA-PORT-OF-DRAGONS-FLORAL.jpg","width":1200,"height":1200},{"@type":"BreadcrumbList","@id":"https:\/\/www.consigel.com\/ca\/producte\/ginebra-port-of-dragons-floral\/#breadcrumb","itemListElement":[{"@type":"ListItem","position":1,"name":"Portada","item":"https:\/\/www.consigel.com\/ca\/"},{"@type":"ListItem","position":2,"name":"Shop","item":"https:\/\/www.consigel.com\/ca\/shop\/"},{"@type":"ListItem","position":3,"name":"GINEBRA PORT OF DRAGONS FLORAL"}]},{"@type":"WebSite","@id":"https:\/\/www.consigel.com\/ca\/#website","url":"https:\/\/www.consigel.com\/ca\/","name":"Consigel","description":"","potentialAction":[{"@type":"SearchAction","target":{"@type":"EntryPoint","urlTemplate":"https:\/\/www.consigel.com\/ca\/?s={search_term_string}"},"query-input":"required name=search_term_string"}],"inLanguage":"ca"}]}},"_links":{"self":[{"href":"https:\/\/www.consigel.com\/ca\/wp-json\/wp\/v2\/product\/4191","targetHints":{"allow":["GET"]}}],"collection":[{"href":"https:\/\/www.consigel.com\/ca\/wp-json\/wp\/v2\/product"}],"about":[{"href":"https:\/\/www.consigel.com\/ca\/wp-json\/wp\/v2\/types\/product"}],"replies":[{"embeddable":true,"href":"https:\/\/www.consigel.com\/ca\/wp-json\/wp\/v2\/comments?post=4191"}],"wp:featuredmedia":[{"embeddable":true,"href":"https:\/\/www.consigel.com\/ca\/wp-json\/wp\/v2\/media\/2313"}],"wp:attachment":[{"href":"https:\/\/www.consigel.com\/ca\/wp-json\/wp\/v2\/media?parent=4191"}],"wp:term":[{"taxonomy":"product_cat","embeddable":true,"href":"https:\/\/www.consigel.com\/ca\/wp-json\/wp\/v2\/product_cat?post=4191"},{"taxonomy":"product_tag","embeddable":true,"href":"https:\/\/www.consigel.com\/ca\/wp-json\/wp\/v2\/product_tag?post=4191"}],"curies":[{"name":"wp","href":"https:\/\/api.w.org\/{rel}","templated":true}]}}