{"id":4170,"date":"2013-10-05T22:21:33","date_gmt":"2013-10-05T22:21:33","guid":{"rendered":"http:\/\/www.consigel.com\/producte\/ginebra-sikkim-privee\/"},"modified":"2013-10-05T22:21:33","modified_gmt":"2013-10-05T22:21:33","slug":"ginebra-sikkim-privee","status":"publish","type":"product","link":"https:\/\/www.consigel.com\/ca\/producte\/ginebra-sikkim-privee\/","title":{"rendered":"GINEBRA SIKKIM PRIV\u00c9E"},"content":{"rendered":"<p>Llegan a Espa\u00f1a dos nuevas ginebras ultra premium al precio de una premium. Sikkim Priv\u00e9e y Sikkim Bilberry.\u00a0Las dos ginebras pose\u00e9n como base el t\u00e9 rojo de la zona del T\u00edbet, en concreto de Sikkim, una zona de la India donde se cultiva uno de los mejores t\u00e9s del mundo. Estas ginebras han sido elaboradas mezclando minuciosamente el t\u00e9 rojo y la Holanda de enebro con esencias florales dando como resultado una nueva experiencia para los sentidos, ambas poseen aromas \u00fanicos y unos sabores completamente nuevos para disfrutar en boca.Se destilan en alambiques de cobre en una de las destiler\u00edas mas antiguas, desde 1831, hace que su maestro destilador y la perfecta destilaci\u00f3n,\u00a0 se consiga ese equilibrio en las proporciones de alcoholes y esencias dando lugar a SIKKIM.  \u00a0  \u00a0  \u00a0  gintoniQ te recomienda combinar la ginebra Sikkim Priv\u00e9e con la t\u00f3nica Original Classic, bayas de enebro, cilantro y hielo.\u00a0<\/p>\n","protected":false},"excerpt":{"rendered":"<p>Llegan a Espa\u00f1a dos nuevas ginebras ultra premium al precio de una premium. Sikkim Priv\u00e9e y Sikkim Bilberry.\u00a0Las dos ginebras pose\u00e9n como base el t\u00e9 rojo de la zona del T\u00edbet, en concreto de Sikkim, una zona de la India donde se cultiva uno de los mejores t\u00e9s del mundo. Estas ginebras han sido elaboradas [&#8230;]\n","protected":false},"featured_media":2430,"comment_status":"open","ping_status":"closed","template":"","meta":[],"product_cat":[18],"product_tag":[],"class_list":{"0":"post-4170","1":"product","2":"type-product","3":"status-publish","4":"has-post-thumbnail","6":"product_cat-gastronomia","8":"first","9":"outofstock","10":"shipping-taxable","11":"product-type-simple"},"yoast_head":"<!-- This site is optimized with the Yoast SEO plugin v23.3 - https:\/\/yoast.com\/wordpress\/plugins\/seo\/ -->\n<title>GINEBRA SIKKIM PRIV\u00c9E - Consigel<\/title>\n<meta name=\"robots\" content=\"index, follow, max-snippet:-1, max-image-preview:large, max-video-preview:-1\" \/>\n<link rel=\"canonical\" href=\"https:\/\/www.consigel.com\/ca\/producte\/ginebra-sikkim-privee\/\" \/>\n<meta property=\"og:locale\" content=\"ca_ES\" \/>\n<meta property=\"og:type\" content=\"article\" \/>\n<meta property=\"og:title\" content=\"GINEBRA SIKKIM PRIV\u00c9E - Consigel\" \/>\n<meta property=\"og:description\" content=\"Llegan a Espa\u00f1a dos nuevas ginebras ultra premium al precio de una premium. Sikkim Priv\u00e9e y Sikkim Bilberry.\u00a0Las dos ginebras pose\u00e9n como base el t\u00e9 rojo de la zona del T\u00edbet, en concreto de Sikkim, una zona de la India donde se cultiva uno de los mejores t\u00e9s del mundo. Estas ginebras han sido elaboradas [...]\" \/>\n<meta property=\"og:url\" content=\"https:\/\/www.consigel.com\/ca\/producte\/ginebra-sikkim-privee\/\" \/>\n<meta property=\"og:site_name\" content=\"Consigel\" \/>\n<meta property=\"og:image\" content=\"https:\/\/www.consigel.com\/wp-content\/uploads\/2013\/10\/189-thickbox_default-GINEBRA-SIKKIM-PRIVEE.jpg\" \/>\n\t<meta property=\"og:image:width\" content=\"1200\" \/>\n\t<meta property=\"og:image:height\" content=\"1200\" \/>\n\t<meta property=\"og:image:type\" content=\"image\/jpeg\" \/>\n<meta name=\"twitter:card\" content=\"summary_large_image\" \/>\n<meta name=\"twitter:label1\" content=\"Temps estimat de lectura\" \/>\n\t<meta name=\"twitter:data1\" content=\"1 minut\" \/>\n<script type=\"application\/ld+json\" class=\"yoast-schema-graph\">{\"@context\":\"https:\/\/schema.org\",\"@graph\":[{\"@type\":\"WebPage\",\"@id\":\"https:\/\/www.consigel.com\/ca\/producte\/ginebra-sikkim-privee\/\",\"url\":\"https:\/\/www.consigel.com\/ca\/producte\/ginebra-sikkim-privee\/\",\"name\":\"GINEBRA SIKKIM PRIV\u00c9E - Consigel\",\"isPartOf\":{\"@id\":\"https:\/\/www.consigel.com\/ca\/#website\"},\"primaryImageOfPage\":{\"@id\":\"https:\/\/www.consigel.com\/ca\/producte\/ginebra-sikkim-privee\/#primaryimage\"},\"image\":{\"@id\":\"https:\/\/www.consigel.com\/ca\/producte\/ginebra-sikkim-privee\/#primaryimage\"},\"thumbnailUrl\":\"https:\/\/www.consigel.com\/wp-content\/uploads\/2013\/10\/189-thickbox_default-GINEBRA-SIKKIM-PRIVEE.jpg\",\"datePublished\":\"2013-10-05T22:21:33+00:00\",\"dateModified\":\"2013-10-05T22:21:33+00:00\",\"breadcrumb\":{\"@id\":\"https:\/\/www.consigel.com\/ca\/producte\/ginebra-sikkim-privee\/#breadcrumb\"},\"inLanguage\":\"ca\",\"potentialAction\":[{\"@type\":\"ReadAction\",\"target\":[\"https:\/\/www.consigel.com\/ca\/producte\/ginebra-sikkim-privee\/\"]}]},{\"@type\":\"ImageObject\",\"inLanguage\":\"ca\",\"@id\":\"https:\/\/www.consigel.com\/ca\/producte\/ginebra-sikkim-privee\/#primaryimage\",\"url\":\"https:\/\/www.consigel.com\/wp-content\/uploads\/2013\/10\/189-thickbox_default-GINEBRA-SIKKIM-PRIVEE.jpg\",\"contentUrl\":\"https:\/\/www.consigel.com\/wp-content\/uploads\/2013\/10\/189-thickbox_default-GINEBRA-SIKKIM-PRIVEE.jpg\",\"width\":1200,\"height\":1200},{\"@type\":\"BreadcrumbList\",\"@id\":\"https:\/\/www.consigel.com\/ca\/producte\/ginebra-sikkim-privee\/#breadcrumb\",\"itemListElement\":[{\"@type\":\"ListItem\",\"position\":1,\"name\":\"Portada\",\"item\":\"https:\/\/www.consigel.com\/ca\/\"},{\"@type\":\"ListItem\",\"position\":2,\"name\":\"Shop\",\"item\":\"https:\/\/www.consigel.com\/ca\/shop\/\"},{\"@type\":\"ListItem\",\"position\":3,\"name\":\"GINEBRA SIKKIM PRIV\u00c9E\"}]},{\"@type\":\"WebSite\",\"@id\":\"https:\/\/www.consigel.com\/ca\/#website\",\"url\":\"https:\/\/www.consigel.com\/ca\/\",\"name\":\"Consigel\",\"description\":\"\",\"potentialAction\":[{\"@type\":\"SearchAction\",\"target\":{\"@type\":\"EntryPoint\",\"urlTemplate\":\"https:\/\/www.consigel.com\/ca\/?s={search_term_string}\"},\"query-input\":\"required name=search_term_string\"}],\"inLanguage\":\"ca\"}]}<\/script>\n<!-- \/ Yoast SEO plugin. -->","yoast_head_json":{"title":"GINEBRA SIKKIM PRIV\u00c9E - Consigel","robots":{"index":"index","follow":"follow","max-snippet":"max-snippet:-1","max-image-preview":"max-image-preview:large","max-video-preview":"max-video-preview:-1"},"canonical":"https:\/\/www.consigel.com\/ca\/producte\/ginebra-sikkim-privee\/","og_locale":"ca_ES","og_type":"article","og_title":"GINEBRA SIKKIM PRIV\u00c9E - Consigel","og_description":"Llegan a Espa\u00f1a dos nuevas ginebras ultra premium al precio de una premium. Sikkim Priv\u00e9e y Sikkim Bilberry.\u00a0Las dos ginebras pose\u00e9n como base el t\u00e9 rojo de la zona del T\u00edbet, en concreto de Sikkim, una zona de la India donde se cultiva uno de los mejores t\u00e9s del mundo. Estas ginebras han sido elaboradas [...]","og_url":"https:\/\/www.consigel.com\/ca\/producte\/ginebra-sikkim-privee\/","og_site_name":"Consigel","og_image":[{"width":1200,"height":1200,"url":"https:\/\/www.consigel.com\/wp-content\/uploads\/2013\/10\/189-thickbox_default-GINEBRA-SIKKIM-PRIVEE.jpg","type":"image\/jpeg"}],"twitter_card":"summary_large_image","twitter_misc":{"Temps estimat de lectura":"1 minut"},"schema":{"@context":"https:\/\/schema.org","@graph":[{"@type":"WebPage","@id":"https:\/\/www.consigel.com\/ca\/producte\/ginebra-sikkim-privee\/","url":"https:\/\/www.consigel.com\/ca\/producte\/ginebra-sikkim-privee\/","name":"GINEBRA SIKKIM PRIV\u00c9E - Consigel","isPartOf":{"@id":"https:\/\/www.consigel.com\/ca\/#website"},"primaryImageOfPage":{"@id":"https:\/\/www.consigel.com\/ca\/producte\/ginebra-sikkim-privee\/#primaryimage"},"image":{"@id":"https:\/\/www.consigel.com\/ca\/producte\/ginebra-sikkim-privee\/#primaryimage"},"thumbnailUrl":"https:\/\/www.consigel.com\/wp-content\/uploads\/2013\/10\/189-thickbox_default-GINEBRA-SIKKIM-PRIVEE.jpg","datePublished":"2013-10-05T22:21:33+00:00","dateModified":"2013-10-05T22:21:33+00:00","breadcrumb":{"@id":"https:\/\/www.consigel.com\/ca\/producte\/ginebra-sikkim-privee\/#breadcrumb"},"inLanguage":"ca","potentialAction":[{"@type":"ReadAction","target":["https:\/\/www.consigel.com\/ca\/producte\/ginebra-sikkim-privee\/"]}]},{"@type":"ImageObject","inLanguage":"ca","@id":"https:\/\/www.consigel.com\/ca\/producte\/ginebra-sikkim-privee\/#primaryimage","url":"https:\/\/www.consigel.com\/wp-content\/uploads\/2013\/10\/189-thickbox_default-GINEBRA-SIKKIM-PRIVEE.jpg","contentUrl":"https:\/\/www.consigel.com\/wp-content\/uploads\/2013\/10\/189-thickbox_default-GINEBRA-SIKKIM-PRIVEE.jpg","width":1200,"height":1200},{"@type":"BreadcrumbList","@id":"https:\/\/www.consigel.com\/ca\/producte\/ginebra-sikkim-privee\/#breadcrumb","itemListElement":[{"@type":"ListItem","position":1,"name":"Portada","item":"https:\/\/www.consigel.com\/ca\/"},{"@type":"ListItem","position":2,"name":"Shop","item":"https:\/\/www.consigel.com\/ca\/shop\/"},{"@type":"ListItem","position":3,"name":"GINEBRA SIKKIM PRIV\u00c9E"}]},{"@type":"WebSite","@id":"https:\/\/www.consigel.com\/ca\/#website","url":"https:\/\/www.consigel.com\/ca\/","name":"Consigel","description":"","potentialAction":[{"@type":"SearchAction","target":{"@type":"EntryPoint","urlTemplate":"https:\/\/www.consigel.com\/ca\/?s={search_term_string}"},"query-input":"required name=search_term_string"}],"inLanguage":"ca"}]}},"_links":{"self":[{"href":"https:\/\/www.consigel.com\/ca\/wp-json\/wp\/v2\/product\/4170","targetHints":{"allow":["GET"]}}],"collection":[{"href":"https:\/\/www.consigel.com\/ca\/wp-json\/wp\/v2\/product"}],"about":[{"href":"https:\/\/www.consigel.com\/ca\/wp-json\/wp\/v2\/types\/product"}],"replies":[{"embeddable":true,"href":"https:\/\/www.consigel.com\/ca\/wp-json\/wp\/v2\/comments?post=4170"}],"wp:featuredmedia":[{"embeddable":true,"href":"https:\/\/www.consigel.com\/ca\/wp-json\/wp\/v2\/media\/2430"}],"wp:attachment":[{"href":"https:\/\/www.consigel.com\/ca\/wp-json\/wp\/v2\/media?parent=4170"}],"wp:term":[{"taxonomy":"product_cat","embeddable":true,"href":"https:\/\/www.consigel.com\/ca\/wp-json\/wp\/v2\/product_cat?post=4170"},{"taxonomy":"product_tag","embeddable":true,"href":"https:\/\/www.consigel.com\/ca\/wp-json\/wp\/v2\/product_tag?post=4170"}],"curies":[{"name":"wp","href":"https:\/\/api.w.org\/{rel}","templated":true}]}}