{"id":4150,"date":"2013-10-05T22:21:33","date_gmt":"2013-10-05T22:21:33","guid":{"rendered":"http:\/\/www.consigel.com\/producte\/ginebra-bombay-saphire-2\/"},"modified":"2013-10-05T22:21:33","modified_gmt":"2013-10-05T22:21:33","slug":"ginebra-bombay-saphire-2","status":"publish","type":"product","link":"https:\/\/www.consigel.com\/ca\/producte\/ginebra-bombay-saphire-2\/","title":{"rendered":"GINEBRA BOMBAY SAPHIRE"},"content":{"rendered":"<p>La verdadera belleza de Bombay Sapphire est\u00e1 en su sabor, ya que los bot\u00e1nicos utilizados est\u00e1n bien equilibrados. Los ingredientes son totalmente internacionales e incluyen: bayas de enebro y ra\u00edz de orris de Italia, almendras y limones de Espa\u00f1a, granos del para\u00edso de \u00c1frica occidental, regaliz y corteza de cassia de China, ang\u00e9lica de Sajonia, cilantro de Marruecos y bayas de Cubeba de Java. Aunque la ginebra Bombay Sapphire fue lanzada en 1987 la receta data de 1761.\u00a0 gintoniQ\u00a0te recomienda combinar la Ginebra Bombay Saphire con\u00a0la t\u00f3nica Original Blue, piel de lima\u00a0y hielo.<\/p>\n","protected":false},"excerpt":{"rendered":"<p>La verdadera belleza de Bombay Sapphire est\u00e1 en su sabor, ya que los bot\u00e1nicos utilizados est\u00e1n bien equilibrados. Los ingredientes son totalmente internacionales e incluyen: bayas de enebro y ra\u00edz de orris de Italia, almendras y limones de Espa\u00f1a, granos del para\u00edso de \u00c1frica occidental, regaliz y corteza de cassia de China, ang\u00e9lica de Sajonia, [&#8230;]\n","protected":false},"featured_media":2292,"comment_status":"open","ping_status":"closed","template":"","meta":[],"product_cat":[18],"product_tag":[],"class_list":{"0":"post-4150","1":"product","2":"type-product","3":"status-publish","4":"has-post-thumbnail","6":"product_cat-gastronomia","8":"first","9":"outofstock","10":"shipping-taxable","11":"product-type-simple"},"yoast_head":"<!-- This site is optimized with the Yoast SEO plugin v23.3 - https:\/\/yoast.com\/wordpress\/plugins\/seo\/ -->\n<title>GINEBRA BOMBAY SAPHIRE - Consigel<\/title>\n<meta name=\"robots\" content=\"index, follow, max-snippet:-1, max-image-preview:large, max-video-preview:-1\" \/>\n<link rel=\"canonical\" href=\"https:\/\/www.consigel.com\/ca\/producte\/ginebra-bombay-saphire-2\/\" \/>\n<meta property=\"og:locale\" content=\"ca_ES\" \/>\n<meta property=\"og:type\" content=\"article\" \/>\n<meta property=\"og:title\" content=\"GINEBRA BOMBAY SAPHIRE - Consigel\" \/>\n<meta property=\"og:description\" content=\"La verdadera belleza de Bombay Sapphire est\u00e1 en su sabor, ya que los bot\u00e1nicos utilizados est\u00e1n bien equilibrados. Los ingredientes son totalmente internacionales e incluyen: bayas de enebro y ra\u00edz de orris de Italia, almendras y limones de Espa\u00f1a, granos del para\u00edso de \u00c1frica occidental, regaliz y corteza de cassia de China, ang\u00e9lica de Sajonia, [...]\" \/>\n<meta property=\"og:url\" content=\"https:\/\/www.consigel.com\/ca\/producte\/ginebra-bombay-saphire-2\/\" \/>\n<meta property=\"og:site_name\" content=\"Consigel\" \/>\n<meta property=\"og:image\" content=\"https:\/\/www.consigel.com\/wp-content\/uploads\/2013\/10\/48-thickbox_default-GINEBRA-BOMBAY-SAPHIRE.jpg\" \/>\n\t<meta property=\"og:image:width\" content=\"1200\" \/>\n\t<meta property=\"og:image:height\" content=\"1200\" \/>\n\t<meta property=\"og:image:type\" content=\"image\/jpeg\" \/>\n<meta name=\"twitter:card\" content=\"summary_large_image\" \/>\n<meta name=\"twitter:label1\" content=\"Temps estimat de lectura\" \/>\n\t<meta name=\"twitter:data1\" content=\"1 minut\" \/>\n<script type=\"application\/ld+json\" class=\"yoast-schema-graph\">{\"@context\":\"https:\/\/schema.org\",\"@graph\":[{\"@type\":\"WebPage\",\"@id\":\"https:\/\/www.consigel.com\/ca\/producte\/ginebra-bombay-saphire-2\/\",\"url\":\"https:\/\/www.consigel.com\/ca\/producte\/ginebra-bombay-saphire-2\/\",\"name\":\"GINEBRA BOMBAY SAPHIRE - Consigel\",\"isPartOf\":{\"@id\":\"https:\/\/www.consigel.com\/ca\/#website\"},\"primaryImageOfPage\":{\"@id\":\"https:\/\/www.consigel.com\/ca\/producte\/ginebra-bombay-saphire-2\/#primaryimage\"},\"image\":{\"@id\":\"https:\/\/www.consigel.com\/ca\/producte\/ginebra-bombay-saphire-2\/#primaryimage\"},\"thumbnailUrl\":\"https:\/\/www.consigel.com\/wp-content\/uploads\/2013\/10\/48-thickbox_default-GINEBRA-BOMBAY-SAPHIRE.jpg\",\"datePublished\":\"2013-10-05T22:21:33+00:00\",\"dateModified\":\"2013-10-05T22:21:33+00:00\",\"breadcrumb\":{\"@id\":\"https:\/\/www.consigel.com\/ca\/producte\/ginebra-bombay-saphire-2\/#breadcrumb\"},\"inLanguage\":\"ca\",\"potentialAction\":[{\"@type\":\"ReadAction\",\"target\":[\"https:\/\/www.consigel.com\/ca\/producte\/ginebra-bombay-saphire-2\/\"]}]},{\"@type\":\"ImageObject\",\"inLanguage\":\"ca\",\"@id\":\"https:\/\/www.consigel.com\/ca\/producte\/ginebra-bombay-saphire-2\/#primaryimage\",\"url\":\"https:\/\/www.consigel.com\/wp-content\/uploads\/2013\/10\/48-thickbox_default-GINEBRA-BOMBAY-SAPHIRE.jpg\",\"contentUrl\":\"https:\/\/www.consigel.com\/wp-content\/uploads\/2013\/10\/48-thickbox_default-GINEBRA-BOMBAY-SAPHIRE.jpg\",\"width\":1200,\"height\":1200},{\"@type\":\"BreadcrumbList\",\"@id\":\"https:\/\/www.consigel.com\/ca\/producte\/ginebra-bombay-saphire-2\/#breadcrumb\",\"itemListElement\":[{\"@type\":\"ListItem\",\"position\":1,\"name\":\"Portada\",\"item\":\"https:\/\/www.consigel.com\/ca\/\"},{\"@type\":\"ListItem\",\"position\":2,\"name\":\"Shop\",\"item\":\"https:\/\/www.consigel.com\/ca\/shop\/\"},{\"@type\":\"ListItem\",\"position\":3,\"name\":\"GINEBRA BOMBAY SAPHIRE\"}]},{\"@type\":\"WebSite\",\"@id\":\"https:\/\/www.consigel.com\/ca\/#website\",\"url\":\"https:\/\/www.consigel.com\/ca\/\",\"name\":\"Consigel\",\"description\":\"\",\"potentialAction\":[{\"@type\":\"SearchAction\",\"target\":{\"@type\":\"EntryPoint\",\"urlTemplate\":\"https:\/\/www.consigel.com\/ca\/?s={search_term_string}\"},\"query-input\":\"required name=search_term_string\"}],\"inLanguage\":\"ca\"}]}<\/script>\n<!-- \/ Yoast SEO plugin. -->","yoast_head_json":{"title":"GINEBRA BOMBAY SAPHIRE - Consigel","robots":{"index":"index","follow":"follow","max-snippet":"max-snippet:-1","max-image-preview":"max-image-preview:large","max-video-preview":"max-video-preview:-1"},"canonical":"https:\/\/www.consigel.com\/ca\/producte\/ginebra-bombay-saphire-2\/","og_locale":"ca_ES","og_type":"article","og_title":"GINEBRA BOMBAY SAPHIRE - Consigel","og_description":"La verdadera belleza de Bombay Sapphire est\u00e1 en su sabor, ya que los bot\u00e1nicos utilizados est\u00e1n bien equilibrados. Los ingredientes son totalmente internacionales e incluyen: bayas de enebro y ra\u00edz de orris de Italia, almendras y limones de Espa\u00f1a, granos del para\u00edso de \u00c1frica occidental, regaliz y corteza de cassia de China, ang\u00e9lica de Sajonia, [...]","og_url":"https:\/\/www.consigel.com\/ca\/producte\/ginebra-bombay-saphire-2\/","og_site_name":"Consigel","og_image":[{"width":1200,"height":1200,"url":"https:\/\/www.consigel.com\/wp-content\/uploads\/2013\/10\/48-thickbox_default-GINEBRA-BOMBAY-SAPHIRE.jpg","type":"image\/jpeg"}],"twitter_card":"summary_large_image","twitter_misc":{"Temps estimat de lectura":"1 minut"},"schema":{"@context":"https:\/\/schema.org","@graph":[{"@type":"WebPage","@id":"https:\/\/www.consigel.com\/ca\/producte\/ginebra-bombay-saphire-2\/","url":"https:\/\/www.consigel.com\/ca\/producte\/ginebra-bombay-saphire-2\/","name":"GINEBRA BOMBAY SAPHIRE - Consigel","isPartOf":{"@id":"https:\/\/www.consigel.com\/ca\/#website"},"primaryImageOfPage":{"@id":"https:\/\/www.consigel.com\/ca\/producte\/ginebra-bombay-saphire-2\/#primaryimage"},"image":{"@id":"https:\/\/www.consigel.com\/ca\/producte\/ginebra-bombay-saphire-2\/#primaryimage"},"thumbnailUrl":"https:\/\/www.consigel.com\/wp-content\/uploads\/2013\/10\/48-thickbox_default-GINEBRA-BOMBAY-SAPHIRE.jpg","datePublished":"2013-10-05T22:21:33+00:00","dateModified":"2013-10-05T22:21:33+00:00","breadcrumb":{"@id":"https:\/\/www.consigel.com\/ca\/producte\/ginebra-bombay-saphire-2\/#breadcrumb"},"inLanguage":"ca","potentialAction":[{"@type":"ReadAction","target":["https:\/\/www.consigel.com\/ca\/producte\/ginebra-bombay-saphire-2\/"]}]},{"@type":"ImageObject","inLanguage":"ca","@id":"https:\/\/www.consigel.com\/ca\/producte\/ginebra-bombay-saphire-2\/#primaryimage","url":"https:\/\/www.consigel.com\/wp-content\/uploads\/2013\/10\/48-thickbox_default-GINEBRA-BOMBAY-SAPHIRE.jpg","contentUrl":"https:\/\/www.consigel.com\/wp-content\/uploads\/2013\/10\/48-thickbox_default-GINEBRA-BOMBAY-SAPHIRE.jpg","width":1200,"height":1200},{"@type":"BreadcrumbList","@id":"https:\/\/www.consigel.com\/ca\/producte\/ginebra-bombay-saphire-2\/#breadcrumb","itemListElement":[{"@type":"ListItem","position":1,"name":"Portada","item":"https:\/\/www.consigel.com\/ca\/"},{"@type":"ListItem","position":2,"name":"Shop","item":"https:\/\/www.consigel.com\/ca\/shop\/"},{"@type":"ListItem","position":3,"name":"GINEBRA BOMBAY SAPHIRE"}]},{"@type":"WebSite","@id":"https:\/\/www.consigel.com\/ca\/#website","url":"https:\/\/www.consigel.com\/ca\/","name":"Consigel","description":"","potentialAction":[{"@type":"SearchAction","target":{"@type":"EntryPoint","urlTemplate":"https:\/\/www.consigel.com\/ca\/?s={search_term_string}"},"query-input":"required name=search_term_string"}],"inLanguage":"ca"}]}},"_links":{"self":[{"href":"https:\/\/www.consigel.com\/ca\/wp-json\/wp\/v2\/product\/4150","targetHints":{"allow":["GET"]}}],"collection":[{"href":"https:\/\/www.consigel.com\/ca\/wp-json\/wp\/v2\/product"}],"about":[{"href":"https:\/\/www.consigel.com\/ca\/wp-json\/wp\/v2\/types\/product"}],"replies":[{"embeddable":true,"href":"https:\/\/www.consigel.com\/ca\/wp-json\/wp\/v2\/comments?post=4150"}],"wp:featuredmedia":[{"embeddable":true,"href":"https:\/\/www.consigel.com\/ca\/wp-json\/wp\/v2\/media\/2292"}],"wp:attachment":[{"href":"https:\/\/www.consigel.com\/ca\/wp-json\/wp\/v2\/media?parent=4150"}],"wp:term":[{"taxonomy":"product_cat","embeddable":true,"href":"https:\/\/www.consigel.com\/ca\/wp-json\/wp\/v2\/product_cat?post=4150"},{"taxonomy":"product_tag","embeddable":true,"href":"https:\/\/www.consigel.com\/ca\/wp-json\/wp\/v2\/product_tag?post=4150"}],"curies":[{"name":"wp","href":"https:\/\/api.w.org\/{rel}","templated":true}]}}